{"id":11,"date":"2019-06-24T07:03:50","date_gmt":"2018-04-09T20:01:24","guid":{"rendered":"http:\/\/test.fjardhundraland.se\/loppisrundan\/?page_id=2"},"modified":"2026-02-23T11:29:38","modified_gmt":"2026-02-23T10:29:38","slug":"kreativarundan-i-fjardhundraland","status":"publish","type":"page","link":"https:\/\/www.fjardhundraland.se\/tuva\/","title":{"rendered":"Tuva &amp; T\u00e4ppa 2025"},"content":{"rendered":"\n<p class=\"has-text-align-center\"><\/p>\n\n\n\n<p class=\"has-text-align-center\">Den f\u00f6rsta och andra Augusti \u00e4r det dags f\u00f6r 2026 \u00e5rs Tuva och T\u00e4ppa! <\/p>\n\n\n\n<p class=\"has-text-align-center\">D\u00e5 v\u00e4lkomnar vi er till en helg full av tr\u00e4dg\u00e5rd, odling, djur och natur! Vilka akt\u00f6rer som deltar i \u00e5r kommer att presenteras h\u00e4r den 21\/6.<\/p>\n\n\n\n<p class=\"has-text-align-center\">Varmt v\u00e4lkomna!<\/p>\n\n\n\n<p><\/p>\n\n\n\n<p><\/p>\n\n\n\n<p><\/p>\n\n\n\n<h2 class=\"wp-block-heading\"><\/h2>\n\n\n\n<p><strong>  <\/strong><\/p>\n","protected":false},"excerpt":{"rendered":"<p>Den f\u00f6rsta och andra Augusti \u00e4r det dags f\u00f6r 2026 \u00e5rs Tuva och T\u00e4ppa! D\u00e5 v\u00e4lkomnar vi er till en helg full av tr\u00e4dg\u00e5rd, odling, djur och natur! Vilka akt\u00f6rer som deltar i \u00e5r kommer att presenteras h\u00e4r den 21\/6. Varmt v\u00e4lkomna!<\/p>\n","protected":false},"author":1,"featured_media":0,"parent":0,"menu_order":0,"comment_status":"closed","ping_status":"closed","template":"","meta":{"_acf_changed":false,"_relevanssi_hide_post":"","_relevanssi_hide_content":"","_relevanssi_pin_for_all":"","_relevanssi_pin_keywords":"","_relevanssi_unpin_keywords":"","_relevanssi_related_keywords":"","_relevanssi_related_include_ids":"","_relevanssi_related_exclude_ids":"","_relevanssi_related_no_append":"","_relevanssi_related_not_related":"","_relevanssi_related_posts":"450,148,77,531,136","_relevanssi_noindex_reason":"","footnotes":""},"class_list":["post-11","page","type-page","status-publish","hentry"],"acf":[],"_links":{"self":[{"href":"https:\/\/www.fjardhundraland.se\/tuva\/wp-json\/wp\/v2\/pages\/11","targetHints":{"allow":["GET"]}}],"collection":[{"href":"https:\/\/www.fjardhundraland.se\/tuva\/wp-json\/wp\/v2\/pages"}],"about":[{"href":"https:\/\/www.fjardhundraland.se\/tuva\/wp-json\/wp\/v2\/types\/page"}],"author":[{"embeddable":true,"href":"https:\/\/www.fjardhundraland.se\/tuva\/wp-json\/wp\/v2\/users\/1"}],"replies":[{"embeddable":true,"href":"https:\/\/www.fjardhundraland.se\/tuva\/wp-json\/wp\/v2\/comments?post=11"}],"version-history":[{"count":184,"href":"https:\/\/www.fjardhundraland.se\/tuva\/wp-json\/wp\/v2\/pages\/11\/revisions"}],"predecessor-version":[{"id":2206,"href":"https:\/\/www.fjardhundraland.se\/tuva\/wp-json\/wp\/v2\/pages\/11\/revisions\/2206"}],"wp:attachment":[{"href":"https:\/\/www.fjardhundraland.se\/tuva\/wp-json\/wp\/v2\/media?parent=11"}],"curies":[{"name":"wp","href":"https:\/\/api.w.org\/{rel}","templated":true}]}}