{"id":2855,"date":"2026-03-23T23:46:53","date_gmt":"2026-03-23T22:46:53","guid":{"rendered":"https:\/\/www.fjardhundraland.se\/rebusrundan\/?page_id=2855"},"modified":"2026-04-25T20:07:20","modified_gmt":"2026-04-25T18:07:20","slug":"startkort-att-skriva-ut","status":"publish","type":"page","link":"https:\/\/www.fjardhundraland.se\/rebusrundan\/startkort-att-skriva-ut\/","title":{"rendered":"Startkort med komprimerad arrang\u00f6rslista"},"content":{"rendered":"\n<p>L\u00e4mpligt att skriva ut och ha med sig n\u00e4r du \u00e5ker runt till de olika rebusst\u00e4llena.<\/p>\n\n\n\n<p>Om du <strong><a href=\"https:\/\/drive.google.com\/file\/d\/1teIf575YH1Q_p9t1J7ou3iZ3hE4qJDLA\/view?usp=sharing\" target=\"_blank\" rel=\"noopener\">klickar h\u00e4r<\/a> <\/strong>f\u00e5r du upp fyra pdf-sidor som \u00e4r rebusrundans <strong>Startkort<\/strong>.  Om du har m\u00f6jlighet att skriva ut dubbelsidigt, g\u00f6r det<\/p>\n\n\n\n<p><strong>Sida 1<\/strong> beskriver hur Nya rebusrundan g\u00e5r till.  Sidorna <strong>Sida 2, 3 och 4 <\/strong>f\u00e5r du upp alla 49 rebusarrang\u00f6rer grupperade i rebusgrupper. Du ser vad rebusarrang\u00f6rerna serverar, vad de saluf\u00f6r och vad de har som vinst till den som vinner rebusst\u00e4llets rebust\u00e4vling. . Det finns plats i dokumentet att skriva in r\u00e4tt rebussvar som st\u00f6d n\u00e4r du skall klura ut l\u00f6senordet.<\/p>\n\n\n\n<p><a href=\"https:\/\/drive.google.com\/file\/d\/1td9DEe2gmtNTyzAsz706LKKKg2-Kn43F\/view?usp=drive_link\" target=\"_blank\" rel=\"noopener\"><strong>\u00d6versiktskartan<\/strong> <\/a>som visar alla rebusgrupper och var dessa rebusst\u00e4llen \u00e4r placerade.<\/p>\n\n\n\n<p><strong>S\u00e5 ge er ut p\u00e5 v\u00e4garna och m\u00f6t v\u00e5ren i Fj\u00e4rdhundraland 9-10 maj samtidigt som du l\u00f6ser rebusar och l\u00f6senord!<\/strong><\/p>\n\n\n\n<p><\/p>\n","protected":false},"excerpt":{"rendered":"<p>L\u00e4mpligt att skriva ut och ha med sig n\u00e4r du \u00e5ker runt till de olika rebusst\u00e4llena. Om du klickar h\u00e4r f\u00e5r du upp fyra pdf-sidor som \u00e4r rebusrundans Startkort. Om du har m\u00f6jlighet att skriva ut dubbelsidigt, g\u00f6r det Sida 1 beskriver hur Nya rebusrundan g\u00e5r till. Sidorna Sida 2, 3 och 4 f\u00e5r du &hellip; <\/p>\n<p class=\"link-more\"><a href=\"https:\/\/www.fjardhundraland.se\/rebusrundan\/startkort-att-skriva-ut\/\" class=\"more-link\">Forts\u00e4tt l\u00e4sa<span class=\"screen-reader-text\"> \u201dStartkort med komprimerad arrang\u00f6rslista\u201d<\/span><\/a><\/p>\n","protected":false},"author":45,"featured_media":0,"parent":0,"menu_order":0,"comment_status":"closed","ping_status":"closed","template":"","meta":{"_acf_changed":false,"_relevanssi_hide_post":"","_relevanssi_hide_content":"","_relevanssi_pin_for_all":"","_relevanssi_pin_keywords":"","_relevanssi_unpin_keywords":"","_relevanssi_related_keywords":"","_relevanssi_related_include_ids":"","_relevanssi_related_exclude_ids":"","_relevanssi_related_no_append":"","_relevanssi_related_not_related":"","_relevanssi_related_posts":"313,1055,374,360,318,324","_relevanssi_noindex_reason":"","footnotes":""},"class_list":["post-2855","page","type-page","status-publish","hentry"],"acf":[],"_links":{"self":[{"href":"https:\/\/www.fjardhundraland.se\/rebusrundan\/wp-json\/wp\/v2\/pages\/2855","targetHints":{"allow":["GET"]}}],"collection":[{"href":"https:\/\/www.fjardhundraland.se\/rebusrundan\/wp-json\/wp\/v2\/pages"}],"about":[{"href":"https:\/\/www.fjardhundraland.se\/rebusrundan\/wp-json\/wp\/v2\/types\/page"}],"author":[{"embeddable":true,"href":"https:\/\/www.fjardhundraland.se\/rebusrundan\/wp-json\/wp\/v2\/users\/45"}],"replies":[{"embeddable":true,"href":"https:\/\/www.fjardhundraland.se\/rebusrundan\/wp-json\/wp\/v2\/comments?post=2855"}],"version-history":[{"count":5,"href":"https:\/\/www.fjardhundraland.se\/rebusrundan\/wp-json\/wp\/v2\/pages\/2855\/revisions"}],"predecessor-version":[{"id":3106,"href":"https:\/\/www.fjardhundraland.se\/rebusrundan\/wp-json\/wp\/v2\/pages\/2855\/revisions\/3106"}],"wp:attachment":[{"href":"https:\/\/www.fjardhundraland.se\/rebusrundan\/wp-json\/wp\/v2\/media?parent=2855"}],"curies":[{"name":"wp","href":"https:\/\/api.w.org\/{rel}","templated":true}]}}