{"id":2734,"date":"2025-04-24T16:36:36","date_gmt":"2025-04-24T14:36:36","guid":{"rendered":"https:\/\/www.fjardhundraland.se\/rebusrundan\/?page_id=2734"},"modified":"2026-05-08T15:01:46","modified_gmt":"2026-05-08T13:01:46","slug":"svarsformular","status":"publish","type":"page","link":"https:\/\/www.fjardhundraland.se\/rebusrundan\/svarsformular\/","title":{"rendered":"Svarsformul\u00e4r Extra t\u00e4vlingen"},"content":{"rendered":"\n<p>I l\u00e4nken <a href=\"https:\/\/docs.google.com\/forms\/d\/e\/1FAIpQLSeqzT21QuwP08kv2is1TSEjY3OWupGNqbPaaKP-heZL0NxZFg\/viewform?usp=sharing&amp;ouid=106695083844223801180\" target=\"_blank\" rel=\"noopener\">&#8221;H\u00c4R&#8221;<\/a> registrerar du svaren f\u00f6r Extrat\u00e4vlingen. <\/p>\n\n\n\n<p>Senaste inl\u00e4mningsdag torsdagen den 14 maj klockan 24:00.<\/p>\n\n\n\n<p>R\u00e4tta svaren redovisas m\u00e5ndagen den 18 maj p\u00e5 denna hemsida.<\/p>\n\n\n\n<p>Vinnarna av Extrat\u00e4vlingen publiceras torsdagen  den  21 maj \u00e4ven det h\u00e4r p\u00e5 denna hemsida.<\/p>\n\n\n\n<p><\/p>\n\n\n\n<p><\/p>\n","protected":false},"excerpt":{"rendered":"<p>I l\u00e4nken &#8221;H\u00c4R&#8221; registrerar du svaren f\u00f6r Extrat\u00e4vlingen. Senaste inl\u00e4mningsdag torsdagen den 14 maj klockan 24:00. R\u00e4tta svaren redovisas m\u00e5ndagen den 18 maj p\u00e5 denna hemsida. Vinnarna av Extrat\u00e4vlingen publiceras torsdagen den 21 maj \u00e4ven det h\u00e4r p\u00e5 denna hemsida.<\/p>\n","protected":false},"author":45,"featured_media":0,"parent":0,"menu_order":0,"comment_status":"closed","ping_status":"closed","template":"","meta":{"_acf_changed":false,"_relevanssi_hide_post":"","_relevanssi_hide_content":"","_relevanssi_pin_for_all":"","_relevanssi_pin_keywords":"","_relevanssi_unpin_keywords":"","_relevanssi_related_keywords":"","_relevanssi_related_include_ids":"","_relevanssi_related_exclude_ids":"","_relevanssi_related_no_append":"","_relevanssi_related_not_related":"","_relevanssi_related_posts":"324,1055,360,374,318,266","_relevanssi_noindex_reason":"","footnotes":""},"class_list":["post-2734","page","type-page","status-publish","hentry"],"acf":[],"_links":{"self":[{"href":"https:\/\/www.fjardhundraland.se\/rebusrundan\/wp-json\/wp\/v2\/pages\/2734","targetHints":{"allow":["GET"]}}],"collection":[{"href":"https:\/\/www.fjardhundraland.se\/rebusrundan\/wp-json\/wp\/v2\/pages"}],"about":[{"href":"https:\/\/www.fjardhundraland.se\/rebusrundan\/wp-json\/wp\/v2\/types\/page"}],"author":[{"embeddable":true,"href":"https:\/\/www.fjardhundraland.se\/rebusrundan\/wp-json\/wp\/v2\/users\/45"}],"replies":[{"embeddable":true,"href":"https:\/\/www.fjardhundraland.se\/rebusrundan\/wp-json\/wp\/v2\/comments?post=2734"}],"version-history":[{"count":9,"href":"https:\/\/www.fjardhundraland.se\/rebusrundan\/wp-json\/wp\/v2\/pages\/2734\/revisions"}],"predecessor-version":[{"id":3119,"href":"https:\/\/www.fjardhundraland.se\/rebusrundan\/wp-json\/wp\/v2\/pages\/2734\/revisions\/3119"}],"wp:attachment":[{"href":"https:\/\/www.fjardhundraland.se\/rebusrundan\/wp-json\/wp\/v2\/media?parent=2734"}],"curies":[{"name":"wp","href":"https:\/\/api.w.org\/{rel}","templated":true}]}}