{"id":1857,"date":"2023-07-11T18:22:18","date_gmt":"2023-07-11T16:22:18","guid":{"rendered":"https:\/\/www.fjardhundraland.se\/rebusrundan\/?page_id=1857"},"modified":"2025-05-03T14:28:04","modified_gmt":"2025-05-03T12:28:04","slug":"karta-2023","status":"publish","type":"page","link":"https:\/\/www.fjardhundraland.se\/rebusrundan\/karta-2023\/","title":{"rendered":"Karta 2025"},"content":{"rendered":"\n<p><a href=\"https:\/\/www.google.com\/maps\/d\/edit?mid=1hj_z3kKY68D3ciySdTkZxmr8lflkjqE&amp;usp=sharing\" target=\"_blank\" rel=\"noopener\">Karta som visar alla arrang\u00f6rer p\u00e5 rebusrundan med hj\u00e4lp av Google Maps.<\/a><\/p>\n\n\n\n<p>Vill du se en \u00f6versiktskarta med alla rebusst\u00e4llen indelade i de olika rebusgrupperna klicka <a href=\"https:\/\/drive.google.com\/file\/d\/1xbgG6kqZ18B6aGwX06vuigQMc39LwXPD\/view?usp=sharing\" target=\"_blank\" rel=\"noopener\">H\u00c4R<\/a><br><\/p>\n\n\n\n<iframe loading=\"lazy\" src=\"https:\/\/www.google.com\/maps\/d\/u\/0\/embed?mid=1hj_z3kKY68D3ciySdTkZxmr8lflkjqE&#038;ehbc=2E312F\" width=\"100%\" height=\"1000\"><\/iframe>\n","protected":false},"excerpt":{"rendered":"<p>Karta som visar alla arrang\u00f6rer p\u00e5 rebusrundan med hj\u00e4lp av Google Maps. Vill du se en \u00f6versiktskarta med alla rebusst\u00e4llen indelade i de olika rebusgrupperna klicka H\u00c4R<\/p>\n","protected":false},"author":45,"featured_media":0,"parent":0,"menu_order":0,"comment_status":"closed","ping_status":"closed","template":"","meta":{"_acf_changed":false,"_relevanssi_hide_post":"","_relevanssi_hide_content":"","_relevanssi_pin_for_all":"","_relevanssi_pin_keywords":"","_relevanssi_unpin_keywords":"","_relevanssi_related_keywords":"","_relevanssi_related_include_ids":"","_relevanssi_related_exclude_ids":"","_relevanssi_related_no_append":"","_relevanssi_related_not_related":"","_relevanssi_related_posts":"266,1055,374,336,313,318","_relevanssi_noindex_reason":"","footnotes":""},"class_list":["post-1857","page","type-page","status-publish","hentry"],"acf":[],"_links":{"self":[{"href":"https:\/\/www.fjardhundraland.se\/rebusrundan\/wp-json\/wp\/v2\/pages\/1857","targetHints":{"allow":["GET"]}}],"collection":[{"href":"https:\/\/www.fjardhundraland.se\/rebusrundan\/wp-json\/wp\/v2\/pages"}],"about":[{"href":"https:\/\/www.fjardhundraland.se\/rebusrundan\/wp-json\/wp\/v2\/types\/page"}],"author":[{"embeddable":true,"href":"https:\/\/www.fjardhundraland.se\/rebusrundan\/wp-json\/wp\/v2\/users\/45"}],"replies":[{"embeddable":true,"href":"https:\/\/www.fjardhundraland.se\/rebusrundan\/wp-json\/wp\/v2\/comments?post=1857"}],"version-history":[{"count":45,"href":"https:\/\/www.fjardhundraland.se\/rebusrundan\/wp-json\/wp\/v2\/pages\/1857\/revisions"}],"predecessor-version":[{"id":2861,"href":"https:\/\/www.fjardhundraland.se\/rebusrundan\/wp-json\/wp\/v2\/pages\/1857\/revisions\/2861"}],"wp:attachment":[{"href":"https:\/\/www.fjardhundraland.se\/rebusrundan\/wp-json\/wp\/v2\/media?parent=1857"}],"curies":[{"name":"wp","href":"https:\/\/api.w.org\/{rel}","templated":true}]}}