{"id":1544,"date":"2022-06-11T14:48:36","date_gmt":"2022-06-11T12:48:36","guid":{"rendered":"https:\/\/www.fjardhundraland.se\/rebusrundan\/?page_id=1544"},"modified":"2026-03-23T23:52:51","modified_gmt":"2026-03-23T22:52:51","slug":"sa-har-funkar-det","status":"publish","type":"page","link":"https:\/\/www.fjardhundraland.se\/rebusrundan\/sa-har-funkar-det\/","title":{"rendered":"S\u00e5 h\u00e4r funkar Nya rebusrundan"},"content":{"rendered":"\n<p>I \u00e5r finns det 49 rebusst\u00e4llen att bes\u00f6ka i Fj\u00e4rdhundraland, hos vilka man l\u00f6ser rebusar och kan vinna priser.<\/p>\n\n\n\n<p> I korta drag g\u00e5r det till s\u00e5 h\u00e4r.<\/p>\n\n\n\n<p><strong>Rebusarna<\/strong><\/p>\n\n\n\n<ul class=\"wp-block-list\">\n<li>Korta enkla rebusar, rebussvaret \u00e4r endast ett ord.<\/li>\n\n\n\n<li>Rebussvaret l\u00e4mnas in p\u00e5 det st\u00e4lle som har rebusen.<\/li>\n\n\n\n<li>Rebusst\u00e4llets arrang\u00f6r drar en vinnare av de inl\u00e4mnade svaren och levererar vinsten till vinnaren.<\/li>\n<\/ul>\n\n\n\n<p><strong>Extrat\u00e4vling f\u00f6r de som vill ha en extra utmaning.<\/strong>&nbsp;<\/p>\n\n\n\n<ul class=\"wp-block-list\">\n<li>N\u00e4rliggande rebusst\u00e4llen, bildar en rebusgrupp. Det finns 7 stycken grupper.<\/li>\n\n\n\n<li>En grupps alla  rebussvar ger ledtr\u00e5dar till gruppens l\u00f6senord.<\/li>\n\n\n\n<li>L\u00f6st l\u00f6senord f\u00f6r en grupp ger chans till att vinna extravinster.<\/li>\n\n\n\n<li>Fr\u00e5n och med den 9:e maj kommer h\u00e4r att finnas en l\u00e4nk till ett Svarsformul\u00e4r. I formul\u00e4ret skriver du in de l\u00f6senord du klurat ut. Svaren skall vara inne senast torsdagen den 14 maj.<\/li>\n\n\n\n<li>Tre vinnare dras. 1.a pris 2000 kr, 2:a pris 1500 kr och 3:e pris 1000 kronor. F\u00f6r att vinna kr\u00e4vs att man<strong> bes\u00f6kt och l\u00e4mnat rebussvar hos 4 rebusst\u00e4llen i rebusgruppen<\/strong>.<\/li>\n\n\n\n<li>Priserna best\u00e5r av v\u00e4rdebevis, som tas ut som varor\/tj\u00e4nster hos Fj\u00e4rdhundralands alla medlemmar. G\u00e4ller under 2026 och kan delas upp f\u00f6r att tas ut hos flera medlemmar..<\/li>\n<\/ul>\n\n\n\n<p><strong>Exempel p\u00e5 de nya enkla rebusarna och vars svar ger ledtr\u00e5dar till l\u00f6senordet<\/strong><\/p>\n\n\n<div class=\"wp-block-image\">\n<figure class=\"aligncenter size-full is-resized\"><img loading=\"lazy\" decoding=\"async\" width=\"960\" height=\"540\" src=\"https:\/\/www.fjardhundraland.se\/rebusrundan\/wp-content\/uploads\/2025\/02\/image-1.png\" alt=\"\" class=\"wp-image-2468\" style=\"object-fit:cover;width:650px;height:143px\" srcset=\"https:\/\/www.fjardhundraland.se\/rebusrundan\/wp-content\/uploads\/2025\/02\/image-1.png 960w, https:\/\/www.fjardhundraland.se\/rebusrundan\/wp-content\/uploads\/2025\/02\/image-1-300x169.png 300w, https:\/\/www.fjardhundraland.se\/rebusrundan\/wp-content\/uploads\/2025\/02\/image-1-768x432.png 768w, https:\/\/www.fjardhundraland.se\/rebusrundan\/wp-content\/uploads\/2025\/02\/image-1-18x10.png 18w\" sizes=\"auto, (max-width: 706px) 89vw, (max-width: 767px) 82vw, 740px\" \/><\/figure>\n<\/div>\n\n\n<p>L\u00f6senordet, som skall kluras ut, skall kunnas s\u00e4ttas ihop med respektive rebussvar. antingen f\u00f6re eller efter, och ge ett nytt ord som finns i Svenska Akademins ordlista. Uppl\u00e4gget \u00e4r snarlika&nbsp; \u201cF\u00e5ngarna p\u00e5 fortet\u201d med ledtr\u00e5dar och l\u00f6senord.&nbsp;<\/p>\n\n\n\n<p>Efter ett visst tankeverksamhet hittar man att l\u00f6senordet m\u00e5ste vara\u00a0 GLAS enligt f\u00f6ljande: KRISTALL blir, KRISTALLGLAS,\u00a0 BL\u00c5SARE blir GLASBL\u00c5SARE, VATTEN blir VATTENGLAS, M\u00c4STARE\u00a0 blir GLASM\u00c4STARE, HALT blir\u00a0 GLASHALT\u00a0 \u00a0 S\u00e5 enkelt var det,<\/p>\n\n\n\n<p><\/p>\n\n\n\n<p><\/p>\n","protected":false},"excerpt":{"rendered":"<p><span class=\"excerpt_part\">I &aring;r finns det 49 rebusst&auml;llen att bes&ouml;ka i Fj&auml;rdhundraland, hos vilka man l&ouml;ser rebusar och kan vinna priser. I korta drag g&aring;r det till s&aring; h&auml;r. Rebusarna Korta enkla&#8230;<\/span><\/p>\n","protected":false},"author":45,"featured_media":0,"parent":0,"menu_order":0,"comment_status":"closed","ping_status":"closed","template":"","meta":{"_acf_changed":false,"_relevanssi_hide_post":"","_relevanssi_hide_content":"","_relevanssi_pin_for_all":"","_relevanssi_pin_keywords":"","_relevanssi_unpin_keywords":"","_relevanssi_related_keywords":"","_relevanssi_related_include_ids":"","_relevanssi_related_exclude_ids":"","_relevanssi_related_no_append":"","_relevanssi_related_not_related":"","_relevanssi_related_posts":"318,266,336,313,1055,360","_relevanssi_noindex_reason":"","footnotes":""},"class_list":["post-1544","page","type-page","status-publish","hentry"],"acf":[],"_links":{"self":[{"href":"https:\/\/www.fjardhundraland.se\/rebusrundan\/wp-json\/wp\/v2\/pages\/1544","targetHints":{"allow":["GET"]}}],"collection":[{"href":"https:\/\/www.fjardhundraland.se\/rebusrundan\/wp-json\/wp\/v2\/pages"}],"about":[{"href":"https:\/\/www.fjardhundraland.se\/rebusrundan\/wp-json\/wp\/v2\/types\/page"}],"author":[{"embeddable":true,"href":"https:\/\/www.fjardhundraland.se\/rebusrundan\/wp-json\/wp\/v2\/users\/45"}],"replies":[{"embeddable":true,"href":"https:\/\/www.fjardhundraland.se\/rebusrundan\/wp-json\/wp\/v2\/comments?post=1544"}],"version-history":[{"count":113,"href":"https:\/\/www.fjardhundraland.se\/rebusrundan\/wp-json\/wp\/v2\/pages\/1544\/revisions"}],"predecessor-version":[{"id":2859,"href":"https:\/\/www.fjardhundraland.se\/rebusrundan\/wp-json\/wp\/v2\/pages\/1544\/revisions\/2859"}],"wp:attachment":[{"href":"https:\/\/www.fjardhundraland.se\/rebusrundan\/wp-json\/wp\/v2\/media?parent=1544"}],"curies":[{"name":"wp","href":"https:\/\/api.w.org\/{rel}","templated":true}]}}