{"id":1535,"date":"2022-06-11T14:02:16","date_gmt":"2022-06-11T12:02:16","guid":{"rendered":"https:\/\/www.fjardhundraland.se\/rebusrundan\/?page_id=1535"},"modified":"2022-08-06T11:36:52","modified_gmt":"2022-08-06T09:36:52","slug":"karta-2022","status":"publish","type":"page","link":"https:\/\/www.fjardhundraland.se\/rebusrundan\/karta-2022\/","title":{"rendered":"Karta 2022"},"content":{"rendered":"\n<h2 class=\"wp-block-heading\"><strong>KARTA<\/strong><\/h2>\n\n\n\n<p><a href=\"https:\/\/www.google.com\/maps\/d\/u\/0\/viewer?hl=sv&amp;mid=1doOSkLhuufNG7TKBG0WUsOQal_uPIDo&amp;ll=59.74255297217523%2C17.028281258873793&amp;z=10\" target=\"_blank\" rel=\"noopener\">Visa karta med deltagare med hj\u00e4lp av Google maps<\/a><\/p>\n\n\n\n<p><a href=\"https:\/\/drive.google.com\/file\/d\/1GmA5ixyJKugmDREnV7rGFQhSBJwKP7rC\/view?usp=sharing\" target=\"_blank\" rel=\"noopener\">\u00d6versiktskarta i pdf-format, med alla deltagarna , som du kan skriva ut<\/a>. (1 sida)<\/p>\n\n\n\n<p>Anv\u00e4nd&nbsp;<strong>Fj\u00e4rdhundralands karta 2022<\/strong>&nbsp;f\u00f6r att hitta r\u00e4tt. Den finns hos de flesta av deltagarna, p\u00e5 kaf\u00e9er och g\u00e5rdsbutiker och hos Enk\u00f6pings turistbyr\u00e5. <strong>Observera att &#8221;Fj\u00e4rdhundralands karta 2021&#8221; har en annan numrering.<\/strong><\/p>\n\n\n\n<p>Karta 2022:s numrering med f\u00e4rg kommer att l\u00e4ggas in f\u00f6r varje deltagare i deltagarinformationen, detta f\u00f6r att l\u00e4tt hitta platserna p\u00e5 kartan.<\/p>\n\n\n\n<p>Fem av deltagarna finns p\u00e5 andra adresser \u00e4n p\u00e5 Kartan 2022, <\/p>\n\n\n\n<ul class=\"wp-block-list\"><li>Gredelin Gastro Hub hos Det lilla mejeriet<\/li><li>Kronbackens big\u00e5rdar hos Svartb\u00e4ckens Tr\u00e4dg\u00e5rd <\/li><li>Kejbert Concept hos Det lilla mejeriet<\/li><li>Lagerl\u00f6fska Magasinet  hos Skogsbackens ost<\/li><li>Siggesta V\u00e4vstuga i \u00d6sterundag\u00e5rden<\/li><\/ul>\n\n\n\n<p><\/p>\n","protected":false},"excerpt":{"rendered":"<p>KARTA Visa karta med deltagare med hj\u00e4lp av Google maps \u00d6versiktskarta i pdf-format, med alla deltagarna , som du kan skriva ut. (1 sida) Anv\u00e4nd&nbsp;Fj\u00e4rdhundralands karta 2022&nbsp;f\u00f6r att hitta r\u00e4tt. Den finns hos de flesta av deltagarna, p\u00e5 kaf\u00e9er och g\u00e5rdsbutiker och hos Enk\u00f6pings turistbyr\u00e5. Observera att &#8221;Fj\u00e4rdhundralands karta 2021&#8221; har en annan numrering. Karta &hellip; <\/p>\n<p class=\"link-more\"><a href=\"https:\/\/www.fjardhundraland.se\/rebusrundan\/karta-2022\/\" class=\"more-link\">Forts\u00e4tt l\u00e4sa<span class=\"screen-reader-text\"> \u201dKarta 2022\u201d<\/span><\/a><\/p>\n","protected":false},"author":45,"featured_media":0,"parent":0,"menu_order":0,"comment_status":"closed","ping_status":"closed","template":"","meta":{"_acf_changed":false,"_relevanssi_hide_post":"","_relevanssi_hide_content":"","_relevanssi_pin_for_all":"","_relevanssi_pin_keywords":"","_relevanssi_unpin_keywords":"","_relevanssi_related_keywords":"","_relevanssi_related_include_ids":"","_relevanssi_related_exclude_ids":"","_relevanssi_related_no_append":"","_relevanssi_related_not_related":"","_relevanssi_related_posts":"","_relevanssi_noindex_reason":"","footnotes":""},"class_list":["post-1535","page","type-page","status-publish","hentry"],"acf":[],"_links":{"self":[{"href":"https:\/\/www.fjardhundraland.se\/rebusrundan\/wp-json\/wp\/v2\/pages\/1535","targetHints":{"allow":["GET"]}}],"collection":[{"href":"https:\/\/www.fjardhundraland.se\/rebusrundan\/wp-json\/wp\/v2\/pages"}],"about":[{"href":"https:\/\/www.fjardhundraland.se\/rebusrundan\/wp-json\/wp\/v2\/types\/page"}],"author":[{"embeddable":true,"href":"https:\/\/www.fjardhundraland.se\/rebusrundan\/wp-json\/wp\/v2\/users\/45"}],"replies":[{"embeddable":true,"href":"https:\/\/www.fjardhundraland.se\/rebusrundan\/wp-json\/wp\/v2\/comments?post=1535"}],"version-history":[{"count":9,"href":"https:\/\/www.fjardhundraland.se\/rebusrundan\/wp-json\/wp\/v2\/pages\/1535\/revisions"}],"predecessor-version":[{"id":1751,"href":"https:\/\/www.fjardhundraland.se\/rebusrundan\/wp-json\/wp\/v2\/pages\/1535\/revisions\/1751"}],"wp:attachment":[{"href":"https:\/\/www.fjardhundraland.se\/rebusrundan\/wp-json\/wp\/v2\/media?parent=1535"}],"curies":[{"name":"wp","href":"https:\/\/api.w.org\/{rel}","templated":true}]}}