{"id":11,"date":"2018-04-09T22:01:24","date_gmt":"2018-04-09T20:01:24","guid":{"rendered":"http:\/\/test.fjardhundraland.se\/loppisrundan\/?page_id=2"},"modified":"2026-03-23T20:33:04","modified_gmt":"2026-03-23T19:33:04","slug":"rebusrundan-i-fjardhundraland","status":"publish","type":"page","link":"https:\/\/www.fjardhundraland.se\/rebusrundan\/","title":{"rendered":"Nya rebusrundan i Fj\u00e4rdhundraland"},"content":{"rendered":"\n<p>Nya rebusrundan 2026 kommer att genomf\u00f6ras l\u00f6rdagen och s\u00f6ndagen 9-10 maj. Tider l\u00f6rdag \u00e4r 10:00 &#8211; 17;00, s\u00f6ndag 10:00 &#8211; 16:00.<\/p>\n\n\n\n<p>Ett tillf\u00e4lle att bes\u00f6ka Fj\u00e4rdhundraland n\u00e4r m\u00e5nga  butiker, kaf\u00e9er, matst\u00e4llen och \u00f6ppna g\u00e5rdar.har extra \u00f6ppet.<\/p>\n\n\n\n<p>P\u00e5 varje st\u00e4lle finns en rebus som bes\u00f6karna kan l\u00f6sa \u2013 har du tur vinner du priser hos n\u00e5gon av de rebusst\u00e4llen du bes\u00f6kt. Vinsterna \u00e4r sk\u00e4nkta av deltagarna. <strong> <\/strong><\/p>\n\n\n\n<p><strong>F\u00f6r de som vill ha en extra utmaning<\/strong> finns det en extrat\u00e4vling med fina priser<\/p>\n\n\n\n<p><\/p>\n","protected":false},"excerpt":{"rendered":"<p>Nya rebusrundan 2026 kommer att genomf\u00f6ras l\u00f6rdagen och s\u00f6ndagen 9-10 maj. Tider l\u00f6rdag \u00e4r 10:00 &#8211; 17;00, s\u00f6ndag 10:00 &#8211; 16:00. Ett tillf\u00e4lle att bes\u00f6ka Fj\u00e4rdhundraland n\u00e4r m\u00e5nga butiker, kaf\u00e9er, matst\u00e4llen och \u00f6ppna g\u00e5rdar.har extra \u00f6ppet. P\u00e5 varje st\u00e4lle finns en rebus som bes\u00f6karna kan l\u00f6sa \u2013 har du tur vinner du priser hos n\u00e5gon &hellip; <\/p>\n<p class=\"link-more\"><a href=\"https:\/\/www.fjardhundraland.se\/rebusrundan\/\" class=\"more-link\">Forts\u00e4tt l\u00e4sa<span class=\"screen-reader-text\"> \u201dNya rebusrundan i Fj\u00e4rdhundraland\u201d<\/span><\/a><\/p>\n","protected":false},"author":1,"featured_media":0,"parent":0,"menu_order":0,"comment_status":"closed","ping_status":"closed","template":"","meta":{"_acf_changed":false,"_relevanssi_hide_post":"","_relevanssi_hide_content":"","_relevanssi_pin_for_all":"on","_relevanssi_pin_keywords":"rebus,rebusrundan,rebusjakt, rebusrundan fj\u00e4rdhundraland","_relevanssi_unpin_keywords":"","_relevanssi_related_keywords":"","_relevanssi_related_include_ids":"","_relevanssi_related_exclude_ids":"","_relevanssi_related_no_append":"","_relevanssi_related_not_related":"","_relevanssi_related_posts":"318,360,1055,266,324,313","_relevanssi_noindex_reason":"","footnotes":""},"class_list":["post-11","page","type-page","status-publish","hentry"],"acf":[],"_links":{"self":[{"href":"https:\/\/www.fjardhundraland.se\/rebusrundan\/wp-json\/wp\/v2\/pages\/11","targetHints":{"allow":["GET"]}}],"collection":[{"href":"https:\/\/www.fjardhundraland.se\/rebusrundan\/wp-json\/wp\/v2\/pages"}],"about":[{"href":"https:\/\/www.fjardhundraland.se\/rebusrundan\/wp-json\/wp\/v2\/types\/page"}],"author":[{"embeddable":true,"href":"https:\/\/www.fjardhundraland.se\/rebusrundan\/wp-json\/wp\/v2\/users\/1"}],"replies":[{"embeddable":true,"href":"https:\/\/www.fjardhundraland.se\/rebusrundan\/wp-json\/wp\/v2\/comments?post=11"}],"version-history":[{"count":70,"href":"https:\/\/www.fjardhundraland.se\/rebusrundan\/wp-json\/wp\/v2\/pages\/11\/revisions"}],"predecessor-version":[{"id":2847,"href":"https:\/\/www.fjardhundraland.se\/rebusrundan\/wp-json\/wp\/v2\/pages\/11\/revisions\/2847"}],"wp:attachment":[{"href":"https:\/\/www.fjardhundraland.se\/rebusrundan\/wp-json\/wp\/v2\/media?parent=11"}],"curies":[{"name":"wp","href":"https:\/\/api.w.org\/{rel}","templated":true}]}}