{"id":2862,"date":"2026-03-24T14:23:45","date_gmt":"2026-03-24T13:23:45","guid":{"rendered":"https:\/\/www.fjardhundraland.se\/rebusrundan\/?page_id=2862"},"modified":"2026-04-25T20:08:44","modified_gmt":"2026-04-25T18:08:44","slug":"kartor-2026","status":"publish","type":"page","link":"https:\/\/www.fjardhundraland.se\/rebusrundan\/en\/kartor-2026\/","title":{"rendered":"Kartor 2026"},"content":{"rendered":"<p><a href=\"https:\/\/www.google.com\/maps\/d\/u\/0\/viewer?hl=sv&amp;mid=1GdT2TZGN4m25PuxhvxcHKZ9XNcM6ie4&amp;ll=59.81022903194524%2C17.065701393261715&amp;z=10\" target=\"_blank\" rel=\"noopener\">Karta som visar alla arrang\u00f6rer p\u00e5 rebusrundan med hj\u00e4lp av Google Maps<\/a><a href=\"https:\/\/www.google.com\/maps\/d\/u\/0\/viewer?mid=1GdT2TZGN4m25PuxhvxcHKZ9XNcM6ie4&amp;ll=59.81022903194522%2C17.065701393261715&amp;z=9\" target=\"_blank\" rel=\"noopener\">.<\/a><\/p>\n\n\n\n<p><\/p>\n\n\n\n<p>Vill du se en \u00f6versiktskarta med alla rebusst\u00e4llen indelade i de olika rebusgrupperna klicka <a href=\"https:\/\/drive.google.com\/file\/d\/1td9DEe2gmtNTyzAsz706LKKKg2-Kn43F\/view?usp=drive_link\" target=\"_blank\" rel=\"noopener\">H\u00c4R<\/a><\/p>","protected":false},"excerpt":{"rendered":"<p>Karta som visar alla arrang\u00f6rer p\u00e5 rebusrundan med hj\u00e4lp av Google Maps. Vill du se en \u00f6versiktskarta med alla rebusst\u00e4llen indelade i de olika rebusgrupperna klicka H\u00c4R<\/p>","protected":false},"author":45,"featured_media":0,"parent":0,"menu_order":0,"comment_status":"closed","ping_status":"closed","template":"","meta":{"_acf_changed":false,"_relevanssi_hide_post":"","_relevanssi_hide_content":"","_relevanssi_pin_for_all":"","_relevanssi_pin_keywords":"","_relevanssi_unpin_keywords":"","_relevanssi_related_keywords":"","_relevanssi_related_include_ids":"","_relevanssi_related_exclude_ids":"","_relevanssi_related_no_append":"","_relevanssi_related_not_related":"","_relevanssi_related_posts":"324,374,266,336,1055,313","_relevanssi_noindex_reason":"","footnotes":""},"class_list":["post-2862","page","type-page","status-publish","hentry"],"acf":[],"_links":{"self":[{"href":"https:\/\/www.fjardhundraland.se\/rebusrundan\/en\/wp-json\/wp\/v2\/pages\/2862","targetHints":{"allow":["GET"]}}],"collection":[{"href":"https:\/\/www.fjardhundraland.se\/rebusrundan\/en\/wp-json\/wp\/v2\/pages"}],"about":[{"href":"https:\/\/www.fjardhundraland.se\/rebusrundan\/en\/wp-json\/wp\/v2\/types\/page"}],"author":[{"embeddable":true,"href":"https:\/\/www.fjardhundraland.se\/rebusrundan\/en\/wp-json\/wp\/v2\/users\/45"}],"replies":[{"embeddable":true,"href":"https:\/\/www.fjardhundraland.se\/rebusrundan\/en\/wp-json\/wp\/v2\/comments?post=2862"}],"version-history":[{"count":4,"href":"https:\/\/www.fjardhundraland.se\/rebusrundan\/en\/wp-json\/wp\/v2\/pages\/2862\/revisions"}],"predecessor-version":[{"id":3107,"href":"https:\/\/www.fjardhundraland.se\/rebusrundan\/en\/wp-json\/wp\/v2\/pages\/2862\/revisions\/3107"}],"wp:attachment":[{"href":"https:\/\/www.fjardhundraland.se\/rebusrundan\/en\/wp-json\/wp\/v2\/media?parent=2862"}],"curies":[{"name":"wp","href":"https:\/\/api.w.org\/{rel}","templated":true}]}}