{"id":2107,"date":"2023-08-20T18:07:36","date_gmt":"2023-08-20T16:07:36","guid":{"rendered":"https:\/\/www.fjardhundraland.se\/rebusrundan\/?page_id=2107"},"modified":"2023-08-20T18:07:37","modified_gmt":"2023-08-20T16:07:37","slug":"rebuslosningar-2023","status":"publish","type":"page","link":"https:\/\/www.fjardhundraland.se\/rebusrundan\/en\/rebuslosningar-2023\/","title":{"rendered":"Rebusl\u00f6sningar 2023"},"content":{"rendered":"<p>Tack f\u00f6r att du var med p\u00e5 v\u00e5r rebusrunda. Drygt 300 rebussvar har l\u00e4mnats in.<\/p>\n\n\n\n<p>Vinnarna presenteras p\u00e5 l\u00f6rdagen  den 26:e augusti<\/p>\n\n\n\n<p>H\u00e4r \u00e4r de r\u00e4tta svaren.<\/p>\n\n\n\n<table id=\"tablepress-26\" class=\"tablepress tablepress-id-26\">\n<thead>\n<tr class=\"row-1\">\n\t<th class=\"column-1\">Nummer<\/th><th class=\"column-2\">Rebusst\u00e4lle<\/th><th class=\"column-3\">Texter<\/th>\n<\/tr>\n<\/thead>\n<tbody class=\"row-striping row-hover\">\n<tr class=\"row-2\">\n\t<td class=\"column-1\">1<\/td><td class=\"column-2\">Altuna Hembygdsf\u00f6rening<\/td><td class=\"column-3\">I skolan anas den idoga fliten<br \/>\nman r\u00e4knade med sticka n\u00e4r morfar var liten<\/td>\n<\/tr>\n<tr class=\"row-3\">\n\t<td class=\"column-1\">2<\/td><td class=\"column-2\">Altunag\u00e5rden<\/td><td class=\"column-3\">Altunag\u00e5rden s\u00e5 vacker i dalens gr\u00f6nska, <br \/>\nh\u00e4r finns allt man kan \u00f6nska, <br \/>\nv\u00e4nner kaffe och kaka l\u00e5t dig v\u00e4l smaka.<\/td>\n<\/tr>\n<tr class=\"row-4\">\n\t<td class=\"column-1\">3<\/td><td class=\"column-2\">Axel&amp;Gren<\/td><td class=\"column-3\">Majs, solrosor, kaffe, och glass, <br \/>\n i stora lass<\/td>\n<\/tr>\n<tr class=\"row-5\">\n\t<td class=\"column-1\">4<\/td><td class=\"column-2\">Bergets G\u00e5rd Pasta &amp; Br\u00f6d<\/td><td class=\"column-3\">Nyttigt br\u00f6d och d\u00e4rmed basta <br \/>\nvi har ocks\u00e5 hemgjord pasta<\/td>\n<\/tr>\n<tr class=\"row-6\">\n\t<td class=\"column-1\">5<\/td><td class=\"column-2\">Broby G\u00e5rd<\/td><td class=\"column-3\">D\u00e4r landskapen m\u00f6ts Sag\u00e5n rinner<br \/>\nD\u00e4r \u00e4ven Broby g\u00e5rd man finner <\/td>\n<\/tr>\n<tr class=\"row-7\">\n\t<td class=\"column-1\">6<\/td><td class=\"column-2\">Det Lilla Mejeriet och Kejbert concept<\/td><td class=\"column-3\">Ett \u00e5rsjubileum i \u00e5r, h\u00e5ll utkik i v\u00e5r butik<br \/>\nfinns grejer till tr\u00e4dg\u00e5rd hem och tjejer<\/td>\n<\/tr>\n<tr class=\"row-8\">\n\t<td class=\"column-1\">7<\/td><td class=\"column-2\">Dunderbo Lights &amp; Crafts<\/td><td class=\"column-3\">H\u00e4r blir kunden alltid n\u00f6jd<br \/>\ndet finns b\u00e5de smide och sl\u00f6jd<\/td>\n<\/tr>\n<tr class=\"row-9\">\n\t<td class=\"column-1\">8<\/td><td class=\"column-2\">Ekbolanda g\u00e5rd<\/td><td class=\"column-3\">V\u00e4gen hit kan k\u00e4nnas krokig<br \/>\nmen v\u00e4rd ett bes\u00f6k hos en baktokig<\/td>\n<\/tr>\n<tr class=\"row-10\">\n\t<td class=\"column-1\">9<\/td><td class=\"column-2\">Ekolsund<\/td><td class=\"column-3\">Ekolsunds slott bjuder alltid p\u00e5 n\u00e5got gott<\/td>\n<\/tr>\n<tr class=\"row-11\">\n\t<td class=\"column-1\">10<\/td><td class=\"column-2\">French charcuterie<\/td><td class=\"column-3\">i Upplands hagar grisarna b\u00f6kar<br \/>\n i g\u00e5rdsbutiken Kristofer st\u00f6kar<\/td>\n<\/tr>\n<tr class=\"row-12\">\n\t<td class=\"column-1\">11<\/td><td class=\"column-2\">Glada kossan<\/td><td class=\"column-3\">Tack kon f\u00f6r r\u00e5mj\u00f6lken<\/td>\n<\/tr>\n<tr class=\"row-13\">\n\t<td class=\"column-1\">12<\/td><td class=\"column-2\">G\u00e4ddeholm Tr\u00e4dg\u00e5rd<br \/>\nV\u00e4ster\u00e5s tr\u00e4dg\u00e5rdsservice <\/td><td class=\"column-3\">H\u00e4r k\u00e4nns historiens vingslag<\/td>\n<\/tr>\n<tr class=\"row-14\">\n\t<td class=\"column-1\">13<\/td><td class=\"column-2\">Hanna&#039;s furniture &amp; furnishings<\/td><td class=\"column-3\">H\u00e4r m\u00e5ste du stanna<br \/>\nstolen spacklas och slipas hos Hanna\u2019<\/td>\n<\/tr>\n<tr class=\"row-15\">\n\t<td class=\"column-1\">14<\/td><td class=\"column-2\">Hard working woman AB<\/td><td class=\"column-3\">Anm\u00e4l dig till snickar kurs f\u00f6r kvinnor (tjejer), <br \/>\nbygg din egen ljugarb\u00e4nk <\/td>\n<\/tr>\n<tr class=\"row-16\">\n\t<td class=\"column-1\">15<\/td><td class=\"column-2\">H\u00e5rsb\u00e4cks B&amp;B och Kajsa Karins Diversehandel<\/td><td class=\"column-3\">Morfar byggde denna ladug\u00e5rd 1916<\/td>\n<\/tr>\n<tr class=\"row-17\">\n\t<td class=\"column-1\">16<\/td><td class=\"column-2\">H\u00e4rledg\u00e5rden Torstuna Hembygdsf\u00f6rening<\/td><td class=\"column-3\">L\u00f6s din rebus och kom tillbaka<br \/>\nn\u00e4sta vecka f\u00e5r du smaka kaka<\/td>\n<\/tr>\n<tr class=\"row-18\">\n\t<td class=\"column-1\">17<\/td><td class=\"column-2\">H\u00e4rnevi nursery<\/td><td class=\"column-3\">En skola f\u00f6r plantor, odlare o djur<br \/>\ndr\u00f6m om en tr\u00e4dg\u00e5rd som sjunger i dur<\/td>\n<\/tr>\n<tr class=\"row-19\">\n\t<td class=\"column-1\">18<\/td><td class=\"column-2\">H\u00f6gbergs Bussresor<\/td><td class=\"column-3\">Vill du ordna skjussar,<br \/>\ndet fixar H\u00f6gbergs bussar<\/td>\n<\/tr>\n<tr class=\"row-20\">\n\t<td class=\"column-1\">19<\/td><td class=\"column-2\">Julianas Br\u00f6llop o Tr\u00e4dg\u00e5rd<\/td><td class=\"column-3\">Det Julianas kan, \u00e4r inte l\u00e4tt<br \/>\natt forma en bed\u00e5rande br\u00f6llopsbukett<\/td>\n<\/tr>\n<tr class=\"row-21\">\n\t<td class=\"column-1\">20<\/td><td class=\"column-2\">J\u00e4dra Pr\u00e4stg\u00e5rd<\/td><td class=\"column-3\">Om du s\u00f6ker j\u00e4dra bra mat<br \/>\ndet odlas h\u00e4r f\u00f6r dina fat.<\/td>\n<\/tr>\n<tr class=\"row-22\">\n\t<td class=\"column-1\">21<\/td><td class=\"column-2\">Kaf\u00e9 Kyrkstugan Lagunda f\u00f6rsamling<\/td><td class=\"column-3\">I  Nys\u00e4tra  v\u00e4ljer  du  milj\u00f6  efter  smak<br \/>\nute under tr\u00e4det eller inne under tak<\/td>\n<\/tr>\n<tr class=\"row-23\">\n\t<td class=\"column-1\">22<\/td><td class=\"column-2\">Kaffestugan p\u00e5 landet<\/td><td class=\"column-3\">Njut av lugnet hos kaffestugan<br \/>\nta med barnen och frugan <\/td>\n<\/tr>\n<tr class=\"row-24\">\n\t<td class=\"column-1\">23<\/td><td class=\"column-2\">Kromsta Lantbod<\/td><td class=\"column-3\">\u00c4gg och k\u00f6ttprodukter bakom disken<br \/>\nmen \u00e4ven gr\u00f6nsakerna osten och fisken<\/td>\n<\/tr>\n<tr class=\"row-25\">\n\t<td class=\"column-1\">24<\/td><td class=\"column-2\">K\u00e4ramik<\/td><td class=\"column-3\">Starka f\u00e4rger, k\u00e4rlek och konst i keramik<br \/>\nblanda detta och din tillvaro blir rik.<\/td>\n<\/tr>\n<tr class=\"row-26\">\n\t<td class=\"column-1\">25<\/td><td class=\"column-2\">Landsberga G\u00e5rd<\/td><td class=\"column-3\">\u00c4t som en kung och njut paj eller kaka<br \/>\noch du kommer helt s\u00e4kert tillbaka.<\/td>\n<\/tr>\n<tr class=\"row-27\">\n\t<td class=\"column-1\">26<\/td><td class=\"column-2\">L\u00e5ngtora mat och logi<\/td><td class=\"column-3\">Plats f\u00f6r sm\u00e5 och stora<br \/>\nfinss hos Mat &amp; Logi i L\u00e4ngtora<\/td>\n<\/tr>\n<tr class=\"row-28\">\n\t<td class=\"column-1\">27<\/td><td class=\"column-2\">Mejeriet i Ramby<\/td><td class=\"column-3\">Vintage fransar och vackra band, allt \u00e4r f\u00f6rmodligen gjort f\u00f6r hand<\/td>\n<\/tr>\n<tr class=\"row-29\">\n\t<td class=\"column-1\">28<\/td><td class=\"column-2\">Mona Charlotte&#8217;s inredning<\/td><td class=\"column-3\">Naturen inp\u00e5 knutarna<\/td>\n<\/tr>\n<tr class=\"row-30\">\n\t<td class=\"column-1\">29<\/td><td class=\"column-2\">M\u00e4lby Tr\u00e4dg\u00e5rd<\/td><td class=\"column-3\">I glaskupan finns massor av bin att besk\u00e5da<br \/>\nhur allas dagar i sommar \u00e4r br\u00e5da<\/td>\n<\/tr>\n<tr class=\"row-31\">\n\t<td class=\"column-1\">30<\/td><td class=\"column-2\">Pepparrotsstadens Tr\u00e4dg\u00e5rd &amp; Hantverk<\/td><td class=\"column-3\">St\u00e5r du r\u00e5dl\u00f6s utan bot, <br \/>\nsatsa p\u00e5 en pepparrot!<\/td>\n<\/tr>\n<tr class=\"row-32\">\n\t<td class=\"column-1\">31<\/td><td class=\"column-2\">Resting farm<\/td><td class=\"column-3\">F\u00f6rr var stenhuset kloster<br \/>\nd\u00e4r munken l\u00e4ste pater noster<br \/>\nAlternativt<br \/>\nF\u00f6rr var stenhus och kloster <br \/>\nd\u00e4r munken l\u00e4sta paternoster.<\/td>\n<\/tr>\n<tr class=\"row-33\">\n\t<td class=\"column-1\">32<\/td><td class=\"column-2\">Salnecke Slottscafe och Bistro<\/td><td class=\"column-3\">Bistro vid slott f\u00f6r dam och herre <br \/>\nPeter och Moa sk\u00f6ter k\u00f6ket hos Sverre<\/td>\n<\/tr>\n<tr class=\"row-34\">\n\t<td class=\"column-1\">33<\/td><td class=\"column-2\">Siggesta v\u00e4vstuga<\/td><td class=\"column-3\">Med bomull, ull och lin blir v\u00e4ven extra fin.<\/td>\n<\/tr>\n<tr class=\"row-35\">\n\t<td class=\"column-1\">34<\/td><td class=\"column-2\">Skogsbackens ost<\/td><td class=\"column-3\">Skogsbackens ost var er smak p\u00e5 maten<br \/>\nf\u00f6rgyller sm\u00f6rg\u00e5sar och gr\u00f6nsaker p\u00e5 faten.<\/td>\n<\/tr>\n<tr class=\"row-36\">\n\t<td class=\"column-1\">35<\/td><td class=\"column-2\">Skuggans caf\u00e9<\/td><td class=\"column-3\">Du sjunger med sk\u00f6na vokaler<br \/>\nn\u00e4r du njutit hembakt i nya lokaler<\/td>\n<\/tr>\n<tr class=\"row-37\">\n\t<td class=\"column-1\">36<\/td><td class=\"column-2\">SoL Tr\u00e4dg\u00e5rd&amp;Tj\u00e4nster<\/td><td class=\"column-3\">&#8221;Tantiga blommer &amp; gubbiga kn\u00f6lar <br \/>\n\u00e4pplena kommer \u00e5 ingen b\u00f6lar&#8221;<\/td>\n<\/tr>\n<tr class=\"row-38\">\n\t<td class=\"column-1\">37<\/td><td class=\"column-2\">Tantverket Grillby<\/td><td class=\"column-3\">Tanterna \u00e4r fina tjejer<br \/>\ns\u00e4ljer bara prima grejer<\/td>\n<\/tr>\n<tr class=\"row-39\">\n\t<td class=\"column-1\">38<\/td><td class=\"column-2\">Tuna Garden<\/td><td class=\"column-3\">P\u00e5 g\u00e5rden st\u00e5r buskar i l\u00e5nga rader<br \/>\nInne v\u00e4ntar blomkruksparader <\/td>\n<\/tr>\n<tr class=\"row-40\">\n\t<td class=\"column-1\">39<\/td><td class=\"column-2\">Vagabond Haven Tiny Houses<\/td><td class=\"column-3\">N\u00e4r du vill leva r\u00f6rligt och fritt<br \/>\noch \u00e4nd\u00e5 s\u00e4ga huset \u00e4r mitt.<\/td>\n<\/tr>\n<tr class=\"row-41\">\n\t<td class=\"column-1\">40<\/td><td class=\"column-2\">Vallgarns g\u00e5rdsmejeri<\/td><td class=\"column-3\">Vallgarns  fantastiska  eldost  \u00e4r  inte dum<br \/>\nsmakupplevelsen  g\u00f6r dig  stum<\/td>\n<\/tr>\n<tr class=\"row-42\">\n\t<td class=\"column-1\">41<\/td><td class=\"column-2\">Var dags rum Outlet \u00d6rsundsbro<\/td><td class=\"column-3\">M\u00f6bler, kl\u00e4der som \u00e4r inne, <br \/>\nhandbroderade  kuddar i linne.<\/td>\n<\/tr>\n<tr class=\"row-43\">\n\t<td class=\"column-1\">42<\/td><td class=\"column-2\">\u00c5n\u00e4bben B\u00e4r o sylt<\/td><td class=\"column-3\">H\u00e4r finns  \u00e4ven sylt och marmelad <br \/>\nsom kan g\u00f6ra  vem som helst glad<\/td>\n<\/tr>\n<\/tbody>\n<\/table>\n<!-- #tablepress-26 from cache -->","protected":false},"excerpt":{"rendered":"<p>Tack f\u00f6r att du var med p\u00e5 v\u00e5r rebusrunda. Drygt 300 rebussvar har l\u00e4mnats in. Vinnarna presenteras p\u00e5 l\u00f6rdagen den 26:e augusti H\u00e4r \u00e4r de r\u00e4tta svaren.<\/p>","protected":false},"author":45,"featured_media":0,"parent":0,"menu_order":0,"comment_status":"closed","ping_status":"closed","template":"","meta":{"_acf_changed":false,"_relevanssi_hide_post":"","_relevanssi_hide_content":"","_relevanssi_pin_for_all":"","_relevanssi_pin_keywords":"","_relevanssi_unpin_keywords":"","_relevanssi_related_keywords":"","_relevanssi_related_include_ids":"","_relevanssi_related_exclude_ids":"","_relevanssi_related_no_append":"","_relevanssi_related_not_related":"","_relevanssi_related_posts":"","_relevanssi_noindex_reason":"","footnotes":""},"class_list":["post-2107","page","type-page","status-publish","hentry"],"acf":[],"_links":{"self":[{"href":"https:\/\/www.fjardhundraland.se\/rebusrundan\/en\/wp-json\/wp\/v2\/pages\/2107","targetHints":{"allow":["GET"]}}],"collection":[{"href":"https:\/\/www.fjardhundraland.se\/rebusrundan\/en\/wp-json\/wp\/v2\/pages"}],"about":[{"href":"https:\/\/www.fjardhundraland.se\/rebusrundan\/en\/wp-json\/wp\/v2\/types\/page"}],"author":[{"embeddable":true,"href":"https:\/\/www.fjardhundraland.se\/rebusrundan\/en\/wp-json\/wp\/v2\/users\/45"}],"replies":[{"embeddable":true,"href":"https:\/\/www.fjardhundraland.se\/rebusrundan\/en\/wp-json\/wp\/v2\/comments?post=2107"}],"version-history":[{"count":2,"href":"https:\/\/www.fjardhundraland.se\/rebusrundan\/en\/wp-json\/wp\/v2\/pages\/2107\/revisions"}],"predecessor-version":[{"id":2109,"href":"https:\/\/www.fjardhundraland.se\/rebusrundan\/en\/wp-json\/wp\/v2\/pages\/2107\/revisions\/2109"}],"wp:attachment":[{"href":"https:\/\/www.fjardhundraland.se\/rebusrundan\/en\/wp-json\/wp\/v2\/media?parent=2107"}],"curies":[{"name":"wp","href":"https:\/\/api.w.org\/{rel}","templated":true}]}}