
{"id":9481,"date":"2021-11-10T11:20:04","date_gmt":"2021-11-10T10:20:04","guid":{"rendered":"https:\/\/www.fjardhundraland.se\/?page_id=9481"},"modified":"2023-08-25T20:48:02","modified_gmt":"2023-08-25T18:48:02","slug":"college-ontwikkelingssamenwerking","status":"publish","type":"page","link":"https:\/\/www.fjardhundraland.se\/nl\/over-fjardhundraland\/college-ontwikkelingssamenwerking\/","title":{"rendered":"Boek een lezing"},"content":{"rendered":"<p><strong>Een lezing is een geweldige start van een project voor plattelandsontwikkeling of bestemmingsontwikkeling, of wanneer je de voordelen van samenwerking wilt laten zien!<\/strong> <strong>Fj\u00e4rdhundraland heeft in tien jaar een bestemming opgebouwd van nul naar 150 leden, te beginnen met een Leader-project. Nu kun je een van de populaire lezingen van Mats Thorburn boeken over onderwerpen als hoe het gedaan is - met praktische ervaringen en lessen uit een succesvol project. <\/strong><\/p>\n\n\n\n<p>Fj\u00e4rdhundraland werd bekroond met de grootste prijs in Zweden in de horeca in 2019 <a href=\"https:\/\/www.mynewsdesk.com\/se\/tillvaextverket\/pressreleases\/upplaendsk-landsbygdsupplevelse-vinner-stora-turismpriset-2019-2948935\" target=\"_blank\" rel=\"noreferrer noopener\">Grote prijs voor toerisme <\/a>en heeft de afgelopen jaren een sterke groei doorgemaakt, zowel qua leden als qua bezoekers. De vereniging is gestart op basis van een Leader-project en is een goed voorbeeld van hoe projecten kunnen voortleven en ontwikkeling en groei kunnen cre\u00ebren. We delen graag onze geleerde lessen!<\/p>\n\n\n\n<p>De lezingen hebben altijd goede beoordelingen gekregen van deelnemers en zijn gebaseerd op de ervaring van Fj\u00e4rdhundraland in combinatie met aanpassing aan jouw wensen en omstandigheden. De lezing kan in het Zweeds of Engels worden gehouden.<\/p>\n\n\n\n<p>Klinkt dit interessant? Neem contact op met Mats, tel <a href=\"tel:+46701739399\" data-type=\"tel\" data-id=\"tel:+46701739399\">0701-73 93 99,<\/a> <a href=\"mailto:mats@fjardhundraland.se\">mats@fjardhundraland.se<\/a> voor een voorstel over organisatie en kosten. Je kunt ook naar ons toe komen in Fj\u00e4rdhundraland en combineren <a href=\"https:\/\/www.fjardhundraland.se\/nl\/over-fjardhundraland\/boek-een-studiebezoek\/\" data-type=\"page\" data-id=\"12897\">lezing en studiebezoek<\/a>.<\/p>\n\n\n\n<h2 class=\"wp-block-heading\">Voorbeelden van onderwerpen<\/h2>\n\n\n\n<h3 class=\"wp-block-heading\"><strong>Voor bestemmingen, toerismemanagers, overheden en projecteigenaren<\/strong><\/h3>\n\n\n\n<ul class=\"wp-block-list\">\n<li>Plattelandsontwikkeling in samenwerking<\/li>\n\n\n\n<li>Stimuleren van samenwerking<\/li>\n\n\n\n<li>Ontwikkeling starten en sturen<\/li>\n\n\n\n<li>Bouwen aan duurzame projecten<\/li>\n\n\n\n<li>Bestemming- en plaatsontwikkeling in samenwerking<\/li>\n\n\n\n<li>Een plaatsnaam ontwikkelen<\/li>\n\n\n\n<li>Plattelandsontwikkeling in een verbonden wereld<\/li>\n\n\n\n<li>Duurzaamheid in samenwerking<\/li>\n\n\n\n<li>Het succesvolle Leader-project<\/li>\n\n\n\n<li>Successen en tegenslagen van het coronavirus<\/li>\n<\/ul>\n\n\n\n<h3 class=\"wp-block-heading\"><strong>Voor bezoekersorganisaties<\/strong><\/h3>\n\n\n\n<ul class=\"wp-block-list\">\n<li><span style=\"color: initial;\">Marketing voor micro-ondernemingen<\/span><\/li>\n\n\n\n<li>Samen marketing<\/li>\n\n\n\n<li>Merk bouwen<\/li>\n\n\n\n<li>E-commerce voor micro-ondernemingen<\/li>\n\n\n\n<li>Winstgevendheid verbeteren door samenwerking<\/li>\n\n\n\n<li>Duurzaamheid in de praktijk<\/li>\n\n\n\n<li>Werken aan meer concurrenten<\/li>\n<\/ul>\n\n\n\n<p>Alle lezingen kunnen fysiek of digitaal worden gehouden en kunnen worden aangevuld met een workshop. De inhoud wordt aangepast aan de wensen en behoeften van de klant en de deelnemers. Er zijn ook goede mogelijkheden om de lezingen te koppelen aan <a href=\"https:\/\/www.riksdagen.se\/sv\/dokument-och-lagar\/dokument\/skriftlig-fraga\/besoksnaringsstrategi_ha11248\/\" target=\"_blank\" rel=\"noopener\">de overheidsstrategie voor toerisme<\/a> of lokale beleidsdocumenten. <\/p>\n\n\n\n<p>De lezingen worden gegeven door Mats Thorburn, die voorzitter was van Fj\u00e4rdhundraland 2014-2021 en vanaf het begin betrokken is geweest. Tegenwoordig is hij vicevoorzitter van de vereniging naast zijn bedrijf als e-retailer en consultant in digitale marketing.<\/p>\n\n\n\n<p>De lezingen zijn boeiend en onderhoudend, met veel voorbeelden die in de praktijk kunnen worden toegepast. De visuals zijn ook ontworpen om te inspireren - geen lange lappen tekst, maar veel foto's en trefwoorden om samen te vatten en aan te geven wat belangrijk is.<\/p>\n\n\n\n<blockquote class=\"wp-block-quote is-layout-flow wp-block-quote-is-layout-flow\">\n<p>Lezingen geven en betrokken mensen ontmoeten in verschillende delen van het land is erg leuk! Ik deel mijn ervaringen, maar leer vaak net zoveel van degenen die ik ontmoet. Samen cre\u00ebren we betrokkenheid, die hopelijk langer duurt dan alleen kortstondige inspiratie.<\/p>\n<cite>Mats Thorburn<\/cite><\/blockquote>\n\n\n\n<h3 class=\"wp-block-heading\">Wat vinden de klanten ervan?<\/h3>\n\n\n\n<blockquote class=\"wp-block-quote is-style-plain is-layout-flow wp-block-quote-is-layout-flow\">\n<p>We werden getipt over Mats Thorburn als docent en die tip hield echt de maat. Het was de perfecte start van inspiratie, realiteit en een beetje verdomde spirit voor ons om deel te nemen in het midden van ons LEADER-project \"om de toeristische industrie te ontwikkelen\".<\/p>\n\n\n\n<p>Het was zeer de moeite waard om de ontwikkelingsreis van Fj\u00e4rdhundraland te horen voor degenen onder ons die werkzaam zijn in de plattelandstoerisme-industrie. Wat ze hadden gedaan om te beginnen en wat ze nog steeds doen om het te laten werken, groeien en groter te worden. Ondanks hun successen voelde de lezing pretentieloos, oprecht en down to earth. Het enthousiasme dat ontstond in de collegezaal was voelbaar en ik denk eigenlijk dat het het tijdstip was waarop de trein vertrok dat ons dwong om niet meer met elkaar te praten. Het voelde oprecht en we willen Mats echt bedanken voor de indruk die hij heeft gemaakt, samen kom je een heel eind en het is vooral zoveel leuker als je met meer bent.<\/p>\n<cite>Sandra Oskarsson, bedrijfsco\u00f6rdinator gemeente Lekeberg, projectmanager LEADER-project: <a href=\"https:\/\/lekeberg.se\/naringslivocharbete\/foretagstodochradgivning\/projektforbesoksnaringen.4.2c44dc0418529b6ed7f19e7.html\" target=\"_blank\" rel=\"noreferrer noopener\">Ontwikkeling van de toeristische sector in de gemeente Lekeberg<\/a><\/cite><\/blockquote>\n\n\n\n<blockquote class=\"wp-block-quote is-layout-flow wp-block-quote-is-layout-flow\">\n<p>Mats was een gewaardeerd docent bij LRF M\u00e4lardalen's (Lantbrukarnas riksf\u00f6rbund) zakelijke trainingsprogramma's voor voedselproducenten. Het thema was hoe duurzame samenwerking op te starten en te ontwikkelen en er werd ook veel aandacht besteed aan het opbouwen van een merk.  Mats is een zeer inspirerende en betrokken docent en wordt zeer gewaardeerd door de deelnemers. Met zijn uitgebreide ervaring in het veld heeft hij veel goede praktijkvoorbeelden gegeven, wat zeer gewaardeerd werd.<\/p>\n<cite><em>Helena Isaksson, Regionaal Manager Bedrijfsontwikkeling en Schoolcontact, LRF M\u00e4lardalen<\/em><\/cite><\/blockquote>\n\n\n\n<blockquote class=\"wp-block-quote is-layout-flow wp-block-quote-is-layout-flow\">\n<p><em>Mats heeft een digitaal seminar gehad over ons programma \"Duurzaam Ondernemen\" met kleine bedrijven als deelnemers. Het thema was hoe je je sociaal en economisch kunt ontwikkelen als kleinschalige ondernemer met een grote interesse in duurzaamheid. Hoe bouw je samenwerkingen en netwerken op over verschillen en hoe breng je op een positieve manier onder de aandacht dat je vreemd bent in brand building. De lezing was populair bij de deelnemers, zowel vanwege de herkenning met veel van de kleine ondernemers in Fj\u00e4rdhundraland, maar ook de manier waarop Mats zijn ervaringen met het opbouwen van Fj\u00e4rdhundraland vertelt en presenteert.&nbsp;<\/em>&nbsp;<\/p>\n<cite>Jenny Kangas, projectmanager duurzaam ondernemen, Upplandsbygd Lokaal geleide ontwikkeling<\/cite><\/blockquote>\n\n\n\n<p><\/p>\n\n\n\n<p>Klinkt het interessant? Neem contact op met Mats, tel 0701-73 93 99, mats@fjardhundraland.se.<\/p>","protected":false},"excerpt":{"rendered":"<p>En f\u00f6rel\u00e4sning \u00e4r en bra start p\u00e5 ett projekt inom landsbygdsutveckling eller destinationsutveckling, eller n\u00e4r ni vill visa nyttan med att samarbeta! Fj\u00e4rdhundraland har byggt en destination fr\u00e5n noll till 150 medlemmar p\u00e5 tio \u00e5r, med start i ett Leader-projekt. Nu kan ni boka en av Mats Thorburns uppskattade f\u00f6rel\u00e4sningar inom \u00e4mnen som om hur [&hellip;]<\/p>\n","protected":false},"author":1,"featured_media":9494,"parent":1515,"menu_order":32,"comment_status":"closed","ping_status":"closed","template":"","meta":{"_acf_changed":false,"_relevanssi_hide_post":"","_relevanssi_hide_content":"","_relevanssi_pin_for_all":"","_relevanssi_pin_keywords":"","_relevanssi_unpin_keywords":"","_relevanssi_related_keywords":"","_relevanssi_related_include_ids":"","_relevanssi_related_exclude_ids":"","_relevanssi_related_no_append":"","_relevanssi_related_not_related":"","_relevanssi_related_posts":"6890,7937,2228,399,13560,5692","_relevanssi_noindex_reason":"","_genesis_hide_title":false,"_genesis_hide_breadcrumbs":false,"_genesis_hide_singular_image":false,"_genesis_hide_footer_widgets":false,"_genesis_custom_body_class":"","_genesis_custom_post_class":"","_genesis_layout":"","footnotes":""},"categories":[],"tags":[],"class_list":{"0":"post-9481","1":"page","2":"type-page","3":"status-publish","4":"has-post-thumbnail","6":"entry"},"acf":[],"visa":null,"geo_latitude":null,"geo_longitude":null,"featured_image_src":"https:\/\/www.fjardhundraland.se\/wp-content\/uploads\/2021\/11\/stora-turismpriset-utdelning-december-2019-mats-thorburn.jpg","featured_image_src_square":"https:\/\/www.fjardhundraland.se\/wp-content\/uploads\/2021\/11\/stora-turismpriset-utdelning-december-2019-mats-thorburn.jpg","jetpack-related-posts":[{"id":12897,"url":"https:\/\/www.fjardhundraland.se\/nl\/over-fjardhundraland\/boek-een-studiebezoek\/","url_meta":{"origin":9481,"position":0},"title":"Boek een studiebezoek","author":"Mats Thorburn","date":"1 juni 2023","format":false,"excerpt":"Wil je inzicht krijgen in hoe Fj\u00e4rdhundraland werkt, hoe we de bestemming hebben opgebouwd en hoe leden het netwerk gebruiken? Dan is een studiebezoek een goede manier. Je hoort het verhaal van Fj\u00e4rdhundraland, maar ontmoet ook de individuele leden, die hun ervaringen en drijfveren delen. Een studiereis van Fj\u00e4rdhundraland levert nieuwe...","rel":"","context":"Soortgelijk bericht","block_context":{"text":"Soortgelijk bericht","link":""},"img":{"alt_text":"Studiebes\u00f6k Fj\u00e4rdhundraland jhos Axel & Gren","src":"https:\/\/i0.wp.com\/www.fjardhundraland.se\/wp-content\/uploads\/2023\/06\/studiebesok-fjardhundraland-axel-gren.jpg?resize=350%2C200&ssl=1","width":350,"height":200,"srcset":"https:\/\/i0.wp.com\/www.fjardhundraland.se\/wp-content\/uploads\/2023\/06\/studiebesok-fjardhundraland-axel-gren.jpg?resize=350%2C200&ssl=1 1x, https:\/\/i0.wp.com\/www.fjardhundraland.se\/wp-content\/uploads\/2023\/06\/studiebesok-fjardhundraland-axel-gren.jpg?resize=525%2C300&ssl=1 1.5x, https:\/\/i0.wp.com\/www.fjardhundraland.se\/wp-content\/uploads\/2023\/06\/studiebesok-fjardhundraland-axel-gren.jpg?resize=700%2C400&ssl=1 2x, https:\/\/i0.wp.com\/www.fjardhundraland.se\/wp-content\/uploads\/2023\/06\/studiebesok-fjardhundraland-axel-gren.jpg?resize=1050%2C600&ssl=1 3x, https:\/\/i0.wp.com\/www.fjardhundraland.se\/wp-content\/uploads\/2023\/06\/studiebesok-fjardhundraland-axel-gren.jpg?resize=1400%2C800&ssl=1 4x"},"classes":[]},{"id":6016,"url":"https:\/\/www.fjardhundraland.se\/nl\/over-fjardhundraland\/veelgestelde-vragen\/","url_meta":{"origin":9481,"position":1},"title":"Veelgestelde vragen","author":"Mats Thorburn","date":"11 september 2019","format":false,"excerpt":"Waar ligt Fj\u00e4rdhundraland? Ons gebied wordt bepaald door waar onze leden zich bevinden - tussen V\u00e4ster\u00e5s, Sala, Str\u00e4ngn\u00e4s, Uppsala, Enk\u00f6ping en Stockholm. We hebben geen grenzen ingesteld omdat grenzen niet interessant zijn voor bezoekers. Neem een kijkje op de kaart! Wat betekent \u201dFj\u00e4rdhundraland\u201d? De naam komt van de Viking\/middeleeuwse natie met dezelfde naam....","rel":"","context":"Soortgelijk bericht","block_context":{"text":"Soortgelijk bericht","link":""},"img":{"alt_text":"","src":"","width":0,"height":0},"classes":[]},{"id":2124,"url":"https:\/\/www.fjardhundraland.se\/nl\/over-fjardhundraland\/neem-contact-op-met\/","url_meta":{"origin":9481,"position":2},"title":"Neem contact met ons op","author":"Mats Thorburn","date":"15 maart 2014","format":false,"excerpt":"Contactgegevens voor individuele leden en bestemmingen zijn te vinden op elke pagina, onder Doen &amp; Bezoeken, Winkelen, Eten en Verblijven. Volg ons: Facebook - Instagram Factuuradres: Fj\u00e4rdhundraland ek f\u00f6rc\/o EkblomFr\u00f6sthults-Brunnby 11749 72 Fj\u00e4rdhundra Organisatienummer: 769622-7417 Bankgiro 735-2693. Swish 123 261 48 32. Wil je meer weten over de Fj\u00e4rdhundraland vereniging, een lezing boeken of...","rel":"","context":"Soortgelijk bericht","block_context":{"text":"Soortgelijk bericht","link":""},"img":{"alt_text":"","src":"","width":0,"height":0},"classes":[]},{"id":15836,"url":"https:\/\/www.fjardhundraland.se\/nl\/project\/","url_meta":{"origin":9481,"position":3},"title":"Het project","author":"Mats Thorburn","date":"26 mei 2024","format":false,"excerpt":"Soms zoekt de Fj\u00e4rhundraland Economic Association projecten om idee\u00ebn te kunnen uitvoeren die meer middelen vereisen dan we in onze reguliere activiteiten hebben. Hier staan projecten die we uitvoeren of hebben uitgevoerd. De lijst is niet compleet en zal worden bijgewerkt. Wandelen en toerisme in Fj\u00e4rdhundraland - 2023 - 31 oktober 2024....","rel":"","context":"Soortgelijk bericht","block_context":{"text":"Soortgelijk bericht","link":""},"img":{"alt_text":"","src":"","width":0,"height":0},"classes":[]},{"id":5242,"url":"https:\/\/www.fjardhundraland.se\/nl\/cyclus\/fjardhundralandsleden\/","url_meta":{"origin":9481,"position":4},"title":"Fj\u00e4rdhundralands","author":"Mats Thorburn","date":"29 juni 2018","format":false,"excerpt":"De Fj\u00e4rdhundraland route is onze fietsroute door het centrum van ons gebied. De eerste etappe van 38 km loopt tussen Fj\u00e4rdhundra en \u00d6rsundsbro, over goede wegen met voldoende mogelijkheden om te stoppen voor een kop koffie, een ommetje of om te zwemmen. Je bent ook in de buurt van verschillende andere bestemmingen in Fj\u00e4rdhundraland, dus je kunt de route...","rel":"","context":"In &quot;Cykling&quot;","block_context":{"text":"Cykling","link":"https:\/\/www.fjardhundraland.se\/nl\/fietsen\/"},"img":{"alt_text":"Cyklar parkerade framf\u00f6r Nys\u00e4tra kyrka","src":"https:\/\/i0.wp.com\/www.fjardhundraland.se\/wp-content\/uploads\/2018\/06\/cykling.jpg?resize=350%2C200&ssl=1","width":350,"height":200,"srcset":"https:\/\/i0.wp.com\/www.fjardhundraland.se\/wp-content\/uploads\/2018\/06\/cykling.jpg?resize=350%2C200&ssl=1 1x, https:\/\/i0.wp.com\/www.fjardhundraland.se\/wp-content\/uploads\/2018\/06\/cykling.jpg?resize=525%2C300&ssl=1 1.5x, https:\/\/i0.wp.com\/www.fjardhundraland.se\/wp-content\/uploads\/2018\/06\/cykling.jpg?resize=700%2C400&ssl=1 2x, https:\/\/i0.wp.com\/www.fjardhundraland.se\/wp-content\/uploads\/2018\/06\/cykling.jpg?resize=1050%2C600&ssl=1 3x, https:\/\/i0.wp.com\/www.fjardhundraland.se\/wp-content\/uploads\/2018\/06\/cykling.jpg?resize=1400%2C800&ssl=1 4x"},"classes":[]},{"id":7759,"url":"https:\/\/www.fjardhundraland.se\/nl\/over-fjardhundraland\/voor-jou-als-nieuw-lid\/","url_meta":{"origin":9481,"position":5},"title":"Voor nieuwe leden","author":"Mats Thorburn","date":"13 maart 2021","format":false,"excerpt":"Welkom bij Fj\u00e4rdhundraland! Fj\u00e4rdhundraland is wat we ervan maken - samen kunnen we iets heel goeds doen voor onze bezoekers! Door samenwerking kan ik bijdragen met wat voor mij makkelijk is, en hulp krijgen van anderen bij wat ik moeilijk vind. In Fj\u00e4rdhundraland werken we namens onze bezoekers - zij...","rel":"","context":"In &quot;Inl\u00e4gg&quot;","block_context":{"text":"Inl\u00e4gg","link":"https:\/\/www.fjardhundraland.se\/nl\/inlegwerk\/"},"img":{"alt_text":"","src":"","width":0,"height":0},"classes":[]}],"jetpack_sharing_enabled":true,"_links":{"self":[{"href":"https:\/\/www.fjardhundraland.se\/nl\/wp-json\/wp\/v2\/pages\/9481","targetHints":{"allow":["GET"]}}],"collection":[{"href":"https:\/\/www.fjardhundraland.se\/nl\/wp-json\/wp\/v2\/pages"}],"about":[{"href":"https:\/\/www.fjardhundraland.se\/nl\/wp-json\/wp\/v2\/types\/page"}],"author":[{"embeddable":true,"href":"https:\/\/www.fjardhundraland.se\/nl\/wp-json\/wp\/v2\/users\/1"}],"replies":[{"embeddable":true,"href":"https:\/\/www.fjardhundraland.se\/nl\/wp-json\/wp\/v2\/comments?post=9481"}],"version-history":[{"count":0,"href":"https:\/\/www.fjardhundraland.se\/nl\/wp-json\/wp\/v2\/pages\/9481\/revisions"}],"up":[{"embeddable":true,"href":"https:\/\/www.fjardhundraland.se\/nl\/wp-json\/wp\/v2\/pages\/1515"}],"wp:featuredmedia":[{"embeddable":true,"href":"https:\/\/www.fjardhundraland.se\/nl\/wp-json\/wp\/v2\/media\/9494"}],"wp:attachment":[{"href":"https:\/\/www.fjardhundraland.se\/nl\/wp-json\/wp\/v2\/media?parent=9481"}],"wp:term":[{"taxonomy":"category","embeddable":true,"href":"https:\/\/www.fjardhundraland.se\/nl\/wp-json\/wp\/v2\/categories?post=9481"},{"taxonomy":"post_tag","embeddable":true,"href":"https:\/\/www.fjardhundraland.se\/nl\/wp-json\/wp\/v2\/tags?post=9481"}],"curies":[{"name":"wp","href":"https:\/\/api.w.org\/{rel}","templated":true}]}}