
{"id":7695,"date":"2021-03-04T18:05:32","date_gmt":"2021-03-04T17:05:32","guid":{"rendered":"https:\/\/www.fjardhundraland.se\/?page_id=7695"},"modified":"2021-06-28T11:37:41","modified_gmt":"2021-06-28T09:37:41","slug":"activiteitenpakket-toevoegen","status":"publish","type":"page","link":"https:\/\/www.fjardhundraland.se\/nl\/over-fjardhundraland\/activiteitenpakket-toevoegen\/","title":{"rendered":"Activiteit\/pakket toevoegen"},"content":{"rendered":"Je moet ingelogd zijn om deze inhoud te zien.","protected":false},"excerpt":{"rendered":"Je moet ingelogd zijn om deze inhoud te zien.","protected":false},"author":1,"featured_media":0,"parent":1515,"menu_order":35,"comment_status":"closed","ping_status":"closed","template":"","meta":{"_acf_changed":false,"_relevanssi_hide_post":"","_relevanssi_hide_content":"","_relevanssi_pin_for_all":"","_relevanssi_pin_keywords":"","_relevanssi_unpin_keywords":"","_relevanssi_related_keywords":"","_relevanssi_related_include_ids":"","_relevanssi_related_exclude_ids":"","_relevanssi_related_no_append":"","_relevanssi_related_not_related":"","_relevanssi_related_posts":"","_relevanssi_noindex_reason":"","_genesis_hide_title":false,"_genesis_hide_breadcrumbs":false,"_genesis_hide_singular_image":false,"_genesis_hide_footer_widgets":false,"_genesis_custom_body_class":"","_genesis_custom_post_class":"","_genesis_layout":"","footnotes":""},"categories":[],"tags":[],"class_list":{"0":"post-7695","1":"page","2":"type-page","3":"status-publish","5":"entry"},"acf":[],"visa":null,"geo_latitude":null,"geo_longitude":null,"featured_image_src":null,"featured_image_src_square":null,"jetpack-related-posts":[{"id":7759,"url":"https:\/\/www.fjardhundraland.se\/nl\/over-fjardhundraland\/voor-jou-als-nieuw-lid\/","url_meta":{"origin":7695,"position":0},"title":"Voor nieuwe leden","author":"Mats Thorburn","date":"13 maart 2021","format":false,"excerpt":"Welkom bij Fj\u00e4rdhundraland! Fj\u00e4rdhundraland is wat we ervan maken - samen kunnen we iets heel goeds doen voor onze bezoekers! Door samenwerking kan ik bijdragen met wat voor mij makkelijk is, en hulp krijgen van anderen bij wat ik moeilijk vind. In Fj\u00e4rdhundraland werken we namens onze bezoekers - zij...","rel":"","context":"In &quot;Inl\u00e4gg&quot;","block_context":{"text":"Inl\u00e4gg","link":"https:\/\/www.fjardhundraland.se\/nl\/inlegwerk\/"},"img":{"alt_text":"","src":"","width":0,"height":0},"classes":[]},{"id":6557,"url":"https:\/\/www.fjardhundraland.se\/nl\/over-fjardhundraland\/nu-invoeren\/","url_meta":{"origin":7695,"position":1},"title":"Activiteit invoeren","author":"Mats Thorburn","date":"31 maart 2020","format":false,"excerpt":"Er is veel interesse om het platteland in te trekken en we hebben een geweldige plek om te laten zien wat we doen - op dit moment. Hier kun je evenementen, activiteiten en tijdelijke openingstijden toevoegen. Na handmatige goedkeuring wordt het hier gepubliceerd: https:\/\/www.fjardhundraland.se\/nu\/ Als je geen foto uploadt...","rel":"","context":"Soortgelijk bericht","block_context":{"text":"Soortgelijk bericht","link":""},"img":{"alt_text":"","src":"","width":0,"height":0},"classes":[]},{"id":6725,"url":"https:\/\/www.fjardhundraland.se\/nl\/over-fjardhundraland\/anvisningar-digitalt-arsmote\/","url_meta":{"origin":7695,"position":2},"title":"Instructies voor de digitale jaarvergadering","author":"Mats Thorburn","date":"18 april 2020","format":false,"excerpt":"Welkom op de jaarvergadering van Fj\u00e4rdhundraland op zondag 19 april 2020! Hier is de link naar de videoconferentie: bit.ly\/fj-arsmHier zijn de documenten voor de jaarvergadering. We gebruiken de videoconferentiedienst Jitsi. Om deel te nemen heb je een computer met internet en de Google Chrome browser nodig (Firefox kan ook werken) of een smartphone \/ tablet met de Jitsi Meet app (Android - iPhone \/ iPad).","rel":"","context":"Soortgelijk bericht","block_context":{"text":"Soortgelijk bericht","link":""},"img":{"alt_text":"","src":"https:\/\/i0.wp.com\/www.fjardhundraland.se\/wp-content\/uploads\/2020\/04\/4-2.jpg?resize=350%2C200&ssl=1","width":350,"height":200,"srcset":"https:\/\/i0.wp.com\/www.fjardhundraland.se\/wp-content\/uploads\/2020\/04\/4-2.jpg?resize=350%2C200&ssl=1 1x, https:\/\/i0.wp.com\/www.fjardhundraland.se\/wp-content\/uploads\/2020\/04\/4-2.jpg?resize=525%2C300&ssl=1 1.5x, https:\/\/i0.wp.com\/www.fjardhundraland.se\/wp-content\/uploads\/2020\/04\/4-2.jpg?resize=700%2C400&ssl=1 2x, https:\/\/i0.wp.com\/www.fjardhundraland.se\/wp-content\/uploads\/2020\/04\/4-2.jpg?resize=1050%2C600&ssl=1 3x, https:\/\/i0.wp.com\/www.fjardhundraland.se\/wp-content\/uploads\/2020\/04\/4-2.jpg?resize=1400%2C800&ssl=1 4x"},"classes":[]},{"id":13724,"url":"https:\/\/www.fjardhundraland.se\/nl\/zien-en-doen\/","url_meta":{"origin":7695,"position":3},"title":"Zien en doen","author":"Mats Thorburn","date":"29 oktober 2023","format":false,"excerpt":"Fj\u00e4rdhundraland is een groot gebied met een dichte mix van boerderijwinkels, ambachten, caf\u00e9s, accommodatie en nog veel meer. Hier is de grote catalogus van alles wat je kunt doen, gecategoriseerd, met contactgegevens, openingstijden en grote duidelijke kaarten. Bezienswaardigheden vind je hier! Runestenen, natuurbelevenissen, middeleeuwse kerken, badplaatsen en al het andere dat de excursie verrijkt. Winkelen...","rel":"","context":"Soortgelijk bericht","block_context":{"text":"Soortgelijk bericht","link":""},"img":{"alt_text":"V\u00e4g och runsten, profilbild Rebusrundan 2022","src":"https:\/\/i0.wp.com\/www.fjardhundraland.se\/wp-content\/uploads\/2022\/08\/vag-o-runsten-ryda-kungsgard-u838-1455818.jpeg?resize=350%2C200&ssl=1","width":350,"height":200,"srcset":"https:\/\/i0.wp.com\/www.fjardhundraland.se\/wp-content\/uploads\/2022\/08\/vag-o-runsten-ryda-kungsgard-u838-1455818.jpeg?resize=350%2C200&ssl=1 1x, https:\/\/i0.wp.com\/www.fjardhundraland.se\/wp-content\/uploads\/2022\/08\/vag-o-runsten-ryda-kungsgard-u838-1455818.jpeg?resize=525%2C300&ssl=1 1.5x, https:\/\/i0.wp.com\/www.fjardhundraland.se\/wp-content\/uploads\/2022\/08\/vag-o-runsten-ryda-kungsgard-u838-1455818.jpeg?resize=700%2C400&ssl=1 2x, https:\/\/i0.wp.com\/www.fjardhundraland.se\/wp-content\/uploads\/2022\/08\/vag-o-runsten-ryda-kungsgard-u838-1455818.jpeg?resize=1050%2C600&ssl=1 3x, https:\/\/i0.wp.com\/www.fjardhundraland.se\/wp-content\/uploads\/2022\/08\/vag-o-runsten-ryda-kungsgard-u838-1455818.jpeg?resize=1400%2C800&ssl=1 4x"},"classes":[]},{"id":13826,"url":"https:\/\/www.fjardhundraland.se\/nl\/gor\/","url_meta":{"origin":7695,"position":4},"title":"Zien en doen","author":"Mats Thorburn","date":"4 november 2023","format":false,"excerpt":"Fj\u00e4rdhundraland is een groot gebied met een dichte mix van boerderijwinkels, ambachten, caf\u00e9s, accommodatie en nog veel meer. Hier is de grote catalogus van alles wat je kunt doen, gecategoriseerd, met contactgegevens, openingstijden en grote duidelijke kaarten. Bezienswaardigheden vind je hier! Runestenen, natuurbelevenissen, middeleeuwse kerken, badplaatsen en al het andere dat de excursie verrijkt. Winkelen...","rel":"","context":"Soortgelijk bericht","block_context":{"text":"Soortgelijk bericht","link":""},"img":{"alt_text":"V\u00e4g och runsten, profilbild Rebusrundan 2022","src":"https:\/\/i0.wp.com\/www.fjardhundraland.se\/wp-content\/uploads\/2022\/08\/vag-o-runsten-ryda-kungsgard-u838-1455818.jpeg?resize=350%2C200&ssl=1","width":350,"height":200,"srcset":"https:\/\/i0.wp.com\/www.fjardhundraland.se\/wp-content\/uploads\/2022\/08\/vag-o-runsten-ryda-kungsgard-u838-1455818.jpeg?resize=350%2C200&ssl=1 1x, https:\/\/i0.wp.com\/www.fjardhundraland.se\/wp-content\/uploads\/2022\/08\/vag-o-runsten-ryda-kungsgard-u838-1455818.jpeg?resize=525%2C300&ssl=1 1.5x, https:\/\/i0.wp.com\/www.fjardhundraland.se\/wp-content\/uploads\/2022\/08\/vag-o-runsten-ryda-kungsgard-u838-1455818.jpeg?resize=700%2C400&ssl=1 2x, https:\/\/i0.wp.com\/www.fjardhundraland.se\/wp-content\/uploads\/2022\/08\/vag-o-runsten-ryda-kungsgard-u838-1455818.jpeg?resize=1050%2C600&ssl=1 3x, https:\/\/i0.wp.com\/www.fjardhundraland.se\/wp-content\/uploads\/2022\/08\/vag-o-runsten-ryda-kungsgard-u838-1455818.jpeg?resize=1400%2C800&ssl=1 4x"},"classes":[]},{"id":2163,"url":"https:\/\/www.fjardhundraland.se\/nl\/evenementen\/","url_meta":{"origin":7695,"position":5},"title":"Evenementen 2026","author":"Mats Thorburn","date":"4 april 2014","format":false,"excerpt":"INHOUD","rel":"","context":"Soortgelijk bericht","block_context":{"text":"Soortgelijk bericht","link":""},"img":{"alt_text":"Loppisrundan p\u00e5 Dunderbo ljus & hantverk","src":"https:\/\/i0.wp.com\/www.fjardhundraland.se\/wp-content\/uploads\/2021\/06\/dunderbo-ljus-hantverk-loppisrundan2019juli06-15.jpg?resize=350%2C200&ssl=1","width":350,"height":200,"srcset":"https:\/\/i0.wp.com\/www.fjardhundraland.se\/wp-content\/uploads\/2021\/06\/dunderbo-ljus-hantverk-loppisrundan2019juli06-15.jpg?resize=350%2C200&ssl=1 1x, https:\/\/i0.wp.com\/www.fjardhundraland.se\/wp-content\/uploads\/2021\/06\/dunderbo-ljus-hantverk-loppisrundan2019juli06-15.jpg?resize=525%2C300&ssl=1 1.5x, https:\/\/i0.wp.com\/www.fjardhundraland.se\/wp-content\/uploads\/2021\/06\/dunderbo-ljus-hantverk-loppisrundan2019juli06-15.jpg?resize=700%2C400&ssl=1 2x, https:\/\/i0.wp.com\/www.fjardhundraland.se\/wp-content\/uploads\/2021\/06\/dunderbo-ljus-hantverk-loppisrundan2019juli06-15.jpg?resize=1050%2C600&ssl=1 3x, https:\/\/i0.wp.com\/www.fjardhundraland.se\/wp-content\/uploads\/2021\/06\/dunderbo-ljus-hantverk-loppisrundan2019juli06-15.jpg?resize=1400%2C800&ssl=1 4x"},"classes":[]}],"jetpack_sharing_enabled":true,"_links":{"self":[{"href":"https:\/\/www.fjardhundraland.se\/nl\/wp-json\/wp\/v2\/pages\/7695","targetHints":{"allow":["GET"]}}],"collection":[{"href":"https:\/\/www.fjardhundraland.se\/nl\/wp-json\/wp\/v2\/pages"}],"about":[{"href":"https:\/\/www.fjardhundraland.se\/nl\/wp-json\/wp\/v2\/types\/page"}],"author":[{"embeddable":true,"href":"https:\/\/www.fjardhundraland.se\/nl\/wp-json\/wp\/v2\/users\/1"}],"replies":[{"embeddable":true,"href":"https:\/\/www.fjardhundraland.se\/nl\/wp-json\/wp\/v2\/comments?post=7695"}],"version-history":[{"count":0,"href":"https:\/\/www.fjardhundraland.se\/nl\/wp-json\/wp\/v2\/pages\/7695\/revisions"}],"up":[{"embeddable":true,"href":"https:\/\/www.fjardhundraland.se\/nl\/wp-json\/wp\/v2\/pages\/1515"}],"wp:attachment":[{"href":"https:\/\/www.fjardhundraland.se\/nl\/wp-json\/wp\/v2\/media?parent=7695"}],"wp:term":[{"taxonomy":"category","embeddable":true,"href":"https:\/\/www.fjardhundraland.se\/nl\/wp-json\/wp\/v2\/categories?post=7695"},{"taxonomy":"post_tag","embeddable":true,"href":"https:\/\/www.fjardhundraland.se\/nl\/wp-json\/wp\/v2\/tags?post=7695"}],"curies":[{"name":"wp","href":"https:\/\/api.w.org\/{rel}","templated":true}]}}