
{"id":7312,"date":"2020-09-08T12:18:07","date_gmt":"2020-09-08T10:18:07","guid":{"rendered":"https:\/\/www.fjardhundraland.se\/?page_id=7312"},"modified":"2021-09-09T15:17:37","modified_gmt":"2021-09-09T13:17:37","slug":"lid-worden","status":"publish","type":"page","link":"https:\/\/www.fjardhundraland.se\/nl\/over-fjardhundraland\/fjardhundraland-economische-vereniging\/lid-worden\/","title":{"rendered":"Lid worden"},"content":{"rendered":"<p>Welkom als lid van Fj\u00e4rdhundraland economische vereniging! Het feit dat je lid wordt, versterkt ons gezamenlijke netwerk en maakt ons nog beter in het geven van een goede ervaring aan onze bezoekers.<\/p>\n\n\n\n<p><a href=\"https:\/\/docs.google.com\/forms\/d\/1lmu7elNURv-f8WGdf5dA4tQK4BN85xkYL_j-1j53cnc\/edit?ts=6040cdb5&amp;gxids=7628\" target=\"_blank\" aria-label=\"Vul hier het aanmeldingsformulier in.  (opent in een nieuw tabblad)\" rel=\"noreferrer noopener\" class=\"rank-math-link\"><strong>Vul hier het aanvraagformulier in.<\/strong> <\/a><\/p>\n\n\n\n<h2 class=\"wp-block-heading\"><strong>Tien goede redenen om lid te worden<\/strong><\/h2>\n\n\n\n<ul class=\"wp-block-list\"><li>Je vindt het belangrijk om samen te werken. 1+1=3.<\/li><li>Je hebt of wilt een vorm van bezoekersactiviteit ontwikkelen, zoals bed &amp; breakfast, evenementen, activiteiten, rondleidingen, verkoop van lokaal geproduceerde producten, restaurant of caf\u00e9.<\/li><li>Je vindt het een geweldig idee om het platteland te ontwikkelen en je wilt al het moois dat het te bieden heeft onder de aandacht brengen om meer bezoekers aan te trekken.<\/li><li>Je wilt werken aan het versterken van de lokale productie.<\/li><li>Je wilt je bedrijf\/werkgelegenheid aanvullen met toeristische activiteiten.<\/li><li>Je wilt je speciale interesse ontwikkelen door samen te werken met anderen en het te laten zien aan bezoekers.<\/li><li>Je hebt een leeg pand waar je iets mee kunt doen.<\/li><li>Jouw organisatie heeft iets dat bezoekers zou kunnen interesseren.<\/li><li>Je vindt het een goed idee om overheidsfinanciering aan te kunnen vragen om nieuwe idee\u00ebn te realiseren.<\/li><li>Jij vindt dat we onszelf moeten vermarkten via een gemeenschappelijk merk dat staat voor kwaliteit en duurzaam ondernemen.<\/li><\/ul>\n\n\n\n<h2 class=\"wp-block-heading\">Wat je krijgt als lid<\/h2>\n\n\n\n<ul class=\"wp-block-list\"><li>Je zult deel uitmaken van een sterk merk met loyale doelgroepen die het plattelandsleven, kleinschalige kwaliteit en persoonlijke service waarderen.<\/li><li>Je zult deel uitmaken van een netwerk van betrokken mensen die gepassioneerd zijn over hun organisaties.<\/li><li>Je wordt gepromoot op Fj\u00e4rdhundraland social media.<\/li><li>Je krijgt een pagina op de populaire website van Fj\u00e4rdhundraland.<\/li><li>Je kunt deelnemen aan evenementen zoals Tuva &amp; t\u00e4ppa, Loppisrundan, Rebusrundan, Mat &amp; m\u00e4nniskor.<\/li><li>Je ontvangt materialen waarmee je Fj\u00e4rdhundraland kunt gebruiken in je marketing en zo je eigen merk kunt versterken.<\/li><\/ul>\n\n\n\n<h2 class=\"wp-block-heading\"><strong>Twee vormen van lidmaatschap<\/strong><\/h2>\n\n\n\n<p><strong>Lid van het Europees Parlement<\/strong>&nbsp;kun je<\/p>\n\n\n\n<ul class=\"wp-block-list\"><li>Als je iets te bieden hebt aan toeristen\/gasten\/bezoekers\/klanten of van plan bent dit te doen.<\/li><li>Vastgesteld door het bestuur van de organisatie.<\/li><li>Deel willen nemen aan de activiteiten en gezamenlijke promotie van de vereniging.<\/li><\/ul>\n\n\n\n<p>Om volwaardig lid te worden betaal je een contributie van 1000 SEK (die je terugkrijgt als je vertrekt) en een jaarlijkse contributie van maximaal 300 SEK. Daarnaast betaal je servicekosten (die onderhevig zijn aan btw en ook aftrekbaar zijn van de belasting).<\/p>\n\n\n\n<p>Sinds 2019 bedragen de servicekosten SEK 1.000\/jaar (SEK 500 voor non-profitorganisaties en startende\/kleine bedrijven met een omzet van minder dan SEK 50.000).<\/p>\n\n\n\n<p><strong>Ondersteunend lid<\/strong>&nbsp;kun je<\/p>\n\n\n\n<ul class=\"wp-block-list\"><li>als u de activiteiten van de organisatie steunt<\/li><\/ul>\n\n\n\n<p>Ondersteunende leden betalen alleen jaarlijks lidgeld. Ondersteunende leden kunnen deelnemen aan de activiteiten van de vereniging, maar hebben geen recht op voordelen die de vereniging geld kosten, zoals marketing en gesubsidieerde evenementen.<\/p>\n\n\n\n<p><a href=\"https:\/\/docs.google.com\/forms\/d\/1lmu7elNURv-f8WGdf5dA4tQK4BN85xkYL_j-1j53cnc\/edit?ts=6040cdb5&amp;gxids=7628\" target=\"_blank\" aria-label=\"Word lid! Vul hier het registratieformulier in.  (opent in een nieuw tabblad)\" rel=\"noreferrer noopener\" class=\"rank-math-link\">Word lid! Vul hier het aanmeldingsformulier in. <\/a><\/p>","protected":false},"excerpt":{"rendered":"<p>V\u00e4lkommen som medlem i Fj\u00e4rdhundraland ekonomisk f\u00f6rening! Att just du kommer med st\u00e4rker v\u00e5rt gemensamma n\u00e4tverk, och g\u00f6r att vi blir \u00e4nnu b\u00e4ttre p\u00e5 att ge v\u00e5ra bes\u00f6kare en bra upplevelse. Fyll i anm\u00e4lan h\u00e4r. Tio bra sk\u00e4l att bli medlem Ni tycker att det \u00e4r viktigt att samarbeta. 1+1=3. Ni har eller vill utveckla [&hellip;]<\/p>\n","protected":false},"author":1,"featured_media":0,"parent":1903,"menu_order":42,"comment_status":"closed","ping_status":"closed","template":"","meta":{"_acf_changed":false,"_relevanssi_hide_post":"","_relevanssi_hide_content":"","_relevanssi_pin_for_all":"","_relevanssi_pin_keywords":"","_relevanssi_unpin_keywords":"","_relevanssi_related_keywords":"","_relevanssi_related_include_ids":"","_relevanssi_related_exclude_ids":"","_relevanssi_related_no_append":"","_relevanssi_related_not_related":"","_relevanssi_related_posts":"","_relevanssi_noindex_reason":"","_genesis_hide_title":false,"_genesis_hide_breadcrumbs":false,"_genesis_hide_singular_image":false,"_genesis_hide_footer_widgets":false,"_genesis_custom_body_class":"","_genesis_custom_post_class":"","_genesis_layout":"","footnotes":""},"categories":[],"tags":[],"class_list":{"0":"post-7312","1":"page","2":"type-page","3":"status-publish","5":"entry"},"acf":[],"visa":null,"geo_latitude":null,"geo_longitude":null,"featured_image_src":null,"featured_image_src_square":null,"jetpack-related-posts":[{"id":1903,"url":"https:\/\/www.fjardhundraland.se\/nl\/over-fjardhundraland\/fjardhundraland-economische-vereniging\/","url_meta":{"origin":7312,"position":0},"title":"Fj\u00e4rdhundraland economische associatie","author":"Mats Thorburn","date":"2 maart 2014","format":false,"excerpt":"Fj\u00e4rdhundraland wordt ontwikkeld binnen de Fj\u00e4rdhundraland Economic Association, die in 2011 is opgericht. De vereniging werkt aan de ontwikkeling van de toeristische sector en het cre\u00ebren van nieuwe partnerschappen. Al het werk is erop gericht om onze bezoekers een betere ervaring te geven.  Wilt u meer weten over Fj\u00e4rdhundraland Economic Association? Lees hier de veelgestelde vragen. Fj\u00e4rdhundraland vindt zijn oorsprong in het LEADER-project Toerisme in Fj\u00e4rdhundrabygden, dat...","rel":"","context":"Soortgelijk bericht","block_context":{"text":"Soortgelijk bericht","link":""},"img":{"alt_text":"","src":"","width":0,"height":0},"classes":[]},{"id":7759,"url":"https:\/\/www.fjardhundraland.se\/nl\/over-fjardhundraland\/voor-jou-als-nieuw-lid\/","url_meta":{"origin":7312,"position":1},"title":"Voor nieuwe leden","author":"Mats Thorburn","date":"13 maart 2021","format":false,"excerpt":"Welkom bij Fj\u00e4rdhundraland! Fj\u00e4rdhundraland is wat we ervan maken - samen kunnen we iets heel goeds doen voor onze bezoekers! Door samenwerking kan ik bijdragen met wat voor mij makkelijk is, en hulp krijgen van anderen bij wat ik moeilijk vind. In Fj\u00e4rdhundraland werken we namens onze bezoekers - zij...","rel":"","context":"In &quot;Inl\u00e4gg&quot;","block_context":{"text":"Inl\u00e4gg","link":"https:\/\/www.fjardhundraland.se\/nl\/inlegwerk\/"},"img":{"alt_text":"","src":"","width":0,"height":0},"classes":[]},{"id":6016,"url":"https:\/\/www.fjardhundraland.se\/nl\/over-fjardhundraland\/veelgestelde-vragen\/","url_meta":{"origin":7312,"position":2},"title":"Veelgestelde vragen","author":"Mats Thorburn","date":"11 september 2019","format":false,"excerpt":"Waar ligt Fj\u00e4rdhundraland? Ons gebied wordt bepaald door waar onze leden zich bevinden - tussen V\u00e4ster\u00e5s, Sala, Str\u00e4ngn\u00e4s, Uppsala, Enk\u00f6ping en Stockholm. We hebben geen grenzen ingesteld omdat grenzen niet interessant zijn voor bezoekers. Neem een kijkje op de kaart! Wat betekent \u201dFj\u00e4rdhundraland\u201d? De naam komt van de Viking\/middeleeuwse natie met dezelfde naam....","rel":"","context":"Soortgelijk bericht","block_context":{"text":"Soortgelijk bericht","link":""},"img":{"alt_text":"","src":"","width":0,"height":0},"classes":[]},{"id":1515,"url":"https:\/\/www.fjardhundraland.se\/nl\/over-fjardhundraland\/","url_meta":{"origin":7312,"position":3},"title":"Over Fj\u00e4rdhundraland","author":"Mats Thorburn","date":"8 januari 2014","format":false,"excerpt":"In Fj\u00e4rdhundraland brengen we geweldige ervaringen samen in een levend platteland met geschiedenis, natuurbeleving en kleine bedrijven in de dop: caf\u00e9s, accommodatie, boerderijwinkels en nog veel meer! Veel ambachtelijk eten, natuur, cultuur - allemaal binnen een uur van Stockholm, Uppsala en V\u00e4ster\u00e5s. De naam Fj\u00e4rdhundraland komt van het middeleeuwse volksland Fj\u00e4drundaland. Het huidige Fj\u00e4rdhundraland heeft geen grenzen. Het doel is om een groot gebied...","rel":"","context":"Soortgelijk bericht","block_context":{"text":"Soortgelijk bericht","link":""},"img":{"alt_text":"","src":"","width":0,"height":0},"classes":[]},{"id":12299,"url":"https:\/\/www.fjardhundraland.se\/nl\/sdfsdf\/","url_meta":{"origin":7312,"position":4},"title":"Registratie van particuliere verkopers Loppisrundan","author":"Mats Thorburn","date":"23 maart 2023","format":false,"excerpt":"Nieuw! In 2023 kun je, ook als je geen lid bent van Fj\u00e4rdhundraland, meedoen aan de Vlooienmarktronde, in je eigen woonplaats! Vul het onderstaande formulier in. De kosten zijn SEK 500, en worden na inschrijving betaald via Swish of bakgiro aan Fj\u00e4rdhundraland. Jouw locatie zal worden opgenomen op de kaart die in het voorjaar op het web wordt gepubliceerd...","rel":"","context":"Soortgelijk bericht","block_context":{"text":"Soortgelijk bericht","link":""},"img":{"alt_text":"","src":"","width":0,"height":0},"classes":[]},{"id":9481,"url":"https:\/\/www.fjardhundraland.se\/nl\/over-fjardhundraland\/college-ontwikkelingssamenwerking\/","url_meta":{"origin":7312,"position":5},"title":"Boek een lezing","author":"Mats Thorburn","date":"10 november 2021","format":false,"excerpt":"Een lezing is een geweldige start van een project voor plattelandsontwikkeling of bestemmingsontwikkeling, of wanneer je de voordelen van samenwerken wilt laten zien! Fj\u00e4rdhundraland heeft in tien jaar een bestemming opgebouwd van nul naar 150 leden, beginnend met een Leader-project. Nu kun je een van de populaire lezingen van Mats Thorburn boeken...","rel":"","context":"Soortgelijk bericht","block_context":{"text":"Soortgelijk bericht","link":""},"img":{"alt_text":"Stora turismpriset utdelning december 2019 Mats Thorburn","src":"https:\/\/i0.wp.com\/www.fjardhundraland.se\/wp-content\/uploads\/2021\/11\/stora-turismpriset-utdelning-december-2019-mats-thorburn.jpg?resize=350%2C200&ssl=1","width":350,"height":200,"srcset":"https:\/\/i0.wp.com\/www.fjardhundraland.se\/wp-content\/uploads\/2021\/11\/stora-turismpriset-utdelning-december-2019-mats-thorburn.jpg?resize=350%2C200&ssl=1 1x, https:\/\/i0.wp.com\/www.fjardhundraland.se\/wp-content\/uploads\/2021\/11\/stora-turismpriset-utdelning-december-2019-mats-thorburn.jpg?resize=525%2C300&ssl=1 1.5x, https:\/\/i0.wp.com\/www.fjardhundraland.se\/wp-content\/uploads\/2021\/11\/stora-turismpriset-utdelning-december-2019-mats-thorburn.jpg?resize=700%2C400&ssl=1 2x, https:\/\/i0.wp.com\/www.fjardhundraland.se\/wp-content\/uploads\/2021\/11\/stora-turismpriset-utdelning-december-2019-mats-thorburn.jpg?resize=1050%2C600&ssl=1 3x, https:\/\/i0.wp.com\/www.fjardhundraland.se\/wp-content\/uploads\/2021\/11\/stora-turismpriset-utdelning-december-2019-mats-thorburn.jpg?resize=1400%2C800&ssl=1 4x"},"classes":[]}],"jetpack_sharing_enabled":true,"_links":{"self":[{"href":"https:\/\/www.fjardhundraland.se\/nl\/wp-json\/wp\/v2\/pages\/7312","targetHints":{"allow":["GET"]}}],"collection":[{"href":"https:\/\/www.fjardhundraland.se\/nl\/wp-json\/wp\/v2\/pages"}],"about":[{"href":"https:\/\/www.fjardhundraland.se\/nl\/wp-json\/wp\/v2\/types\/page"}],"author":[{"embeddable":true,"href":"https:\/\/www.fjardhundraland.se\/nl\/wp-json\/wp\/v2\/users\/1"}],"replies":[{"embeddable":true,"href":"https:\/\/www.fjardhundraland.se\/nl\/wp-json\/wp\/v2\/comments?post=7312"}],"version-history":[{"count":0,"href":"https:\/\/www.fjardhundraland.se\/nl\/wp-json\/wp\/v2\/pages\/7312\/revisions"}],"up":[{"embeddable":true,"href":"https:\/\/www.fjardhundraland.se\/nl\/wp-json\/wp\/v2\/pages\/1903"}],"wp:attachment":[{"href":"https:\/\/www.fjardhundraland.se\/nl\/wp-json\/wp\/v2\/media?parent=7312"}],"wp:term":[{"taxonomy":"category","embeddable":true,"href":"https:\/\/www.fjardhundraland.se\/nl\/wp-json\/wp\/v2\/categories?post=7312"},{"taxonomy":"post_tag","embeddable":true,"href":"https:\/\/www.fjardhundraland.se\/nl\/wp-json\/wp\/v2\/tags?post=7312"}],"curies":[{"name":"wp","href":"https:\/\/api.w.org\/{rel}","templated":true}]}}