
{"id":5364,"date":"2019-10-01T16:28:51","date_gmt":"2019-10-01T14:28:51","guid":{"rendered":"http:\/\/www.fjardhundraland.se\/?page_id=5364"},"modified":"2019-10-01T16:32:08","modified_gmt":"2019-10-01T14:32:08","slug":"privacybeleid","status":"publish","type":"page","link":"https:\/\/www.fjardhundraland.se\/nl\/privacybeleid\/","title":{"rendered":"Beleid persoonlijke gegevens"},"content":{"rendered":"<p>Fj\u00e4rdhundraland gebruikt deze website om u te helpen nieuwe plaatsen te vinden en hoeft, voor het grootste deel, geen persoonlijke gegevens te verwerken. De gevallen waarin we dat wel doen, worden hieronder beschreven:<\/p>\n\n\n\n<ul class=\"wp-block-list\"><li><strong>Cookies.<\/strong> De WordPress website gebruikt cookies om ingelogde gebruikers te beheren, maar er wordt geen informatie over jou als bezoeker beheerd door WordPress cookies. Facebook en Google Analytics plaatsen cookies op de site - zie hieronder.<\/li><li><strong>Facebook. <\/strong>Om onszelf kosteneffectief op de markt te brengen op Facebook en Instagram, gebruiken we een zogenaamde Facebook-pixel, wat betekent dat je gesponsorde berichten van ons kunt ontvangen voor onze evenementen. Facebook is <a rel=\"noreferrer noopener\" aria-label=\"beheerder van de gegevens die ze verzamelen voor advertenties (wordt geopend in een nieuw tabblad)\" href=\"https:\/\/www.facebook.com\/about\/privacy\/update\" target=\"_blank\">gegevensbeheerder voor de gegevens die ze verzamelen voor reclame<\/a>.<\/li><li><strong>Google Analytics<\/strong>. Om de ontwikkeling van het verkeer op onze website te volgen, gebruiken we Google Analytics. We gebruiken Google niet voor reclamefuncties, zoals <em>remarketing<\/em>d.w.z. advertenties die worden getoond aan eerdere bezoekers van de site. Google is de gegevensverwerker voor de persoonlijke gegevens die via Google Analytics op onze website worden verzameld. Alle gegevens die aan u als bezoeker kunnen worden gerelateerd, worden na 26 maanden automatisch verwijderd.<\/li><li><strong>Nieuwsbrief.<\/strong> Je hebt de mogelijkheid om je aan te melden voor nieuwsbrieven en je wordt toegevoegd aan onze lijst, die wordt beheerd door Mailchimp, de gegevensverwerker. We vragen niet om meer informatie dan we nodig hebben om een nieuwsbrief te versturen en je kunt je op elk gewenst moment uitschrijven via een link in de nieuwsbrief.<\/li><\/ul>\n\n\n\n<p>De beheerder van fjardhundraland.se is Fj\u00e4rdhundraland ekonomisk f\u00f6rening.<\/p>","protected":false},"excerpt":{"rendered":"<p>Fj\u00e4rdhundraland anv\u00e4nder den h\u00e4r webbsidan f\u00f6r att hj\u00e4lpa dig att hitta nya st\u00e4llen och beh\u00f6ver f\u00f6r det i huvudsak inte hantera n\u00e5gra personuppgifter. De tillf\u00e4llen d\u00e5 vi g\u00f6r det beskrivs nedan: Cookies. Webbplatformen WordPress anv\u00e4nder cookies f\u00f6r att hantera inloggade anv\u00e4ndare, men inga uppgifter om dig som bes\u00f6kare hanteras av WordPress cookies. Facebook och Google [&hellip;]<\/p>\n","protected":false},"author":1,"featured_media":0,"parent":0,"menu_order":5,"comment_status":"closed","ping_status":"closed","template":"","meta":{"_acf_changed":false,"_relevanssi_hide_post":"","_relevanssi_hide_content":"","_relevanssi_pin_for_all":"","_relevanssi_pin_keywords":"","_relevanssi_unpin_keywords":"","_relevanssi_related_keywords":"","_relevanssi_related_include_ids":"","_relevanssi_related_exclude_ids":"","_relevanssi_related_no_append":"","_relevanssi_related_not_related":"","_relevanssi_related_posts":"","_relevanssi_noindex_reason":"","_genesis_hide_title":false,"_genesis_hide_breadcrumbs":false,"_genesis_hide_singular_image":false,"_genesis_hide_footer_widgets":false,"_genesis_custom_body_class":"","_genesis_custom_post_class":"","_genesis_layout":"","footnotes":""},"categories":[],"tags":[],"class_list":{"0":"post-5364","1":"page","2":"type-page","3":"status-publish","5":"entry"},"acf":[],"visa":null,"geo_latitude":null,"geo_longitude":null,"featured_image_src":null,"featured_image_src_square":null,"jetpack-related-posts":[{"id":7759,"url":"https:\/\/www.fjardhundraland.se\/nl\/over-fjardhundraland\/voor-jou-als-nieuw-lid\/","url_meta":{"origin":5364,"position":0},"title":"Voor nieuwe leden","author":"Mats Thorburn","date":"13 maart 2021","format":false,"excerpt":"Welkom bij Fj\u00e4rdhundraland! Fj\u00e4rdhundraland is wat we ervan maken - samen kunnen we iets heel goeds doen voor onze bezoekers! Door samenwerking kan ik bijdragen met wat voor mij makkelijk is, en hulp krijgen van anderen bij wat ik moeilijk vind. In Fj\u00e4rdhundraland werken we namens onze bezoekers - zij...","rel":"","context":"In &quot;Inl\u00e4gg&quot;","block_context":{"text":"Inl\u00e4gg","link":"https:\/\/www.fjardhundraland.se\/nl\/inlegwerk\/"},"img":{"alt_text":"","src":"","width":0,"height":0},"classes":[]},{"id":2124,"url":"https:\/\/www.fjardhundraland.se\/nl\/over-fjardhundraland\/neem-contact-op-met\/","url_meta":{"origin":5364,"position":1},"title":"Neem contact met ons op","author":"Mats Thorburn","date":"15 maart 2014","format":false,"excerpt":"Contactgegevens voor individuele leden en bestemmingen zijn te vinden op elke pagina, onder Doen &amp; Bezoeken, Winkelen, Eten en Verblijven. Volg ons: Facebook - Instagram Factuuradres: Fj\u00e4rdhundraland ek f\u00f6rc\/o EkblomFr\u00f6sthults-Brunnby 11749 72 Fj\u00e4rdhundra Organisatienummer: 769622-7417 Bankgiro 735-2693. Swish 123 261 48 32. Wil je meer weten over de Fj\u00e4rdhundraland vereniging, een lezing boeken of...","rel":"","context":"Soortgelijk bericht","block_context":{"text":"Soortgelijk bericht","link":""},"img":{"alt_text":"","src":"","width":0,"height":0},"classes":[]},{"id":6725,"url":"https:\/\/www.fjardhundraland.se\/nl\/over-fjardhundraland\/anvisningar-digitalt-arsmote\/","url_meta":{"origin":5364,"position":2},"title":"Instructies voor de digitale jaarvergadering","author":"Mats Thorburn","date":"18 april 2020","format":false,"excerpt":"Welkom op de jaarvergadering van Fj\u00e4rdhundraland op zondag 19 april 2020! Hier is de link naar de videoconferentie: bit.ly\/fj-arsmHier zijn de documenten voor de jaarvergadering. We gebruiken de videoconferentiedienst Jitsi. Om deel te nemen heb je een computer met internet en de Google Chrome browser nodig (Firefox kan ook werken) of een smartphone \/ tablet met de Jitsi Meet app (Android - iPhone \/ iPad).","rel":"","context":"Soortgelijk bericht","block_context":{"text":"Soortgelijk bericht","link":""},"img":{"alt_text":"","src":"https:\/\/i0.wp.com\/www.fjardhundraland.se\/wp-content\/uploads\/2020\/04\/4-2.jpg?resize=350%2C200&ssl=1","width":350,"height":200,"srcset":"https:\/\/i0.wp.com\/www.fjardhundraland.se\/wp-content\/uploads\/2020\/04\/4-2.jpg?resize=350%2C200&ssl=1 1x, https:\/\/i0.wp.com\/www.fjardhundraland.se\/wp-content\/uploads\/2020\/04\/4-2.jpg?resize=525%2C300&ssl=1 1.5x, https:\/\/i0.wp.com\/www.fjardhundraland.se\/wp-content\/uploads\/2020\/04\/4-2.jpg?resize=700%2C400&ssl=1 2x, https:\/\/i0.wp.com\/www.fjardhundraland.se\/wp-content\/uploads\/2020\/04\/4-2.jpg?resize=1050%2C600&ssl=1 3x, https:\/\/i0.wp.com\/www.fjardhundraland.se\/wp-content\/uploads\/2020\/04\/4-2.jpg?resize=1400%2C800&ssl=1 4x"},"classes":[]},{"id":1809,"url":"https:\/\/www.fjardhundraland.se\/nl\/over-fjardhundraland\/grafisch-profiel\/","url_meta":{"origin":5364,"position":3},"title":"Grafisch profiel","author":"Ylva Fontell","date":"28 februari 2014","format":false,"excerpt":"Het profiel is eenvoudig. Het heeft drie hoofdelementen: het logo, de kleuren en het lettertype van de kop. Het logo Het logo raakt ingeburgerd. Door het zo vaak mogelijk te gebruiken, versterken we het merk en maken we de site aantrekkelijker. Download voor drukwerk - voor kantoor - voor het web. Logo met tekst Grote prijs voor toerisme...","rel":"","context":"Soortgelijk bericht","block_context":{"text":"Soortgelijk bericht","link":""},"img":{"alt_text":"LogoFjardhundraland250px","src":"https:\/\/i0.wp.com\/www.fjardhundraland.se\/wp-content\/uploads\/2013\/12\/LogoFjardhundraland250px.png?resize=350%2C200&ssl=1","width":350,"height":200},"classes":[]},{"id":20264,"url":"https:\/\/www.fjardhundraland.se\/nl\/over-fjardhundraland\/open-gegevens\/","url_meta":{"origin":5364,"position":4},"title":"Open gegevens","author":"Mats Thorburn","date":"18 maart 2026","format":false,"excerpt":"Fj\u00e4rdhundraland's locatiegegevens zijn beschikbaar in Visit Sweden's API als open data, te gebruiken voor degenen die diensten bouwen met Zweedse bezoekersbestemmingen. Dezelfde informatie die we naar Visit Sweden sturen is ook beschikbaar om te downloaden via dit json-bestand.","rel":"","context":"Soortgelijk bericht","block_context":{"text":"Soortgelijk bericht","link":""},"img":{"alt_text":"","src":"","width":0,"height":0},"classes":[]},{"id":12897,"url":"https:\/\/www.fjardhundraland.se\/nl\/over-fjardhundraland\/boek-een-studiebezoek\/","url_meta":{"origin":5364,"position":5},"title":"Boek een studiebezoek","author":"Mats Thorburn","date":"1 juni 2023","format":false,"excerpt":"Wil je inzicht krijgen in hoe Fj\u00e4rdhundraland werkt, hoe we de bestemming hebben opgebouwd en hoe leden het netwerk gebruiken? Dan is een studiebezoek een goede manier. Je hoort het verhaal van Fj\u00e4rdhundraland, maar ontmoet ook de individuele leden, die hun ervaringen en drijfveren delen. Een studiereis van Fj\u00e4rdhundraland levert nieuwe...","rel":"","context":"Soortgelijk bericht","block_context":{"text":"Soortgelijk bericht","link":""},"img":{"alt_text":"Studiebes\u00f6k Fj\u00e4rdhundraland jhos Axel & Gren","src":"https:\/\/i0.wp.com\/www.fjardhundraland.se\/wp-content\/uploads\/2023\/06\/studiebesok-fjardhundraland-axel-gren.jpg?resize=350%2C200&ssl=1","width":350,"height":200,"srcset":"https:\/\/i0.wp.com\/www.fjardhundraland.se\/wp-content\/uploads\/2023\/06\/studiebesok-fjardhundraland-axel-gren.jpg?resize=350%2C200&ssl=1 1x, https:\/\/i0.wp.com\/www.fjardhundraland.se\/wp-content\/uploads\/2023\/06\/studiebesok-fjardhundraland-axel-gren.jpg?resize=525%2C300&ssl=1 1.5x, https:\/\/i0.wp.com\/www.fjardhundraland.se\/wp-content\/uploads\/2023\/06\/studiebesok-fjardhundraland-axel-gren.jpg?resize=700%2C400&ssl=1 2x, https:\/\/i0.wp.com\/www.fjardhundraland.se\/wp-content\/uploads\/2023\/06\/studiebesok-fjardhundraland-axel-gren.jpg?resize=1050%2C600&ssl=1 3x, https:\/\/i0.wp.com\/www.fjardhundraland.se\/wp-content\/uploads\/2023\/06\/studiebesok-fjardhundraland-axel-gren.jpg?resize=1400%2C800&ssl=1 4x"},"classes":[]}],"jetpack_sharing_enabled":true,"_links":{"self":[{"href":"https:\/\/www.fjardhundraland.se\/nl\/wp-json\/wp\/v2\/pages\/5364","targetHints":{"allow":["GET"]}}],"collection":[{"href":"https:\/\/www.fjardhundraland.se\/nl\/wp-json\/wp\/v2\/pages"}],"about":[{"href":"https:\/\/www.fjardhundraland.se\/nl\/wp-json\/wp\/v2\/types\/page"}],"author":[{"embeddable":true,"href":"https:\/\/www.fjardhundraland.se\/nl\/wp-json\/wp\/v2\/users\/1"}],"replies":[{"embeddable":true,"href":"https:\/\/www.fjardhundraland.se\/nl\/wp-json\/wp\/v2\/comments?post=5364"}],"version-history":[{"count":0,"href":"https:\/\/www.fjardhundraland.se\/nl\/wp-json\/wp\/v2\/pages\/5364\/revisions"}],"wp:attachment":[{"href":"https:\/\/www.fjardhundraland.se\/nl\/wp-json\/wp\/v2\/media?parent=5364"}],"wp:term":[{"taxonomy":"category","embeddable":true,"href":"https:\/\/www.fjardhundraland.se\/nl\/wp-json\/wp\/v2\/categories?post=5364"},{"taxonomy":"post_tag","embeddable":true,"href":"https:\/\/www.fjardhundraland.se\/nl\/wp-json\/wp\/v2\/tags?post=5364"}],"curies":[{"name":"wp","href":"https:\/\/api.w.org\/{rel}","templated":true}]}}