
{"id":5242,"date":"2018-06-29T09:33:22","date_gmt":"2018-06-29T07:33:22","guid":{"rendered":"http:\/\/www.fjardhundraland.se\/?page_id=5242"},"modified":"2020-08-13T23:16:06","modified_gmt":"2020-08-13T21:16:06","slug":"fjardhundralandsleden","status":"publish","type":"page","link":"https:\/\/www.fjardhundraland.se\/nl\/cykla\/fjardhundralandsleden\/","title":{"rendered":"Fj\u00e4rdhundralands"},"content":{"rendered":"<p><strong>Fj\u00e4rdhundralandsleden is onze fietsroute<\/strong> door het centrum van ons gebied. De eerste etappe, van 38 km, loopt tussen Fj\u00e4rdhundra en \u00d6rsundsbro, over goede wegen met voldoende mogelijkheden om te stoppen voor een kop koffie, een ommetje of om te zwemmen. Je bent ook in de buurt van verschillende andere bestemmingen in Fj\u00e4rdhundraland, dus je kunt de route gebruiken als uitvalsbasis voor je eigen route.<\/p>\n<p>De route gaat grotendeels over asfalt, maar heeft ook een paar kilometer over licht gefietste gravelwegen. Als je 100% asfalt wilt, is er een <a href=\"https:\/\/bit.ly\/fjh-asfalt\" target=\"_blank\" rel=\"noopener\">alternatieve route hier<\/a>.<\/p>\n<h2>Negen sites met audiogeleiding<\/h2>\n<p>Op negen punten langs het pad wordt het verhaal verteld in de app <a href=\"https:\/\/www.fjardhundraland.se\/nl\/2019\/03\/gidsen-voor-verhalen-in-fjardhundraland\/\">Storyspot<\/a>. <a href=\"https:\/\/www.storyspot.se\/sv\/\" target=\"_blank\" rel=\"noopener noreferrer\">Downloaden en luisteren<\/a>!<\/p>\n<h2>Een fietsroute in de buurt van Uppsala, Stockholm, Sala en V\u00e4ster\u00e5s<\/h2>\n<p>Het pad begint en eindigt bij een bushalte. <a href=\"https:\/\/www.ul.se\/reseinfo\/resa-med-oss\/vad-galler-ombord\/\" target=\"_blank\" rel=\"noopener\">Je kunt je fiets meenemen aan boord<\/a> op de bussen, afhankelijk van beschikbaarheid - bus 804 naar \u00d6rsundsbro en 225 naar Fj\u00e4rdhundra.<\/p>\n<p><strong>Van Uppsala\u00a0<\/strong>je kunt de \u201dC55\u201d op de oude spoordijk fietsen <strong> naar \u00d6rsundsbro\u00a0<\/strong>of kies je eigen route op het platteland ten oosten van de 55, bijvoorbeeld via Wik Castle.<\/p>\n<p><strong>Van V\u00e4ster\u00e5s<\/strong> je kunt de weg via Tortuna richting K\u00e4rsta\/Bred nemen en net na Sag\u00e5n de borden naar Fj\u00e4rdhundra volgen.<\/p>\n<p><strong>Van Stockholm<\/strong> kunt u <a href=\"https:\/\/sl.se\/sv\/info\/resa\/regler\/cykel\/\" target=\"_blank\" rel=\"noopener noreferrer\">fietsen tijdens het woon-werkverkeer<\/a> naar B\u00e5lsta en neem <a href=\"https:\/\/www.google.se\/maps\/dir\/B%C3%A5lsta+station,+746+33+B%C3%A5lsta\/%C3%96rsundsbro+centrum,+%C3%96rsundsbro\/@59.6514317,17.2782124,11z\/data=!3m1!4b1!4m14!4m13!1m5!1m1!1s0x465fae3566714395:0xff2d5f6bb3642209!2m2!1d17.531016!2d59.5692486!1m5!1m1!1s0x465e4b9bb209a301:0xc0f995bc743d6015!2m2!1d17.3077897!2d59.7338649!3e1\" target=\"_blank\" rel=\"noopener noreferrer\">kleine wegen via Hj\u00e4lsta naar \u00d6rsundsbro<\/a> 25 kilometer. Als je een eind wilt fietsen, zijn er ook mooie wegen vanaf Kungs\u00e4ngen.<\/p>\n<h2>Vind de juiste<\/h2>\n<p>Dit zijn de leden van <a href=\"https:\/\/drive.google.com\/open?id=1CxRdRV4IPx4dBWTHZIWCFXfTdDA0y4Hy&amp;usp=sharing\" target=\"_blank\" rel=\"noopener noreferrer\">Google Maps.<\/a>\u00a0Downloaden <a href=\"https:\/\/www.fjardhundraland.se\/wp-content\/uploads\/2018\/07\/Fjardhundralandsleden.pdf\">in PDF<\/a>. Het pad is niet bewegwijzerd.<\/p>\n<p><iframe style=\"border: 1px #d5d5d5 solid; min-height: 300px;\" src=\"https:\/\/embed.alpacamaps.com\/journey\/d1cfbc4d-6898-11e8-a4a7-024bc0398b11\/default\" width=\"100%\" height=\"850\" allowfullscreen=\"allowfullscreen\"><\/iframe><\/p>\n<p><em>Het werk aan het pad en de Storyspot is gedeeltelijk gefinancierd door een subsidie van Leader M\u00e4lardalen.<\/em><\/p>\n<p><img decoding=\"async\" data-attachment-id=\"5257\" data-permalink=\"https:\/\/www.fjardhundraland.se\/nl\/cykla\/fjardhundralandsleden\/attachment\/logo-leader_malardalen\/\" data-orig-file=\"https:\/\/www.fjardhundraland.se\/wp-content\/uploads\/2018\/06\/logo-leader_malardalen.jpg\" data-orig-size=\"2330,696\" data-comments-opened=\"0\" data-image-meta=\"{&quot;aperture&quot;:&quot;0&quot;,&quot;credit&quot;:&quot;&quot;,&quot;camera&quot;:&quot;&quot;,&quot;caption&quot;:&quot;&quot;,&quot;created_timestamp&quot;:&quot;0&quot;,&quot;copyright&quot;:&quot;&quot;,&quot;focal_length&quot;:&quot;0&quot;,&quot;iso&quot;:&quot;0&quot;,&quot;shutter_speed&quot;:&quot;0&quot;,&quot;title&quot;:&quot;&quot;,&quot;orientation&quot;:&quot;0&quot;}\" data-image-title=\"Logo LEADER_MALARDALEN\" data-image-description=\"\" data-image-caption=\"\" data-large-file=\"https:\/\/www.fjardhundraland.se\/wp-content\/uploads\/2018\/06\/logo-leader_malardalen.jpg\" class=\"alignnone size-medium wp-image-5257\" src=\"https:\/\/www.fjardhundraland.se\/wp-content\/uploads\/2018\/06\/logo-leader_malardalen-300x90.jpg\" alt=\"\" width=\"300\" height=\"90\" title=\"\"> <img decoding=\"async\" data-attachment-id=\"5258\" data-permalink=\"https:\/\/www.fjardhundraland.se\/nl\/cykla\/fjardhundralandsleden\/attachment\/eu-flagga\/\" data-orig-file=\"https:\/\/www.fjardhundraland.se\/wp-content\/uploads\/2018\/06\/eu-flagga.jpg\" data-orig-size=\"278,271\" data-comments-opened=\"0\" data-image-meta=\"{&quot;aperture&quot;:&quot;0&quot;,&quot;credit&quot;:&quot;&quot;,&quot;camera&quot;:&quot;&quot;,&quot;caption&quot;:&quot;&quot;,&quot;created_timestamp&quot;:&quot;0&quot;,&quot;copyright&quot;:&quot;&quot;,&quot;focal_length&quot;:&quot;0&quot;,&quot;iso&quot;:&quot;0&quot;,&quot;shutter_speed&quot;:&quot;0&quot;,&quot;title&quot;:&quot;&quot;,&quot;orientation&quot;:&quot;0&quot;}\" data-image-title=\"EU-flagga\" data-image-description=\"\" data-image-caption=\"\" data-large-file=\"https:\/\/www.fjardhundraland.se\/wp-content\/uploads\/2018\/06\/eu-flagga.jpg\" class=\"alignnone size-thumbnail wp-image-5258\" src=\"https:\/\/www.fjardhundraland.se\/wp-content\/uploads\/2018\/06\/eu-flagga-150x150.jpg\" alt=\"\" width=\"150\" height=\"150\" title=\"\"> <img decoding=\"async\" data-attachment-id=\"5259\" data-permalink=\"https:\/\/www.fjardhundraland.se\/nl\/cykla\/fjardhundralandsleden\/attachment\/leader\/\" data-orig-file=\"https:\/\/www.fjardhundraland.se\/wp-content\/uploads\/2018\/06\/leader.jpg\" data-orig-size=\"763,764\" data-comments-opened=\"0\" data-image-meta=\"{&quot;aperture&quot;:&quot;0&quot;,&quot;credit&quot;:&quot;&quot;,&quot;camera&quot;:&quot;&quot;,&quot;caption&quot;:&quot;&quot;,&quot;created_timestamp&quot;:&quot;0&quot;,&quot;copyright&quot;:&quot;&quot;,&quot;focal_length&quot;:&quot;0&quot;,&quot;iso&quot;:&quot;0&quot;,&quot;shutter_speed&quot;:&quot;0&quot;,&quot;title&quot;:&quot;&quot;,&quot;orientation&quot;:&quot;0&quot;}\" data-image-title=\"Leader\" data-image-description=\"\" data-image-caption=\"\" data-large-file=\"https:\/\/www.fjardhundraland.se\/wp-content\/uploads\/2018\/06\/leader.jpg\" class=\"alignnone size-thumbnail wp-image-5259\" src=\"https:\/\/www.fjardhundraland.se\/wp-content\/uploads\/2018\/06\/leader-150x150.jpg\" alt=\"\" width=\"150\" height=\"150\" title=\"\"><\/p>","protected":false},"excerpt":{"rendered":"<p>Fj\u00e4rdhundralandsleden \u00e4r v\u00e5r cykelrutt genom k\u00e4rnan av v\u00e5rt omr\u00e5de. Den f\u00f6rsta etappen, p\u00e5 38 km, g\u00e5r mellan Fj\u00e4rdhundra och \u00d6rsundsbro, p\u00e5 fina v\u00e4gar med goda m\u00f6jligheter till pauser f\u00f6r fika, avstickare eller ett dopp. Du har dessutom n\u00e4ra till flera andra bes\u00f6ksm\u00e5l i Fj\u00e4rdhundraland, s\u00e5 att du kan anv\u00e4nda leden som en bas f\u00f6r din [&hellip;]<\/p>\n","protected":false},"author":1,"featured_media":5238,"parent":5231,"menu_order":8,"comment_status":"closed","ping_status":"closed","template":"","meta":{"_acf_changed":false,"_relevanssi_hide_post":"","_relevanssi_hide_content":"","_relevanssi_pin_for_all":"","_relevanssi_pin_keywords":"","_relevanssi_unpin_keywords":"","_relevanssi_related_keywords":"","_relevanssi_related_include_ids":"","_relevanssi_related_exclude_ids":"","_relevanssi_related_no_append":"","_relevanssi_related_not_related":"","_relevanssi_related_posts":"5638,18099,16006,13215,14540,19177","_relevanssi_noindex_reason":"","_genesis_hide_title":false,"_genesis_hide_breadcrumbs":false,"_genesis_hide_singular_image":false,"_genesis_hide_footer_widgets":false,"_genesis_custom_body_class":"","_genesis_custom_post_class":"","_genesis_layout":"","footnotes":""},"categories":[263,290,25,87],"tags":[],"class_list":{"0":"post-5242","1":"page","2":"type-page","3":"status-publish","4":"has-post-thumbnail","6":"category-cykling","7":"category-hemester","8":"category-upplevelser","9":"category-utflykt","10":"entry"},"acf":[],"visa":null,"geo_latitude":null,"geo_longitude":null,"featured_image_src":"https:\/\/www.fjardhundraland.se\/wp-content\/uploads\/2018\/06\/cykling.jpg","featured_image_src_square":"https:\/\/www.fjardhundraland.se\/wp-content\/uploads\/2018\/06\/cykling.jpg","jetpack-related-posts":[{"id":5231,"url":"https:\/\/www.fjardhundraland.se\/nl\/cykla\/","url_meta":{"origin":5242,"position":0},"title":"Fietsen op het platteland dichtbij natuur en cultuur","author":"Mats Thorburn","date":"28 juni 2018","format":false,"excerpt":"Fietsen over kleine weggetjes in de buurt van Stockholm, Uppsala en V\u00e4ster\u00e5s Uitzichten, caf\u00e9s, lekker eten, bezienswaardigheden - maar bovenal deze kronkelende kleine weggetjes door een prachtig agrarisch landschap, begeleid door vogelgezang en de vleugels van de geschiedenis! Fj\u00e4rdhundraland verwelkomt je als fietser. Kleine wegen zijn overal, en dat is geen toeval. Mensen in de oudheid en middeleeuwen reisden te voet en...","rel":"","context":"In &quot;Cykling&quot;","block_context":{"text":"Cykling","link":"https:\/\/www.fjardhundraland.se\/nl\/cykling\/"},"img":{"alt_text":"Cyklar parkerade framf\u00f6r Nys\u00e4tra kyrka","src":"https:\/\/i0.wp.com\/www.fjardhundraland.se\/wp-content\/uploads\/2018\/06\/cykling.jpg?resize=350%2C200&ssl=1","width":350,"height":200,"srcset":"https:\/\/i0.wp.com\/www.fjardhundraland.se\/wp-content\/uploads\/2018\/06\/cykling.jpg?resize=350%2C200&ssl=1 1x, https:\/\/i0.wp.com\/www.fjardhundraland.se\/wp-content\/uploads\/2018\/06\/cykling.jpg?resize=525%2C300&ssl=1 1.5x, https:\/\/i0.wp.com\/www.fjardhundraland.se\/wp-content\/uploads\/2018\/06\/cykling.jpg?resize=700%2C400&ssl=1 2x, https:\/\/i0.wp.com\/www.fjardhundraland.se\/wp-content\/uploads\/2018\/06\/cykling.jpg?resize=1050%2C600&ssl=1 3x, https:\/\/i0.wp.com\/www.fjardhundraland.se\/wp-content\/uploads\/2018\/06\/cykling.jpg?resize=1400%2C800&ssl=1 4x"},"classes":[]},{"id":4537,"url":"https:\/\/www.fjardhundraland.se\/nl\/evenemang\/rebusrundan10\/sala-hebyrundan-med-13-stopp\/","url_meta":{"origin":5242,"position":1},"title":"Sala-Hebyrundan met 13 stops","author":"Ylva Fontell","date":"25 juli 2017","format":false,"excerpt":"Dit is een routesuggestie voor Rebusrundan die geschikt is voor diegenen die van Sala of Heby komen. De route loopt door het agrarische landschap van Fj\u00e4rdhundraland gemengd met bos en prachtige valleien. Er staan je veel mooie natuurbelevenissen te wachten! Verschillende stops hebben veel geschiedenis te vertellen over runenstenen, soldatendorpen en oude dorpsscholen. Op verschillende plaatsen zijn ecologische...","rel":"","context":"Soortgelijk bericht","block_context":{"text":"Soortgelijk bericht","link":""},"img":{"alt_text":"","src":"","width":0,"height":0},"classes":[]},{"id":4530,"url":"https:\/\/www.fjardhundraland.se\/nl\/evenemang\/rebusrundan10\/uppsalarundan-med-12-stopp\/","url_meta":{"origin":5242,"position":2},"title":"Uppsalaour met 12 stops","author":"Ylva Fontell","date":"25 juli 2017","format":false,"excerpt":"Dit is een routesuggestie voor de Rebus-ronde die geschikt is voor degenen die van Uppsala komen. De route loopt door het agrarische landschap van Fj\u00e4rdhundraland gemengd met bos en prachtige valleien. Er staan je veel mooie natuurbelevenissen te wachten! Je vindt er ambachtelijk voedsel in verschillende vormen, zoals kazen, jam, vleeswaren en gebak. Je kunt er ook eieren, bloemen en tuinplanten kopen....","rel":"","context":"Soortgelijk bericht","block_context":{"text":"Soortgelijk bericht","link":""},"img":{"alt_text":"","src":"","width":0,"height":0},"classes":[]},{"id":4539,"url":"https:\/\/www.fjardhundraland.se\/nl\/evenemang\/rebusrundan10\/balsta-stockholmsrundan-med-11-stopp\/","url_meta":{"origin":5242,"position":3},"title":"B\u00e5lsta-Stockholm rondreis met 11 stops","author":"Ylva Fontell","date":"25 juli 2017","format":false,"excerpt":"Dit is een voorgestelde route voor Rebusrundan die geschikt is voor diegenen die vanuit Stockholm komen. De route loopt door het agrarische landschap van Fj\u00e4rdhundraland gemengd met bossen en prachtige valleien. Er staan je veel mooie natuurbelevenissen te wachten! Er zijn verschillende stops met ambachtelijk biologisch voedsel, zoals kazen, jam, vleeswaren, appelsap en gebak. Je kunt ook eieren, bloemen en tuinplanten kopen ....","rel":"","context":"Soortgelijk bericht","block_context":{"text":"Soortgelijk bericht","link":""},"img":{"alt_text":"","src":"","width":0,"height":0},"classes":[]},{"id":4533,"url":"https:\/\/www.fjardhundraland.se\/nl\/evenemang\/rebusrundan10\/vasterasrundan-med-12-stopp\/","url_meta":{"origin":5242,"position":4},"title":"V\u00e4ster\u00e5s rondreis met 12 stops","author":"Ylva Fontell","date":"25 juli 2017","format":false,"excerpt":"Dit is een routesuggestie voor Rebusrundan die geschikt is voor diegenen die vanuit V\u00e4ster\u00e5s komen. De route loopt door het agrarische landschap van Fj\u00e4rdhundraland gemengd met bos en prachtige valleien. Er staan je veel mooie natuurbelevenissen te wachten! Een ronde met van alles en nog wat, van interieur tot oude auto's!  Voedselambachten in verschillende vormen zoals kalfsdans en chocolade. Verkoop van...","rel":"","context":"Soortgelijk bericht","block_context":{"text":"Soortgelijk bericht","link":""},"img":{"alt_text":"","src":"","width":0,"height":0},"classes":[]},{"id":1489,"url":"https:\/\/www.fjardhundraland.se\/nl\/lokal-mat-och-akta-kansla-nara-storstan\/","url_meta":{"origin":5242,"position":5},"title":"1TP1Grond dichtbij de stad","author":"Mats Thorburn","date":"30 december 2013","format":false,"excerpt":"Wil je dicht bij de natuur komen? De mensen ontmoeten die je eten hebben verbouwd? In Fj\u00e4rdhundraland leiden kronkelende landweggetjes je tussen caf\u00e9s en boerderijwinkels, terwijl runestenen en middeleeuwse kerken je omringen. Neem even afstand van het alledaagse leven en ervaar het land bij jou in de buurt. Zoveel fantastische ambachten op het gebied van eten, natuurbelevenissen en spannende geschiedenis vind je nergens anders...","rel":"","context":"Soortgelijk bericht","block_context":{"text":"Soortgelijk bericht","link":""},"img":{"alt_text":"","src":"","width":0,"height":0},"classes":[]}],"jetpack_sharing_enabled":true,"_links":{"self":[{"href":"https:\/\/www.fjardhundraland.se\/nl\/wp-json\/wp\/v2\/pages\/5242","targetHints":{"allow":["GET"]}}],"collection":[{"href":"https:\/\/www.fjardhundraland.se\/nl\/wp-json\/wp\/v2\/pages"}],"about":[{"href":"https:\/\/www.fjardhundraland.se\/nl\/wp-json\/wp\/v2\/types\/page"}],"author":[{"embeddable":true,"href":"https:\/\/www.fjardhundraland.se\/nl\/wp-json\/wp\/v2\/users\/1"}],"replies":[{"embeddable":true,"href":"https:\/\/www.fjardhundraland.se\/nl\/wp-json\/wp\/v2\/comments?post=5242"}],"version-history":[{"count":0,"href":"https:\/\/www.fjardhundraland.se\/nl\/wp-json\/wp\/v2\/pages\/5242\/revisions"}],"up":[{"embeddable":true,"href":"https:\/\/www.fjardhundraland.se\/nl\/wp-json\/wp\/v2\/pages\/5231"}],"wp:featuredmedia":[{"embeddable":true,"href":"https:\/\/www.fjardhundraland.se\/nl\/wp-json\/wp\/v2\/media\/5238"}],"wp:attachment":[{"href":"https:\/\/www.fjardhundraland.se\/nl\/wp-json\/wp\/v2\/media?parent=5242"}],"wp:term":[{"taxonomy":"category","embeddable":true,"href":"https:\/\/www.fjardhundraland.se\/nl\/wp-json\/wp\/v2\/categories?post=5242"},{"taxonomy":"post_tag","embeddable":true,"href":"https:\/\/www.fjardhundraland.se\/nl\/wp-json\/wp\/v2\/tags?post=5242"}],"curies":[{"name":"wp","href":"https:\/\/api.w.org\/{rel}","templated":true}]}}