
{"id":5231,"date":"2018-06-28T17:11:59","date_gmt":"2018-06-28T15:11:59","guid":{"rendered":"http:\/\/www.fjardhundraland.se\/?page_id=5231"},"modified":"2023-04-28T15:31:04","modified_gmt":"2023-04-28T13:31:04","slug":"cyclus","status":"publish","type":"page","link":"https:\/\/www.fjardhundraland.se\/nl\/cykla\/","title":{"rendered":"Fietsen op het platteland dichtbij natuur en cultuur"},"content":{"rendered":"<h2>Fietsen op kleine wegen bij Stockholm, Uppsala en V\u00e4ster\u00e5s<\/h2>\n<p><strong>Uitzichten, caf\u00e9s, lekker eten, bezienswaardigheden - maar vooral al die kronkelende weggetjes door een prachtig agrarisch landschap, begeleid door vogelgezang en de geluiden van de geschiedenis! Fj\u00e4rdhundraland verwelkomt je als fietser.<\/strong><\/p>\n<p>Achterweggetjes zijn overal, en dat is geen toeval. Mensen uit de oudheid en de middeleeuwen trokken te voet en te paard over deze wegen - en nog steeds kun je er het beste in een rustig tempo van genieten. De fiets is perfect. De geuren zijn anders dan die van de auto en de stad. Hier ruik je hooi, bloemen en koeienmest.<\/p>\n<h2>Fietsen op het platteland<\/h2>\n<p>Er zijn veel mogelijke combinaties. Je kunt ernaar streven <a href=\"https:\/\/www.fjardhundraland.se\/nl\/de-locaties\/ata\/cafes\/\">koffiebar<\/a> dat interessant klinkt en zoek een route met behulp van bijvoorbeeld Google maps. Vermijd de hoofdwegen (70, 72, 55) en de kans is groot dat het een mooie rit wordt. Maar het is nog beter met een kant-en-klare fietsroute of fietspad van gegarandeerde kwaliteit!<\/p>\n<h3>Een nieuw fietspad<\/h3>\n<p><a href=\"https:\/\/www.fjardhundraland.se\/nl\/cyclus\/fjardhundralandsleden\/\">Eerste fase van het Fj\u00e4rdhundraland-traject<\/a> draait! Hij draait tussen Fj\u00e4rdhundra en \u00d6rsundsbro. <a href=\"https:\/\/www.fjardhundraland.se\/nl\/cyclus\/fjardhundralandsleden\/\">Lees hier meer<\/a>!<\/p>\n<h3>Fj\u00e4rdhundraland bij Zweden op de fiets<\/h3>\n<p>Sweden by Bike investeert in Fj\u00e4rdhundraland met nieuwe fietstochten in de omgeving. Hier vind je <a href=\"https:\/\/swedenbybike.com\/resmal\/enkoping-o-fjardhundraland\/\" target=\"_blank\" rel=\"noopener\">fietsen in Fj\u00e4rdhundraland<\/a>!<\/p>","protected":false},"excerpt":{"rendered":"<p>Cykla sm\u00e5v\u00e4gar n\u00e4ra Stockholm, Uppsala och V\u00e4ster\u00e5s Utsikter, kaf\u00e9er, god mat, sev\u00e4rdheter\u00a0\u2013 men framf\u00f6rallt alla dessa kurviga sm\u00e5 v\u00e4gar genom ett vackert jordbrukslandskap, ackompanjerade av f\u00e5gels\u00e5ng och historiens vingslag! Fj\u00e4rdhundraland\u00a0v\u00e4lkomnar dig som cyklar. Sm\u00e5v\u00e4garna finns \u00f6verallt, och det \u00e4r ingen slump. Forntidens och medeltidens m\u00e4nniskor r\u00f6rde sig till fots och till h\u00e4st p\u00e5 de h\u00e4r [&hellip;]<\/p>\n","protected":false},"author":1,"featured_media":5238,"parent":0,"menu_order":7,"comment_status":"closed","ping_status":"closed","template":"","meta":{"_acf_changed":false,"_relevanssi_hide_post":"","_relevanssi_hide_content":"","_relevanssi_pin_for_all":"","_relevanssi_pin_keywords":"","_relevanssi_unpin_keywords":"","_relevanssi_related_keywords":"","_relevanssi_related_include_ids":"","_relevanssi_related_exclude_ids":"","_relevanssi_related_no_append":"","_relevanssi_related_not_related":"","_relevanssi_related_posts":"12584,8656,10783,3619,3905,13560","_relevanssi_noindex_reason":"","_genesis_hide_title":false,"_genesis_hide_breadcrumbs":false,"_genesis_hide_singular_image":false,"_genesis_hide_footer_widgets":false,"_genesis_custom_body_class":"","_genesis_custom_post_class":"","_genesis_layout":"","footnotes":""},"categories":[263,290,280,89,87],"tags":[],"class_list":{"0":"post-5231","1":"page","2":"type-page","3":"status-publish","4":"has-post-thumbnail","6":"category-cykling","7":"category-hemester","8":"category-svensk-landsbygd","9":"category-turistinformation","10":"category-utflykt","11":"entry"},"acf":[],"visa":null,"geo_latitude":null,"geo_longitude":null,"featured_image_src":"https:\/\/www.fjardhundraland.se\/wp-content\/uploads\/2018\/06\/cykling.jpg","featured_image_src_square":"https:\/\/www.fjardhundraland.se\/wp-content\/uploads\/2018\/06\/cykling.jpg","jetpack-related-posts":[{"id":5242,"url":"https:\/\/www.fjardhundraland.se\/nl\/cykla\/fjardhundralandsleden\/","url_meta":{"origin":5231,"position":0},"title":"Fj\u00e4rdhundralands","author":"Mats Thorburn","date":"29 juni 2018","format":false,"excerpt":"De Fj\u00e4rdhundraland route is onze fietsroute door het centrum van ons gebied. De eerste etappe van 38 km loopt tussen Fj\u00e4rdhundra en \u00d6rsundsbro, over goede wegen met voldoende mogelijkheden om te stoppen voor een kop koffie, een ommetje of om te zwemmen. Je bent ook in de buurt van verschillende andere bestemmingen in Fj\u00e4rdhundraland, dus je kunt de route...","rel":"","context":"In &quot;Cykling&quot;","block_context":{"text":"Cykling","link":"https:\/\/www.fjardhundraland.se\/nl\/cykling\/"},"img":{"alt_text":"Cyklar parkerade framf\u00f6r Nys\u00e4tra kyrka","src":"https:\/\/i0.wp.com\/www.fjardhundraland.se\/wp-content\/uploads\/2018\/06\/cykling.jpg?resize=350%2C200&ssl=1","width":350,"height":200,"srcset":"https:\/\/i0.wp.com\/www.fjardhundraland.se\/wp-content\/uploads\/2018\/06\/cykling.jpg?resize=350%2C200&ssl=1 1x, https:\/\/i0.wp.com\/www.fjardhundraland.se\/wp-content\/uploads\/2018\/06\/cykling.jpg?resize=525%2C300&ssl=1 1.5x, https:\/\/i0.wp.com\/www.fjardhundraland.se\/wp-content\/uploads\/2018\/06\/cykling.jpg?resize=700%2C400&ssl=1 2x, https:\/\/i0.wp.com\/www.fjardhundraland.se\/wp-content\/uploads\/2018\/06\/cykling.jpg?resize=1050%2C600&ssl=1 3x, https:\/\/i0.wp.com\/www.fjardhundraland.se\/wp-content\/uploads\/2018\/06\/cykling.jpg?resize=1400%2C800&ssl=1 4x"},"classes":[]},{"id":13724,"url":"https:\/\/www.fjardhundraland.se\/nl\/se-och-gor\/","url_meta":{"origin":5231,"position":1},"title":"Zien en doen","author":"Mats Thorburn","date":"29 oktober 2023","format":false,"excerpt":"Fj\u00e4rdhundraland is een groot gebied met een dichte mix van boerderijwinkels, ambachten, caf\u00e9s, accommodatie en nog veel meer. Hier is de grote catalogus van alles wat je kunt doen, gecategoriseerd, met contactgegevens, openingstijden en grote duidelijke kaarten. Bezienswaardigheden vind je hier! Runestenen, natuurbelevenissen, middeleeuwse kerken, badplaatsen en al het andere dat de excursie verrijkt. Winkelen...","rel":"","context":"Soortgelijk bericht","block_context":{"text":"Soortgelijk bericht","link":""},"img":{"alt_text":"V\u00e4g och runsten, profilbild Rebusrundan 2022","src":"https:\/\/i0.wp.com\/www.fjardhundraland.se\/wp-content\/uploads\/2022\/08\/vag-o-runsten-ryda-kungsgard-u838-1455818.jpeg?resize=350%2C200&ssl=1","width":350,"height":200,"srcset":"https:\/\/i0.wp.com\/www.fjardhundraland.se\/wp-content\/uploads\/2022\/08\/vag-o-runsten-ryda-kungsgard-u838-1455818.jpeg?resize=350%2C200&ssl=1 1x, https:\/\/i0.wp.com\/www.fjardhundraland.se\/wp-content\/uploads\/2022\/08\/vag-o-runsten-ryda-kungsgard-u838-1455818.jpeg?resize=525%2C300&ssl=1 1.5x, https:\/\/i0.wp.com\/www.fjardhundraland.se\/wp-content\/uploads\/2022\/08\/vag-o-runsten-ryda-kungsgard-u838-1455818.jpeg?resize=700%2C400&ssl=1 2x, https:\/\/i0.wp.com\/www.fjardhundraland.se\/wp-content\/uploads\/2022\/08\/vag-o-runsten-ryda-kungsgard-u838-1455818.jpeg?resize=1050%2C600&ssl=1 3x, https:\/\/i0.wp.com\/www.fjardhundraland.se\/wp-content\/uploads\/2022\/08\/vag-o-runsten-ryda-kungsgard-u838-1455818.jpeg?resize=1400%2C800&ssl=1 4x"},"classes":[]},{"id":13826,"url":"https:\/\/www.fjardhundraland.se\/nl\/se-gor\/","url_meta":{"origin":5231,"position":2},"title":"Zien en doen","author":"Mats Thorburn","date":"4 november 2023","format":false,"excerpt":"Fj\u00e4rdhundraland is een groot gebied met een dichte mix van boerderijwinkels, ambachten, caf\u00e9s, accommodatie en nog veel meer. Hier is de grote catalogus van alles wat je kunt doen, gecategoriseerd, met contactgegevens, openingstijden en grote duidelijke kaarten. Bezienswaardigheden vind je hier! Runestenen, natuurbelevenissen, middeleeuwse kerken, badplaatsen en al het andere dat de excursie verrijkt. Winkelen...","rel":"","context":"Soortgelijk bericht","block_context":{"text":"Soortgelijk bericht","link":""},"img":{"alt_text":"V\u00e4g och runsten, profilbild Rebusrundan 2022","src":"https:\/\/i0.wp.com\/www.fjardhundraland.se\/wp-content\/uploads\/2022\/08\/vag-o-runsten-ryda-kungsgard-u838-1455818.jpeg?resize=350%2C200&ssl=1","width":350,"height":200,"srcset":"https:\/\/i0.wp.com\/www.fjardhundraland.se\/wp-content\/uploads\/2022\/08\/vag-o-runsten-ryda-kungsgard-u838-1455818.jpeg?resize=350%2C200&ssl=1 1x, https:\/\/i0.wp.com\/www.fjardhundraland.se\/wp-content\/uploads\/2022\/08\/vag-o-runsten-ryda-kungsgard-u838-1455818.jpeg?resize=525%2C300&ssl=1 1.5x, https:\/\/i0.wp.com\/www.fjardhundraland.se\/wp-content\/uploads\/2022\/08\/vag-o-runsten-ryda-kungsgard-u838-1455818.jpeg?resize=700%2C400&ssl=1 2x, https:\/\/i0.wp.com\/www.fjardhundraland.se\/wp-content\/uploads\/2022\/08\/vag-o-runsten-ryda-kungsgard-u838-1455818.jpeg?resize=1050%2C600&ssl=1 3x, https:\/\/i0.wp.com\/www.fjardhundraland.se\/wp-content\/uploads\/2022\/08\/vag-o-runsten-ryda-kungsgard-u838-1455818.jpeg?resize=1400%2C800&ssl=1 4x"},"classes":[]},{"id":13805,"url":"https:\/\/www.fjardhundraland.se\/nl\/","url_meta":{"origin":5231,"position":3},"title":"Fj\u00e4rdhundraland - Zweeds platteland, vlak bij de stad","author":"Mats Thorburn","date":"4 november 2023","format":false,"excerpt":"Wil je dicht bij de natuur komen? De mensen ontmoeten die je eten hebben verbouwd? In Fj\u00e4rdhundraland leiden kronkelende landweggetjes je tussen caf\u00e9s en boerderijwinkels, terwijl runestenen en middeleeuwse kerken je omringen. Neem even afstand van het alledaagse leven en ervaar het land bij jou in de buurt. Zoveel geweldig eten, natuur en geschiedenis vind je nergens anders binnen een uur...","rel":"","context":"Soortgelijk bericht","block_context":{"text":"Soortgelijk bericht","link":""},"img":{"alt_text":"","src":"https:\/\/i0.wp.com\/www.fjardhundraland.se\/wp-content\/uploads\/2020\/02\/vacc8ansjocc88acc8asen-backsippor.jpg?resize=350%2C200&ssl=1","width":350,"height":200,"srcset":"https:\/\/i0.wp.com\/www.fjardhundraland.se\/wp-content\/uploads\/2020\/02\/vacc8ansjocc88acc8asen-backsippor.jpg?resize=350%2C200&ssl=1 1x, https:\/\/i0.wp.com\/www.fjardhundraland.se\/wp-content\/uploads\/2020\/02\/vacc8ansjocc88acc8asen-backsippor.jpg?resize=525%2C300&ssl=1 1.5x, https:\/\/i0.wp.com\/www.fjardhundraland.se\/wp-content\/uploads\/2020\/02\/vacc8ansjocc88acc8asen-backsippor.jpg?resize=700%2C400&ssl=1 2x, https:\/\/i0.wp.com\/www.fjardhundraland.se\/wp-content\/uploads\/2020\/02\/vacc8ansjocc88acc8asen-backsippor.jpg?resize=1050%2C600&ssl=1 3x, https:\/\/i0.wp.com\/www.fjardhundraland.se\/wp-content\/uploads\/2020\/02\/vacc8ansjocc88acc8asen-backsippor.jpg?resize=1400%2C800&ssl=1 4x"},"classes":[]},{"id":1489,"url":"https:\/\/www.fjardhundraland.se\/nl\/lokal-mat-och-akta-kansla-nara-storstan\/","url_meta":{"origin":5231,"position":4},"title":"1TP1Grond dichtbij de stad","author":"Mats Thorburn","date":"30 december 2013","format":false,"excerpt":"Wil je dicht bij de natuur komen? De mensen ontmoeten die je eten hebben verbouwd? In Fj\u00e4rdhundraland leiden kronkelende landweggetjes je tussen caf\u00e9s en boerderijwinkels, terwijl runestenen en middeleeuwse kerken je omringen. Neem even afstand van het alledaagse leven en ervaar het land bij jou in de buurt. Zoveel fantastische ambachten op het gebied van eten, natuurbelevenissen en spannende geschiedenis vind je nergens anders...","rel":"","context":"Soortgelijk bericht","block_context":{"text":"Soortgelijk bericht","link":""},"img":{"alt_text":"","src":"","width":0,"height":0},"classes":[]},{"id":3982,"url":"https:\/\/www.fjardhundraland.se\/nl\/evenemang\/loppisrundan2\/","url_meta":{"origin":5231,"position":5},"title":"De vlooienmarkttour","author":"Ylva Fontell","date":"8 maart 2017","format":false,"excerpt":"Op 10-11 juli 2021 zal er een vlooienmarkt zijn in Fj\u00e4rdhundraland. Veel verkopers zullen zich op verschillende locaties verzamelen en langs de kleine weggetjes de beste rommelmarktervaring van het jaar neerzetten. Lees meer op de eigen website van de Vlooienmarktronde! \u00a0","rel":"","context":"Soortgelijk bericht","block_context":{"text":"Soortgelijk bericht","link":""},"img":{"alt_text":"Loppisrundan","src":"https:\/\/i0.wp.com\/www.fjardhundraland.se\/wp-content\/uploads\/2018\/02\/loppis.jpg?resize=350%2C200&ssl=1","width":350,"height":200,"srcset":"https:\/\/i0.wp.com\/www.fjardhundraland.se\/wp-content\/uploads\/2018\/02\/loppis.jpg?resize=350%2C200&ssl=1 1x, https:\/\/i0.wp.com\/www.fjardhundraland.se\/wp-content\/uploads\/2018\/02\/loppis.jpg?resize=525%2C300&ssl=1 1.5x, https:\/\/i0.wp.com\/www.fjardhundraland.se\/wp-content\/uploads\/2018\/02\/loppis.jpg?resize=700%2C400&ssl=1 2x"},"classes":[]}],"jetpack_sharing_enabled":true,"_links":{"self":[{"href":"https:\/\/www.fjardhundraland.se\/nl\/wp-json\/wp\/v2\/pages\/5231","targetHints":{"allow":["GET"]}}],"collection":[{"href":"https:\/\/www.fjardhundraland.se\/nl\/wp-json\/wp\/v2\/pages"}],"about":[{"href":"https:\/\/www.fjardhundraland.se\/nl\/wp-json\/wp\/v2\/types\/page"}],"author":[{"embeddable":true,"href":"https:\/\/www.fjardhundraland.se\/nl\/wp-json\/wp\/v2\/users\/1"}],"replies":[{"embeddable":true,"href":"https:\/\/www.fjardhundraland.se\/nl\/wp-json\/wp\/v2\/comments?post=5231"}],"version-history":[{"count":0,"href":"https:\/\/www.fjardhundraland.se\/nl\/wp-json\/wp\/v2\/pages\/5231\/revisions"}],"wp:featuredmedia":[{"embeddable":true,"href":"https:\/\/www.fjardhundraland.se\/nl\/wp-json\/wp\/v2\/media\/5238"}],"wp:attachment":[{"href":"https:\/\/www.fjardhundraland.se\/nl\/wp-json\/wp\/v2\/media?parent=5231"}],"wp:term":[{"taxonomy":"category","embeddable":true,"href":"https:\/\/www.fjardhundraland.se\/nl\/wp-json\/wp\/v2\/categories?post=5231"},{"taxonomy":"post_tag","embeddable":true,"href":"https:\/\/www.fjardhundraland.se\/nl\/wp-json\/wp\/v2\/tags?post=5231"}],"curies":[{"name":"wp","href":"https:\/\/api.w.org\/{rel}","templated":true}]}}