
{"id":4572,"date":"2017-07-26T19:02:57","date_gmt":"2017-07-26T17:02:57","guid":{"rendered":"http:\/\/www.fjardhundraland.se\/?page_id=4572"},"modified":"2017-09-24T09:02:23","modified_gmt":"2017-09-24T07:02:23","slug":"navigeren-met-google-maps","status":"publish","type":"page","link":"https:\/\/www.fjardhundraland.se\/nl\/evenemang\/rebusrundan10\/navigera-med-google-maps\/","title":{"rendered":"Navigeren met Google Maps"},"content":{"rendered":"<p>Er zijn veel kronkelige achterafweggetjes in Fj\u00e4rdhundraland. Ze zijn mooi en maken deel uit van de reis, maar soms is het moeilijk om te weten welke weg de juiste is om op je bestemming te komen. Navigeren met Google Maps helpt je de weg te vinden.<\/p>\n<p>Zo doe je dat:<\/p>\n<ul>\n<li>Open de kaart waarop je wilt navigeren: <a href=\"https:\/\/www.google.com\/maps\/d\/viewer?mid=118eaKAWvuCzmyU_cdhcvt0vee4M&amp;usp=sharing\" target=\"_blank\" rel=\"noopener\">Voeding &amp; Mensen 2017<\/a>.\u00a0<a href=\"https:\/\/drive.google.com\/open?id=1ppGvNp6Mmt7biv11-hflyIMF5JQ&amp;usp=sharing\" target=\"_blank\" rel=\"noopener\">De rebus ronde kaart<\/a>. <a href=\"https:\/\/drive.google.com\/open?id=1XI-J11yQyJcbIVSGo-1zKJfCcCw&amp;usp=sharing\" target=\"_blank\" rel=\"noopener\">De rebuskaart voor kinderen<\/a>. Tour suggesties voor degenen die beginnen in <a href=\"https:\/\/drive.google.com\/open?id=1ofs3lwO-mxTIcbh0WJZrhTg4nb4&amp;usp=sharing\" target=\"_blank\" rel=\"noopener\">Uppsala<\/a>, <a href=\"https:\/\/drive.google.com\/open?id=1IfsSWbacSCU7bbFUgrFGEiGnqm8&amp;usp=sharing\" target=\"_blank\" rel=\"noopener\">V\u00e4ster\u00e5s<\/a>,\u00a0 <a href=\"https:\/\/drive.google.com\/open?id=1xBSYIdNTXndJeFSMN07em_jAnqQ&amp;usp=sharing\" target=\"_blank\" rel=\"noopener\">B\u00e5lsta-Stockholm<\/a>, <a href=\"https:\/\/drive.google.com\/open?id=11PO6gTOWTDjCXlkKYmM7w6wM1KA&amp;usp=sharing\" target=\"_blank\" rel=\"noopener\">Sala-Heby<\/a>.<\/li>\n<li>Klik op de plaats waar je naartoe wilt gaan.<\/li>\n<li>Je krijgt meer informatie over de locatie. Als je op het ori\u00ebntatiesymbool klikt (een schuine pijl in een ruit), wordt de navigatie gestart.<\/li>\n<li>Je krijgt een routebeschrijving naar je bestemming vanaf je huidige locatie. Soms krijg je verschillende opties om uit te kiezen.<\/li>\n<li>Als je naar een nieuwe locatie wilt reizen, klik je erop en krijg je nieuwe rij-instructies.<\/li>\n<\/ul>","protected":false},"excerpt":{"rendered":"<p>Det finns m\u00e5nga slingrande sm\u00e5v\u00e4gar i Fj\u00e4rdhundraland. De \u00e4r vackra och en del av utflykten, men ibland \u00e4r det sv\u00e5rt att veta vilken som \u00e4r den r\u00e4tta f\u00f6r att komma till m\u00e5let. Navigerar du med hj\u00e4lp av Google Maps f\u00e5r du hj\u00e4lp att hitta. S\u00e5 h\u00e4r g\u00f6r du: \u00d6ppna den karta du vill navigera efter: [&hellip;]<\/p>\n","protected":false},"author":4,"featured_media":0,"parent":2394,"menu_order":19,"comment_status":"closed","ping_status":"closed","template":"","meta":{"_acf_changed":false,"_relevanssi_hide_post":"","_relevanssi_hide_content":"","_relevanssi_pin_for_all":"","_relevanssi_pin_keywords":"","_relevanssi_unpin_keywords":"","_relevanssi_related_keywords":"","_relevanssi_related_include_ids":"","_relevanssi_related_exclude_ids":"","_relevanssi_related_no_append":"","_relevanssi_related_not_related":"","_relevanssi_related_posts":"","_relevanssi_noindex_reason":"","_genesis_hide_title":false,"_genesis_hide_breadcrumbs":false,"_genesis_hide_singular_image":false,"_genesis_hide_footer_widgets":false,"_genesis_custom_body_class":"","_genesis_custom_post_class":"","_genesis_layout":"","footnotes":""},"categories":[],"tags":[],"class_list":{"0":"post-4572","1":"page","2":"type-page","3":"status-publish","5":"entry"},"acf":[],"visa":null,"geo_latitude":null,"geo_longitude":null,"featured_image_src":null,"featured_image_src_square":null,"jetpack-related-posts":[{"id":4533,"url":"https:\/\/www.fjardhundraland.se\/nl\/evenemang\/rebusrundan10\/vasterasrundan-med-12-stopp\/","url_meta":{"origin":4572,"position":0},"title":"V\u00e4ster\u00e5s rondreis met 12 stops","author":"Ylva Fontell","date":"25 juli 2017","format":false,"excerpt":"Dit is een routesuggestie voor Rebusrundan die geschikt is voor diegenen die vanuit V\u00e4ster\u00e5s komen. De route loopt door het agrarische landschap van Fj\u00e4rdhundraland gemengd met bos en prachtige valleien. Er staan je veel mooie natuurbelevenissen te wachten! Een ronde met van alles en nog wat, van interieur tot oude auto's!  Voedselambachten in verschillende vormen zoals kalfsdans en chocolade. Verkoop van...","rel":"","context":"Soortgelijk bericht","block_context":{"text":"Soortgelijk bericht","link":""},"img":{"alt_text":"","src":"","width":0,"height":0},"classes":[]},{"id":4539,"url":"https:\/\/www.fjardhundraland.se\/nl\/evenemang\/rebusrundan10\/balsta-stockholmsrundan-med-11-stopp\/","url_meta":{"origin":4572,"position":1},"title":"B\u00e5lsta-Stockholm rondreis met 11 stops","author":"Ylva Fontell","date":"25 juli 2017","format":false,"excerpt":"Dit is een voorgestelde route voor Rebusrundan die geschikt is voor diegenen die vanuit Stockholm komen. De route loopt door het agrarische landschap van Fj\u00e4rdhundraland gemengd met bossen en prachtige valleien. Er staan je veel mooie natuurbelevenissen te wachten! Er zijn verschillende stops met ambachtelijk biologisch voedsel, zoals kazen, jam, vleeswaren, appelsap en gebak. Je kunt ook eieren, bloemen en tuinplanten kopen ....","rel":"","context":"Soortgelijk bericht","block_context":{"text":"Soortgelijk bericht","link":""},"img":{"alt_text":"","src":"","width":0,"height":0},"classes":[]},{"id":4530,"url":"https:\/\/www.fjardhundraland.se\/nl\/evenemang\/rebusrundan10\/uppsalarundan-med-12-stopp\/","url_meta":{"origin":4572,"position":2},"title":"Uppsalaour met 12 stops","author":"Ylva Fontell","date":"25 juli 2017","format":false,"excerpt":"Dit is een routesuggestie voor de Rebus-ronde die geschikt is voor degenen die van Uppsala komen. De route loopt door het agrarische landschap van Fj\u00e4rdhundraland gemengd met bos en prachtige valleien. Er staan je veel mooie natuurbelevenissen te wachten! Je vindt er ambachtelijk voedsel in verschillende vormen, zoals kazen, jam, vleeswaren en gebak. Je kunt er ook eieren, bloemen en tuinplanten kopen....","rel":"","context":"Soortgelijk bericht","block_context":{"text":"Soortgelijk bericht","link":""},"img":{"alt_text":"","src":"","width":0,"height":0},"classes":[]},{"id":4537,"url":"https:\/\/www.fjardhundraland.se\/nl\/evenemang\/rebusrundan10\/sala-hebyrundan-med-13-stopp\/","url_meta":{"origin":4572,"position":3},"title":"Sala-Hebyrundan met 13 stops","author":"Ylva Fontell","date":"25 juli 2017","format":false,"excerpt":"Dit is een routesuggestie voor Rebusrundan die geschikt is voor diegenen die van Sala of Heby komen. De route loopt door het agrarische landschap van Fj\u00e4rdhundraland gemengd met bos en prachtige valleien. Er staan je veel mooie natuurbelevenissen te wachten! Verschillende stops hebben veel geschiedenis te vertellen over runenstenen, soldatendorpen en oude dorpsscholen. Op verschillende plaatsen zijn ecologische...","rel":"","context":"Soortgelijk bericht","block_context":{"text":"Soortgelijk bericht","link":""},"img":{"alt_text":"","src":"","width":0,"height":0},"classes":[]},{"id":4517,"url":"https:\/\/www.fjardhundraland.se\/nl\/evenemang\/rebusrundan10\/barnrebusrundan\/","url_meta":{"origin":4572,"position":4},"title":"Bustour voor kinderen","author":"Ylva Fontell","date":"23 juli 2017","format":false,"excerpt":"Twaalf locaties op de rebusroute hebben de jongste leden van het gezin in gedachten. Er zijn speciale raadsels voor kinderen van 5 tot 11 jaar. Bij elke halte kun je ook iets leuks doen: bij de Gele Stallen laat Ojja de hond de kinderen de konijnen, eenden en kippen van de stallen zien. Het vrolijke schaap heeft...","rel":"","context":"Soortgelijk bericht","block_context":{"text":"Soortgelijk bericht","link":""},"img":{"alt_text":"","src":"https:\/\/i0.wp.com\/www.fjardhundraland.se\/wp-content\/uploads\/2017\/07\/algar.jpg?resize=350%2C200&ssl=1","width":350,"height":200,"srcset":"https:\/\/i0.wp.com\/www.fjardhundraland.se\/wp-content\/uploads\/2017\/07\/algar.jpg?resize=350%2C200&ssl=1 1x, https:\/\/i0.wp.com\/www.fjardhundraland.se\/wp-content\/uploads\/2017\/07\/algar.jpg?resize=525%2C300&ssl=1 1.5x, https:\/\/i0.wp.com\/www.fjardhundraland.se\/wp-content\/uploads\/2017\/07\/algar.jpg?resize=700%2C400&ssl=1 2x, https:\/\/i0.wp.com\/www.fjardhundraland.se\/wp-content\/uploads\/2017\/07\/algar.jpg?resize=1050%2C600&ssl=1 3x, https:\/\/i0.wp.com\/www.fjardhundraland.se\/wp-content\/uploads\/2017\/07\/algar.jpg?resize=1400%2C800&ssl=1 4x"},"classes":[]},{"id":3963,"url":"https:\/\/www.fjardhundraland.se\/nl\/evenemang\/djurens-dag\/","url_meta":{"origin":4572,"position":5},"title":"Dierendag 2017","author":"Ylva Fontell","date":"17 februari 2017","format":false,"excerpt":"Ondeugende lammetjes, schattige kippen of gelukkige varkens. Is er iets mooiers om te zien dan dieren die genieten van de zon, de warmte en het frisse groen? Lente is dierentijd. Voor het vierde jaar nodigen enkele boerderijen van Fj\u00e4rdhundraland je uit voor Dierendag op zaterdag 27 mei van 11.00 tot 16.00 uur. Ga rond en aai, knuffel, beleef op deze...","rel":"","context":"Soortgelijk bericht","block_context":{"text":"Soortgelijk bericht","link":""},"img":{"alt_text":"","src":"https:\/\/i0.wp.com\/www.fjardhundraland.se\/wp-content\/uploads\/2017\/02\/18157411_1484046814959071_3875511745731358846_n.jpg?resize=350%2C200&ssl=1","width":350,"height":200,"srcset":"https:\/\/i0.wp.com\/www.fjardhundraland.se\/wp-content\/uploads\/2017\/02\/18157411_1484046814959071_3875511745731358846_n.jpg?resize=350%2C200&ssl=1 1x, https:\/\/i0.wp.com\/www.fjardhundraland.se\/wp-content\/uploads\/2017\/02\/18157411_1484046814959071_3875511745731358846_n.jpg?resize=525%2C300&ssl=1 1.5x, https:\/\/i0.wp.com\/www.fjardhundraland.se\/wp-content\/uploads\/2017\/02\/18157411_1484046814959071_3875511745731358846_n.jpg?resize=700%2C400&ssl=1 2x"},"classes":[]}],"jetpack_sharing_enabled":true,"_links":{"self":[{"href":"https:\/\/www.fjardhundraland.se\/nl\/wp-json\/wp\/v2\/pages\/4572","targetHints":{"allow":["GET"]}}],"collection":[{"href":"https:\/\/www.fjardhundraland.se\/nl\/wp-json\/wp\/v2\/pages"}],"about":[{"href":"https:\/\/www.fjardhundraland.se\/nl\/wp-json\/wp\/v2\/types\/page"}],"author":[{"embeddable":true,"href":"https:\/\/www.fjardhundraland.se\/nl\/wp-json\/wp\/v2\/users\/4"}],"replies":[{"embeddable":true,"href":"https:\/\/www.fjardhundraland.se\/nl\/wp-json\/wp\/v2\/comments?post=4572"}],"version-history":[{"count":0,"href":"https:\/\/www.fjardhundraland.se\/nl\/wp-json\/wp\/v2\/pages\/4572\/revisions"}],"up":[{"embeddable":true,"href":"https:\/\/www.fjardhundraland.se\/nl\/wp-json\/wp\/v2\/pages\/2394"}],"wp:attachment":[{"href":"https:\/\/www.fjardhundraland.se\/nl\/wp-json\/wp\/v2\/media?parent=4572"}],"wp:term":[{"taxonomy":"category","embeddable":true,"href":"https:\/\/www.fjardhundraland.se\/nl\/wp-json\/wp\/v2\/categories?post=4572"},{"taxonomy":"post_tag","embeddable":true,"href":"https:\/\/www.fjardhundraland.se\/nl\/wp-json\/wp\/v2\/tags?post=4572"}],"curies":[{"name":"wp","href":"https:\/\/api.w.org\/{rel}","templated":true}]}}