
{"id":4537,"date":"2017-07-25T23:49:53","date_gmt":"2017-07-25T21:49:53","guid":{"rendered":"http:\/\/www.fjardhundraland.se\/?page_id=4537"},"modified":"2017-08-02T14:00:42","modified_gmt":"2017-08-02T12:00:42","slug":"sala-hebyrundan-met-13-stops","status":"publish","type":"page","link":"https:\/\/www.fjardhundraland.se\/nl\/evenemang-rundor\/rebusrundan10\/sala-hebyrundan-med-13-stopp\/","title":{"rendered":"Sala-Hebyrundan met 13 stops"},"content":{"rendered":"<p>Dit is een voorgestelde route voor <a href=\"https:\/\/www.fjardhundraland.se\/nl\/evenementen\/rebus-rond\/\">De wijngaard tour<\/a> geschikt voor diegenen die van Sala of Heby komen. De route loopt door het agrarische landschap van Fj\u00e4rdhundraland gemengd met bossen en prachtige valleien. Er staan je veel mooie natuurbelevenissen te wachten!<\/p>\n<p>Verschillende haltes hebben veel geschiedenis te vertellen over runenstenen, soldatendorpen en oude dorpsscholen. Verschillende plaatsen verkopen biologische producten, zoals vlees, groenten, thee en gebak. Je vindt er kraampjes met ambachtelijke producten zoals textiel, tapijten en kaarsen. Op de ene plek kun je vintage kleding kopen, op een andere bloemen en tuinplanten. Als je van kabouters houdt, kun je je hart ophalen in een kaboutermuseum. Op veel plaatsen kun je in een gezellige omgeving een kopje koffie drinken en een hapje eten.<\/p>\n<p><a href=\"https:\/\/drive.google.com\/open?id=11PO6gTOWTDjCXlkKYmM7w6wM1KA&amp;usp=sharing\" target=\"_blank\" rel=\"noopener\">Open de kaart.<\/a><\/p>\n<p>Als je de kaartnummering in oplopende of aflopende volgorde volgt, reis je het slimst door de route. Gebruik je mobiele telefoon en Google Map voor navigatie en meer gedetailleerde informatie over de bedrijven\/organisaties die je bezoekt.<\/p>\n<p>Heb je nog nooit met Google Maps genavigeerd? <a href=\"https:\/\/www.fjardhundraland.se\/nl\/evenementen\/rebus-rond\/navigeren-met-google-maps\/\">Zo doe je dat<\/a>.<\/p>\n<p>De Rebus tour omvat 40 sites, dus er valt nog veel meer te ontdekken! Lees meer over <a href=\"https:\/\/www.fjardhundraland.se\/nl\/evenementen\/rebus-rond\/\">De rebus tour en bekijk alle locaties.<\/a><\/p>\n<p><iframe src=\"https:\/\/www.google.com\/maps\/d\/embed?mid=11PO6gTOWTDjCXlkKYmM7w6wM1KA\" width=\"100%\" height=\"700\"><\/iframe><\/p>","protected":false},"excerpt":{"rendered":"<p>Detta \u00e4r ett ruttf\u00f6rslag f\u00f6r Rebusrundan som passar dig som kommer fr\u00e5n Sala eller Heby. Rundan str\u00e4cker sig genom Fj\u00e4rdhundralands jordbrukslandskap blandat med skog och vackra dalg\u00e5ngar. M\u00e5nga fina naturupplevelser v\u00e4ntar dig! Flera stopp har mycket historia att ber\u00e4tta om runstenar, soldattorp och gamla byskolor. P\u00e5 flera st\u00e4llen finns ekologiska produkter, som k\u00f6tt, gr\u00f6nsaker, te [&hellip;]<\/p>\n","protected":false},"author":4,"featured_media":0,"parent":2394,"menu_order":22,"comment_status":"closed","ping_status":"closed","template":"","meta":{"_acf_changed":false,"_relevanssi_hide_post":"","_relevanssi_hide_content":"","_relevanssi_pin_for_all":"","_relevanssi_pin_keywords":"","_relevanssi_unpin_keywords":"","_relevanssi_related_keywords":"","_relevanssi_related_include_ids":"","_relevanssi_related_exclude_ids":"","_relevanssi_related_no_append":"","_relevanssi_related_not_related":"","_relevanssi_related_posts":"","_relevanssi_noindex_reason":"","_genesis_hide_title":false,"_genesis_hide_breadcrumbs":false,"_genesis_hide_singular_image":false,"_genesis_hide_footer_widgets":false,"_genesis_custom_body_class":"","_genesis_custom_post_class":"","_genesis_layout":"","footnotes":""},"categories":[],"tags":[],"class_list":{"0":"post-4537","1":"page","2":"type-page","3":"status-publish","5":"entry"},"acf":[],"visa":null,"geo_latitude":null,"geo_longitude":null,"featured_image_src":null,"featured_image_src_square":null,"jetpack-related-posts":[{"id":4533,"url":"https:\/\/www.fjardhundraland.se\/nl\/evenemang-rundor\/rebusrundan10\/vasterasrundan-med-12-stopp\/","url_meta":{"origin":4537,"position":0},"title":"V\u00e4ster\u00e5s rondreis met 12 stops","author":"Ylva Fontell","date":"25 juli 2017","format":false,"excerpt":"Dit is een routesuggestie voor Rebusrundan die geschikt is voor diegenen die vanuit V\u00e4ster\u00e5s komen. De route loopt door het agrarische landschap van Fj\u00e4rdhundraland gemengd met bos en prachtige valleien. Er staan je veel mooie natuurbelevenissen te wachten! Een ronde met van alles en nog wat, van interieur tot oude auto's!  Voedselambachten in verschillende vormen zoals kalfsdans en chocolade. Verkoop van...","rel":"","context":"Soortgelijk bericht","block_context":{"text":"Soortgelijk bericht","link":""},"img":{"alt_text":"","src":"","width":0,"height":0},"classes":[]},{"id":4539,"url":"https:\/\/www.fjardhundraland.se\/nl\/evenemang-rundor\/rebusrundan10\/balsta-stockholmsrundan-med-11-stopp\/","url_meta":{"origin":4537,"position":1},"title":"B\u00e5lsta-Stockholm rondreis met 11 stops","author":"Ylva Fontell","date":"25 juli 2017","format":false,"excerpt":"Dit is een voorgestelde route voor Rebusrundan die geschikt is voor diegenen die vanuit Stockholm komen. De route loopt door het agrarische landschap van Fj\u00e4rdhundraland gemengd met bossen en prachtige valleien. Er staan je veel mooie natuurbelevenissen te wachten! Er zijn verschillende stops met ambachtelijk biologisch voedsel, zoals kazen, jam, vleeswaren, appelsap en gebak. Je kunt ook eieren, bloemen en tuinplanten kopen ....","rel":"","context":"Soortgelijk bericht","block_context":{"text":"Soortgelijk bericht","link":""},"img":{"alt_text":"","src":"","width":0,"height":0},"classes":[]},{"id":4530,"url":"https:\/\/www.fjardhundraland.se\/nl\/evenemang-rundor\/rebusrundan10\/uppsalarundan-med-12-stopp\/","url_meta":{"origin":4537,"position":2},"title":"Uppsalaour met 12 stops","author":"Ylva Fontell","date":"25 juli 2017","format":false,"excerpt":"Dit is een routesuggestie voor de Rebus-ronde die geschikt is voor degenen die van Uppsala komen. De route loopt door het agrarische landschap van Fj\u00e4rdhundraland gemengd met bos en prachtige valleien. Er staan je veel mooie natuurbelevenissen te wachten! Je vindt er ambachtelijk voedsel in verschillende vormen, zoals kazen, jam, vleeswaren en gebak. Je kunt er ook eieren, bloemen en tuinplanten kopen....","rel":"","context":"Soortgelijk bericht","block_context":{"text":"Soortgelijk bericht","link":""},"img":{"alt_text":"","src":"","width":0,"height":0},"classes":[]},{"id":18106,"url":"https:\/\/www.fjardhundraland.se\/nl\/magasin-fjardhundraland\/","url_meta":{"origin":4537,"position":3},"title":"Tijdschrift Fj\u00e4rdhundraland","author":"Mats Thorburn","date":"3 mei 2025","format":false,"excerpt":"Fj\u00e4rdhundraland magazine en kaart Het magazine van dit jaar is nu beschikbaar, samen met een bijgewerkte papieren kaart. Het Fj\u00e4rdhundraland magazine vertelt de verhalen van de mensen die bedrijven runnen in het gebied, en de plaatsen die ze bezoeken. Elk nummer bevat artikelen over eten, koffie, tuinieren, ambachten, cultuur en geschiedenis. Samen met het magazine hebben we een kaart gemaakt, waarop je...","rel":"","context":"Soortgelijk bericht","block_context":{"text":"Soortgelijk bericht","link":""},"img":{"alt_text":"","src":"https:\/\/i0.wp.com\/www.fjardhundraland.se\/wp-content\/uploads\/2025\/05\/magasin-2025-framsida.jpg?resize=350%2C200&ssl=1","width":350,"height":200,"srcset":"https:\/\/i0.wp.com\/www.fjardhundraland.se\/wp-content\/uploads\/2025\/05\/magasin-2025-framsida.jpg?resize=350%2C200&ssl=1 1x, https:\/\/i0.wp.com\/www.fjardhundraland.se\/wp-content\/uploads\/2025\/05\/magasin-2025-framsida.jpg?resize=525%2C300&ssl=1 1.5x, https:\/\/i0.wp.com\/www.fjardhundraland.se\/wp-content\/uploads\/2025\/05\/magasin-2025-framsida.jpg?resize=700%2C400&ssl=1 2x, https:\/\/i0.wp.com\/www.fjardhundraland.se\/wp-content\/uploads\/2025\/05\/magasin-2025-framsida.jpg?resize=1050%2C600&ssl=1 3x, https:\/\/i0.wp.com\/www.fjardhundraland.se\/wp-content\/uploads\/2025\/05\/magasin-2025-framsida.jpg?resize=1400%2C800&ssl=1 4x"},"classes":[]},{"id":4572,"url":"https:\/\/www.fjardhundraland.se\/nl\/evenemang-rundor\/rebusrundan10\/navigera-med-google-maps\/","url_meta":{"origin":4537,"position":4},"title":"Navigeren met Google Maps","author":"Ylva Fontell","date":"26 juli 2017","format":false,"excerpt":"Er zijn veel kronkelige achterafweggetjes in Fj\u00e4rdhundraland. Ze zijn mooi en maken deel uit van de reis, maar soms is het moeilijk om te weten welke weg de juiste is om op je bestemming te komen. Navigeren met Google Maps helpt je de weg te vinden. Zo doe je dat: Open de...","rel":"","context":"Soortgelijk bericht","block_context":{"text":"Soortgelijk bericht","link":""},"img":{"alt_text":"","src":"","width":0,"height":0},"classes":[]},{"id":12299,"url":"https:\/\/www.fjardhundraland.se\/nl\/sdfsdf\/","url_meta":{"origin":4537,"position":5},"title":"Registratie van particuliere verkopers Loppisrundan","author":"Mats Thorburn","date":"23 maart 2023","format":false,"excerpt":"Nieuw! In 2023 kun je, ook als je geen lid bent van Fj\u00e4rdhundraland, meedoen aan de Vlooienmarktronde, in je eigen woonplaats! Vul het onderstaande formulier in. De kosten zijn SEK 500, en worden na inschrijving betaald via Swish of bakgiro aan Fj\u00e4rdhundraland. Jouw locatie zal worden opgenomen op de kaart die in het voorjaar op het web wordt gepubliceerd...","rel":"","context":"Soortgelijk bericht","block_context":{"text":"Soortgelijk bericht","link":""},"img":{"alt_text":"","src":"","width":0,"height":0},"classes":[]}],"jetpack_sharing_enabled":true,"_links":{"self":[{"href":"https:\/\/www.fjardhundraland.se\/nl\/wp-json\/wp\/v2\/pages\/4537","targetHints":{"allow":["GET"]}}],"collection":[{"href":"https:\/\/www.fjardhundraland.se\/nl\/wp-json\/wp\/v2\/pages"}],"about":[{"href":"https:\/\/www.fjardhundraland.se\/nl\/wp-json\/wp\/v2\/types\/page"}],"author":[{"embeddable":true,"href":"https:\/\/www.fjardhundraland.se\/nl\/wp-json\/wp\/v2\/users\/4"}],"replies":[{"embeddable":true,"href":"https:\/\/www.fjardhundraland.se\/nl\/wp-json\/wp\/v2\/comments?post=4537"}],"version-history":[{"count":0,"href":"https:\/\/www.fjardhundraland.se\/nl\/wp-json\/wp\/v2\/pages\/4537\/revisions"}],"up":[{"embeddable":true,"href":"https:\/\/www.fjardhundraland.se\/nl\/wp-json\/wp\/v2\/pages\/2394"}],"wp:attachment":[{"href":"https:\/\/www.fjardhundraland.se\/nl\/wp-json\/wp\/v2\/media?parent=4537"}],"wp:term":[{"taxonomy":"category","embeddable":true,"href":"https:\/\/www.fjardhundraland.se\/nl\/wp-json\/wp\/v2\/categories?post=4537"},{"taxonomy":"post_tag","embeddable":true,"href":"https:\/\/www.fjardhundraland.se\/nl\/wp-json\/wp\/v2\/tags?post=4537"}],"curies":[{"name":"wp","href":"https:\/\/api.w.org\/{rel}","templated":true}]}}