
{"id":3963,"date":"2017-02-17T16:24:45","date_gmt":"2017-02-17T15:24:45","guid":{"rendered":"http:\/\/www.fjardhundraland.se\/?page_id=3963"},"modified":"2018-02-08T17:49:29","modified_gmt":"2018-02-08T16:49:29","slug":"dierendag","status":"publish","type":"page","link":"https:\/\/www.fjardhundraland.se\/nl\/evenemang-rundor\/djurens-dag\/","title":{"rendered":"Dierendag 2017"},"content":{"rendered":"<p>Ondeugende lammetjes, schattige kippen of gelukkige varkens. Is er iets mooiers om te zien dan dieren die genieten van de zon, de warmte en het frisse groen? Lente is dierentijd.<\/p>\n<p>Voor het vierde jaar nodigen enkele boerderijen van Fj\u00e4rdhundraland je uit voor Dierendag <strong>Zaterdag 27 mei van 11.00 tot 16.00 uur<\/strong>. Ga rond en aai, knuffel, ervaar op deze tour tussen een aantal van Fj\u00e4rdhundraland's boerderijen!<\/p>\n<h3>Deelnemers - wat je kunt doen<\/h3>\n<p><a href=\"https:\/\/www.fjardhundraland.se\/nl\/gerechten\/bjornbo-gard-4h\/\">Bj\u00f6rnbo G\u00e5rd 4H<\/a>. Zeg hallo tegen kippen, aai paarden en schapen. Zoek eieren. Ponyritjes voor groot en klein.<\/p>\n<p><a href=\"https:\/\/www.fjardhundraland.se\/nl\/gerechten\/kromsta-boerderij\/\">Kromsta boerderij<\/a>. Bekijk en begroet ossen, vaarzen, varkens, kippen, konijnen en schapen met lammeren. Grill hamburgers. Tractor en lier. Tip wandeling.<\/p>\n<p><a href=\"https:\/\/www.fjardhundraland.se\/nl\/gerechten\/franzens-vleeswaren\/\">Franz\u00e9ns Charkuterier<\/a>. Bekijk de Linder\u00f6d varkens en Kinda kippen van dichtbij. De dieren voeren als je groenten of fruit meeneemt. Varkensvleesproducten kopen.<\/p>\n<p><a href=\"https:\/\/www.fjardhundraland.se\/nl\/gerechten\/haast-en-de-groenteboer\/\">Paarden- en groenteboer<\/a>. Paardrijden op Ardense paarden en reizen met paard en wagen.<\/p>\n<p><a href=\"https:\/\/www.fjardhundraland.se\/nl\/gerechten\/gula-stallet-butik-kafe\/\">Gula Stallet Winkel &amp; Caf\u00e9<\/a>. Ontmoet een aantal van onze ooien met lammeren in het caf\u00e9. Maak een quizwandeling. Kolen broodjes in de buitenkeuken. Maak armbanden van schapenwol (20 SEK). Lammetjessafari met tractor en wagen (vooraf reserveren).<\/p>\n<p><a href=\"https:\/\/www.google.com\/maps\/d\/u\/0\/viewer?mid=1_mUG2UdkYhzSUsJWxsg1YfdtTnU\" target=\"_blank\" rel=\"noopener noreferrer\">Klik hier om de kaart in Google Maps te openen!<\/a><\/p>\n<p><iframe src=\"https:\/\/www.google.com\/maps\/d\/u\/3\/embed?mid=1_mUG2UdkYhzSUsJWxsg1YfdtTnU\" width=\"100%\" height=\"600\"><\/iframe><\/p>","protected":false},"excerpt":{"rendered":"<p>Busiga lamm, s\u00f6ta kycklingar eller glada grisar. Finns det n\u00e5got h\u00e4rligare att se \u00e4n djur som njuter av sol, v\u00e4rme och fr\u00e4scht gr\u00f6nt? V\u00e5rtid \u00e4r djurtid. F\u00f6r fj\u00e4rde \u00e5ret inbjuder n\u00e5gra av Fj\u00e4rdhundralands g\u00e5rdar till Djurens dag l\u00f6rdagen den 27 maj kl 11\u201316. \u00c5k runt\u00a0och klappa, gossa, upplev p\u00e5 denna runda mellan n\u00e5gra av\u00a0Fj\u00e4rdhundralands g\u00e5rdar! [&hellip;]<\/p>\n","protected":false},"author":4,"featured_media":4105,"parent":2163,"menu_order":26,"comment_status":"closed","ping_status":"closed","template":"","meta":{"_acf_changed":false,"_relevanssi_hide_post":"","_relevanssi_hide_content":"","_relevanssi_pin_for_all":"","_relevanssi_pin_keywords":"","_relevanssi_unpin_keywords":"","_relevanssi_related_keywords":"","_relevanssi_related_include_ids":"","_relevanssi_related_exclude_ids":"","_relevanssi_related_no_append":"","_relevanssi_related_not_related":"","_relevanssi_related_posts":"","_relevanssi_noindex_reason":"","_genesis_hide_title":false,"_genesis_hide_breadcrumbs":false,"_genesis_hide_singular_image":false,"_genesis_hide_footer_widgets":false,"_genesis_custom_body_class":"","_genesis_custom_post_class":"","_genesis_layout":"","footnotes":""},"categories":[],"tags":[],"class_list":{"0":"post-3963","1":"page","2":"type-page","3":"status-publish","4":"has-post-thumbnail","6":"entry"},"acf":[],"visa":null,"geo_latitude":null,"geo_longitude":null,"featured_image_src":"https:\/\/www.fjardhundraland.se\/wp-content\/uploads\/2017\/02\/18157411_1484046814959071_3875511745731358846_n.jpg","featured_image_src_square":"https:\/\/www.fjardhundraland.se\/wp-content\/uploads\/2017\/02\/18157411_1484046814959071_3875511745731358846_n.jpg","jetpack-related-posts":[{"id":4517,"url":"https:\/\/www.fjardhundraland.se\/nl\/evenemang-rundor\/rebusrundan10\/barnrebusrundan\/","url_meta":{"origin":3963,"position":0},"title":"Bustour voor kinderen","author":"Ylva Fontell","date":"23 juli 2017","format":false,"excerpt":"Twaalf locaties op de rebusroute hebben de jongste leden van het gezin in gedachten. Er zijn speciale raadsels voor kinderen van 5 tot 11 jaar. Bij elke halte kun je ook iets leuks doen: bij de Gele Stallen laat Ojja de hond de kinderen de konijnen, eenden en kippen van de stallen zien. Het vrolijke schaap heeft...","rel":"","context":"Soortgelijk bericht","block_context":{"text":"Soortgelijk bericht","link":""},"img":{"alt_text":"","src":"https:\/\/i0.wp.com\/www.fjardhundraland.se\/wp-content\/uploads\/2017\/07\/algar.jpg?resize=350%2C200&ssl=1","width":350,"height":200,"srcset":"https:\/\/i0.wp.com\/www.fjardhundraland.se\/wp-content\/uploads\/2017\/07\/algar.jpg?resize=350%2C200&ssl=1 1x, https:\/\/i0.wp.com\/www.fjardhundraland.se\/wp-content\/uploads\/2017\/07\/algar.jpg?resize=525%2C300&ssl=1 1.5x, https:\/\/i0.wp.com\/www.fjardhundraland.se\/wp-content\/uploads\/2017\/07\/algar.jpg?resize=700%2C400&ssl=1 2x, https:\/\/i0.wp.com\/www.fjardhundraland.se\/wp-content\/uploads\/2017\/07\/algar.jpg?resize=1050%2C600&ssl=1 3x, https:\/\/i0.wp.com\/www.fjardhundraland.se\/wp-content\/uploads\/2017\/07\/algar.jpg?resize=1400%2C800&ssl=1 4x"},"classes":[]},{"id":4530,"url":"https:\/\/www.fjardhundraland.se\/nl\/evenemang-rundor\/rebusrundan10\/uppsalarundan-med-12-stopp\/","url_meta":{"origin":3963,"position":1},"title":"Uppsalaour met 12 stops","author":"Ylva Fontell","date":"25 juli 2017","format":false,"excerpt":"Dit is een routesuggestie voor de Rebus-ronde die geschikt is voor degenen die van Uppsala komen. De route loopt door het agrarische landschap van Fj\u00e4rdhundraland gemengd met bos en prachtige valleien. Er staan je veel mooie natuurbelevenissen te wachten! Je vindt er ambachtelijk voedsel in verschillende vormen, zoals kazen, jam, vleeswaren en gebak. Je kunt er ook eieren, bloemen en tuinplanten kopen....","rel":"","context":"Soortgelijk bericht","block_context":{"text":"Soortgelijk bericht","link":""},"img":{"alt_text":"","src":"","width":0,"height":0},"classes":[]},{"id":4533,"url":"https:\/\/www.fjardhundraland.se\/nl\/evenemang-rundor\/rebusrundan10\/vasterasrundan-med-12-stopp\/","url_meta":{"origin":3963,"position":2},"title":"V\u00e4ster\u00e5s rondreis met 12 stops","author":"Ylva Fontell","date":"25 juli 2017","format":false,"excerpt":"Dit is een routesuggestie voor Rebusrundan die geschikt is voor diegenen die vanuit V\u00e4ster\u00e5s komen. De route loopt door het agrarische landschap van Fj\u00e4rdhundraland gemengd met bos en prachtige valleien. Er staan je veel mooie natuurbelevenissen te wachten! Een ronde met van alles en nog wat, van interieur tot oude auto's!  Voedselambachten in verschillende vormen zoals kalfsdans en chocolade. Verkoop van...","rel":"","context":"Soortgelijk bericht","block_context":{"text":"Soortgelijk bericht","link":""},"img":{"alt_text":"","src":"","width":0,"height":0},"classes":[]},{"id":1805,"url":"https:\/\/www.fjardhundraland.se\/nl\/om-fjardhundraland\/medlemmar\/","url_meta":{"origin":3963,"position":3},"title":"Leden","author":"Ylva Fontell","date":"28 februari 2014","format":false,"excerpt":"...Wood Shop Thorsvi Farm Tibble Old School Torstuna Hembygdsf\u00f6rening Tr\u00e4dg\u00e5rdsturism i Enk\u00f6ping med Pr\u00e4stg\u00e5rdsflygeln Tullens Gr\u00f6nska Tuna Tr\u00e4dg\u00e5rd T\u00e4rna bygdeg\u00e5rdsf\u00f6rening Uppdrag Kultur \/Eva Wrede Vagabond Haven AB Var Dags Rum...","rel":"","context":"Soortgelijk bericht","block_context":{"text":"Soortgelijk bericht","link":""},"img":{"alt_text":"","src":"","width":0,"height":0},"classes":[]},{"id":20251,"url":"https:\/\/www.fjardhundraland.se\/nl\/inlagg\/2026\/pask-i-fjardhundraland\/","url_meta":{"origin":3963,"position":4},"title":"Pasen in Fj\u00e4rdhundraland","author":"Marloes","date":"18 maart 2026","format":false,"excerpt":"De beste manier om de lente te beleven is op het platteland dichtbij de stad. Dat is de stellige mening van veel Fj\u00e4rdhundraland-leden. Want dicht bij de natuur, in een glooiend cultuurlandschap met boerderijwinkels, pottenbakkerswerkplaatsen en caf\u00e9s, hoor je de vogels in de lente nog beter fluiten en ruik je de kruidige geur van de aarde die tot leven komt. En dat...","rel":"","context":"Soortgelijk bericht","block_context":{"text":"Soortgelijk bericht","link":""},"img":{"alt_text":"","src":"https:\/\/i0.wp.com\/www.fjardhundraland.se\/wp-content\/uploads\/2021\/04\/pask-i-fjardhundraland-tupp-och-hona.jpg?resize=350%2C200&ssl=1","width":350,"height":200,"srcset":"https:\/\/i0.wp.com\/www.fjardhundraland.se\/wp-content\/uploads\/2021\/04\/pask-i-fjardhundraland-tupp-och-hona.jpg?resize=350%2C200&ssl=1 1x, https:\/\/i0.wp.com\/www.fjardhundraland.se\/wp-content\/uploads\/2021\/04\/pask-i-fjardhundraland-tupp-och-hona.jpg?resize=525%2C300&ssl=1 1.5x, https:\/\/i0.wp.com\/www.fjardhundraland.se\/wp-content\/uploads\/2021\/04\/pask-i-fjardhundraland-tupp-och-hona.jpg?resize=700%2C400&ssl=1 2x, https:\/\/i0.wp.com\/www.fjardhundraland.se\/wp-content\/uploads\/2021\/04\/pask-i-fjardhundraland-tupp-och-hona.jpg?resize=1050%2C600&ssl=1 3x, https:\/\/i0.wp.com\/www.fjardhundraland.se\/wp-content\/uploads\/2021\/04\/pask-i-fjardhundraland-tupp-och-hona.jpg?resize=1400%2C800&ssl=1 4x"},"classes":[]},{"id":2163,"url":"https:\/\/www.fjardhundraland.se\/nl\/evenemang-rundor\/","url_meta":{"origin":3963,"position":5},"title":"Evenementen 2026","author":"Mats Thorburn","date":"4 april 2014","format":false,"excerpt":"INHOUD","rel":"","context":"Soortgelijk bericht","block_context":{"text":"Soortgelijk bericht","link":""},"img":{"alt_text":"Loppisrundan p\u00e5 Dunderbo ljus & hantverk","src":"https:\/\/i0.wp.com\/www.fjardhundraland.se\/wp-content\/uploads\/2021\/06\/dunderbo-ljus-hantverk-loppisrundan2019juli06-15.jpg?resize=350%2C200&ssl=1","width":350,"height":200,"srcset":"https:\/\/i0.wp.com\/www.fjardhundraland.se\/wp-content\/uploads\/2021\/06\/dunderbo-ljus-hantverk-loppisrundan2019juli06-15.jpg?resize=350%2C200&ssl=1 1x, https:\/\/i0.wp.com\/www.fjardhundraland.se\/wp-content\/uploads\/2021\/06\/dunderbo-ljus-hantverk-loppisrundan2019juli06-15.jpg?resize=525%2C300&ssl=1 1.5x, https:\/\/i0.wp.com\/www.fjardhundraland.se\/wp-content\/uploads\/2021\/06\/dunderbo-ljus-hantverk-loppisrundan2019juli06-15.jpg?resize=700%2C400&ssl=1 2x, https:\/\/i0.wp.com\/www.fjardhundraland.se\/wp-content\/uploads\/2021\/06\/dunderbo-ljus-hantverk-loppisrundan2019juli06-15.jpg?resize=1050%2C600&ssl=1 3x, https:\/\/i0.wp.com\/www.fjardhundraland.se\/wp-content\/uploads\/2021\/06\/dunderbo-ljus-hantverk-loppisrundan2019juli06-15.jpg?resize=1400%2C800&ssl=1 4x"},"classes":[]}],"jetpack_sharing_enabled":true,"_links":{"self":[{"href":"https:\/\/www.fjardhundraland.se\/nl\/wp-json\/wp\/v2\/pages\/3963","targetHints":{"allow":["GET"]}}],"collection":[{"href":"https:\/\/www.fjardhundraland.se\/nl\/wp-json\/wp\/v2\/pages"}],"about":[{"href":"https:\/\/www.fjardhundraland.se\/nl\/wp-json\/wp\/v2\/types\/page"}],"author":[{"embeddable":true,"href":"https:\/\/www.fjardhundraland.se\/nl\/wp-json\/wp\/v2\/users\/4"}],"replies":[{"embeddable":true,"href":"https:\/\/www.fjardhundraland.se\/nl\/wp-json\/wp\/v2\/comments?post=3963"}],"version-history":[{"count":0,"href":"https:\/\/www.fjardhundraland.se\/nl\/wp-json\/wp\/v2\/pages\/3963\/revisions"}],"up":[{"embeddable":true,"href":"https:\/\/www.fjardhundraland.se\/nl\/wp-json\/wp\/v2\/pages\/2163"}],"wp:featuredmedia":[{"embeddable":true,"href":"https:\/\/www.fjardhundraland.se\/nl\/wp-json\/wp\/v2\/media\/4105"}],"wp:attachment":[{"href":"https:\/\/www.fjardhundraland.se\/nl\/wp-json\/wp\/v2\/media?parent=3963"}],"wp:term":[{"taxonomy":"category","embeddable":true,"href":"https:\/\/www.fjardhundraland.se\/nl\/wp-json\/wp\/v2\/categories?post=3963"},{"taxonomy":"post_tag","embeddable":true,"href":"https:\/\/www.fjardhundraland.se\/nl\/wp-json\/wp\/v2\/tags?post=3963"}],"curies":[{"name":"wp","href":"https:\/\/api.w.org\/{rel}","templated":true}]}}