
{"id":2942,"date":"2015-09-26T18:50:56","date_gmt":"2015-09-26T16:50:56","guid":{"rendered":"http:\/\/www.fjardhundraland.se\/?page_id=2942"},"modified":"2015-09-26T18:56:53","modified_gmt":"2015-09-26T16:56:53","slug":"enkat-voedsel-maniskor","status":"publish","type":"page","link":"https:\/\/www.fjardhundraland.se\/nl\/evenementen\/voedsel-mensen\/enkat-voedsel-maniskor\/","title":{"rendered":"Voedsel &amp; Mensen onderzoek"},"content":{"rendered":"<p>[gravityform id=&#8221;6&#8243; title=&#8221;false&#8221; description=&#8221;true&#8221;]<\/p>\n<p>Tack f\u00f6r hj\u00e4lpen! Vi v\u00e4ljer ut n\u00e5gra vinnare bland de inl\u00e4mnade synpunkterna och meddelar per e-post och h\u00e4r p\u00e5 webbsidan senast 15 oktober.<\/p>\n","protected":false},"excerpt":{"rendered":"<p>[gravityform id=&#8221;6&#8243; title=&#8221;false&#8221; description=&#8221;true&#8221;] Tack f\u00f6r hj\u00e4lpen! Vi v\u00e4ljer ut n\u00e5gra vinnare bland de inl\u00e4mnade synpunkterna och meddelar per e-post och h\u00e4r p\u00e5 webbsidan senast 15 oktober.<\/p>\n","protected":false},"author":1,"featured_media":0,"parent":2738,"menu_order":16,"comment_status":"closed","ping_status":"closed","template":"","meta":{"_acf_changed":false,"_relevanssi_hide_post":"","_relevanssi_hide_content":"","_relevanssi_pin_for_all":"","_relevanssi_pin_keywords":"","_relevanssi_unpin_keywords":"","_relevanssi_related_keywords":"","_relevanssi_related_include_ids":"","_relevanssi_related_exclude_ids":"","_relevanssi_related_no_append":"","_relevanssi_related_not_related":"","_relevanssi_related_posts":"","_relevanssi_noindex_reason":"","_genesis_hide_title":false,"_genesis_hide_breadcrumbs":false,"_genesis_hide_singular_image":false,"_genesis_hide_footer_widgets":false,"_genesis_custom_body_class":"","_genesis_custom_post_class":"","_genesis_layout":"","footnotes":""},"categories":[],"tags":[],"class_list":{"0":"post-2942","1":"page","2":"type-page","3":"status-publish","5":"entry"},"acf":[],"visa":null,"geo_latitude":null,"geo_longitude":null,"featured_image_src":null,"featured_image_src_square":null,"jetpack-related-posts":[],"jetpack_sharing_enabled":true,"_links":{"self":[{"href":"https:\/\/www.fjardhundraland.se\/nl\/wp-json\/wp\/v2\/pages\/2942","targetHints":{"allow":["GET"]}}],"collection":[{"href":"https:\/\/www.fjardhundraland.se\/nl\/wp-json\/wp\/v2\/pages"}],"about":[{"href":"https:\/\/www.fjardhundraland.se\/nl\/wp-json\/wp\/v2\/types\/page"}],"author":[{"embeddable":true,"href":"https:\/\/www.fjardhundraland.se\/nl\/wp-json\/wp\/v2\/users\/1"}],"replies":[{"embeddable":true,"href":"https:\/\/www.fjardhundraland.se\/nl\/wp-json\/wp\/v2\/comments?post=2942"}],"version-history":[{"count":0,"href":"https:\/\/www.fjardhundraland.se\/nl\/wp-json\/wp\/v2\/pages\/2942\/revisions"}],"up":[{"embeddable":true,"href":"https:\/\/www.fjardhundraland.se\/nl\/wp-json\/wp\/v2\/pages\/2738"}],"wp:attachment":[{"href":"https:\/\/www.fjardhundraland.se\/nl\/wp-json\/wp\/v2\/media?parent=2942"}],"wp:term":[{"taxonomy":"category","embeddable":true,"href":"https:\/\/www.fjardhundraland.se\/nl\/wp-json\/wp\/v2\/categories?post=2942"},{"taxonomy":"post_tag","embeddable":true,"href":"https:\/\/www.fjardhundraland.se\/nl\/wp-json\/wp\/v2\/tags?post=2942"}],"curies":[{"name":"wp","href":"https:\/\/api.w.org\/{rel}","templated":true}]}}