
{"id":2795,"date":"2015-08-01T11:41:41","date_gmt":"2015-08-01T09:41:41","guid":{"rendered":"http:\/\/www.fjardhundraland.se\/?page_id=2795"},"modified":"2026-02-05T15:54:58","modified_gmt":"2026-02-05T14:54:58","slug":"antwoordformulier-rebus-ronde","status":"publish","type":"page","link":"https:\/\/www.fjardhundraland.se\/nl\/evenementen\/rebus-ronde10\/antwoordformulier-rebus-ronde\/","title":{"rendered":"Antwoordformulier Rebusronde"},"content":{"rendered":"<p>Bedankt voor je deelname aan de Rebusronde 2015! Je kunt nu geen antwoorden meer inzenden. <a href=\"https:\/\/www.fjardhundraland.se\/nl\/2015\/08\/winnaars-van-de-rebusronde-2015\/\">Kijk hier wie er gewonnen heeft!<\/a><\/p>","protected":false},"excerpt":{"rendered":"<p>Bedankt voor je deelname aan de Rebusronde 2015! Je kunt nu geen antwoorden meer inzenden. Kijk hier wie er gewonnen heeft!<\/p>","protected":false},"author":1,"featured_media":0,"parent":2394,"menu_order":24,"comment_status":"open","ping_status":"open","template":"","meta":{"_acf_changed":false,"_relevanssi_hide_post":"on","_relevanssi_hide_content":"","_relevanssi_pin_for_all":"","_relevanssi_pin_keywords":"","_relevanssi_unpin_keywords":"","_relevanssi_related_keywords":"","_relevanssi_related_include_ids":"","_relevanssi_related_exclude_ids":"","_relevanssi_related_no_append":"","_relevanssi_related_not_related":"","_relevanssi_related_posts":"","_relevanssi_noindex_reason":"Rank Math Uteslut fr\u00e5n Relevanssi index","_genesis_hide_title":false,"_genesis_hide_breadcrumbs":false,"_genesis_hide_singular_image":false,"_genesis_hide_footer_widgets":false,"_genesis_custom_body_class":"","_genesis_custom_post_class":"","_genesis_layout":"","footnotes":""},"categories":[],"tags":[],"class_list":{"0":"post-2795","1":"page","2":"type-page","3":"status-publish","5":"entry"},"acf":[],"visa":null,"geo_latitude":null,"geo_longitude":null,"featured_image_src":null,"featured_image_src_square":null,"jetpack-related-posts":[{"id":4517,"url":"https:\/\/www.fjardhundraland.se\/nl\/evenementen\/rebus-ronde10\/de-busreis-voor-kinderen\/","url_meta":{"origin":2795,"position":0},"title":"Bustour voor kinderen","author":"Ylva Fontell","date":"23 juli 2017","format":false,"excerpt":"Twaalf locaties op de rebusroute hebben de jongste leden van het gezin in gedachten. Er zijn speciale raadsels voor kinderen van 5 tot 11 jaar. Bij elke halte kun je ook iets leuks doen: bij de Gele Stallen laat Ojja de hond de kinderen de konijnen, eenden en kippen van de stallen zien. Het vrolijke schaap heeft...","rel":"","context":"Soortgelijk bericht","block_context":{"text":"Soortgelijk bericht","link":""},"img":{"alt_text":"","src":"https:\/\/i0.wp.com\/www.fjardhundraland.se\/wp-content\/uploads\/2017\/07\/algar.jpg?resize=350%2C200&ssl=1","width":350,"height":200,"srcset":"https:\/\/i0.wp.com\/www.fjardhundraland.se\/wp-content\/uploads\/2017\/07\/algar.jpg?resize=350%2C200&ssl=1 1x, https:\/\/i0.wp.com\/www.fjardhundraland.se\/wp-content\/uploads\/2017\/07\/algar.jpg?resize=525%2C300&ssl=1 1.5x, https:\/\/i0.wp.com\/www.fjardhundraland.se\/wp-content\/uploads\/2017\/07\/algar.jpg?resize=700%2C400&ssl=1 2x, https:\/\/i0.wp.com\/www.fjardhundraland.se\/wp-content\/uploads\/2017\/07\/algar.jpg?resize=1050%2C600&ssl=1 3x, https:\/\/i0.wp.com\/www.fjardhundraland.se\/wp-content\/uploads\/2017\/07\/algar.jpg?resize=1400%2C800&ssl=1 4x"},"classes":[]},{"id":2394,"url":"https:\/\/www.fjardhundraland.se\/nl\/evenementen\/rebus-ronde10\/","url_meta":{"origin":2795,"position":1},"title":"De 2021 Rebus-ronde","author":"Mats Thorburn","date":"18 juni 2014","format":false,"excerpt":"Datum\/Tijd zondag 1 en 8 augustus 2021 om 11-17. Rebusrundan nodigt jou, je familie en vrienden uit voor een excursie in Fj\u00e4rdhundraland. Op twee zondagen in augustus zullen attracties en bedrijven open zijn - en iedereen is in voor een traktatie! Bezoek en los raadsels op, winkel, doe mee aan wedstrijden, eet &amp;...","rel":"","context":"Soortgelijk bericht","block_context":{"text":"Soortgelijk bericht","link":""},"img":{"alt_text":"","src":"https:\/\/i0.wp.com\/www.fjardhundraland.se\/wp-content\/uploads\/2018\/02\/rebusrundan.jpg?resize=350%2C200&ssl=1","width":350,"height":200,"srcset":"https:\/\/i0.wp.com\/www.fjardhundraland.se\/wp-content\/uploads\/2018\/02\/rebusrundan.jpg?resize=350%2C200&ssl=1 1x, https:\/\/i0.wp.com\/www.fjardhundraland.se\/wp-content\/uploads\/2018\/02\/rebusrundan.jpg?resize=525%2C300&ssl=1 1.5x, https:\/\/i0.wp.com\/www.fjardhundraland.se\/wp-content\/uploads\/2018\/02\/rebusrundan.jpg?resize=700%2C400&ssl=1 2x, https:\/\/i0.wp.com\/www.fjardhundraland.se\/wp-content\/uploads\/2018\/02\/rebusrundan.jpg?resize=1050%2C600&ssl=1 3x, https:\/\/i0.wp.com\/www.fjardhundraland.se\/wp-content\/uploads\/2018\/02\/rebusrundan.jpg?resize=1400%2C800&ssl=1 4x"},"classes":[]},{"id":4533,"url":"https:\/\/www.fjardhundraland.se\/nl\/evenementen\/rebus-ronde10\/rondreis-vasteras-met-12-stops\/","url_meta":{"origin":2795,"position":2},"title":"V\u00e4ster\u00e5s rondreis met 12 stops","author":"Ylva Fontell","date":"25 juli 2017","format":false,"excerpt":"Dit is een routesuggestie voor Rebusrundan die geschikt is voor diegenen die vanuit V\u00e4ster\u00e5s komen. De route loopt door het agrarische landschap van Fj\u00e4rdhundraland gemengd met bos en prachtige valleien. Er staan je veel mooie natuurbelevenissen te wachten! Een ronde met van alles en nog wat, van interieur tot oude auto's!  Voedselambachten in verschillende vormen zoals kalfsdans en chocolade. Verkoop van...","rel":"","context":"Soortgelijk bericht","block_context":{"text":"Soortgelijk bericht","link":""},"img":{"alt_text":"","src":"","width":0,"height":0},"classes":[]},{"id":4539,"url":"https:\/\/www.fjardhundraland.se\/nl\/evenementen\/rebus-ronde10\/balsta-stockholmsrundan-met-11-stops\/","url_meta":{"origin":2795,"position":3},"title":"B\u00e5lsta-Stockholm rondreis met 11 stops","author":"Ylva Fontell","date":"25 juli 2017","format":false,"excerpt":"Dit is een voorgestelde route voor Rebusrundan die geschikt is voor diegenen die vanuit Stockholm komen. De route loopt door het agrarische landschap van Fj\u00e4rdhundraland gemengd met bossen en prachtige valleien. Er staan je veel mooie natuurbelevenissen te wachten! Er zijn verschillende stops met ambachtelijk biologisch voedsel, zoals kazen, jam, vleeswaren, appelsap en gebak. Je kunt ook eieren, bloemen en tuinplanten kopen ....","rel":"","context":"Soortgelijk bericht","block_context":{"text":"Soortgelijk bericht","link":""},"img":{"alt_text":"","src":"","width":0,"height":0},"classes":[]},{"id":4537,"url":"https:\/\/www.fjardhundraland.se\/nl\/evenementen\/rebus-ronde10\/sala-hebyrundan-met-13-stops\/","url_meta":{"origin":2795,"position":4},"title":"Sala-Hebyrundan met 13 stops","author":"Ylva Fontell","date":"25 juli 2017","format":false,"excerpt":"Dit is een routesuggestie voor Rebusrundan die geschikt is voor diegenen die van Sala of Heby komen. De route loopt door het agrarische landschap van Fj\u00e4rdhundraland gemengd met bos en prachtige valleien. Er staan je veel mooie natuurbelevenissen te wachten! Verschillende stops hebben veel geschiedenis te vertellen over runenstenen, soldatendorpen en oude dorpsscholen. Op verschillende plaatsen zijn ecologische...","rel":"","context":"Soortgelijk bericht","block_context":{"text":"Soortgelijk bericht","link":""},"img":{"alt_text":"","src":"","width":0,"height":0},"classes":[]},{"id":4530,"url":"https:\/\/www.fjardhundraland.se\/nl\/evenementen\/rebus-ronde10\/de-uppsala-rondreis-met-12-stops\/","url_meta":{"origin":2795,"position":5},"title":"Uppsalaour met 12 stops","author":"Ylva Fontell","date":"25 juli 2017","format":false,"excerpt":"Dit is een routesuggestie voor de Rebus-ronde die geschikt is voor degenen die van Uppsala komen. De route loopt door het agrarische landschap van Fj\u00e4rdhundraland gemengd met bos en prachtige valleien. Er staan je veel mooie natuurbelevenissen te wachten! Je vindt er ambachtelijk voedsel in verschillende vormen, zoals kazen, jam, vleeswaren en gebak. Je kunt er ook eieren, bloemen en tuinplanten kopen....","rel":"","context":"Soortgelijk bericht","block_context":{"text":"Soortgelijk bericht","link":""},"img":{"alt_text":"","src":"","width":0,"height":0},"classes":[]}],"jetpack_sharing_enabled":true,"_links":{"self":[{"href":"https:\/\/www.fjardhundraland.se\/nl\/wp-json\/wp\/v2\/pages\/2795","targetHints":{"allow":["GET"]}}],"collection":[{"href":"https:\/\/www.fjardhundraland.se\/nl\/wp-json\/wp\/v2\/pages"}],"about":[{"href":"https:\/\/www.fjardhundraland.se\/nl\/wp-json\/wp\/v2\/types\/page"}],"author":[{"embeddable":true,"href":"https:\/\/www.fjardhundraland.se\/nl\/wp-json\/wp\/v2\/users\/1"}],"replies":[{"embeddable":true,"href":"https:\/\/www.fjardhundraland.se\/nl\/wp-json\/wp\/v2\/comments?post=2795"}],"version-history":[{"count":1,"href":"https:\/\/www.fjardhundraland.se\/nl\/wp-json\/wp\/v2\/pages\/2795\/revisions"}],"predecessor-version":[{"id":19803,"href":"https:\/\/www.fjardhundraland.se\/nl\/wp-json\/wp\/v2\/pages\/2795\/revisions\/19803"}],"up":[{"embeddable":true,"href":"https:\/\/www.fjardhundraland.se\/nl\/wp-json\/wp\/v2\/pages\/2394"}],"wp:attachment":[{"href":"https:\/\/www.fjardhundraland.se\/nl\/wp-json\/wp\/v2\/media?parent=2795"}],"wp:term":[{"taxonomy":"category","embeddable":true,"href":"https:\/\/www.fjardhundraland.se\/nl\/wp-json\/wp\/v2\/categories?post=2795"},{"taxonomy":"post_tag","embeddable":true,"href":"https:\/\/www.fjardhundraland.se\/nl\/wp-json\/wp\/v2\/tags?post=2795"}],"curies":[{"name":"wp","href":"https:\/\/api.w.org\/{rel}","templated":true}]}}