
{"id":2738,"date":"2015-07-15T23:25:59","date_gmt":"2015-07-15T21:25:59","guid":{"rendered":"http:\/\/www.fjardhundraland.se\/?page_id=2738"},"modified":"2025-08-29T12:08:35","modified_gmt":"2025-08-29T10:08:35","slug":"voedsel-mensen","status":"publish","type":"page","link":"https:\/\/www.fjardhundraland.se\/nl\/evenemang-rundor\/mat-manniskor\/","title":{"rendered":"Eten &amp; mensen - de voedselreis"},"content":{"rendered":"<p class=\"has-medium-font-size\"><strong>Eten &amp; Mensen - <\/strong>weekend van 20-21 september 2025, 11-17<\/p>\n\n\n\n<p>Ruiken, proeven, kijken, genieten - Food &amp; People is de tour voor alle zintuigen waarbij eten en mensen centraal staan.<\/p>\n\n\n\n<p>Lees meer op <a href=\"https:\/\/www.fjardhundraland.se\/nl\/matomanniskor\/\">https:\/\/www.fjardhundraland.se\/matomanniskor\/<\/a><\/p>","protected":false},"excerpt":{"rendered":"<p>Food &amp; People - weekend 20-21 september 2025 om 11-17 Ruiken, proeven, kijken, genieten - Food &amp; People is de ronde voor alle zintuigen waar eten en mensen centraal staan. Lees meer op https:\/\/www.fjardhundraland.se\/matomanniskor\/<\/p>","protected":false},"author":1,"featured_media":5371,"parent":2163,"menu_order":15,"comment_status":"closed","ping_status":"closed","template":"","meta":{"_acf_changed":false,"_relevanssi_hide_post":"","_relevanssi_hide_content":"","_relevanssi_pin_for_all":"","_relevanssi_pin_keywords":"","_relevanssi_unpin_keywords":"","_relevanssi_related_keywords":"","_relevanssi_related_include_ids":"","_relevanssi_related_exclude_ids":"","_relevanssi_related_no_append":"","_relevanssi_related_not_related":"","_relevanssi_related_posts":"7284,16533,16405,4687,5416,3568","_relevanssi_noindex_reason":"","_genesis_hide_title":false,"_genesis_hide_breadcrumbs":false,"_genesis_hide_singular_image":false,"_genesis_hide_footer_widgets":false,"_genesis_custom_body_class":"","_genesis_custom_post_class":"","_genesis_layout":"","footnotes":""},"categories":[],"tags":[],"class_list":{"0":"post-2738","1":"page","2":"type-page","3":"status-publish","4":"has-post-thumbnail","6":"entry"},"acf":[],"visa":null,"geo_latitude":null,"geo_longitude":null,"featured_image_src":"https:\/\/www.fjardhundraland.se\/wp-content\/uploads\/2018\/08\/mat-och-macc88nniskor-header.jpg","featured_image_src_square":"https:\/\/www.fjardhundraland.se\/wp-content\/uploads\/2018\/08\/mat-och-macc88nniskor-header.jpg","jetpack-related-posts":[{"id":2942,"url":"https:\/\/www.fjardhundraland.se\/nl\/evenemang-rundor\/mat-manniskor\/enkat-mat-manniskor\/","url_meta":{"origin":2738,"position":0},"title":"Voedsel &amp; Mensen onderzoek","author":"Mats Thorburn","date":"26 september 2015","format":false,"excerpt":"[gravityform id=\"6\" title=\"false\" description=\"true\"] Tack f\u00f6r hj\u00e4lpen! Vi v\u00e4ljer ut n\u00e5gra vinnare bland de inl\u00e4mnade synpunkterna och meddelar per e-post och h\u00e4r p\u00e5 webbsidan senast 15 oktober.","rel":"","context":"Soortgelijk bericht","block_context":{"text":"Soortgelijk bericht","link":""},"img":{"alt_text":"","src":"","width":0,"height":0},"classes":[]},{"id":2163,"url":"https:\/\/www.fjardhundraland.se\/nl\/evenemang-rundor\/","url_meta":{"origin":2738,"position":1},"title":"Evenementen 2026","author":"Mats Thorburn","date":"4 april 2014","format":false,"excerpt":"INHOUD","rel":"","context":"Soortgelijk bericht","block_context":{"text":"Soortgelijk bericht","link":""},"img":{"alt_text":"Loppisrundan p\u00e5 Dunderbo ljus & hantverk","src":"https:\/\/i0.wp.com\/www.fjardhundraland.se\/wp-content\/uploads\/2021\/06\/dunderbo-ljus-hantverk-loppisrundan2019juli06-15.jpg?resize=350%2C200&ssl=1","width":350,"height":200,"srcset":"https:\/\/i0.wp.com\/www.fjardhundraland.se\/wp-content\/uploads\/2021\/06\/dunderbo-ljus-hantverk-loppisrundan2019juli06-15.jpg?resize=350%2C200&ssl=1 1x, https:\/\/i0.wp.com\/www.fjardhundraland.se\/wp-content\/uploads\/2021\/06\/dunderbo-ljus-hantverk-loppisrundan2019juli06-15.jpg?resize=525%2C300&ssl=1 1.5x, https:\/\/i0.wp.com\/www.fjardhundraland.se\/wp-content\/uploads\/2021\/06\/dunderbo-ljus-hantverk-loppisrundan2019juli06-15.jpg?resize=700%2C400&ssl=1 2x, https:\/\/i0.wp.com\/www.fjardhundraland.se\/wp-content\/uploads\/2021\/06\/dunderbo-ljus-hantverk-loppisrundan2019juli06-15.jpg?resize=1050%2C600&ssl=1 3x, https:\/\/i0.wp.com\/www.fjardhundraland.se\/wp-content\/uploads\/2021\/06\/dunderbo-ljus-hantverk-loppisrundan2019juli06-15.jpg?resize=1400%2C800&ssl=1 4x"},"classes":[]},{"id":18106,"url":"https:\/\/www.fjardhundraland.se\/nl\/magasin-fjardhundraland\/","url_meta":{"origin":2738,"position":2},"title":"Tijdschrift Fj\u00e4rdhundraland","author":"Mats Thorburn","date":"3 mei 2025","format":false,"excerpt":"Fj\u00e4rdhundraland magazine en kaart Het magazine van dit jaar is nu beschikbaar, samen met een bijgewerkte papieren kaart. Het Fj\u00e4rdhundraland magazine vertelt de verhalen van de mensen die bedrijven runnen in het gebied, en de plaatsen die ze bezoeken. Elk nummer bevat artikelen over eten, koffie, tuinieren, ambachten, cultuur en geschiedenis. Samen met het magazine hebben we een kaart gemaakt, waarop je...","rel":"","context":"Soortgelijk bericht","block_context":{"text":"Soortgelijk bericht","link":""},"img":{"alt_text":"","src":"https:\/\/i0.wp.com\/www.fjardhundraland.se\/wp-content\/uploads\/2025\/05\/magasin-2025-framsida.jpg?resize=350%2C200&ssl=1","width":350,"height":200,"srcset":"https:\/\/i0.wp.com\/www.fjardhundraland.se\/wp-content\/uploads\/2025\/05\/magasin-2025-framsida.jpg?resize=350%2C200&ssl=1 1x, https:\/\/i0.wp.com\/www.fjardhundraland.se\/wp-content\/uploads\/2025\/05\/magasin-2025-framsida.jpg?resize=525%2C300&ssl=1 1.5x, https:\/\/i0.wp.com\/www.fjardhundraland.se\/wp-content\/uploads\/2025\/05\/magasin-2025-framsida.jpg?resize=700%2C400&ssl=1 2x, https:\/\/i0.wp.com\/www.fjardhundraland.se\/wp-content\/uploads\/2025\/05\/magasin-2025-framsida.jpg?resize=1050%2C600&ssl=1 3x, https:\/\/i0.wp.com\/www.fjardhundraland.se\/wp-content\/uploads\/2025\/05\/magasin-2025-framsida.jpg?resize=1400%2C800&ssl=1 4x"},"classes":[]},{"id":5231,"url":"https:\/\/www.fjardhundraland.se\/nl\/cykla\/","url_meta":{"origin":2738,"position":3},"title":"Fietsen op het platteland dichtbij natuur en cultuur","author":"Mats Thorburn","date":"28 juni 2018","format":false,"excerpt":"Fietsen over kleine weggetjes in de buurt van Stockholm, Uppsala en V\u00e4ster\u00e5s Uitzichten, caf\u00e9s, lekker eten, bezienswaardigheden - maar bovenal deze kronkelende kleine weggetjes door een prachtig agrarisch landschap, begeleid door vogelgezang en de vleugels van de geschiedenis! Fj\u00e4rdhundraland verwelkomt je als fietser. Kleine wegen zijn overal, en dat is geen toeval. Mensen in de oudheid en middeleeuwen reisden te voet en...","rel":"","context":"In &quot;Cykling&quot;","block_context":{"text":"Cykling","link":"https:\/\/www.fjardhundraland.se\/nl\/cykling\/"},"img":{"alt_text":"Cyklar parkerade framf\u00f6r Nys\u00e4tra kyrka","src":"https:\/\/i0.wp.com\/www.fjardhundraland.se\/wp-content\/uploads\/2018\/06\/cykling.jpg?resize=350%2C200&ssl=1","width":350,"height":200,"srcset":"https:\/\/i0.wp.com\/www.fjardhundraland.se\/wp-content\/uploads\/2018\/06\/cykling.jpg?resize=350%2C200&ssl=1 1x, https:\/\/i0.wp.com\/www.fjardhundraland.se\/wp-content\/uploads\/2018\/06\/cykling.jpg?resize=525%2C300&ssl=1 1.5x, https:\/\/i0.wp.com\/www.fjardhundraland.se\/wp-content\/uploads\/2018\/06\/cykling.jpg?resize=700%2C400&ssl=1 2x, https:\/\/i0.wp.com\/www.fjardhundraland.se\/wp-content\/uploads\/2018\/06\/cykling.jpg?resize=1050%2C600&ssl=1 3x, https:\/\/i0.wp.com\/www.fjardhundraland.se\/wp-content\/uploads\/2018\/06\/cykling.jpg?resize=1400%2C800&ssl=1 4x"},"classes":[]},{"id":7312,"url":"https:\/\/www.fjardhundraland.se\/nl\/om-fjardhundraland\/fjardhundraland-ekonomisk-forening\/bli-medlem\/","url_meta":{"origin":2738,"position":4},"title":"Lid worden","author":"Mats Thorburn","date":"8 september 2020","format":false,"excerpt":"Welkom als lid van Fj\u00e4rdhundraland economische vereniging! Het feit dat je lid wordt, versterkt ons gezamenlijke netwerk en zorgt ervoor dat we onze bezoekers nog beter van dienst kunnen zijn. Vul hier het aanmeldingsformulier in. Tien goede redenen om lid te worden Je vindt het belangrijk om samen te werken. 1+1=3.Je...","rel":"","context":"Soortgelijk bericht","block_context":{"text":"Soortgelijk bericht","link":""},"img":{"alt_text":"","src":"","width":0,"height":0},"classes":[]},{"id":4572,"url":"https:\/\/www.fjardhundraland.se\/nl\/evenemang-rundor\/rebusrundan10\/navigera-med-google-maps\/","url_meta":{"origin":2738,"position":5},"title":"Navigeren met Google Maps","author":"Ylva Fontell","date":"26 juli 2017","format":false,"excerpt":"Er zijn veel kronkelige achterafweggetjes in Fj\u00e4rdhundraland. Ze zijn mooi en maken deel uit van de reis, maar soms is het moeilijk om te weten welke weg de juiste is om op je bestemming te komen. Navigeren met Google Maps helpt je de weg te vinden. Zo doe je dat: Open de...","rel":"","context":"Soortgelijk bericht","block_context":{"text":"Soortgelijk bericht","link":""},"img":{"alt_text":"","src":"","width":0,"height":0},"classes":[]}],"jetpack_sharing_enabled":true,"_links":{"self":[{"href":"https:\/\/www.fjardhundraland.se\/nl\/wp-json\/wp\/v2\/pages\/2738","targetHints":{"allow":["GET"]}}],"collection":[{"href":"https:\/\/www.fjardhundraland.se\/nl\/wp-json\/wp\/v2\/pages"}],"about":[{"href":"https:\/\/www.fjardhundraland.se\/nl\/wp-json\/wp\/v2\/types\/page"}],"author":[{"embeddable":true,"href":"https:\/\/www.fjardhundraland.se\/nl\/wp-json\/wp\/v2\/users\/1"}],"replies":[{"embeddable":true,"href":"https:\/\/www.fjardhundraland.se\/nl\/wp-json\/wp\/v2\/comments?post=2738"}],"version-history":[{"count":1,"href":"https:\/\/www.fjardhundraland.se\/nl\/wp-json\/wp\/v2\/pages\/2738\/revisions"}],"predecessor-version":[{"id":18818,"href":"https:\/\/www.fjardhundraland.se\/nl\/wp-json\/wp\/v2\/pages\/2738\/revisions\/18818"}],"up":[{"embeddable":true,"href":"https:\/\/www.fjardhundraland.se\/nl\/wp-json\/wp\/v2\/pages\/2163"}],"wp:featuredmedia":[{"embeddable":true,"href":"https:\/\/www.fjardhundraland.se\/nl\/wp-json\/wp\/v2\/media\/5371"}],"wp:attachment":[{"href":"https:\/\/www.fjardhundraland.se\/nl\/wp-json\/wp\/v2\/media?parent=2738"}],"wp:term":[{"taxonomy":"category","embeddable":true,"href":"https:\/\/www.fjardhundraland.se\/nl\/wp-json\/wp\/v2\/categories?post=2738"},{"taxonomy":"post_tag","embeddable":true,"href":"https:\/\/www.fjardhundraland.se\/nl\/wp-json\/wp\/v2\/tags?post=2738"}],"curies":[{"name":"wp","href":"https:\/\/api.w.org\/{rel}","templated":true}]}}