
{"id":2420,"date":"2014-06-20T20:07:32","date_gmt":"2014-06-20T18:07:32","guid":{"rendered":"http:\/\/www.fjardhundraland.se\/?page_id=2420"},"modified":"2020-05-17T09:54:40","modified_gmt":"2020-05-17T07:54:40","slug":"als-je-tips-over-evenementen-wilt","status":"publish","type":"page","link":"https:\/\/www.fjardhundraland.se\/nl\/als-je-tips-over-evenementen-wilt\/","title":{"rendered":"Wil je tips van Fj\u00e4rdhundraland?"},"content":{"rendered":"\n<p>L\u00e4gg in din e-post h\u00e4r s\u00e5 h\u00f6r vi av oss n\u00e4r det \u00e4r n\u00e5got p\u00e5 g\u00e5ng!<\/p>\n\n\n\n<!-- Begin Mailchimp Signup Form -->\n<link href=\"\/\/cdn-images.mailchimp.com\/embedcode\/classic-10_7.css\" rel=\"stylesheet\" type=\"text\/css\">\n<style type=\"text\/css\">\n\t#mc_embed_signup{background:#fff; clear:left; font:14px Lato,Helvetica,Arial,sans-serif; }\n#mc_embed_signup form {padding-left:0}\n\t\/* Add your own Mailchimp form style overrides in your site stylesheet or in this style block.\n\t   We recommend moving this block and the preceding CSS link to the HEAD of your HTML file. *\/\n<\/style>\n<style type=\"text\/css\">\n\t#mc-embedded-subscribe-form input[type=checkbox]{display: inline; width: auto;margin-right: 10px;}\n\t#mergeRow-gdpr {margin-top: 20px;}\n\t#mergeRow-gdpr fieldset label {font-weight: normal;}\n\t#mc-embedded-subscribe-form .mc_fieldset{border:none;min-height: 0px;padding-bottom:0px;}\n<\/style>\n<div id=\"mc_embed_signup\">\n<form action=\"https:\/\/fjardhundraland.us8.list-manage.com\/subscribe\/post?u=afbbda58fd4d6c9c004985f1a&amp;id=1b973d3565\" method=\"post\" id=\"mc-embedded-subscribe-form\" name=\"mc-embedded-subscribe-form\" class=\"validate\" target=\"_blank\" novalidate>\n    <div id=\"mc_embed_signup_scroll\">\n\t<h2>Prenumerera<\/h2>\n<div class=\"indicates-required\"><span class=\"asterisk\">*<\/span> obligatorisk<\/div>\n<div class=\"mc-field-group\">\n\t<label for=\"mce-EMAIL\">E-post  <span class=\"asterisk\">*<\/span>\n<\/label>\n\t<input type=\"email\" value=\"\" name=\"EMAIL\" class=\"required email\" id=\"mce-EMAIL\">\n<\/div>\n<div class=\"mc-field-group\">\n\t<label for=\"mce-FNAME\">F\u00f6rnamn <\/label>\n\t<input type=\"text\" value=\"\" name=\"FNAME\" class=\"\" id=\"mce-FNAME\">\n<\/div>\n<div class=\"mc-field-group\">\n\t<label for=\"mce-LNAME\">Efternamn <\/label>\n\t<input type=\"text\" value=\"\" name=\"LNAME\" class=\"\" id=\"mce-LNAME\">\n<\/div>\n<div id=\"mergeRow-gdpr\" class=\"mergeRow gdpret-mergeRow content__gdprBlock mc-field-group\">\n    <div class=\"content__gdpr\">\n        <label>Till\u00e5telse<\/label>\n        <p>Fj\u00e4rdhundraland ekonomisk f\u00f6rening kommer endast att anv\u00e4nda denna information f\u00f6r att skicka ut inbjudningar och information via e-post.<\/p>\n        <fieldset class=\"mc_fieldset gdprRequired mc-field-group\" name=\"interestgroup_field\" style=\"padding:2em;\">\n\t\t<label class=\"checkbox subfield\" for=\"gdpr_1857\"><input type=\"checkbox\" id=\"gdpr_1857\" name=\"gdpr[1857]\" value=\"Y\" class=\"av-checkbox gdpr\" \"><span style=\"font-size: 19px;font-family: Lato, sans-serif;\";>Jag godk\u00e4nner att ta emot e-post fr\u00e5n Fj\u00e4rdhundraland<\/span> <\/label>\n        <\/fieldset>\n        <p>Du kan n\u00e4r som helst \u00e4ndra dig genom att klicka p\u00e5 l\u00e4nken f\u00f6r att avsluta prenumerationen i sidfoten p\u00e5 alla e-postmeddelanden du f\u00e5r fr\u00e5n oss eller genom att kontakta oss p\u00e5 info@fjardhundraland.se. Vi behandlar din information med respekt. F\u00f6r mer information om v\u00e5r integritetspolicy, bes\u00f6k v\u00e5r webbplats. Genom att klicka nedan godk\u00e4nner du att vi kan behandla din information i enlighet med dessa villkor.<\/p>\n    <\/div>\n    <div class=\"content__gdprLegal\">\n        <p>\nVi anv\u00e4nder Mailchimp f\u00f6r v\u00e5ra utskick. Genom att klicka nedan f\u00f6r att prenumerera, bekr\u00e4ftar du att din information kommer att \u00f6verf\u00f6ras till Mailchimp f\u00f6r behandling. <a href=\"https:\/\/mailchimp.com\/legal\/\" target=\"_blank\" rel=\"noopener noreferrer\">Learn more about Mailchimp&#8217;s privacy practices here.<\/a><\/p>\n    <\/div>\n<\/div>\n\t<div id=\"mce-responses\" class=\"clear\">\n\t\t<div class=\"response\" id=\"mce-error-response\" style=\"display:none\"><\/div>\n\t\t<div class=\"response\" id=\"mce-success-response\" style=\"display:none\"><\/div>\n\t<\/div>    <!-- real people should not fill this in and expect good things - do not remove this or risk form bot signups-->\n    <div style=\"position: absolute; left: -5000px;\" aria-hidden=\"true\"><input type=\"text\" name=\"b_afbbda58fd4d6c9c004985f1a_1b973d3565\" tabindex=\"-1\" value=\"\"><\/div>\n    <div class=\"clear\"><input type=\"submit\" value=\"Prenumerera\" name=\"subscribe\" id=\"mc-embedded-subscribe\" class=\"button\"><\/div>\n    <\/div>\n<\/form>\n<\/div>\n<script type='text\/javascript' src='\/\/s3.amazonaws.com\/downloads.mailchimp.com\/js\/mc-validate.js'><\/script><script type='text\/javascript'>(function($) {window.fnames = new Array(); window.ftypes = new Array();fnames[0]='EMAIL';ftypes[0]='email';fnames[1]='FNAME';ftypes[1]='text';fnames[2]='LNAME';ftypes[2]='text'; }(jQuery));var $mcj = jQuery.noConflict(true);<\/script>\n<!--End mc_embed_signup-->\n\n\n\n<p><script>\/\/ <![CDATA[\nvar fnames = new Array();var ftypes = new Array();fnames[0]='EMAIL';ftypes[0]='email';fnames[1]='FNAME';ftypes[1]='text';fnames[2]='LNAME';ftypes[2]='text';<br \/>\ntry {<br \/>\n    var jqueryLoaded=jQuery;<br \/>\n    jqueryLoaded=true;<br \/>\n} catch(err) {<br \/>\n    var jqueryLoaded=false;<br \/>\n}<br \/>\nvar head= document.getElementsByTagName('head')[0];<br \/>\nif (!jqueryLoaded) {<br \/>\n    var script = document.createElement('script');<br \/>\n    script.type = 'text\/javascript';<br \/>\n    script.src = '\/\/ajax.googleapis.com\/ajax\/libs\/jquery\/1.4.4\/jquery.min.js';<br \/>\n    head.appendChild(script);<br \/>\n    if (script.readyState &#038;& script.onload!==null){<br \/>\n        script.onreadystatechange= function () {<br \/>\n              if (this.readyState == 'complete') mce_preload_check();<br \/>\n        }<br \/>\n    }<br \/>\n}<\/p>\n<p>var err_style = '';<br \/>\ntry{<br \/>\n    err_style = mc_custom_error_style;<br \/>\n} catch(e){<br \/>\n    err_style = '#mc_embed_signup input.mce_inline_error{border-color:#6B0505;} #mc_embed_signup div.mce_inline_error{margin: 0 0 1em 0; padding: 5px 10px; background-color:#6B0505; font-weight: bold; z-index: 1; color:#fff;}';<br \/>\n}<br \/>\nvar head= document.getElementsByTagName('head')[0];<br \/>\nvar style= document.createElement('style');<br \/>\nstyle.type= 'text\/css';<br \/>\nif (style.styleSheet) {<br \/>\n  style.styleSheet.cssText = err_style;<br \/>\n} else {<br \/>\n  style.appendChild(document.createTextNode(err_style));<br \/>\n}<br \/>\nhead.appendChild(style);<br \/>\nsetTimeout('mce_preload_check();', 250);<\/p>\n<p>var mce_preload_checks = 0;<br \/>\nfunction mce_preload_check(){<br \/>\n    if (mce_preload_checks>40) return;<br \/>\n    mce_preload_checks++;<br \/>\n    try {<br \/>\n        var jqueryLoaded=jQuery;<br \/>\n    } catch(err) {<br \/>\n        setTimeout('mce_preload_check();', 250);<br \/>\n        return;<br \/>\n    }<br \/>\n    var script = document.createElement('script');<br \/>\n    script.type = 'text\/javascript';<br \/>\n    script.src = 'https:\/\/downloads.mailchimp.com\/js\/jquery.form-n-validate.js';<br \/>\n    head.appendChild(script);<br \/>\n    try {<br \/>\n        var validatorLoaded=jQuery(\"#fake-form\").validate({});<br \/>\n    } catch(err) {<br \/>\n        setTimeout('mce_preload_check();', 250);<br \/>\n        return;<br \/>\n    }<br \/>\n    mce_init_form();<br \/>\n}<br \/>\nfunction mce_init_form(){<br \/>\n    jQuery(document).ready( function($) {<br \/>\n      var options = { errorClass: 'mce_inline_error', errorElement: 'div', onkeyup: function(){}, onfocusout:function(){}, onblur:function(){}  };<br \/>\n      var mce_validator = $(\"#mc-embedded-subscribe-form\").validate(options);<br \/>\n      $(\"#mc-embedded-subscribe-form\").unbind('submit');\/\/remove the validator so we can get into beforeSubmit on the ajaxform, which then calls the validator<br \/>\n      options = { url: 'https:\/\/fjardhundraland.us8.list-manage.com\/subscribe\/post-json?u=afbbda58fd4d6c9c004985f1a&#038;id=1b973d3565&#038;c=?', type: 'GET', dataType: 'json', contentType: \"application\/json; charset=utf-8\",<br \/>\n                    beforeSubmit: function(){<br \/>\n                        $('#mce_tmp_error_msg').remove();<br \/>\n                        $('.datefield','#mc_embed_signup').each(<br \/>\n                            function(){<br \/>\n                                var txt = 'filled';<br \/>\n                                var fields = new Array();<br \/>\n                                var i = 0;<br \/>\n                                $(':text', this).each(<br \/>\n                                    function(){<br \/>\n                                        fields[i] = this;<br \/>\n                                        i++;<br \/>\n                                    });<br \/>\n                                $(':hidden', this).each(<br \/>\n                                    function(){<br \/>\n                                        var bday = false;<br \/>\n                                        if (fields.length == 2){<br \/>\n                                            bday = true;<br \/>\n                                            fields[2] = {'value':1970};\/\/trick birthdays into having years<br \/>\n                                        }<br \/>\n                                    \tif ( fields[0].value=='MM' &#038;& fields[1].value=='DD' &#038;& (fields[2].value=='YYYY' || (bday &#038;& fields[2].value==1970) ) ){<br \/>\n                                    \t\tthis.value = '';<br \/>\n\t\t\t\t\t\t\t\t\t    } else if ( fields[0].value=='' &#038;& fields[1].value=='' &#038;& (fields[2].value=='' || (bday &#038;& fields[2].value==1970) ) ){<br \/>\n                                    \t\tthis.value = '';<br \/>\n\t\t\t\t\t\t\t\t\t    } else {<br \/>\n\t\t\t\t\t\t\t\t\t        if (\/\\[day\\]\/.test(fields[0].name)){<br \/>\n    \t                                        this.value = fields[1].value+'\/'+fields[0].value+'\/'+fields[2].value;<br \/>\n\t\t\t\t\t\t\t\t\t        } else {<br \/>\n    \t                                        this.value = fields[0].value+'\/'+fields[1].value+'\/'+fields[2].value;<br \/>\n\t                                        }<br \/>\n\t                                    }<br \/>\n                                    });<br \/>\n                            });<br \/>\n                        $('.phonefield-us','#mc_embed_signup').each(<br \/>\n                            function(){<br \/>\n                                var fields = new Array();<br \/>\n                                var i = 0;<br \/>\n                                $(':text', this).each(<br \/>\n                                    function(){<br \/>\n                                        fields[i] = this;<br \/>\n                                        i++;<br \/>\n                                    });<br \/>\n                                $(':hidden', this).each(<br \/>\n                                    function(){<br \/>\n                                        if ( fields[0].value.length != 3 || fields[1].value.length!=3 || fields[2].value.length!=4 ){<br \/>\n                                    \t\tthis.value = '';<br \/>\n\t\t\t\t\t\t\t\t\t    } else {<br \/>\n\t\t\t\t\t\t\t\t\t        this.value = 'filled';<br \/>\n\t                                    }<br \/>\n                                    });<br \/>\n                            });<br \/>\n                        return mce_validator.form();<br \/>\n                    },<br \/>\n                    success: mce_success_cb<br \/>\n                };<br \/>\n      $('#mc-embedded-subscribe-form').ajaxForm(options);<\/p>\n<p>    });<br \/>\n}<br \/>\nfunction mce_success_cb(resp){<br \/>\n    $('#mce-success-response').hide();<br \/>\n    $('#mce-error-response').hide();<br \/>\n    if (resp.result==\"success\"){<br \/>\n        $('#mce-'+resp.result+'-response').show();<br \/>\n        $('#mce-'+resp.result+'-response').html(resp.msg);<br \/>\n        $('#mc-embedded-subscribe-form').each(function(){<br \/>\n            this.reset();<br \/>\n    \t});<br \/>\n    } else {<br \/>\n        var index = -1;<br \/>\n        var msg;<br \/>\n        try {<br \/>\n            var parts = resp.msg.split(' - ',2);<br \/>\n            if (parts[1]==undefined){<br \/>\n                msg = resp.msg;<br \/>\n            } else {<br \/>\n                i = parseInt(parts[0]);<br \/>\n                if (i.toString() == parts[0]){<br \/>\n                    index = parts[0];<br \/>\n                    msg = parts[1];<br \/>\n                } else {<br \/>\n                    index = -1;<br \/>\n                    msg = resp.msg;<br \/>\n                }<br \/>\n            }<br \/>\n        } catch(e){<br \/>\n            index = -1;<br \/>\n            msg = resp.msg;<br \/>\n        }<br \/>\n        try{<br \/>\n            if (index== -1){<br \/>\n                $('#mce-'+resp.result+'-response').show();<br \/>\n                $('#mce-'+resp.result+'-response').html(msg);<br \/>\n            } else {<br \/>\n                err_id = 'mce_tmp_error_msg';<br \/>\n                html = '<\/p>\n<div id=\"'+err_id+'\" style=\"'+err_style+'\"> '+msg+'<\/div>\n<p>';<\/p>\n<p>                var input_id = '#mc_embed_signup';<br \/>\n                var f = $(input_id);<br \/>\n                if (ftypes[index]=='address'){<br \/>\n                    input_id = '#mce-'+fnames[index]+'-addr1';<br \/>\n                    f = $(input_id).parent().parent().get(0);<br \/>\n                } else if (ftypes[index]=='date'){<br \/>\n                    input_id = '#mce-'+fnames[index]+'-month';<br \/>\n                    f = $(input_id).parent().parent().get(0);<br \/>\n                } else {<br \/>\n                    input_id = '#mce-'+fnames[index];<br \/>\n                    f = $().parent(input_id).get(0);<br \/>\n                }<br \/>\n                if (f){<br \/>\n                    $(f).append(html);<br \/>\n                    $(input_id).focus();<br \/>\n                } else {<br \/>\n                    $('#mce-'+resp.result+'-response').show();<br \/>\n                    $('#mce-'+resp.result+'-response').html(msg);<br \/>\n                }<br \/>\n            }<br \/>\n        } catch(e){<br \/>\n            $('#mce-'+resp.result+'-response').show();<br \/>\n            $('#mce-'+resp.result+'-response').html(msg);<br \/>\n        }<br \/>\n    }<br \/>\n}<\/p>\n<p>\/\/ ]]><\/script><br><!--End mc_embed_signup--><\/p>\n","protected":false},"excerpt":{"rendered":"<p>Vul hier je e-mailadres in en we laten je weten wanneer er iets op stapel staat! Inschrijven * verplicht E-mail * Voornaam Achternaam Toestemming Fj\u00e4rdhundraland Economic Association zal deze gegevens alleen gebruiken om uitnodigingen en informatie via e-mail te versturen.<\/p>","protected":false},"author":1,"featured_media":0,"parent":0,"menu_order":11,"comment_status":"open","ping_status":"open","template":"","meta":{"_acf_changed":false,"_relevanssi_hide_post":"","_relevanssi_hide_content":"","_relevanssi_pin_for_all":"","_relevanssi_pin_keywords":"","_relevanssi_unpin_keywords":"","_relevanssi_related_keywords":"","_relevanssi_related_include_ids":"","_relevanssi_related_exclude_ids":"","_relevanssi_related_no_append":"","_relevanssi_related_not_related":"","_relevanssi_related_posts":"","_relevanssi_noindex_reason":"","_genesis_hide_title":false,"_genesis_hide_breadcrumbs":false,"_genesis_hide_singular_image":false,"_genesis_hide_footer_widgets":false,"_genesis_custom_body_class":"","_genesis_custom_post_class":"","_genesis_layout":"","footnotes":""},"categories":[],"tags":[],"class_list":{"0":"post-2420","1":"page","2":"type-page","3":"status-publish","5":"entry"},"acf":[],"visa":null,"geo_latitude":null,"geo_longitude":null,"featured_image_src":null,"featured_image_src_square":null,"jetpack-related-posts":[{"id":7695,"url":"https:\/\/www.fjardhundraland.se\/nl\/over-fjardhundraland\/activiteitenpakket-toevoegen\/","url_meta":{"origin":2420,"position":0},"title":"Activiteit\/pakket toevoegen","author":"Mats Thorburn","date":"4 maart 2021","format":false,"excerpt":"Hier kun je boekbare activiteiten en pakketten toevoegen. Wat je toevoegt moet een prijs, datum en de mogelijkheid om te boeken via een link hebben. Als je geen website hebt voor de activiteit, kun je een formulier maken om naar te linken, bijvoorbeeld via Google Forms, Microsoft Forms of Jotform.","rel":"","context":"Soortgelijk bericht","block_context":{"text":"Soortgelijk bericht","link":""},"img":{"alt_text":"","src":"","width":0,"height":0},"classes":[]},{"id":6557,"url":"https:\/\/www.fjardhundraland.se\/nl\/over-fjardhundraland\/nu-invoeren\/","url_meta":{"origin":2420,"position":1},"title":"Activiteit invoeren","author":"Mats Thorburn","date":"31 maart 2020","format":false,"excerpt":"Er is veel interesse om het platteland in te trekken en we hebben een geweldige plek om te laten zien wat we doen - op dit moment. Hier kun je evenementen, activiteiten en tijdelijke openingstijden toevoegen. Na handmatige goedkeuring wordt het hier gepubliceerd: https:\/\/www.fjardhundraland.se\/nu\/ Als je geen foto uploadt...","rel":"","context":"Soortgelijk bericht","block_context":{"text":"Soortgelijk bericht","link":""},"img":{"alt_text":"","src":"","width":0,"height":0},"classes":[]},{"id":1805,"url":"https:\/\/www.fjardhundraland.se\/nl\/over-fjardhundraland\/leden\/","url_meta":{"origin":2420,"position":2},"title":"Leden","author":"Ylva Fontell","date":"28 februari 2014","format":false,"excerpt":"...Wood Shop Thorsvi Farm Tibble Old School Torstuna Hembygdsf\u00f6rening Tr\u00e4dg\u00e5rdsturism i Enk\u00f6ping med Pr\u00e4stg\u00e5rdsflygeln Tullens Gr\u00f6nska Tuna Tr\u00e4dg\u00e5rd T\u00e4rna bygdeg\u00e5rdsf\u00f6rening Uppdrag Kultur \/Eva Wrede Vagabond Haven AB Var Dags Rum...","rel":"","context":"Soortgelijk bericht","block_context":{"text":"Soortgelijk bericht","link":""},"img":{"alt_text":"","src":"","width":0,"height":0},"classes":[]}],"jetpack_sharing_enabled":true,"_links":{"self":[{"href":"https:\/\/www.fjardhundraland.se\/nl\/wp-json\/wp\/v2\/pages\/2420","targetHints":{"allow":["GET"]}}],"collection":[{"href":"https:\/\/www.fjardhundraland.se\/nl\/wp-json\/wp\/v2\/pages"}],"about":[{"href":"https:\/\/www.fjardhundraland.se\/nl\/wp-json\/wp\/v2\/types\/page"}],"author":[{"embeddable":true,"href":"https:\/\/www.fjardhundraland.se\/nl\/wp-json\/wp\/v2\/users\/1"}],"replies":[{"embeddable":true,"href":"https:\/\/www.fjardhundraland.se\/nl\/wp-json\/wp\/v2\/comments?post=2420"}],"version-history":[{"count":0,"href":"https:\/\/www.fjardhundraland.se\/nl\/wp-json\/wp\/v2\/pages\/2420\/revisions"}],"wp:attachment":[{"href":"https:\/\/www.fjardhundraland.se\/nl\/wp-json\/wp\/v2\/media?parent=2420"}],"wp:term":[{"taxonomy":"category","embeddable":true,"href":"https:\/\/www.fjardhundraland.se\/nl\/wp-json\/wp\/v2\/categories?post=2420"},{"taxonomy":"post_tag","embeddable":true,"href":"https:\/\/www.fjardhundraland.se\/nl\/wp-json\/wp\/v2\/tags?post=2420"}],"curies":[{"name":"wp","href":"https:\/\/api.w.org\/{rel}","templated":true}]}}