
{"id":2163,"date":"2014-04-04T17:00:43","date_gmt":"2014-04-04T15:00:43","guid":{"rendered":"http:\/\/www.fjardhundraland.se\/event\/"},"modified":"2026-01-23T11:31:32","modified_gmt":"2026-01-23T10:31:32","slug":"evenementen","status":"publish","type":"page","link":"https:\/\/www.fjardhundraland.se\/nl\/evenementen\/","title":{"rendered":"Evenementen 2026"},"content":{"rendered":"<p>Fj\u00e4rdhundraland organiseert elk jaar verschillende gezamenlijke evenementen, naast alle <a href=\"https:\/\/www.fjardhundraland.se\/nu\/\">honderden activiteiten die onze leden het hele jaar door organiseren<\/a>.<\/p>\n\n\n\n<p>De rondes zijn de populairste evenementen, die bezoekers aantrekken om nieuwe plekken langs de binnenwegen te ontdekken.<\/p>\n\n\n\n<h2 class=\"wp-block-heading\">Nieuw <strong>Rebus-ronde - zaterdag 9 en zondag 10 mei 2026<\/strong><\/h2>\n\n\n\n<p>Open boerderijen, winkels, caf\u00e9s en eetgelegenheden in het hele gebied. Elke locatie heeft een puzzel voor bezoekers om op te lossen - als je geluk hebt, win je prijzen op een van de puzzellocaties die je bezoekt. De prijzen worden geschonken door de deelnemers. Er zijn ook extra prijzen beschikbaar. Lees meer over <a href=\"https:\/\/www.fjardhundraland.se\/nl\/rebus-rond\/\" target=\"_blank\" rel=\"noreferrer noopener\">De nieuwe Rebus-ronde<\/a>.<\/p>\n\n\n\n<h2 class=\"wp-block-heading\"><strong>Vlooienmarktronde - zaterdag 4 en zondag 5 juli 2026<\/strong><\/h2>\n\n\n\n<p>Een tour met veel rommelmarkten op veel verschillende locaties. Lees meer over <a href=\"https:\/\/www.fjardhundraland.se\/nl\/rondje-rommelmarkten\/\" target=\"_blank\" rel=\"noreferrer noopener\">De vlooienmarkttour<\/a>.<\/p>\n\n\n\n<h2 class=\"wp-block-heading\"><strong>Tuva &amp; T\u00e4ppa - zaterdag 1 en zondag 2 augustus 2026<\/strong><\/h2>\n\n\n\n<p>De tuinroute waar priv\u00e9tuinen zich mengen met commerci\u00eble tuinen en tuininspiratie Lees meer over <a href=\"https:\/\/www.fjardhundraland.se\/nl\/tuva\/\">Tuva &amp; T\u00e4ppa<\/a> .<\/p>\n\n\n\n<h2 class=\"wp-block-heading\"><strong>Eten &amp; Mensen<\/strong> -<strong>Zaterdag 29 en zondag 30 augustus 2026<\/strong><\/h2>\n\n\n\n<p>De foodtour waarbij bezoekers tussen voedselproducenten en eetgelegenheden reizen. Op elke plek kun je een proefportie kopen - het is als een proefmenu met alle smaken van Fj\u00e4rdhundraland. Je krijgt ook de kans om producenten te ontmoeten en hun producten mee naar huis te nemen. Eten &amp; mensen, simpel gezegd! Lees meer over <a href=\"https:\/\/www.fjardhundraland.se\/nl\/matomanniskor\/\">Eten &amp; Mensen<\/a> <\/p>\n\n\n\n<h2 class=\"wp-block-heading\"><strong>De creatieve ronde<\/strong> - <strong>Zaterdag 17 en zondag 18 oktober 2026<\/strong><\/h2>\n\n\n\n<p>De makers van Fj\u00e4rdhundraland nodigen jou, je familie en vrienden uit voor een excursie in de wereld van creatie! Je krijgt de kans om workshops te bezoeken en te zien hoe objecten worden gemaakt, en met sommige deelnemers kun je het zelfs zelf proberen. Lees meer over <a href=\"https:\/\/www.fjardhundraland.se\/nl\/kreativa\/\" data-type=\"link\" data-id=\"https:\/\/www.fjardhundraland.se\/kreativa\/\">De creatieve ronde<\/a><\/p>\n\n\n\n<hr class=\"wp-block-separator has-alpha-channel-opacity is-style-wide\"\/>\n\n\n\n<p><\/p>","protected":false},"excerpt":{"rendered":"<p>INHOUD<\/p>","protected":false},"author":1,"featured_media":9097,"parent":0,"menu_order":12,"comment_status":"open","ping_status":"closed","template":"","meta":{"_acf_changed":false,"_relevanssi_hide_post":"","_relevanssi_hide_content":"","_relevanssi_pin_for_all":"","_relevanssi_pin_keywords":"","_relevanssi_unpin_keywords":"","_relevanssi_related_keywords":"","_relevanssi_related_include_ids":"","_relevanssi_related_exclude_ids":"","_relevanssi_related_no_append":"","_relevanssi_related_not_related":"","_relevanssi_related_posts":"10366,12584,13560,4786,10768,11244","_relevanssi_noindex_reason":"","_genesis_hide_title":false,"_genesis_hide_breadcrumbs":false,"_genesis_hide_singular_image":false,"_genesis_hide_footer_widgets":false,"_genesis_custom_body_class":"","_genesis_custom_post_class":"","_genesis_layout":"","footnotes":""},"categories":[],"tags":[],"class_list":{"0":"post-2163","1":"page","2":"type-page","3":"status-publish","4":"has-post-thumbnail","6":"entry"},"acf":[],"visa":null,"geo_latitude":null,"geo_longitude":null,"featured_image_src":"https:\/\/www.fjardhundraland.se\/wp-content\/uploads\/2021\/06\/dunderbo-ljus-hantverk-loppisrundan2019juli06-15.jpg","featured_image_src_square":"https:\/\/www.fjardhundraland.se\/wp-content\/uploads\/2021\/06\/dunderbo-ljus-hantverk-loppisrundan2019juli06-15.jpg","jetpack-related-posts":[{"id":2394,"url":"https:\/\/www.fjardhundraland.se\/nl\/evenementen\/rebus-ronde10\/","url_meta":{"origin":2163,"position":0},"title":"De 2021 Rebus-ronde","author":"Mats Thorburn","date":"18 juni 2014","format":false,"excerpt":"Datum\/Tijd zondag 1 en 8 augustus 2021 om 11-17. Rebusrundan nodigt jou, je familie en vrienden uit voor een excursie in Fj\u00e4rdhundraland. Op twee zondagen in augustus zullen attracties en bedrijven open zijn - en iedereen is in voor een traktatie! Bezoek en los raadsels op, winkel, doe mee aan wedstrijden, eet &amp;...","rel":"","context":"Soortgelijk bericht","block_context":{"text":"Soortgelijk bericht","link":""},"img":{"alt_text":"","src":"https:\/\/i0.wp.com\/www.fjardhundraland.se\/wp-content\/uploads\/2018\/02\/rebusrundan.jpg?resize=350%2C200&ssl=1","width":350,"height":200,"srcset":"https:\/\/i0.wp.com\/www.fjardhundraland.se\/wp-content\/uploads\/2018\/02\/rebusrundan.jpg?resize=350%2C200&ssl=1 1x, https:\/\/i0.wp.com\/www.fjardhundraland.se\/wp-content\/uploads\/2018\/02\/rebusrundan.jpg?resize=525%2C300&ssl=1 1.5x, https:\/\/i0.wp.com\/www.fjardhundraland.se\/wp-content\/uploads\/2018\/02\/rebusrundan.jpg?resize=700%2C400&ssl=1 2x, https:\/\/i0.wp.com\/www.fjardhundraland.se\/wp-content\/uploads\/2018\/02\/rebusrundan.jpg?resize=1050%2C600&ssl=1 3x, https:\/\/i0.wp.com\/www.fjardhundraland.se\/wp-content\/uploads\/2018\/02\/rebusrundan.jpg?resize=1400%2C800&ssl=1 4x"},"classes":[]},{"id":4537,"url":"https:\/\/www.fjardhundraland.se\/nl\/evenementen\/rebus-ronde10\/sala-hebyrundan-met-13-stops\/","url_meta":{"origin":2163,"position":1},"title":"Sala-Hebyrundan met 13 stops","author":"Ylva Fontell","date":"25 juli 2017","format":false,"excerpt":"Dit is een routesuggestie voor Rebusrundan die geschikt is voor diegenen die van Sala of Heby komen. De route loopt door het agrarische landschap van Fj\u00e4rdhundraland gemengd met bos en prachtige valleien. Er staan je veel mooie natuurbelevenissen te wachten! Verschillende stops hebben veel geschiedenis te vertellen over runenstenen, soldatendorpen en oude dorpsscholen. Op verschillende plaatsen zijn ecologische...","rel":"","context":"Soortgelijk bericht","block_context":{"text":"Soortgelijk bericht","link":""},"img":{"alt_text":"","src":"","width":0,"height":0},"classes":[]},{"id":4533,"url":"https:\/\/www.fjardhundraland.se\/nl\/evenementen\/rebus-ronde10\/rondreis-vasteras-met-12-stops\/","url_meta":{"origin":2163,"position":2},"title":"V\u00e4ster\u00e5s rondreis met 12 stops","author":"Ylva Fontell","date":"25 juli 2017","format":false,"excerpt":"Dit is een routesuggestie voor Rebusrundan die geschikt is voor diegenen die vanuit V\u00e4ster\u00e5s komen. De route loopt door het agrarische landschap van Fj\u00e4rdhundraland gemengd met bos en prachtige valleien. Er staan je veel mooie natuurbelevenissen te wachten! Een ronde met van alles en nog wat, van interieur tot oude auto's!  Voedselambachten in verschillende vormen zoals kalfsdans en chocolade. Verkoop van...","rel":"","context":"Soortgelijk bericht","block_context":{"text":"Soortgelijk bericht","link":""},"img":{"alt_text":"","src":"","width":0,"height":0},"classes":[]},{"id":4036,"url":"https:\/\/www.fjardhundraland.se\/nl\/evenementen\/tradgardsrunda-tuva-tappa\/","url_meta":{"origin":2163,"position":3},"title":"Tuva &amp; T\u00e4ppa","author":"Ylva Fontell","date":"7 april 2017","format":false,"excerpt":"Een tuintocht in de buurt van Stockholm, Uppsala en V\u00e4ster\u00e5s Tr\u00e4dg\u00e5rdsrundan Tuva &amp; t\u00e4ppa is het jaarlijkse evenement van Fj\u00e4rdhundraland voor tuinliefhebbers! Bezoek tentoongestelde tuinen, priv\u00e9tuinen en volkstuinen - praat over tuinieren en kweken met liefhebbers en professionele kwekers. Doe inspiratie op en krijg tips over wat je thuis in je eigen tuin kunt doen. Tuva &amp;...","rel":"","context":"Soortgelijk bericht","block_context":{"text":"Soortgelijk bericht","link":""},"img":{"alt_text":"Tr\u00e4dg\u00e5rdsrundan Tuva & T\u00e4ppa","src":"https:\/\/i0.wp.com\/www.fjardhundraland.se\/wp-content\/uploads\/2017\/04\/buskage-kopia.jpg?resize=350%2C200&ssl=1","width":350,"height":200,"srcset":"https:\/\/i0.wp.com\/www.fjardhundraland.se\/wp-content\/uploads\/2017\/04\/buskage-kopia.jpg?resize=350%2C200&ssl=1 1x, https:\/\/i0.wp.com\/www.fjardhundraland.se\/wp-content\/uploads\/2017\/04\/buskage-kopia.jpg?resize=525%2C300&ssl=1 1.5x, https:\/\/i0.wp.com\/www.fjardhundraland.se\/wp-content\/uploads\/2017\/04\/buskage-kopia.jpg?resize=700%2C400&ssl=1 2x, https:\/\/i0.wp.com\/www.fjardhundraland.se\/wp-content\/uploads\/2017\/04\/buskage-kopia.jpg?resize=1050%2C600&ssl=1 3x, https:\/\/i0.wp.com\/www.fjardhundraland.se\/wp-content\/uploads\/2017\/04\/buskage-kopia.jpg?resize=1400%2C800&ssl=1 4x"},"classes":[]},{"id":4530,"url":"https:\/\/www.fjardhundraland.se\/nl\/evenementen\/rebus-ronde10\/de-uppsala-rondreis-met-12-stops\/","url_meta":{"origin":2163,"position":4},"title":"Uppsalaour met 12 stops","author":"Ylva Fontell","date":"25 juli 2017","format":false,"excerpt":"Dit is een routesuggestie voor de Rebus-ronde die geschikt is voor degenen die van Uppsala komen. De route loopt door het agrarische landschap van Fj\u00e4rdhundraland gemengd met bos en prachtige valleien. Er staan je veel mooie natuurbelevenissen te wachten! Je vindt er ambachtelijk voedsel in verschillende vormen, zoals kazen, jam, vleeswaren en gebak. Je kunt er ook eieren, bloemen en tuinplanten kopen....","rel":"","context":"Soortgelijk bericht","block_context":{"text":"Soortgelijk bericht","link":""},"img":{"alt_text":"","src":"","width":0,"height":0},"classes":[]},{"id":4539,"url":"https:\/\/www.fjardhundraland.se\/nl\/evenementen\/rebus-ronde10\/balsta-stockholmsrundan-met-11-stops\/","url_meta":{"origin":2163,"position":5},"title":"B\u00e5lsta-Stockholm rondreis met 11 stops","author":"Ylva Fontell","date":"25 juli 2017","format":false,"excerpt":"Dit is een voorgestelde route voor Rebusrundan die geschikt is voor diegenen die vanuit Stockholm komen. De route loopt door het agrarische landschap van Fj\u00e4rdhundraland gemengd met bossen en prachtige valleien. Er staan je veel mooie natuurbelevenissen te wachten! Er zijn verschillende stops met ambachtelijk biologisch voedsel, zoals kazen, jam, vleeswaren, appelsap en gebak. Je kunt ook eieren, bloemen en tuinplanten kopen ....","rel":"","context":"Soortgelijk bericht","block_context":{"text":"Soortgelijk bericht","link":""},"img":{"alt_text":"","src":"","width":0,"height":0},"classes":[]}],"jetpack_sharing_enabled":true,"_links":{"self":[{"href":"https:\/\/www.fjardhundraland.se\/nl\/wp-json\/wp\/v2\/pages\/2163","targetHints":{"allow":["GET"]}}],"collection":[{"href":"https:\/\/www.fjardhundraland.se\/nl\/wp-json\/wp\/v2\/pages"}],"about":[{"href":"https:\/\/www.fjardhundraland.se\/nl\/wp-json\/wp\/v2\/types\/page"}],"author":[{"embeddable":true,"href":"https:\/\/www.fjardhundraland.se\/nl\/wp-json\/wp\/v2\/users\/1"}],"replies":[{"embeddable":true,"href":"https:\/\/www.fjardhundraland.se\/nl\/wp-json\/wp\/v2\/comments?post=2163"}],"version-history":[{"count":12,"href":"https:\/\/www.fjardhundraland.se\/nl\/wp-json\/wp\/v2\/pages\/2163\/revisions"}],"predecessor-version":[{"id":19489,"href":"https:\/\/www.fjardhundraland.se\/nl\/wp-json\/wp\/v2\/pages\/2163\/revisions\/19489"}],"wp:featuredmedia":[{"embeddable":true,"href":"https:\/\/www.fjardhundraland.se\/nl\/wp-json\/wp\/v2\/media\/9097"}],"wp:attachment":[{"href":"https:\/\/www.fjardhundraland.se\/nl\/wp-json\/wp\/v2\/media?parent=2163"}],"wp:term":[{"taxonomy":"category","embeddable":true,"href":"https:\/\/www.fjardhundraland.se\/nl\/wp-json\/wp\/v2\/categories?post=2163"},{"taxonomy":"post_tag","embeddable":true,"href":"https:\/\/www.fjardhundraland.se\/nl\/wp-json\/wp\/v2\/tags?post=2163"}],"curies":[{"name":"wp","href":"https:\/\/api.w.org\/{rel}","templated":true}]}}