
{"id":20264,"date":"2026-03-18T23:55:28","date_gmt":"2026-03-18T22:55:28","guid":{"rendered":"https:\/\/www.fjardhundraland.se\/?page_id=20264"},"modified":"2026-03-19T00:22:55","modified_gmt":"2026-03-18T23:22:55","slug":"open-gegevens","status":"publish","type":"page","link":"https:\/\/www.fjardhundraland.se\/nl\/om-fjardhundraland\/open-data\/","title":{"rendered":"Open gegevens"},"content":{"rendered":"<p>Fj\u00e4rdhundraland locatiegegevens zijn te vinden in <a href=\"https:\/\/corporate.visitsweden.com\/nationellt-api\/\" target=\"_blank\" rel=\"noopener\">Bezoek Zweden API<\/a> als open gegevens, te gebruiken voor die diensten met Zweedse bezoekersbestemmingen.<\/p>\n\n\n\n<p>Dezelfde informatie die we naar Visit Sweden sturen, is ook beschikbaar via <a href=\"https:\/\/www.fjardhundraland.se\/wp-content\/visit\/fjh_places.json\">dit json-bestand.<\/a><\/p>\n\n\n\n<p><\/p>","protected":false},"excerpt":{"rendered":"<p>Fj\u00e4rdhundraland's locatiegegevens zijn beschikbaar in Visit Sweden's API als open data, te gebruiken voor degenen die diensten bouwen met Zweedse bezoekersbestemmingen. Dezelfde informatie die we naar Visit Sweden sturen is ook beschikbaar om te downloaden via dit json-bestand.<\/p>","protected":false},"author":1,"featured_media":0,"parent":1515,"menu_order":0,"comment_status":"closed","ping_status":"closed","template":"","meta":{"_acf_changed":false,"_relevanssi_hide_post":"","_relevanssi_hide_content":"","_relevanssi_pin_for_all":"","_relevanssi_pin_keywords":"","_relevanssi_unpin_keywords":"","_relevanssi_related_keywords":"","_relevanssi_related_include_ids":"","_relevanssi_related_exclude_ids":"","_relevanssi_related_no_append":"","_relevanssi_related_not_related":"","_relevanssi_related_posts":"13215,9569,16581,18099,17726,12584","_relevanssi_noindex_reason":"","_genesis_hide_title":false,"_genesis_hide_breadcrumbs":false,"_genesis_hide_singular_image":false,"_genesis_hide_footer_widgets":false,"_genesis_custom_body_class":"","_genesis_custom_post_class":"","_genesis_layout":"","footnotes":""},"categories":[],"tags":[],"class_list":{"0":"post-20264","1":"page","2":"type-page","3":"status-publish","5":"entry"},"acf":[],"visa":null,"geo_latitude":null,"geo_longitude":null,"featured_image_src":null,"featured_image_src_square":null,"jetpack-related-posts":[{"id":16710,"url":"https:\/\/www.fjardhundraland.se\/nl\/visit-api-test\/","url_meta":{"origin":20264,"position":0},"title":"Bezoek API-test","author":"Mats Thorburn","date":"25 oktober 2024","format":false,"excerpt":"","rel":"","context":"Soortgelijk bericht","block_context":{"text":"Soortgelijk bericht","link":""},"img":{"alt_text":"","src":"","width":0,"height":0},"classes":[]},{"id":5231,"url":"https:\/\/www.fjardhundraland.se\/nl\/cykla\/","url_meta":{"origin":20264,"position":1},"title":"Fietsen op het platteland dichtbij natuur en cultuur","author":"Mats Thorburn","date":"28 juni 2018","format":false,"excerpt":"Fietsen over kleine weggetjes in de buurt van Stockholm, Uppsala en V\u00e4ster\u00e5s Uitzichten, caf\u00e9s, lekker eten, bezienswaardigheden - maar bovenal deze kronkelende kleine weggetjes door een prachtig agrarisch landschap, begeleid door vogelgezang en de vleugels van de geschiedenis! Fj\u00e4rdhundraland verwelkomt je als fietser. Kleine wegen zijn overal, en dat is geen toeval. Mensen in de oudheid en middeleeuwen reisden te voet en...","rel":"","context":"In &quot;Cykling&quot;","block_context":{"text":"Cykling","link":"https:\/\/www.fjardhundraland.se\/nl\/cykling\/"},"img":{"alt_text":"Cyklar parkerade framf\u00f6r Nys\u00e4tra kyrka","src":"https:\/\/i0.wp.com\/www.fjardhundraland.se\/wp-content\/uploads\/2018\/06\/cykling.jpg?resize=350%2C200&ssl=1","width":350,"height":200,"srcset":"https:\/\/i0.wp.com\/www.fjardhundraland.se\/wp-content\/uploads\/2018\/06\/cykling.jpg?resize=350%2C200&ssl=1 1x, https:\/\/i0.wp.com\/www.fjardhundraland.se\/wp-content\/uploads\/2018\/06\/cykling.jpg?resize=525%2C300&ssl=1 1.5x, https:\/\/i0.wp.com\/www.fjardhundraland.se\/wp-content\/uploads\/2018\/06\/cykling.jpg?resize=700%2C400&ssl=1 2x, https:\/\/i0.wp.com\/www.fjardhundraland.se\/wp-content\/uploads\/2018\/06\/cykling.jpg?resize=1050%2C600&ssl=1 3x, https:\/\/i0.wp.com\/www.fjardhundraland.se\/wp-content\/uploads\/2018\/06\/cykling.jpg?resize=1400%2C800&ssl=1 4x"},"classes":[]},{"id":6725,"url":"https:\/\/www.fjardhundraland.se\/nl\/om-fjardhundraland\/anvisningar-digitalt-arsmote\/","url_meta":{"origin":20264,"position":2},"title":"Instructies voor de digitale jaarvergadering","author":"Mats Thorburn","date":"18 april 2020","format":false,"excerpt":"Welkom op de jaarvergadering van Fj\u00e4rdhundraland op zondag 19 april 2020! Hier is de link naar de videoconferentie: bit.ly\/fj-arsmHier zijn de documenten voor de jaarvergadering. We gebruiken de videoconferentiedienst Jitsi. Om deel te nemen heb je een computer met internet en de Google Chrome browser nodig (Firefox kan ook werken) of een smartphone \/ tablet met de Jitsi Meet app (Android - iPhone \/ iPad).","rel":"","context":"Soortgelijk bericht","block_context":{"text":"Soortgelijk bericht","link":""},"img":{"alt_text":"","src":"https:\/\/i0.wp.com\/www.fjardhundraland.se\/wp-content\/uploads\/2020\/04\/4-2.jpg?resize=350%2C200&ssl=1","width":350,"height":200,"srcset":"https:\/\/i0.wp.com\/www.fjardhundraland.se\/wp-content\/uploads\/2020\/04\/4-2.jpg?resize=350%2C200&ssl=1 1x, https:\/\/i0.wp.com\/www.fjardhundraland.se\/wp-content\/uploads\/2020\/04\/4-2.jpg?resize=525%2C300&ssl=1 1.5x, https:\/\/i0.wp.com\/www.fjardhundraland.se\/wp-content\/uploads\/2020\/04\/4-2.jpg?resize=700%2C400&ssl=1 2x, https:\/\/i0.wp.com\/www.fjardhundraland.se\/wp-content\/uploads\/2020\/04\/4-2.jpg?resize=1050%2C600&ssl=1 3x, https:\/\/i0.wp.com\/www.fjardhundraland.se\/wp-content\/uploads\/2020\/04\/4-2.jpg?resize=1400%2C800&ssl=1 4x"},"classes":[]},{"id":4530,"url":"https:\/\/www.fjardhundraland.se\/nl\/evenemang-rundor\/rebusrundan10\/uppsalarundan-med-12-stopp\/","url_meta":{"origin":20264,"position":3},"title":"Uppsalaour met 12 stops","author":"Ylva Fontell","date":"25 juli 2017","format":false,"excerpt":"Dit is een routesuggestie voor de Rebus-ronde die geschikt is voor degenen die van Uppsala komen. De route loopt door het agrarische landschap van Fj\u00e4rdhundraland gemengd met bos en prachtige valleien. Er staan je veel mooie natuurbelevenissen te wachten! Je vindt er ambachtelijk voedsel in verschillende vormen, zoals kazen, jam, vleeswaren en gebak. Je kunt er ook eieren, bloemen en tuinplanten kopen....","rel":"","context":"Soortgelijk bericht","block_context":{"text":"Soortgelijk bericht","link":""},"img":{"alt_text":"","src":"","width":0,"height":0},"classes":[]},{"id":4537,"url":"https:\/\/www.fjardhundraland.se\/nl\/evenemang-rundor\/rebusrundan10\/sala-hebyrundan-med-13-stopp\/","url_meta":{"origin":20264,"position":4},"title":"Sala-Hebyrundan met 13 stops","author":"Ylva Fontell","date":"25 juli 2017","format":false,"excerpt":"Dit is een routesuggestie voor Rebusrundan die geschikt is voor diegenen die van Sala of Heby komen. De route loopt door het agrarische landschap van Fj\u00e4rdhundraland gemengd met bos en prachtige valleien. Er staan je veel mooie natuurbelevenissen te wachten! Verschillende stops hebben veel geschiedenis te vertellen over runenstenen, soldatendorpen en oude dorpsscholen. Op verschillende plaatsen zijn ecologische...","rel":"","context":"Soortgelijk bericht","block_context":{"text":"Soortgelijk bericht","link":""},"img":{"alt_text":"","src":"","width":0,"height":0},"classes":[]},{"id":4572,"url":"https:\/\/www.fjardhundraland.se\/nl\/evenemang-rundor\/rebusrundan10\/navigera-med-google-maps\/","url_meta":{"origin":20264,"position":5},"title":"Navigeren met Google Maps","author":"Ylva Fontell","date":"26 juli 2017","format":false,"excerpt":"Er zijn veel kronkelige achterafweggetjes in Fj\u00e4rdhundraland. Ze zijn mooi en maken deel uit van de reis, maar soms is het moeilijk om te weten welke weg de juiste is om op je bestemming te komen. Navigeren met Google Maps helpt je de weg te vinden. Zo doe je dat: Open de...","rel":"","context":"Soortgelijk bericht","block_context":{"text":"Soortgelijk bericht","link":""},"img":{"alt_text":"","src":"","width":0,"height":0},"classes":[]}],"jetpack_sharing_enabled":true,"_links":{"self":[{"href":"https:\/\/www.fjardhundraland.se\/nl\/wp-json\/wp\/v2\/pages\/20264","targetHints":{"allow":["GET"]}}],"collection":[{"href":"https:\/\/www.fjardhundraland.se\/nl\/wp-json\/wp\/v2\/pages"}],"about":[{"href":"https:\/\/www.fjardhundraland.se\/nl\/wp-json\/wp\/v2\/types\/page"}],"author":[{"embeddable":true,"href":"https:\/\/www.fjardhundraland.se\/nl\/wp-json\/wp\/v2\/users\/1"}],"replies":[{"embeddable":true,"href":"https:\/\/www.fjardhundraland.se\/nl\/wp-json\/wp\/v2\/comments?post=20264"}],"version-history":[{"count":5,"href":"https:\/\/www.fjardhundraland.se\/nl\/wp-json\/wp\/v2\/pages\/20264\/revisions"}],"predecessor-version":[{"id":20271,"href":"https:\/\/www.fjardhundraland.se\/nl\/wp-json\/wp\/v2\/pages\/20264\/revisions\/20271"}],"up":[{"embeddable":true,"href":"https:\/\/www.fjardhundraland.se\/nl\/wp-json\/wp\/v2\/pages\/1515"}],"wp:attachment":[{"href":"https:\/\/www.fjardhundraland.se\/nl\/wp-json\/wp\/v2\/media?parent=20264"}],"wp:term":[{"taxonomy":"category","embeddable":true,"href":"https:\/\/www.fjardhundraland.se\/nl\/wp-json\/wp\/v2\/categories?post=20264"},{"taxonomy":"post_tag","embeddable":true,"href":"https:\/\/www.fjardhundraland.se\/nl\/wp-json\/wp\/v2\/tags?post=20264"}],"curies":[{"name":"wp","href":"https:\/\/api.w.org\/{rel}","templated":true}]}}