
{"id":1809,"date":"2014-02-28T12:18:06","date_gmt":"2014-02-28T11:18:06","guid":{"rendered":"http:\/\/www.fjardhundraland.se\/?page_id=1809"},"modified":"2020-03-12T08:54:30","modified_gmt":"2020-03-12T07:54:30","slug":"grafisch-profiel","status":"publish","type":"page","link":"https:\/\/www.fjardhundraland.se\/nl\/over-fjardhundraland\/grafisch-profiel\/","title":{"rendered":"Grafisch profiel"},"content":{"rendered":"<p>Het profiel is eenvoudig. Het heeft drie hoofdelementen: het logo, de kleuren en het lettertype van de kop.<\/p>\n\n\n\n<h2 class=\"wp-block-heading\">Logotypes<figure><a href=\"https:\/\/www.fjardhundraland.se\/wp-content\/uploads\/2013\/12\/LogoFjardhundraland250px.png\"><img decoding=\"async\" data-attachment-id=\"1002\" data-permalink=\"https:\/\/www.fjardhundraland.se\/nl\/over-fjardhundraland\/grafisch-profiel\/attachment\/logofjardhundraland250px\/\" data-orig-file=\"https:\/\/www.fjardhundraland.se\/wp-content\/uploads\/2013\/12\/LogoFjardhundraland250px.png\" data-orig-size=\"250,250\" data-comments-opened=\"0\" data-image-meta=\"{&quot;aperture&quot;:&quot;0&quot;,&quot;credit&quot;:&quot;&quot;,&quot;camera&quot;:&quot;&quot;,&quot;caption&quot;:&quot;&quot;,&quot;created_timestamp&quot;:&quot;0&quot;,&quot;copyright&quot;:&quot;&quot;,&quot;focal_length&quot;:&quot;0&quot;,&quot;iso&quot;:&quot;0&quot;,&quot;shutter_speed&quot;:&quot;0&quot;,&quot;title&quot;:&quot;&quot;,&quot;orientation&quot;:&quot;0&quot;}\" data-image-title=\"LogoFjardhundraland250px\" data-image-description=\"\" data-image-caption=\"\" data-medium-file=\"https:\/\/www.fjardhundraland.se\/wp-content\/uploads\/2013\/12\/LogoFjardhundraland250px.png\" data-large-file=\"https:\/\/www.fjardhundraland.se\/wp-content\/uploads\/2013\/12\/LogoFjardhundraland250px.png\" class=\"wp-image-1002 alignright\" src=\"https:\/\/www.fjardhundraland.se\/wp-content\/uploads\/2013\/12\/LogoFjardhundraland250px.png\" alt=\"LogoFjardhundraland250px\" width=\"192\" height=\"192\" title=\"\"><\/a><\/figure><\/h2>\n\n\n\n<p>Het logo raakt ingeburgerd. Door het te gebruiken <strong>zo vaak als we kunnen<\/strong> versterken we het merk en maken we het gebied aantrekkelijker.<\/p>\n\n\n\n<p>Downloaden <a title=\"Logo voor drukwerk EPS\" href=\"https:\/\/drive.google.com\/folderview?id=0Bz4NHYxkqfkzdUJXQncydGNoQ28&amp;usp=sharing\" target=\"_blank\" rel=\"noopener noreferrer\">voor drukwerk<\/a> - <a title=\"Voor kantoor\" href=\"https:\/\/drive.google.com\/folderview?id=0Bz4NHYxkqfkzTTY5aVJOU2FsZXc&amp;usp=sharing\" target=\"_blank\" rel=\"noopener noreferrer\">voor kantoor<\/a> - <a title=\"Voor web\" href=\"https:\/\/drive.google.com\/folderview?id=0Bz4NHYxkqfkzSWxQVkE3c0o0Rlk&amp;usp=sharing\" target=\"_blank\" rel=\"noopener noreferrer\">voor web<\/a>.<\/p>\n\n\n\n<p class=\"has-text-align-left\"><img decoding=\"async\" width=\"141\" height=\"141\" data-attachment-id=\"6532\" data-permalink=\"https:\/\/www.fjardhundraland.se\/nl\/over-fjardhundraland\/grafisch-profiel\/attachment\/medlem-fjardhundraland-stora-turismpriset\/\" data-orig-file=\"https:\/\/www.fjardhundraland.se\/wp-content\/uploads\/2020\/03\/medlem-fjardhundraland-stora-turismpriset.svg\" data-orig-size=\"141,141\" data-comments-opened=\"0\" data-image-meta=\"[]\" data-image-title=\"Medlem-Fjardhundraland-Stora-Turismpriset\" data-image-description=\"\" data-image-caption=\"\" data-medium-file=\"https:\/\/www.fjardhundraland.se\/wp-content\/uploads\/2020\/03\/medlem-fjardhundraland-stora-turismpriset.svg\" data-large-file=\"https:\/\/www.fjardhundraland.se\/wp-content\/uploads\/2020\/03\/medlem-fjardhundraland-stora-turismpriset.svg\" class=\"wp-image-6532\" style=\"width: 141.8px;\" src=\"https:\/\/www.fjardhundraland.se\/wp-content\/uploads\/2020\/03\/medlem-fjardhundraland-stora-turismpriset.svg\" alt=\"Logo Fj\u00e4rdhundraland met tekst Winnaar Grote Toeristische Prijs 2019\" title=\"\"><br><a href=\"http:\/\/j.mp\/fjh-turism-logo\">Logo met tekst Grote toeristische prijs<\/a> (alleen voor leden).<\/p>\n\n\n\n<h2 class=\"wp-block-heading\">Kleuren<\/h2>\n\n\n\n<p>De hoofdkleuren zijn donkerrood en donkerblauw. Voel je vrij om ze ergens in op te nemen, als basis.<\/p>\n\n\n\n<p><span style=\"color: #8a1b1a;\"><strong>Rood:<\/strong><br><\/span>PMS484 - C 25%, M 100%, Y 100%, K 29% - #8A1B1A - R 138, G 27, B 26<\/p>\n\n\n\n<p><span style=\"color: #24265f;\"><strong>Blauw:<\/strong><\/span><br>PMS2766 - C 100%, M 97%, Y 30%, K 25% - #24265F - R 36, G 38, B 95<\/p>\n\n\n\n<h2 class=\"wp-block-heading\">Lettertype<\/h2>\n\n\n\n<p>Het lettertype van de koptekst heet <a title=\"Gotische Liga\" href=\"https:\/\/www.theleagueofmoveabletype.com\/league-gothic\" target=\"_blank\" rel=\"noopener noreferrer\">Gotische Liga<\/a> en is Open Source, d.w.z. gratis te gebruiken. <a title=\"Lettertype\" href=\"https:\/\/drive.google.com\/folderview?id=0Bz4NHYxkqfkzbWpvc1dwX2xpQ2M&amp;usp=sharing\" target=\"_blank\" rel=\"noopener noreferrer\">Hier downloaden<\/a>. Gebruik het in kopjes, zoals hoofdletters. <a title=\"Voorbeeld\" href=\"https:\/\/drive.google.com\/folderview?id=0B59-Y2_D-G_NeDVneklvbU5JX0U&amp;usp=sharing\" target=\"_blank\" rel=\"noopener noreferrer\">Bekijk hier voorbeelden van wat er is gedaan<\/a>.<\/p>\n\n\n\n<p>Je kiest het lettertype voor de hoofdtekst. <\/p>\n\n\n\n<p>Alle bestanden zijn ook beschikbaar <a title=\"Alle bestandsprofielen Fj\u00e4rdhundraland\" href=\"https:\/\/drive.google.com\/folderview?id=0Bz4NHYxkqfkzN2U0NWI1MzAtNGI3ZC00NmRmLTllZmUtMzE5Y2ZlM2E0MTk3&amp;usp=sharing\" target=\"_blank\" rel=\"noopener noreferrer\">hier verzameld<\/a>. Vragen: <a href=\"mailto:mats@underhuset.com\">Mats Thorburn<\/a>, 0701-739399.<\/p>\n\n\n\n<p><strong>PS<\/strong>Laat zien dat je lid bent door <a title=\"Ledenbadge\" rel=\"noopener noreferrer\" href=\"https:\/\/drive.google.com\/folderview?id=0B59-Y2_D-G_NRmxrUmFiMExjdnM&amp;usp=sharing\" target=\"_blank\">voeg dit toe aan uw website<\/a>.<\/p>\n\n\n\n<p><img decoding=\"async\" width=\"150\" height=\"217\" data-attachment-id=\"6529\" data-permalink=\"https:\/\/www.fjardhundraland.se\/nl\/over-fjardhundraland\/grafisch-profiel\/attachment\/medlemfjardhundraland-2\/\" data-orig-file=\"https:\/\/www.fjardhundraland.se\/wp-content\/uploads\/2020\/03\/medlemfjardhundraland.png\" data-orig-size=\"300,434\" data-comments-opened=\"0\" data-image-meta=\"{&quot;aperture&quot;:&quot;0&quot;,&quot;credit&quot;:&quot;&quot;,&quot;camera&quot;:&quot;&quot;,&quot;caption&quot;:&quot;&quot;,&quot;created_timestamp&quot;:&quot;0&quot;,&quot;copyright&quot;:&quot;&quot;,&quot;focal_length&quot;:&quot;0&quot;,&quot;iso&quot;:&quot;0&quot;,&quot;shutter_speed&quot;:&quot;0&quot;,&quot;title&quot;:&quot;&quot;,&quot;orientation&quot;:&quot;0&quot;}\" data-image-title=\"MedlemFjardhundraland\" data-image-description=\"\" data-image-caption=\"\" data-medium-file=\"https:\/\/www.fjardhundraland.se\/wp-content\/uploads\/2020\/03\/medlemfjardhundraland.png\" data-large-file=\"https:\/\/www.fjardhundraland.se\/wp-content\/uploads\/2020\/03\/medlemfjardhundraland.png\" class=\"wp-image-6529\" style=\"width: 150px;\" src=\"https:\/\/www.fjardhundraland.se\/wp-content\/uploads\/2020\/03\/medlemfjardhundraland.png\" alt=\"\" title=\"\"><\/p>","protected":false},"excerpt":{"rendered":"<p>Profilen \u00e4r enkel. Den har tre huvudsakliga delar: logotypen, f\u00e4rgerna och rubriktypsnittet. Logotypen Logotypen \u00e4r p\u00e5 v\u00e4g att bli inarbetad. Genom att anv\u00e4nda den s\u00e5 ofta vi kan st\u00e4rker vi varum\u00e4rket och g\u00f6r omr\u00e5det mer attraktivt. H\u00e4mta f\u00f6r trycksaker \u2022 f\u00f6r Office \u2022 f\u00f6r webb. Logo med text Stora Turismpriset (endast f\u00f6r medlemmar). F\u00e4rger Huvudf\u00e4rgerna [&hellip;]<\/p>\n","protected":false},"author":4,"featured_media":0,"parent":1515,"menu_order":43,"comment_status":"open","ping_status":"open","template":"","meta":{"_acf_changed":false,"_relevanssi_hide_post":"","_relevanssi_hide_content":"","_relevanssi_pin_for_all":"","_relevanssi_pin_keywords":"","_relevanssi_unpin_keywords":"","_relevanssi_related_keywords":"","_relevanssi_related_include_ids":"","_relevanssi_related_exclude_ids":"","_relevanssi_related_no_append":"","_relevanssi_related_not_related":"","_relevanssi_related_posts":"","_relevanssi_noindex_reason":"","_genesis_hide_title":false,"_genesis_hide_breadcrumbs":false,"_genesis_hide_singular_image":false,"_genesis_hide_footer_widgets":false,"_genesis_custom_body_class":"","_genesis_custom_post_class":"","_genesis_layout":"","footnotes":""},"categories":[],"tags":[],"class_list":{"0":"post-1809","1":"page","2":"type-page","3":"status-publish","5":"entry"},"acf":[],"visa":null,"geo_latitude":null,"geo_longitude":null,"featured_image_src":null,"featured_image_src_square":null,"jetpack-related-posts":[{"id":1903,"url":"https:\/\/www.fjardhundraland.se\/nl\/over-fjardhundraland\/fjardhundraland-economische-vereniging\/","url_meta":{"origin":1809,"position":0},"title":"Fj\u00e4rdhundraland economische associatie","author":"Mats Thorburn","date":"2 maart 2014","format":false,"excerpt":"Fj\u00e4rdhundraland wordt ontwikkeld binnen de Fj\u00e4rdhundraland Economic Association, die in 2011 is opgericht. De vereniging werkt aan de ontwikkeling van de toeristische sector en het cre\u00ebren van nieuwe partnerschappen. Al het werk is erop gericht om onze bezoekers een betere ervaring te geven.  Wilt u meer weten over Fj\u00e4rdhundraland Economic Association? Lees hier de veelgestelde vragen. Fj\u00e4rdhundraland vindt zijn oorsprong in het LEADER-project Toerisme in Fj\u00e4rdhundrabygden, dat...","rel":"","context":"Soortgelijk bericht","block_context":{"text":"Soortgelijk bericht","link":""},"img":{"alt_text":"","src":"","width":0,"height":0},"classes":[]},{"id":7759,"url":"https:\/\/www.fjardhundraland.se\/nl\/over-fjardhundraland\/voor-jou-als-nieuw-lid\/","url_meta":{"origin":1809,"position":1},"title":"Voor nieuwe leden","author":"Mats Thorburn","date":"13 maart 2021","format":false,"excerpt":"Welkom bij Fj\u00e4rdhundraland! Fj\u00e4rdhundraland is wat we ervan maken - samen kunnen we iets heel goeds doen voor onze bezoekers! Door samenwerking kan ik bijdragen met wat voor mij makkelijk is, en hulp krijgen van anderen bij wat ik moeilijk vind. In Fj\u00e4rdhundraland werken we namens onze bezoekers - zij...","rel":"","context":"In &quot;Inl\u00e4gg&quot;","block_context":{"text":"Inl\u00e4gg","link":"https:\/\/www.fjardhundraland.se\/nl\/inlegwerk\/"},"img":{"alt_text":"","src":"","width":0,"height":0},"classes":[]},{"id":6016,"url":"https:\/\/www.fjardhundraland.se\/nl\/over-fjardhundraland\/veelgestelde-vragen\/","url_meta":{"origin":1809,"position":2},"title":"Veelgestelde vragen","author":"Mats Thorburn","date":"11 september 2019","format":false,"excerpt":"Waar ligt Fj\u00e4rdhundraland? Ons gebied wordt bepaald door waar onze leden zich bevinden - tussen V\u00e4ster\u00e5s, Sala, Str\u00e4ngn\u00e4s, Uppsala, Enk\u00f6ping en Stockholm. We hebben geen grenzen ingesteld omdat grenzen niet interessant zijn voor bezoekers. Neem een kijkje op de kaart! Wat betekent \u201dFj\u00e4rdhundraland\u201d? De naam komt van de Viking\/middeleeuwse natie met dezelfde naam....","rel":"","context":"Soortgelijk bericht","block_context":{"text":"Soortgelijk bericht","link":""},"img":{"alt_text":"","src":"","width":0,"height":0},"classes":[]},{"id":5231,"url":"https:\/\/www.fjardhundraland.se\/nl\/cyclus\/","url_meta":{"origin":1809,"position":3},"title":"Fietsen op het platteland dichtbij natuur en cultuur","author":"Mats Thorburn","date":"28 juni 2018","format":false,"excerpt":"Fietsen over kleine weggetjes in de buurt van Stockholm, Uppsala en V\u00e4ster\u00e5s Uitzichten, caf\u00e9s, lekker eten, bezienswaardigheden - maar bovenal deze kronkelende kleine weggetjes door een prachtig agrarisch landschap, begeleid door vogelgezang en de vleugels van de geschiedenis! Fj\u00e4rdhundraland verwelkomt je als fietser. Kleine wegen zijn overal, en dat is geen toeval. Mensen in de oudheid en middeleeuwen reisden te voet en...","rel":"","context":"In &quot;Cykling&quot;","block_context":{"text":"Cykling","link":"https:\/\/www.fjardhundraland.se\/nl\/fietsen\/"},"img":{"alt_text":"Cyklar parkerade framf\u00f6r Nys\u00e4tra kyrka","src":"https:\/\/i0.wp.com\/www.fjardhundraland.se\/wp-content\/uploads\/2018\/06\/cykling.jpg?resize=350%2C200&ssl=1","width":350,"height":200,"srcset":"https:\/\/i0.wp.com\/www.fjardhundraland.se\/wp-content\/uploads\/2018\/06\/cykling.jpg?resize=350%2C200&ssl=1 1x, https:\/\/i0.wp.com\/www.fjardhundraland.se\/wp-content\/uploads\/2018\/06\/cykling.jpg?resize=525%2C300&ssl=1 1.5x, https:\/\/i0.wp.com\/www.fjardhundraland.se\/wp-content\/uploads\/2018\/06\/cykling.jpg?resize=700%2C400&ssl=1 2x, https:\/\/i0.wp.com\/www.fjardhundraland.se\/wp-content\/uploads\/2018\/06\/cykling.jpg?resize=1050%2C600&ssl=1 3x, https:\/\/i0.wp.com\/www.fjardhundraland.se\/wp-content\/uploads\/2018\/06\/cykling.jpg?resize=1400%2C800&ssl=1 4x"},"classes":[]},{"id":20251,"url":"https:\/\/www.fjardhundraland.se\/nl\/inlegwerk\/2026\/pask-in-fjardhundraland-2\/","url_meta":{"origin":1809,"position":4},"title":"Pasen in Fj\u00e4rdhundraland","author":"Marloes","date":"18 maart 2026","format":false,"excerpt":"De beste manier om de lente te beleven is op het platteland dichtbij de stad. Dat is de stellige mening van veel Fj\u00e4rdhundraland-leden. Want dicht bij de natuur, in een glooiend cultuurlandschap met boerderijwinkels, pottenbakkerswerkplaatsen en caf\u00e9s, hoor je de vogels in de lente nog beter fluiten en ruik je de kruidige geur van de aarde die tot leven komt. En dat...","rel":"","context":"Soortgelijk bericht","block_context":{"text":"Soortgelijk bericht","link":""},"img":{"alt_text":"","src":"https:\/\/i0.wp.com\/www.fjardhundraland.se\/wp-content\/uploads\/2021\/04\/pask-i-fjardhundraland-tupp-och-hona.jpg?resize=350%2C200&ssl=1","width":350,"height":200,"srcset":"https:\/\/i0.wp.com\/www.fjardhundraland.se\/wp-content\/uploads\/2021\/04\/pask-i-fjardhundraland-tupp-och-hona.jpg?resize=350%2C200&ssl=1 1x, https:\/\/i0.wp.com\/www.fjardhundraland.se\/wp-content\/uploads\/2021\/04\/pask-i-fjardhundraland-tupp-och-hona.jpg?resize=525%2C300&ssl=1 1.5x, https:\/\/i0.wp.com\/www.fjardhundraland.se\/wp-content\/uploads\/2021\/04\/pask-i-fjardhundraland-tupp-och-hona.jpg?resize=700%2C400&ssl=1 2x, https:\/\/i0.wp.com\/www.fjardhundraland.se\/wp-content\/uploads\/2021\/04\/pask-i-fjardhundraland-tupp-och-hona.jpg?resize=1050%2C600&ssl=1 3x, https:\/\/i0.wp.com\/www.fjardhundraland.se\/wp-content\/uploads\/2021\/04\/pask-i-fjardhundraland-tupp-och-hona.jpg?resize=1400%2C800&ssl=1 4x"},"classes":[]},{"id":7312,"url":"https:\/\/www.fjardhundraland.se\/nl\/over-fjardhundraland\/fjardhundraland-economische-vereniging\/lid-worden\/","url_meta":{"origin":1809,"position":5},"title":"Lid worden","author":"Mats Thorburn","date":"8 september 2020","format":false,"excerpt":"Welkom als lid van Fj\u00e4rdhundraland economische vereniging! Het feit dat je lid wordt, versterkt ons gezamenlijke netwerk en zorgt ervoor dat we onze bezoekers nog beter van dienst kunnen zijn. Vul hier het aanmeldingsformulier in. Tien goede redenen om lid te worden Je vindt het belangrijk om samen te werken. 1+1=3.Je...","rel":"","context":"Soortgelijk bericht","block_context":{"text":"Soortgelijk bericht","link":""},"img":{"alt_text":"","src":"","width":0,"height":0},"classes":[]}],"jetpack_sharing_enabled":true,"_links":{"self":[{"href":"https:\/\/www.fjardhundraland.se\/nl\/wp-json\/wp\/v2\/pages\/1809","targetHints":{"allow":["GET"]}}],"collection":[{"href":"https:\/\/www.fjardhundraland.se\/nl\/wp-json\/wp\/v2\/pages"}],"about":[{"href":"https:\/\/www.fjardhundraland.se\/nl\/wp-json\/wp\/v2\/types\/page"}],"author":[{"embeddable":true,"href":"https:\/\/www.fjardhundraland.se\/nl\/wp-json\/wp\/v2\/users\/4"}],"replies":[{"embeddable":true,"href":"https:\/\/www.fjardhundraland.se\/nl\/wp-json\/wp\/v2\/comments?post=1809"}],"version-history":[{"count":0,"href":"https:\/\/www.fjardhundraland.se\/nl\/wp-json\/wp\/v2\/pages\/1809\/revisions"}],"up":[{"embeddable":true,"href":"https:\/\/www.fjardhundraland.se\/nl\/wp-json\/wp\/v2\/pages\/1515"}],"wp:attachment":[{"href":"https:\/\/www.fjardhundraland.se\/nl\/wp-json\/wp\/v2\/media?parent=1809"}],"wp:term":[{"taxonomy":"category","embeddable":true,"href":"https:\/\/www.fjardhundraland.se\/nl\/wp-json\/wp\/v2\/categories?post=1809"},{"taxonomy":"post_tag","embeddable":true,"href":"https:\/\/www.fjardhundraland.se\/nl\/wp-json\/wp\/v2\/tags?post=1809"}],"curies":[{"name":"wp","href":"https:\/\/api.w.org\/{rel}","templated":true}]}}