
{"id":1800,"date":"2014-02-28T11:38:56","date_gmt":"2014-02-28T10:38:56","guid":{"rendered":"http:\/\/www.fjardhundraland.se\/?page_id=1800"},"modified":"2025-09-16T23:42:36","modified_gmt":"2025-09-16T21:42:36","slug":"uitgetrokken","status":"publish","type":"page","link":"https:\/\/www.fjardhundraland.se\/nl\/om-fjardhundraland\/uttrade\/","title":{"rendered":"Terugtrekking"},"content":{"rendered":"<p>Als je je lidmaatschap van Fj\u00e4rdhundraland ek. Vereniging, vul dan dit formulier in:<\/p>\n<p><a href=\"https:\/\/docs.google.com\/forms\/d\/e\/1FAIpQLScCe_rZQnfBu34EVSGUUJtG988iqXa-gdolRRz-Cj-WGJcYtA\/viewform\" target=\"_blank\" rel=\"noopener\">Intrekkingsformulier<\/a><\/p>\n<p>LET OP! Dit geldt alleen voor gewone leden.<\/p>\n<p>Als je geen ondersteunend lid meer wilt zijn, stuur dan een bericht naar inga@fjardhundraland.se<\/p>","protected":false},"excerpt":{"rendered":"<p>Als je je lidmaatschap van de Fj\u00e4rdhundraland ek. vereniging, vul dan dit formulier in: Intrekkingsformulier LET OP! Dit geldt alleen voor gewone leden. Wil je stoppen als ondersteunend lid, stuur dan een bericht naar inga@fjardhundraland.se<\/p>","protected":false},"author":4,"featured_media":0,"parent":1515,"menu_order":45,"comment_status":"closed","ping_status":"closed","template":"","meta":{"_acf_changed":false,"_relevanssi_hide_post":"","_relevanssi_hide_content":"","_relevanssi_pin_for_all":"","_relevanssi_pin_keywords":"","_relevanssi_unpin_keywords":"","_relevanssi_related_keywords":"","_relevanssi_related_include_ids":"","_relevanssi_related_exclude_ids":"","_relevanssi_related_no_append":"","_relevanssi_related_not_related":"","_relevanssi_related_posts":"","_relevanssi_noindex_reason":"Rank Math Uteslut fr\u00e5n Relevanssi index","_genesis_hide_title":false,"_genesis_hide_breadcrumbs":false,"_genesis_hide_singular_image":false,"_genesis_hide_footer_widgets":false,"_genesis_custom_body_class":"","_genesis_custom_post_class":"","_genesis_layout":"","footnotes":""},"categories":[],"tags":[],"class_list":{"0":"post-1800","1":"page","2":"type-page","3":"status-publish","5":"entry"},"acf":[],"visa":null,"geo_latitude":null,"geo_longitude":null,"featured_image_src":null,"featured_image_src_square":null,"jetpack-related-posts":[{"id":14913,"url":"https:\/\/www.fjardhundraland.se\/nl\/favoriter\/","url_meta":{"origin":1800,"position":0},"title":"Favorieten","author":"Mats Thorburn","date":"12 februari 2024","format":false,"excerpt":"Hier is een selectie van favorieten in Fj\u00e4rdhundraland! Wil je je eigen favorietenpagina maken? Klik op \u201dOpslaan\u201d op de plaatsen die je wilt bewaren en klik rechtsboven op \ud83d\udda4. Daar vind je de link.","rel":"","context":"Soortgelijk bericht","block_context":{"text":"Soortgelijk bericht","link":""},"img":{"alt_text":"","src":"","width":0,"height":0},"classes":[]},{"id":7312,"url":"https:\/\/www.fjardhundraland.se\/nl\/om-fjardhundraland\/fjardhundraland-ekonomisk-forening\/bli-medlem\/","url_meta":{"origin":1800,"position":1},"title":"Lid worden","author":"Mats Thorburn","date":"8 september 2020","format":false,"excerpt":"Welkom als lid van Fj\u00e4rdhundraland economische vereniging! Het feit dat je lid wordt, versterkt ons gezamenlijke netwerk en zorgt ervoor dat we onze bezoekers nog beter van dienst kunnen zijn. Vul hier het aanmeldingsformulier in. Tien goede redenen om lid te worden Je vindt het belangrijk om samen te werken. 1+1=3.Je...","rel":"","context":"Soortgelijk bericht","block_context":{"text":"Soortgelijk bericht","link":""},"img":{"alt_text":"","src":"","width":0,"height":0},"classes":[]},{"id":4572,"url":"https:\/\/www.fjardhundraland.se\/nl\/evenemang-rundor\/rebusrundan10\/navigera-med-google-maps\/","url_meta":{"origin":1800,"position":2},"title":"Navigeren met Google Maps","author":"Ylva Fontell","date":"26 juli 2017","format":false,"excerpt":"Er zijn veel kronkelige achterafweggetjes in Fj\u00e4rdhundraland. Ze zijn mooi en maken deel uit van de reis, maar soms is het moeilijk om te weten welke weg de juiste is om op je bestemming te komen. Navigeren met Google Maps helpt je de weg te vinden. Zo doe je dat: Open de...","rel":"","context":"Soortgelijk bericht","block_context":{"text":"Soortgelijk bericht","link":""},"img":{"alt_text":"","src":"","width":0,"height":0},"classes":[]},{"id":2420,"url":"https:\/\/www.fjardhundraland.se\/nl\/vill-du-ha-tips-om-evenemang\/","url_meta":{"origin":1800,"position":3},"title":"Wil je tips van Fj\u00e4rdhundraland?","author":"Mats Thorburn","date":"20 juni 2014","format":false,"excerpt":"Vul hier je e-mailadres in en we laten je weten wanneer er iets op stapel staat! Inschrijven * verplicht E-mail * Voornaam Achternaam Toestemming Fj\u00e4rdhundraland Economic Association zal deze gegevens alleen gebruiken om uitnodigingen en informatie via e-mail te versturen.","rel":"","context":"Soortgelijk bericht","block_context":{"text":"Soortgelijk bericht","link":""},"img":{"alt_text":"","src":"","width":0,"height":0},"classes":[]},{"id":1489,"url":"https:\/\/www.fjardhundraland.se\/nl\/lokal-mat-och-akta-kansla-nara-storstan\/","url_meta":{"origin":1800,"position":4},"title":"1TP1Grond dichtbij de stad","author":"Mats Thorburn","date":"30 december 2013","format":false,"excerpt":"Wil je dicht bij de natuur komen? De mensen ontmoeten die je eten hebben verbouwd? In Fj\u00e4rdhundraland leiden kronkelende landweggetjes je tussen caf\u00e9s en boerderijwinkels, terwijl runestenen en middeleeuwse kerken je omringen. Neem even afstand van het alledaagse leven en ervaar het land bij jou in de buurt. Zoveel fantastische ambachten op het gebied van eten, natuurbelevenissen en spannende geschiedenis vind je nergens anders...","rel":"","context":"Soortgelijk bericht","block_context":{"text":"Soortgelijk bericht","link":""},"img":{"alt_text":"","src":"","width":0,"height":0},"classes":[]},{"id":6016,"url":"https:\/\/www.fjardhundraland.se\/nl\/om-fjardhundraland\/vanliga-fragor\/","url_meta":{"origin":1800,"position":5},"title":"Veelgestelde vragen","author":"Mats Thorburn","date":"11 september 2019","format":false,"excerpt":"Waar ligt Fj\u00e4rdhundraland? Ons gebied wordt bepaald door waar onze leden zich bevinden - tussen V\u00e4ster\u00e5s, Sala, Str\u00e4ngn\u00e4s, Uppsala, Enk\u00f6ping en Stockholm. We hebben geen grenzen ingesteld omdat grenzen niet interessant zijn voor bezoekers. Neem een kijkje op de kaart! Wat betekent \u201dFj\u00e4rdhundraland\u201d? De naam komt van de Viking\/middeleeuwse natie met dezelfde naam....","rel":"","context":"Soortgelijk bericht","block_context":{"text":"Soortgelijk bericht","link":""},"img":{"alt_text":"","src":"","width":0,"height":0},"classes":[]}],"jetpack_sharing_enabled":true,"_links":{"self":[{"href":"https:\/\/www.fjardhundraland.se\/nl\/wp-json\/wp\/v2\/pages\/1800","targetHints":{"allow":["GET"]}}],"collection":[{"href":"https:\/\/www.fjardhundraland.se\/nl\/wp-json\/wp\/v2\/pages"}],"about":[{"href":"https:\/\/www.fjardhundraland.se\/nl\/wp-json\/wp\/v2\/types\/page"}],"author":[{"embeddable":true,"href":"https:\/\/www.fjardhundraland.se\/nl\/wp-json\/wp\/v2\/users\/4"}],"replies":[{"embeddable":true,"href":"https:\/\/www.fjardhundraland.se\/nl\/wp-json\/wp\/v2\/comments?post=1800"}],"version-history":[{"count":1,"href":"https:\/\/www.fjardhundraland.se\/nl\/wp-json\/wp\/v2\/pages\/1800\/revisions"}],"predecessor-version":[{"id":18896,"href":"https:\/\/www.fjardhundraland.se\/nl\/wp-json\/wp\/v2\/pages\/1800\/revisions\/18896"}],"up":[{"embeddable":true,"href":"https:\/\/www.fjardhundraland.se\/nl\/wp-json\/wp\/v2\/pages\/1515"}],"wp:attachment":[{"href":"https:\/\/www.fjardhundraland.se\/nl\/wp-json\/wp\/v2\/media?parent=1800"}],"wp:term":[{"taxonomy":"category","embeddable":true,"href":"https:\/\/www.fjardhundraland.se\/nl\/wp-json\/wp\/v2\/categories?post=1800"},{"taxonomy":"post_tag","embeddable":true,"href":"https:\/\/www.fjardhundraland.se\/nl\/wp-json\/wp\/v2\/tags?post=1800"}],"curies":[{"name":"wp","href":"https:\/\/api.w.org\/{rel}","templated":true}]}}