
{"id":1620,"date":"2014-01-28T19:52:56","date_gmt":"2014-01-28T18:52:56","guid":{"rendered":"http:\/\/www.fjardhundraland.se\/?page_id=1620"},"modified":"2023-04-11T11:37:23","modified_gmt":"2023-04-11T09:37:23","slug":"toeristische-informatie","status":"publish","type":"page","link":"https:\/\/www.fjardhundraland.se\/nl\/turistinfo\/","title":{"rendered":"Toeristische informatie"},"content":{"rendered":"<p>&nbsp;<\/p>\n<h2>Toeristische informatie Fj\u00e4rdhundraland<\/h2>\n<p><em>Helaas is het toeristeninformatiecentrum Fj\u00e4rdhundraland in 2015 gesloten.<\/em><\/p>\n<p>Vraag ons naar de plaatselijke geschiedenis, natuur, cultuur, caf\u00e9s, B&amp;B's, fietstochten, eten en handwerk en nog veel meer.<br \/>\nWij wonen hier al meer dan 20 jaar - ook welkom!<br \/>\nAnna en Bengt, G\u00e4stre G\u00e4sthus, Fr\u00f6sthult G\u00e4stre 11, 749 72 Fj\u00e4rdhundra, tel 0705 733 977<\/p>\n<h2>Accommodatie in Fj\u00e4rdhundraland<\/h2>\n<p>In Fj\u00e4rdhundraland zijn er verschillende soorten accommodatie, je kunt verblijven in een gezellige bed &amp; breakfast met uitzicht op het platteland, of misschien in een landelijk hotel in de buurt van de stad. Om het gemakkelijker te maken voor u om uw favoriete plek om te verblijven te vinden, zijn alle accommodaties nu verzameld in een brochure die u kunt downloaden <a href=\"https:\/\/www.fjardhundraland.se\/wp-content\/uploads\/2014\/01\/Boende-i-Fjardhundralandweb.pdf\">hier<\/a>.<\/p>","protected":false},"excerpt":{"rendered":"<p>&nbsp; Turistinfo Fj\u00e4rdhundraland Turistinfo Fj\u00e4rdhundraland \u00e4r tyv\u00e4rr st\u00e4ngd 2015. Fr\u00e5ga oss om lokal historia, natur, kultur, caf\u00e9er, B&amp;B, cykelturer, mat och hantverk mm. Vi bor h\u00e4r sedan drygt 20 \u00e5r &#8211; v\u00e4lkommen hit du ocks\u00e5! Anna och Bengt, G\u00e4stre G\u00e4sthus, Fr\u00f6sthult G\u00e4stre 11, 749 72 Fj\u00e4rdhundra, tel 0705 733 977 Boende i Fj\u00e4rdhundraland I Fj\u00e4rdhundraland [&hellip;]<\/p>\n","protected":false},"author":1,"featured_media":0,"parent":0,"menu_order":30,"comment_status":"open","ping_status":"closed","template":"","meta":{"_acf_changed":false,"_relevanssi_hide_post":"","_relevanssi_hide_content":"","_relevanssi_pin_for_all":"","_relevanssi_pin_keywords":"","_relevanssi_unpin_keywords":"","_relevanssi_related_keywords":"","_relevanssi_related_include_ids":"","_relevanssi_related_exclude_ids":"","_relevanssi_related_no_append":"","_relevanssi_related_not_related":"","_relevanssi_related_posts":"","_relevanssi_noindex_reason":"","_genesis_hide_title":false,"_genesis_hide_breadcrumbs":false,"_genesis_hide_singular_image":false,"_genesis_hide_footer_widgets":false,"_genesis_custom_body_class":"","_genesis_custom_post_class":"","_genesis_layout":"","footnotes":""},"categories":[],"tags":[],"class_list":{"0":"post-1620","1":"page","2":"type-page","3":"status-publish","5":"entry"},"acf":[],"visa":null,"geo_latitude":null,"geo_longitude":null,"featured_image_src":null,"featured_image_src_square":null,"jetpack-related-posts":[],"jetpack_sharing_enabled":true,"_links":{"self":[{"href":"https:\/\/www.fjardhundraland.se\/nl\/wp-json\/wp\/v2\/pages\/1620","targetHints":{"allow":["GET"]}}],"collection":[{"href":"https:\/\/www.fjardhundraland.se\/nl\/wp-json\/wp\/v2\/pages"}],"about":[{"href":"https:\/\/www.fjardhundraland.se\/nl\/wp-json\/wp\/v2\/types\/page"}],"author":[{"embeddable":true,"href":"https:\/\/www.fjardhundraland.se\/nl\/wp-json\/wp\/v2\/users\/1"}],"replies":[{"embeddable":true,"href":"https:\/\/www.fjardhundraland.se\/nl\/wp-json\/wp\/v2\/comments?post=1620"}],"version-history":[{"count":0,"href":"https:\/\/www.fjardhundraland.se\/nl\/wp-json\/wp\/v2\/pages\/1620\/revisions"}],"wp:attachment":[{"href":"https:\/\/www.fjardhundraland.se\/nl\/wp-json\/wp\/v2\/media?parent=1620"}],"wp:term":[{"taxonomy":"category","embeddable":true,"href":"https:\/\/www.fjardhundraland.se\/nl\/wp-json\/wp\/v2\/categories?post=1620"},{"taxonomy":"post_tag","embeddable":true,"href":"https:\/\/www.fjardhundraland.se\/nl\/wp-json\/wp\/v2\/tags?post=1620"}],"curies":[{"name":"wp","href":"https:\/\/api.w.org\/{rel}","templated":true}]}}