
{"id":15836,"date":"2024-05-26T16:19:44","date_gmt":"2024-05-26T14:19:44","guid":{"rendered":"https:\/\/www.fjardhundraland.se\/?page_id=15836"},"modified":"2024-05-26T16:26:48","modified_gmt":"2024-05-26T14:26:48","slug":"project","status":"publish","type":"page","link":"https:\/\/www.fjardhundraland.se\/nl\/projekt\/","title":{"rendered":"Het project"},"content":{"rendered":"<p>Soms zoekt de Fj\u00e4rhundraland Economic Association projecten om idee\u00ebn te kunnen uitvoeren die meer middelen vereisen dan we in onze reguliere activiteiten hebben.<\/p>\n\n\n\n<p>Dit is een lijst van projecten die we uitvoeren of hebben uitgevoerd. De lijst is niet volledig en zal worden bijgewerkt.<\/p>\n\n\n\n<p><a href=\"https:\/\/www.upplandsstiftelsen.se\/landsbygdsutveckling\/vandring-och-turism-i-fjardhundralan__6116\" target=\"_blank\" rel=\"noopener\">Wandelen en toerisme in Fj\u00e4rdhundraland<\/a> - 2023 - 31 oktober 2024, uitgevoerd door de Upplandsstiftelsen.<\/p>\n\n\n\n<p><a href=\"https:\/\/www.fjardhundraland.se\/nl\/2022\/06\/nieuwe-samenwerkingen-op-het-gebied-van-voedselproductie-in-uppland-2\/\">Nieuwe samenwerkingen voor lokaal geproduceerd voedsel in Uppland<\/a><\/p>\n\n\n\n<p><a href=\"https:\/\/www.fjardhundraland.se\/nl\/2017\/02\/augmented-export\/\">Verhoogde export<\/a> <\/p>\n\n\n\n<hr class=\"wp-block-separator has-alpha-channel-opacity is-style-wide\"\/>\n\n\n\n<p><a href=\"https:\/\/www.fjardhundraland.se\/nl\/2019\/10\/toerisme-in-de-fjardhundra-regio\/\">Toerisme in Fj\u00e4rdhundrabygden<\/a> - 2009-2011. Dit project resulteerde in de Fj\u00e4rdhundraland associatie.<\/p>","protected":false},"excerpt":{"rendered":"<p>Ibland s\u00f6ker Fj\u00e4rhundraland ekonomisk f\u00f6rening projekt, f\u00f6r att kunna genomf\u00f6ra id\u00e9er som kr\u00e4ver st\u00f6rre resurser \u00e4n vi har i v\u00e5r ordinarie verksamhet. H\u00e4r listas projekt som vi driver eller har drivit. Listan \u00e4r inte komplett, och kommer att uppdateras. Vandring och turism i Fj\u00e4rdhundraland \u2013 2023 \u2013 31 oktober 2024. Projektet drivs av Upplandsstiftelsen. Nya [&hellip;]<\/p>\n","protected":false},"author":1,"featured_media":0,"parent":0,"menu_order":0,"comment_status":"closed","ping_status":"closed","template":"","meta":{"_acf_changed":false,"_relevanssi_hide_post":"","_relevanssi_hide_content":"","_relevanssi_pin_for_all":"","_relevanssi_pin_keywords":"","_relevanssi_unpin_keywords":"","_relevanssi_related_keywords":"","_relevanssi_related_include_ids":"","_relevanssi_related_exclude_ids":"","_relevanssi_related_no_append":"","_relevanssi_related_not_related":"","_relevanssi_related_posts":"12584,10768,9741,13215,10366,10896","_relevanssi_noindex_reason":"","_genesis_hide_title":false,"_genesis_hide_breadcrumbs":false,"_genesis_hide_singular_image":false,"_genesis_hide_footer_widgets":false,"_genesis_custom_body_class":"","_genesis_custom_post_class":"","_genesis_layout":"","footnotes":""},"categories":[],"tags":[],"class_list":{"0":"post-15836","1":"page","2":"type-page","3":"status-publish","5":"entry"},"acf":[],"visa":null,"geo_latitude":null,"geo_longitude":null,"featured_image_src":null,"featured_image_src_square":null,"jetpack-related-posts":[],"jetpack_sharing_enabled":true,"_links":{"self":[{"href":"https:\/\/www.fjardhundraland.se\/nl\/wp-json\/wp\/v2\/pages\/15836","targetHints":{"allow":["GET"]}}],"collection":[{"href":"https:\/\/www.fjardhundraland.se\/nl\/wp-json\/wp\/v2\/pages"}],"about":[{"href":"https:\/\/www.fjardhundraland.se\/nl\/wp-json\/wp\/v2\/types\/page"}],"author":[{"embeddable":true,"href":"https:\/\/www.fjardhundraland.se\/nl\/wp-json\/wp\/v2\/users\/1"}],"replies":[{"embeddable":true,"href":"https:\/\/www.fjardhundraland.se\/nl\/wp-json\/wp\/v2\/comments?post=15836"}],"version-history":[{"count":0,"href":"https:\/\/www.fjardhundraland.se\/nl\/wp-json\/wp\/v2\/pages\/15836\/revisions"}],"wp:attachment":[{"href":"https:\/\/www.fjardhundraland.se\/nl\/wp-json\/wp\/v2\/media?parent=15836"}],"wp:term":[{"taxonomy":"category","embeddable":true,"href":"https:\/\/www.fjardhundraland.se\/nl\/wp-json\/wp\/v2\/categories?post=15836"},{"taxonomy":"post_tag","embeddable":true,"href":"https:\/\/www.fjardhundraland.se\/nl\/wp-json\/wp\/v2\/tags?post=15836"}],"curies":[{"name":"wp","href":"https:\/\/api.w.org\/{rel}","templated":true}]}}