
{"id":1515,"date":"2014-01-08T18:11:23","date_gmt":"2014-01-08T17:11:23","guid":{"rendered":"http:\/\/www.fjardhundraland.se\/?page_id=1515"},"modified":"2017-05-06T11:40:47","modified_gmt":"2017-05-06T09:40:47","slug":"over-fjardhundraland","status":"publish","type":"page","link":"https:\/\/www.fjardhundraland.se\/nl\/over-fjardhundraland\/","title":{"rendered":"Over Fj\u00e4rdhundraland"},"content":{"rendered":"<p>In Fj\u00e4rdhundraland brengen we geweldige ervaringen samen in een levendig landschap met\u00a0<a title=\"Geschiedenis in Fj\u00e4rdhundraland\" href=\"https:\/\/www.fjardhundraland.se\/nl\/de-locaties\/gora\/geschiedenis\/\">geschiedenis<\/a>, <a title=\"Natuur in Fj\u00e4rdhundraland\" href=\"https:\/\/www.fjardhundraland.se\/nl\/de-locaties\/gora\/natuur\/\">natuurbelevenissen<\/a>\u00a0en beginnende kleine bedrijven:\u00a0<a title=\"Eten in Fj\u00e4rdhundraland\" href=\"https:\/\/www.fjardhundraland.se\/nl\/de-locaties\/ata\/\">caf\u00e9s<\/a>,\u00a0<a title=\"Wonen in Fj\u00e4rdhundraland\" href=\"https:\/\/www.fjardhundraland.se\/nl\/de-locaties\/nest\/\">accommodatie<\/a>,\u00a0<a title=\"Boerderijwinkels in Fj\u00e4rdhundraland\" href=\"https:\/\/www.fjardhundraland.se\/nl\/de-locaties\/gora\/supermarkten\/\">boerderijwinkels<\/a>\u00a0en nog veel meer! Veel ambachtelijk eten, natuur, cultuur - allemaal binnen een uur van Stockholm, Uppsala en V\u00e4ster\u00e5s.<\/p>\n<p>De naam Fj\u00e4rdhundraland komt van het middeleeuwse volksland <a title=\"Veer rond land\" href=\"https:\/\/sv.wikipedia.org\/wiki\/Fj%C3%A4drundaland\" target=\"_blank\" rel=\"noopener noreferrer\"><em>Veer rond land<\/em><\/a>. Het huidige Fj\u00e4rdhundraland kent geen grenzen. Het doel is om een groot gebied te cre\u00ebren met veel plekken dicht bij elkaar - om het voor jou als bezoeker gemakkelijk en aangenaam te maken om van de ene ervaring naar de andere te gaan.<\/p>\n<p>Het Fj\u00e4rdhundraland bezoekerscentrum is ontwikkeld door <a href=\"https:\/\/www.fjardhundraland.se\/nl\/over-fjardhundraland\/fjardhundraland-economische-vereniging\/\">Fj\u00e4rdhundraland economische associatie<\/a>dat bedrijven, verenigingen en individuen samenbrengt die zich samen willen ontwikkelen om bezoekers een betere ervaring te geven.<\/p>","protected":false},"excerpt":{"rendered":"<p>I Fj\u00e4rdhundraland samlar vi bra upplevelser i en levande landsbygd med\u00a0historia, naturupplevelser\u00a0och\u00a0spirande sm\u00e5f\u00f6retagande:\u00a0kafeer,\u00a0boende,\u00a0g\u00e5rdsbutiker\u00a0och mycket mer! Massor av mathantverk, natur, kultur \u2013 allt inom en timme fr\u00e5n Stockholm, Uppsala och V\u00e4ster\u00e5s. Namnet Fj\u00e4rdhundraland kommer fr\u00e5n det medeltida folklandet Fj\u00e4drundaland. Dagens\u00a0Fj\u00e4rdhundraland har inga gr\u00e4nser. M\u00e5let \u00e4r att skapa ett stort omr\u00e5de med m\u00e5nga platser n\u00e4ra varandra \u2013 [&hellip;]<\/p>\n","protected":false},"author":1,"featured_media":0,"parent":0,"menu_order":31,"comment_status":"open","ping_status":"open","template":"","meta":{"_acf_changed":false,"_relevanssi_hide_post":"","_relevanssi_hide_content":"","_relevanssi_pin_for_all":"","_relevanssi_pin_keywords":"","_relevanssi_unpin_keywords":"","_relevanssi_related_keywords":"","_relevanssi_related_include_ids":"","_relevanssi_related_exclude_ids":"","_relevanssi_related_no_append":"","_relevanssi_related_not_related":"","_relevanssi_related_posts":"77,136,1974,17239,19177,5699","_relevanssi_noindex_reason":"","_genesis_hide_title":false,"_genesis_hide_breadcrumbs":false,"_genesis_hide_singular_image":false,"_genesis_hide_footer_widgets":false,"_genesis_custom_body_class":"","_genesis_custom_post_class":"","_genesis_layout":"","footnotes":""},"categories":[],"tags":[],"class_list":{"0":"post-1515","1":"page","2":"type-page","3":"status-publish","5":"entry"},"acf":[],"visa":null,"geo_latitude":null,"geo_longitude":null,"featured_image_src":null,"featured_image_src_square":null,"jetpack-related-posts":[{"id":12897,"url":"https:\/\/www.fjardhundraland.se\/nl\/over-fjardhundraland\/boek-een-studiebezoek\/","url_meta":{"origin":1515,"position":0},"title":"Boek een studiebezoek","author":"Mats Thorburn","date":"1 juni 2023","format":false,"excerpt":"Wil je inzicht krijgen in hoe Fj\u00e4rdhundraland werkt, hoe we de bestemming hebben opgebouwd en hoe leden het netwerk gebruiken? Dan is een studiebezoek een goede manier. Je hoort het verhaal van Fj\u00e4rdhundraland, maar ontmoet ook de individuele leden, die hun ervaringen en drijfveren delen. Een studiereis van Fj\u00e4rdhundraland levert nieuwe...","rel":"","context":"Soortgelijk bericht","block_context":{"text":"Soortgelijk bericht","link":""},"img":{"alt_text":"Studiebes\u00f6k Fj\u00e4rdhundraland jhos Axel & Gren","src":"https:\/\/i0.wp.com\/www.fjardhundraland.se\/wp-content\/uploads\/2023\/06\/studiebesok-fjardhundraland-axel-gren.jpg?resize=350%2C200&ssl=1","width":350,"height":200,"srcset":"https:\/\/i0.wp.com\/www.fjardhundraland.se\/wp-content\/uploads\/2023\/06\/studiebesok-fjardhundraland-axel-gren.jpg?resize=350%2C200&ssl=1 1x, https:\/\/i0.wp.com\/www.fjardhundraland.se\/wp-content\/uploads\/2023\/06\/studiebesok-fjardhundraland-axel-gren.jpg?resize=525%2C300&ssl=1 1.5x, https:\/\/i0.wp.com\/www.fjardhundraland.se\/wp-content\/uploads\/2023\/06\/studiebesok-fjardhundraland-axel-gren.jpg?resize=700%2C400&ssl=1 2x, https:\/\/i0.wp.com\/www.fjardhundraland.se\/wp-content\/uploads\/2023\/06\/studiebesok-fjardhundraland-axel-gren.jpg?resize=1050%2C600&ssl=1 3x, https:\/\/i0.wp.com\/www.fjardhundraland.se\/wp-content\/uploads\/2023\/06\/studiebesok-fjardhundraland-axel-gren.jpg?resize=1400%2C800&ssl=1 4x"},"classes":[]},{"id":13805,"url":"https:\/\/www.fjardhundraland.se\/nl\/","url_meta":{"origin":1515,"position":1},"title":"Fj\u00e4rdhundraland - Zweeds platteland, vlak bij de stad","author":"Mats Thorburn","date":"4 november 2023","format":false,"excerpt":"Wil je dicht bij de natuur komen? De mensen ontmoeten die je eten hebben verbouwd? In Fj\u00e4rdhundraland leiden kronkelende landweggetjes je tussen caf\u00e9s en boerderijwinkels, terwijl runestenen en middeleeuwse kerken je omringen. Neem even afstand van het alledaagse leven en ervaar het land bij jou in de buurt. Zoveel geweldig eten, natuur en geschiedenis vind je nergens anders binnen een uur...","rel":"","context":"Soortgelijk bericht","block_context":{"text":"Soortgelijk bericht","link":""},"img":{"alt_text":"Tupp Ho\u0308ns Ha\u0308rnevi plantskola","src":"https:\/\/i0.wp.com\/www.fjardhundraland.se\/wp-content\/uploads\/2018\/03\/tupp-hocc88ns-hacc88rnevi-plantskola-2017-april-15-12-00-45-_.jpg?resize=350%2C200&ssl=1","width":350,"height":200,"srcset":"https:\/\/i0.wp.com\/www.fjardhundraland.se\/wp-content\/uploads\/2018\/03\/tupp-hocc88ns-hacc88rnevi-plantskola-2017-april-15-12-00-45-_.jpg?resize=350%2C200&ssl=1 1x, https:\/\/i0.wp.com\/www.fjardhundraland.se\/wp-content\/uploads\/2018\/03\/tupp-hocc88ns-hacc88rnevi-plantskola-2017-april-15-12-00-45-_.jpg?resize=525%2C300&ssl=1 1.5x, https:\/\/i0.wp.com\/www.fjardhundraland.se\/wp-content\/uploads\/2018\/03\/tupp-hocc88ns-hacc88rnevi-plantskola-2017-april-15-12-00-45-_.jpg?resize=700%2C400&ssl=1 2x, https:\/\/i0.wp.com\/www.fjardhundraland.se\/wp-content\/uploads\/2018\/03\/tupp-hocc88ns-hacc88rnevi-plantskola-2017-april-15-12-00-45-_.jpg?resize=1050%2C600&ssl=1 3x, https:\/\/i0.wp.com\/www.fjardhundraland.se\/wp-content\/uploads\/2018\/03\/tupp-hocc88ns-hacc88rnevi-plantskola-2017-april-15-12-00-45-_.jpg?resize=1400%2C800&ssl=1 4x"},"classes":[]},{"id":6557,"url":"https:\/\/www.fjardhundraland.se\/nl\/over-fjardhundraland\/nu-invoeren\/","url_meta":{"origin":1515,"position":2},"title":"Activiteit invoeren","author":"Mats Thorburn","date":"31 maart 2020","format":false,"excerpt":"Er is veel interesse om het platteland in te trekken en we hebben een geweldige plek om te laten zien wat we doen - op dit moment. Hier kun je evenementen, activiteiten en tijdelijke openingstijden toevoegen. Na handmatige goedkeuring wordt het hier gepubliceerd: https:\/\/www.fjardhundraland.se\/nu\/ Als je geen foto uploadt...","rel":"","context":"Soortgelijk bericht","block_context":{"text":"Soortgelijk bericht","link":""},"img":{"alt_text":"","src":"","width":0,"height":0},"classes":[]},{"id":20251,"url":"https:\/\/www.fjardhundraland.se\/nl\/inlegwerk\/2026\/pask-in-fjardhundraland-2\/","url_meta":{"origin":1515,"position":3},"title":"Pasen in Fj\u00e4rdhundraland","author":"Marloes","date":"18 maart 2026","format":false,"excerpt":"De beste manier om de lente te beleven is op het platteland dichtbij de stad. Dat is de stellige mening van veel Fj\u00e4rdhundraland-leden. Want dicht bij de natuur, in een glooiend cultuurlandschap met boerderijwinkels, pottenbakkerswerkplaatsen en caf\u00e9s, hoor je de vogels in de lente nog beter fluiten en ruik je de kruidige geur van de aarde die tot leven komt. En dat...","rel":"","context":"Soortgelijk bericht","block_context":{"text":"Soortgelijk bericht","link":""},"img":{"alt_text":"","src":"https:\/\/i0.wp.com\/www.fjardhundraland.se\/wp-content\/uploads\/2021\/04\/pask-i-fjardhundraland-tupp-och-hona.jpg?resize=350%2C200&ssl=1","width":350,"height":200,"srcset":"https:\/\/i0.wp.com\/www.fjardhundraland.se\/wp-content\/uploads\/2021\/04\/pask-i-fjardhundraland-tupp-och-hona.jpg?resize=350%2C200&ssl=1 1x, https:\/\/i0.wp.com\/www.fjardhundraland.se\/wp-content\/uploads\/2021\/04\/pask-i-fjardhundraland-tupp-och-hona.jpg?resize=525%2C300&ssl=1 1.5x, https:\/\/i0.wp.com\/www.fjardhundraland.se\/wp-content\/uploads\/2021\/04\/pask-i-fjardhundraland-tupp-och-hona.jpg?resize=700%2C400&ssl=1 2x, https:\/\/i0.wp.com\/www.fjardhundraland.se\/wp-content\/uploads\/2021\/04\/pask-i-fjardhundraland-tupp-och-hona.jpg?resize=1050%2C600&ssl=1 3x, https:\/\/i0.wp.com\/www.fjardhundraland.se\/wp-content\/uploads\/2021\/04\/pask-i-fjardhundraland-tupp-och-hona.jpg?resize=1400%2C800&ssl=1 4x"},"classes":[]},{"id":13123,"url":"https:\/\/www.fjardhundraland.se\/nl\/over-fjardhundraland\/groepsreizen-naar-fjardhundraland\/","url_meta":{"origin":1515,"position":4},"title":"Groepsreis naar Fj\u00e4rdhundraland","author":"Mats Thorburn","date":"19 juni 2023","format":false,"excerpt":"Wil je met een touringcargroep naar Fj\u00e4rdhundraland komen? Wij staan vermeld in de catalogus groepsreizen Regio Uppsala. Lees het hier. Tuintoerisme Enk\u00f6ping organiseert groepsreizen op maat in Fj\u00e4rdhundraland. H\u00f6gbergs buss is lid van Fj\u00e4rdhundraland en kan u helpen met uw groepsreis. Neem contact met ons op als u vragen heeft over uw reis!","rel":"","context":"Soortgelijk bericht","block_context":{"text":"Soortgelijk bericht","link":""},"img":{"alt_text":"","src":"","width":0,"height":0},"classes":[]},{"id":9481,"url":"https:\/\/www.fjardhundraland.se\/nl\/over-fjardhundraland\/college-ontwikkelingssamenwerking\/","url_meta":{"origin":1515,"position":5},"title":"Boek een lezing","author":"Mats Thorburn","date":"10 november 2021","format":false,"excerpt":"Een lezing is een geweldige start van een project voor plattelandsontwikkeling of bestemmingsontwikkeling, of wanneer je de voordelen van samenwerken wilt laten zien! Fj\u00e4rdhundraland heeft in tien jaar een bestemming opgebouwd van nul naar 150 leden, beginnend met een Leader-project. Nu kun je een van de populaire lezingen van Mats Thorburn boeken...","rel":"","context":"Soortgelijk bericht","block_context":{"text":"Soortgelijk bericht","link":""},"img":{"alt_text":"Stora turismpriset utdelning december 2019 Mats Thorburn","src":"https:\/\/i0.wp.com\/www.fjardhundraland.se\/wp-content\/uploads\/2021\/11\/stora-turismpriset-utdelning-december-2019-mats-thorburn.jpg?resize=350%2C200&ssl=1","width":350,"height":200,"srcset":"https:\/\/i0.wp.com\/www.fjardhundraland.se\/wp-content\/uploads\/2021\/11\/stora-turismpriset-utdelning-december-2019-mats-thorburn.jpg?resize=350%2C200&ssl=1 1x, https:\/\/i0.wp.com\/www.fjardhundraland.se\/wp-content\/uploads\/2021\/11\/stora-turismpriset-utdelning-december-2019-mats-thorburn.jpg?resize=525%2C300&ssl=1 1.5x, https:\/\/i0.wp.com\/www.fjardhundraland.se\/wp-content\/uploads\/2021\/11\/stora-turismpriset-utdelning-december-2019-mats-thorburn.jpg?resize=700%2C400&ssl=1 2x, https:\/\/i0.wp.com\/www.fjardhundraland.se\/wp-content\/uploads\/2021\/11\/stora-turismpriset-utdelning-december-2019-mats-thorburn.jpg?resize=1050%2C600&ssl=1 3x, https:\/\/i0.wp.com\/www.fjardhundraland.se\/wp-content\/uploads\/2021\/11\/stora-turismpriset-utdelning-december-2019-mats-thorburn.jpg?resize=1400%2C800&ssl=1 4x"},"classes":[]}],"jetpack_sharing_enabled":true,"_links":{"self":[{"href":"https:\/\/www.fjardhundraland.se\/nl\/wp-json\/wp\/v2\/pages\/1515","targetHints":{"allow":["GET"]}}],"collection":[{"href":"https:\/\/www.fjardhundraland.se\/nl\/wp-json\/wp\/v2\/pages"}],"about":[{"href":"https:\/\/www.fjardhundraland.se\/nl\/wp-json\/wp\/v2\/types\/page"}],"author":[{"embeddable":true,"href":"https:\/\/www.fjardhundraland.se\/nl\/wp-json\/wp\/v2\/users\/1"}],"replies":[{"embeddable":true,"href":"https:\/\/www.fjardhundraland.se\/nl\/wp-json\/wp\/v2\/comments?post=1515"}],"version-history":[{"count":0,"href":"https:\/\/www.fjardhundraland.se\/nl\/wp-json\/wp\/v2\/pages\/1515\/revisions"}],"wp:attachment":[{"href":"https:\/\/www.fjardhundraland.se\/nl\/wp-json\/wp\/v2\/media?parent=1515"}],"wp:term":[{"taxonomy":"category","embeddable":true,"href":"https:\/\/www.fjardhundraland.se\/nl\/wp-json\/wp\/v2\/categories?post=1515"},{"taxonomy":"post_tag","embeddable":true,"href":"https:\/\/www.fjardhundraland.se\/nl\/wp-json\/wp\/v2\/tags?post=1515"}],"curies":[{"name":"wp","href":"https:\/\/api.w.org\/{rel}","templated":true}]}}