
{"id":1489,"date":"2013-12-30T18:37:37","date_gmt":"2013-12-30T17:37:37","guid":{"rendered":"http:\/\/www.fjardhundraland.se\/?page_id=1489"},"modified":"2023-10-02T11:31:19","modified_gmt":"2023-10-02T09:31:19","slug":"lokale-gerechten-en-akta-kansla-in-de-buurt-van-de-stad","status":"publish","type":"page","link":"https:\/\/www.fjardhundraland.se\/nl\/lokale-gerechten-en-akta-kansla-in-de-buurt-van-de-stad\/","title":{"rendered":"Fj\u00e4rdhundraland<br>Het platteland bij de stad"},"content":{"rendered":"<p><strong>Fj\u00e4rdhundraland biedt het beste van het Zweedse platteland. Hier ontmoet je ambachtelijke producenten, omringd door een afwisselend en wijds landschap vol prachtige natuur. Kronkelende weggetjes voeren langs boerderijwinkels en caf\u00e9s, terwijl hier en daar runenstenen en middeleeuwse kerken te zien zijn.<\/strong><\/p>\n\n\n\n<p>Zoveel geweldige <a href=\"https:\/\/www.fjardhundraland.se\/nl\/de-locaties\/winkelen\/voedsel-ambachten\/\">ambachtelijke producenten<\/a>, <a href=\"https:\/\/www.fjardhundraland.se\/nl\/de-locaties\/gora\/natuur\/\">natuurbelevenissen<\/a> en <a href=\"https:\/\/www.fjardhundraland.se\/nl\/de-locaties\/gora\/geschiedenis\/\">boeiende geschiedenis<\/a> vind je nergens anders binnen een uur van Stockholm, V\u00e4ster\u00e5s en Uppsala. Hier liggen de parels vlak bij elkaar.<\/p>\n\n\n\n<p>Wil je meedoen aan onze geweldige tours? <a href=\"https:\/\/www.fjardhundraland.se\/nl\/evenementen\/\" data-type=\"page\" data-id=\"2163\">De data voor dit jaar en meer info vind je hier<\/a>!<\/p>\n\n\n\n<p><\/p>\n\n\n\n<p><\/p>\n\n\n\n<p><\/p>","protected":false},"excerpt":{"rendered":"<p>Vill du komma n\u00e4ra naturen? Tr\u00e4ffa den som odlat maten? I Fj\u00e4rdhundraland leder dig slingrande sm\u00e5v\u00e4gar mellan kaf\u00e9er och g\u00e5rdsbutiker medan runstenar och medeltida kyrkor kantar v\u00e4gen. Ta en paus fr\u00e5n vardagen och upplev landet n\u00e4ra dig. S\u00e5 h\u00e4r mycket fantastiskt mathantverk, naturupplevelser och sp\u00e4nnande historia hittar du inte n\u00e5gon annanstans inom en timme fr\u00e5n [&hellip;]<\/p>\n","protected":false},"author":1,"featured_media":0,"parent":0,"menu_order":46,"comment_status":"closed","ping_status":"closed","template":"","meta":{"_acf_changed":false,"_relevanssi_hide_post":"","_relevanssi_hide_content":"","_relevanssi_pin_for_all":"","_relevanssi_pin_keywords":"","_relevanssi_unpin_keywords":"","_relevanssi_related_keywords":"","_relevanssi_related_include_ids":"","_relevanssi_related_exclude_ids":"","_relevanssi_related_no_append":"","_relevanssi_related_not_related":"","_relevanssi_related_posts":"","_relevanssi_noindex_reason":"","_genesis_hide_title":false,"_genesis_hide_breadcrumbs":false,"_genesis_hide_singular_image":false,"_genesis_hide_footer_widgets":false,"_genesis_custom_body_class":"","_genesis_custom_post_class":"","_genesis_layout":"","footnotes":""},"categories":[],"tags":[],"class_list":{"0":"post-1489","1":"page","2":"type-page","3":"status-publish","5":"entry"},"acf":[],"visa":null,"geo_latitude":null,"geo_longitude":null,"featured_image_src":null,"featured_image_src_square":null,"jetpack-related-posts":[{"id":13805,"url":"https:\/\/www.fjardhundraland.se\/nl\/","url_meta":{"origin":1489,"position":0},"title":"Fj\u00e4rdhundraland - Zweeds platteland, vlak bij de stad","author":"Mats Thorburn","date":"4 november 2023","format":false,"excerpt":"Wil je dicht bij de natuur komen? De mensen ontmoeten die je eten hebben verbouwd? In Fj\u00e4rdhundraland leiden kronkelende landweggetjes je tussen caf\u00e9s en boerderijwinkels, terwijl runestenen en middeleeuwse kerken je omringen. Neem even afstand van het alledaagse leven en ervaar het land bij jou in de buurt. Zoveel geweldig eten, natuur en geschiedenis vind je nergens anders binnen een uur...","rel":"","context":"Soortgelijk bericht","block_context":{"text":"Soortgelijk bericht","link":""},"img":{"alt_text":"Tupp Ho\u0308ns Ha\u0308rnevi plantskola","src":"https:\/\/i0.wp.com\/www.fjardhundraland.se\/wp-content\/uploads\/2018\/03\/tupp-hocc88ns-hacc88rnevi-plantskola-2017-april-15-12-00-45-_.jpg?resize=350%2C200&ssl=1","width":350,"height":200,"srcset":"https:\/\/i0.wp.com\/www.fjardhundraland.se\/wp-content\/uploads\/2018\/03\/tupp-hocc88ns-hacc88rnevi-plantskola-2017-april-15-12-00-45-_.jpg?resize=350%2C200&ssl=1 1x, https:\/\/i0.wp.com\/www.fjardhundraland.se\/wp-content\/uploads\/2018\/03\/tupp-hocc88ns-hacc88rnevi-plantskola-2017-april-15-12-00-45-_.jpg?resize=525%2C300&ssl=1 1.5x, https:\/\/i0.wp.com\/www.fjardhundraland.se\/wp-content\/uploads\/2018\/03\/tupp-hocc88ns-hacc88rnevi-plantskola-2017-april-15-12-00-45-_.jpg?resize=700%2C400&ssl=1 2x, https:\/\/i0.wp.com\/www.fjardhundraland.se\/wp-content\/uploads\/2018\/03\/tupp-hocc88ns-hacc88rnevi-plantskola-2017-april-15-12-00-45-_.jpg?resize=1050%2C600&ssl=1 3x, https:\/\/i0.wp.com\/www.fjardhundraland.se\/wp-content\/uploads\/2018\/03\/tupp-hocc88ns-hacc88rnevi-plantskola-2017-april-15-12-00-45-_.jpg?resize=1400%2C800&ssl=1 4x"},"classes":[]},{"id":4572,"url":"https:\/\/www.fjardhundraland.se\/nl\/evenementen\/rebus-ronde10\/navigeren-met-google-maps\/","url_meta":{"origin":1489,"position":1},"title":"Navigeren met Google Maps","author":"Ylva Fontell","date":"26 juli 2017","format":false,"excerpt":"Er zijn veel kronkelige achterafweggetjes in Fj\u00e4rdhundraland. Ze zijn mooi en maken deel uit van de reis, maar soms is het moeilijk om te weten welke weg de juiste is om op je bestemming te komen. Navigeren met Google Maps helpt je de weg te vinden. Zo doe je dat: Open de...","rel":"","context":"Soortgelijk bericht","block_context":{"text":"Soortgelijk bericht","link":""},"img":{"alt_text":"","src":"","width":0,"height":0},"classes":[]},{"id":5242,"url":"https:\/\/www.fjardhundraland.se\/nl\/cyclus\/fjardhundralandsleden\/","url_meta":{"origin":1489,"position":2},"title":"Fj\u00e4rdhundralands","author":"Mats Thorburn","date":"29 juni 2018","format":false,"excerpt":"De Fj\u00e4rdhundraland route is onze fietsroute door het centrum van ons gebied. De eerste etappe van 38 km loopt tussen Fj\u00e4rdhundra en \u00d6rsundsbro, over goede wegen met voldoende mogelijkheden om te stoppen voor een kop koffie, een ommetje of om te zwemmen. Je bent ook in de buurt van verschillende andere bestemmingen in Fj\u00e4rdhundraland, dus je kunt de route...","rel":"","context":"In &quot;Cykling&quot;","block_context":{"text":"Cykling","link":"https:\/\/www.fjardhundraland.se\/nl\/fietsen\/"},"img":{"alt_text":"Cyklar parkerade framf\u00f6r Nys\u00e4tra kyrka","src":"https:\/\/i0.wp.com\/www.fjardhundraland.se\/wp-content\/uploads\/2018\/06\/cykling.jpg?resize=350%2C200&ssl=1","width":350,"height":200,"srcset":"https:\/\/i0.wp.com\/www.fjardhundraland.se\/wp-content\/uploads\/2018\/06\/cykling.jpg?resize=350%2C200&ssl=1 1x, https:\/\/i0.wp.com\/www.fjardhundraland.se\/wp-content\/uploads\/2018\/06\/cykling.jpg?resize=525%2C300&ssl=1 1.5x, https:\/\/i0.wp.com\/www.fjardhundraland.se\/wp-content\/uploads\/2018\/06\/cykling.jpg?resize=700%2C400&ssl=1 2x, https:\/\/i0.wp.com\/www.fjardhundraland.se\/wp-content\/uploads\/2018\/06\/cykling.jpg?resize=1050%2C600&ssl=1 3x, https:\/\/i0.wp.com\/www.fjardhundraland.se\/wp-content\/uploads\/2018\/06\/cykling.jpg?resize=1400%2C800&ssl=1 4x"},"classes":[]},{"id":20251,"url":"https:\/\/www.fjardhundraland.se\/nl\/inlegwerk\/2026\/pask-in-fjardhundraland-2\/","url_meta":{"origin":1489,"position":3},"title":"Pasen in Fj\u00e4rdhundraland","author":"Marloes","date":"18 maart 2026","format":false,"excerpt":"De beste manier om de lente te beleven is op het platteland dichtbij de stad. Dat is de stellige mening van veel Fj\u00e4rdhundraland-leden. Want dicht bij de natuur, in een glooiend cultuurlandschap met boerderijwinkels, pottenbakkerswerkplaatsen en caf\u00e9s, hoor je de vogels in de lente nog beter fluiten en ruik je de kruidige geur van de aarde die tot leven komt. En dat...","rel":"","context":"Soortgelijk bericht","block_context":{"text":"Soortgelijk bericht","link":""},"img":{"alt_text":"","src":"https:\/\/i0.wp.com\/www.fjardhundraland.se\/wp-content\/uploads\/2021\/04\/pask-i-fjardhundraland-tupp-och-hona.jpg?resize=350%2C200&ssl=1","width":350,"height":200,"srcset":"https:\/\/i0.wp.com\/www.fjardhundraland.se\/wp-content\/uploads\/2021\/04\/pask-i-fjardhundraland-tupp-och-hona.jpg?resize=350%2C200&ssl=1 1x, https:\/\/i0.wp.com\/www.fjardhundraland.se\/wp-content\/uploads\/2021\/04\/pask-i-fjardhundraland-tupp-och-hona.jpg?resize=525%2C300&ssl=1 1.5x, https:\/\/i0.wp.com\/www.fjardhundraland.se\/wp-content\/uploads\/2021\/04\/pask-i-fjardhundraland-tupp-och-hona.jpg?resize=700%2C400&ssl=1 2x, https:\/\/i0.wp.com\/www.fjardhundraland.se\/wp-content\/uploads\/2021\/04\/pask-i-fjardhundraland-tupp-och-hona.jpg?resize=1050%2C600&ssl=1 3x, https:\/\/i0.wp.com\/www.fjardhundraland.se\/wp-content\/uploads\/2021\/04\/pask-i-fjardhundraland-tupp-och-hona.jpg?resize=1400%2C800&ssl=1 4x"},"classes":[]},{"id":6016,"url":"https:\/\/www.fjardhundraland.se\/nl\/over-fjardhundraland\/veelgestelde-vragen\/","url_meta":{"origin":1489,"position":4},"title":"Veelgestelde vragen","author":"Mats Thorburn","date":"11 september 2019","format":false,"excerpt":"Waar ligt Fj\u00e4rdhundraland? Ons gebied wordt bepaald door waar onze leden zich bevinden - tussen V\u00e4ster\u00e5s, Sala, Str\u00e4ngn\u00e4s, Uppsala, Enk\u00f6ping en Stockholm. We hebben geen grenzen ingesteld omdat grenzen niet interessant zijn voor bezoekers. Neem een kijkje op de kaart! Wat betekent \u201dFj\u00e4rdhundraland\u201d? De naam komt van de Viking\/middeleeuwse natie met dezelfde naam....","rel":"","context":"Soortgelijk bericht","block_context":{"text":"Soortgelijk bericht","link":""},"img":{"alt_text":"","src":"","width":0,"height":0},"classes":[]},{"id":14913,"url":"https:\/\/www.fjardhundraland.se\/nl\/favorieten\/","url_meta":{"origin":1489,"position":5},"title":"Favorieten","author":"Mats Thorburn","date":"12 februari 2024","format":false,"excerpt":"Hier is een selectie van favorieten in Fj\u00e4rdhundraland! Wil je je eigen favorietenpagina maken? Klik op \u201dOpslaan\u201d op de plaatsen die je wilt bewaren en klik rechtsboven op \ud83d\udda4. Daar vind je de link.","rel":"","context":"Soortgelijk bericht","block_context":{"text":"Soortgelijk bericht","link":""},"img":{"alt_text":"","src":"","width":0,"height":0},"classes":[]}],"jetpack_sharing_enabled":true,"_links":{"self":[{"href":"https:\/\/www.fjardhundraland.se\/nl\/wp-json\/wp\/v2\/pages\/1489","targetHints":{"allow":["GET"]}}],"collection":[{"href":"https:\/\/www.fjardhundraland.se\/nl\/wp-json\/wp\/v2\/pages"}],"about":[{"href":"https:\/\/www.fjardhundraland.se\/nl\/wp-json\/wp\/v2\/types\/page"}],"author":[{"embeddable":true,"href":"https:\/\/www.fjardhundraland.se\/nl\/wp-json\/wp\/v2\/users\/1"}],"replies":[{"embeddable":true,"href":"https:\/\/www.fjardhundraland.se\/nl\/wp-json\/wp\/v2\/comments?post=1489"}],"version-history":[{"count":0,"href":"https:\/\/www.fjardhundraland.se\/nl\/wp-json\/wp\/v2\/pages\/1489\/revisions"}],"wp:attachment":[{"href":"https:\/\/www.fjardhundraland.se\/nl\/wp-json\/wp\/v2\/media?parent=1489"}],"wp:term":[{"taxonomy":"category","embeddable":true,"href":"https:\/\/www.fjardhundraland.se\/nl\/wp-json\/wp\/v2\/categories?post=1489"},{"taxonomy":"post_tag","embeddable":true,"href":"https:\/\/www.fjardhundraland.se\/nl\/wp-json\/wp\/v2\/tags?post=1489"}],"curies":[{"name":"wp","href":"https:\/\/api.w.org\/{rel}","templated":true}]}}