
{"id":13805,"date":"2023-11-04T19:52:23","date_gmt":"2023-11-04T18:52:23","guid":{"rendered":"https:\/\/www.fjardhundraland.se\/?page_id=13805"},"modified":"2026-04-17T11:48:56","modified_gmt":"2026-04-17T09:48:56","slug":"fjardhundraland-landet-nara-storstan","status":"publish","type":"page","link":"https:\/\/www.fjardhundraland.se\/nl\/","title":{"rendered":"Fj\u00e4rdhundraland - Zweeds platteland, vlak bij de stad"},"content":{"rendered":"<p><strong>Fj\u00e4rdhundraland biedt het beste van het Zweedse platteland. Hier ontmoet je ambachtelijke producenten, omringd door een afwisselend en wijds landschap vol prachtige natuur. Kronkelende weggetjes voeren langs boerderijwinkels en caf\u00e9s, terwijl hier en daar runenstenen en middeleeuwse kerken te zien zijn.<\/strong><\/p>\n\n\n\n<p>Zoveel geweldige&nbsp;<a href=\"https:\/\/www.fjardhundraland.se\/nl\/de-locaties\/winkelen\/voedsel-ambachten\/\">ambachtelijke producenten<\/a>, <a href=\"https:\/\/www.fjardhundraland.se\/nl\/de-locaties\/gora\/natuur\/\">natuurbelevenissen<\/a>&nbsp;en&nbsp;<a href=\"https:\/\/www.fjardhundraland.se\/nl\/de-locaties\/gora\/geschiedenis\/\">boeiende geschiedenis<\/a>&nbsp;vind je nergens anders binnen een uur van Stockholm, V\u00e4ster\u00e5s en Uppsala. Hier liggen de parels vlak bij elkaar.<\/p>\n\n\n\n<p><\/p>","protected":false},"excerpt":{"rendered":"<p>Vill du komma n\u00e4ra naturen? Tr\u00e4ffa den som odlat maten? I Fj\u00e4rdhundraland leder dig slingrande sm\u00e5v\u00e4gar mellan kaf\u00e9er och g\u00e5rdsbutiker medan runstenar och medeltida kyrkor kantar v\u00e4gen. Ta en paus fr\u00e5n vardagen och upplev landet n\u00e4ra dig. S\u00e5 h\u00e4r mycket fantastiskt&nbsp;mathantverk, naturupplevelser&nbsp;och&nbsp;sp\u00e4nnande historia&nbsp;hittar du inte n\u00e5gon annanstans inom en timme fr\u00e5n Stockholm, V\u00e4ster\u00e5s och Uppsala. [&hellip;]<\/p>\n","protected":false},"author":1,"featured_media":5007,"parent":0,"menu_order":0,"comment_status":"closed","ping_status":"closed","template":"","meta":{"_acf_changed":false,"_relevanssi_hide_post":"","_relevanssi_hide_content":"","_relevanssi_pin_for_all":"","_relevanssi_pin_keywords":"","_relevanssi_unpin_keywords":"","_relevanssi_related_keywords":"","_relevanssi_related_include_ids":"","_relevanssi_related_exclude_ids":"","_relevanssi_related_no_append":"","_relevanssi_related_not_related":"","_relevanssi_related_posts":"6890,5699,4786,3022,3293,5950","_relevanssi_noindex_reason":"","_genesis_hide_title":false,"_genesis_hide_breadcrumbs":false,"_genesis_hide_singular_image":false,"_genesis_hide_footer_widgets":false,"_genesis_custom_body_class":"","_genesis_custom_post_class":"","_genesis_layout":"","footnotes":""},"categories":[],"tags":[],"class_list":{"0":"post-13805","1":"page","2":"type-page","3":"status-publish","4":"has-post-thumbnail","6":"entry"},"acf":[],"visa":null,"geo_latitude":null,"geo_longitude":null,"featured_image_src":"https:\/\/www.fjardhundraland.se\/wp-content\/uploads\/2018\/03\/tupp-hocc88ns-hacc88rnevi-plantskola-2017-april-15-12-00-45-_.jpg","featured_image_src_square":"https:\/\/www.fjardhundraland.se\/wp-content\/uploads\/2018\/03\/tupp-hocc88ns-hacc88rnevi-plantskola-2017-april-15-12-00-45-_.jpg","jetpack-related-posts":[{"id":1489,"url":"https:\/\/www.fjardhundraland.se\/nl\/lokale-gerechten-en-akta-kansla-in-de-buurt-van-de-stad\/","url_meta":{"origin":13805,"position":0},"title":"1TP1Grond dichtbij de stad","author":"Mats Thorburn","date":"30 december 2013","format":false,"excerpt":"Wil je dicht bij de natuur komen? De mensen ontmoeten die je eten hebben verbouwd? In Fj\u00e4rdhundraland leiden kronkelende landweggetjes je tussen caf\u00e9s en boerderijwinkels, terwijl runestenen en middeleeuwse kerken je omringen. Neem even afstand van het alledaagse leven en ervaar het land bij jou in de buurt. Zoveel fantastische ambachten op het gebied van eten, natuurbelevenissen en spannende geschiedenis vind je nergens anders...","rel":"","context":"Soortgelijk bericht","block_context":{"text":"Soortgelijk bericht","link":""},"img":{"alt_text":"","src":"","width":0,"height":0},"classes":[]},{"id":5231,"url":"https:\/\/www.fjardhundraland.se\/nl\/cyclus\/","url_meta":{"origin":13805,"position":1},"title":"Fietsen op het platteland dichtbij natuur en cultuur","author":"Mats Thorburn","date":"28 juni 2018","format":false,"excerpt":"Fietsen over kleine weggetjes in de buurt van Stockholm, Uppsala en V\u00e4ster\u00e5s Uitzichten, caf\u00e9s, lekker eten, bezienswaardigheden - maar bovenal deze kronkelende kleine weggetjes door een prachtig agrarisch landschap, begeleid door vogelgezang en de vleugels van de geschiedenis! Fj\u00e4rdhundraland verwelkomt je als fietser. Kleine wegen zijn overal, en dat is geen toeval. Mensen in de oudheid en middeleeuwen reisden te voet en...","rel":"","context":"In &quot;Cykling&quot;","block_context":{"text":"Cykling","link":"https:\/\/www.fjardhundraland.se\/nl\/fietsen\/"},"img":{"alt_text":"Cyklar parkerade framf\u00f6r Nys\u00e4tra kyrka","src":"https:\/\/i0.wp.com\/www.fjardhundraland.se\/wp-content\/uploads\/2018\/06\/cykling.jpg?resize=350%2C200&ssl=1","width":350,"height":200,"srcset":"https:\/\/i0.wp.com\/www.fjardhundraland.se\/wp-content\/uploads\/2018\/06\/cykling.jpg?resize=350%2C200&ssl=1 1x, https:\/\/i0.wp.com\/www.fjardhundraland.se\/wp-content\/uploads\/2018\/06\/cykling.jpg?resize=525%2C300&ssl=1 1.5x, https:\/\/i0.wp.com\/www.fjardhundraland.se\/wp-content\/uploads\/2018\/06\/cykling.jpg?resize=700%2C400&ssl=1 2x, https:\/\/i0.wp.com\/www.fjardhundraland.se\/wp-content\/uploads\/2018\/06\/cykling.jpg?resize=1050%2C600&ssl=1 3x, https:\/\/i0.wp.com\/www.fjardhundraland.se\/wp-content\/uploads\/2018\/06\/cykling.jpg?resize=1400%2C800&ssl=1 4x"},"classes":[]},{"id":6557,"url":"https:\/\/www.fjardhundraland.se\/nl\/over-fjardhundraland\/nu-invoeren\/","url_meta":{"origin":13805,"position":2},"title":"Activiteit invoeren","author":"Mats Thorburn","date":"31 maart 2020","format":false,"excerpt":"Er is veel interesse om het platteland in te trekken en we hebben een geweldige plek om te laten zien wat we doen - op dit moment. Hier kun je evenementen, activiteiten en tijdelijke openingstijden toevoegen. Na handmatige goedkeuring wordt het hier gepubliceerd: https:\/\/www.fjardhundraland.se\/nu\/ Als je geen foto uploadt...","rel":"","context":"Soortgelijk bericht","block_context":{"text":"Soortgelijk bericht","link":""},"img":{"alt_text":"","src":"","width":0,"height":0},"classes":[]},{"id":13826,"url":"https:\/\/www.fjardhundraland.se\/nl\/gor\/","url_meta":{"origin":13805,"position":3},"title":"Zien en doen","author":"Mats Thorburn","date":"4 november 2023","format":false,"excerpt":"Fj\u00e4rdhundraland is een groot gebied met een dichte mix van boerderijwinkels, ambachten, caf\u00e9s, accommodatie en nog veel meer. Hier is de grote catalogus van alles wat je kunt doen, gecategoriseerd, met contactgegevens, openingstijden en grote duidelijke kaarten. Bezienswaardigheden vind je hier! Runestenen, natuurbelevenissen, middeleeuwse kerken, badplaatsen en al het andere dat de excursie verrijkt. Winkelen...","rel":"","context":"Soortgelijk bericht","block_context":{"text":"Soortgelijk bericht","link":""},"img":{"alt_text":"V\u00e4g och runsten, profilbild Rebusrundan 2022","src":"https:\/\/i0.wp.com\/www.fjardhundraland.se\/wp-content\/uploads\/2022\/08\/vag-o-runsten-ryda-kungsgard-u838-1455818.jpeg?resize=350%2C200&ssl=1","width":350,"height":200,"srcset":"https:\/\/i0.wp.com\/www.fjardhundraland.se\/wp-content\/uploads\/2022\/08\/vag-o-runsten-ryda-kungsgard-u838-1455818.jpeg?resize=350%2C200&ssl=1 1x, https:\/\/i0.wp.com\/www.fjardhundraland.se\/wp-content\/uploads\/2022\/08\/vag-o-runsten-ryda-kungsgard-u838-1455818.jpeg?resize=525%2C300&ssl=1 1.5x, https:\/\/i0.wp.com\/www.fjardhundraland.se\/wp-content\/uploads\/2022\/08\/vag-o-runsten-ryda-kungsgard-u838-1455818.jpeg?resize=700%2C400&ssl=1 2x, https:\/\/i0.wp.com\/www.fjardhundraland.se\/wp-content\/uploads\/2022\/08\/vag-o-runsten-ryda-kungsgard-u838-1455818.jpeg?resize=1050%2C600&ssl=1 3x, https:\/\/i0.wp.com\/www.fjardhundraland.se\/wp-content\/uploads\/2022\/08\/vag-o-runsten-ryda-kungsgard-u838-1455818.jpeg?resize=1400%2C800&ssl=1 4x"},"classes":[]},{"id":13724,"url":"https:\/\/www.fjardhundraland.se\/nl\/zien-en-doen\/","url_meta":{"origin":13805,"position":4},"title":"Zien en doen","author":"Mats Thorburn","date":"29 oktober 2023","format":false,"excerpt":"Fj\u00e4rdhundraland is een groot gebied met een dichte mix van boerderijwinkels, ambachten, caf\u00e9s, accommodatie en nog veel meer. Hier is de grote catalogus van alles wat je kunt doen, gecategoriseerd, met contactgegevens, openingstijden en grote duidelijke kaarten. Bezienswaardigheden vind je hier! Runestenen, natuurbelevenissen, middeleeuwse kerken, badplaatsen en al het andere dat de excursie verrijkt. Winkelen...","rel":"","context":"Soortgelijk bericht","block_context":{"text":"Soortgelijk bericht","link":""},"img":{"alt_text":"V\u00e4g och runsten, profilbild Rebusrundan 2022","src":"https:\/\/i0.wp.com\/www.fjardhundraland.se\/wp-content\/uploads\/2022\/08\/vag-o-runsten-ryda-kungsgard-u838-1455818.jpeg?resize=350%2C200&ssl=1","width":350,"height":200,"srcset":"https:\/\/i0.wp.com\/www.fjardhundraland.se\/wp-content\/uploads\/2022\/08\/vag-o-runsten-ryda-kungsgard-u838-1455818.jpeg?resize=350%2C200&ssl=1 1x, https:\/\/i0.wp.com\/www.fjardhundraland.se\/wp-content\/uploads\/2022\/08\/vag-o-runsten-ryda-kungsgard-u838-1455818.jpeg?resize=525%2C300&ssl=1 1.5x, https:\/\/i0.wp.com\/www.fjardhundraland.se\/wp-content\/uploads\/2022\/08\/vag-o-runsten-ryda-kungsgard-u838-1455818.jpeg?resize=700%2C400&ssl=1 2x, https:\/\/i0.wp.com\/www.fjardhundraland.se\/wp-content\/uploads\/2022\/08\/vag-o-runsten-ryda-kungsgard-u838-1455818.jpeg?resize=1050%2C600&ssl=1 3x, https:\/\/i0.wp.com\/www.fjardhundraland.se\/wp-content\/uploads\/2022\/08\/vag-o-runsten-ryda-kungsgard-u838-1455818.jpeg?resize=1400%2C800&ssl=1 4x"},"classes":[]},{"id":20251,"url":"https:\/\/www.fjardhundraland.se\/nl\/inlegwerk\/2026\/pask-in-fjardhundraland-2\/","url_meta":{"origin":13805,"position":5},"title":"Pasen in Fj\u00e4rdhundraland","author":"Marloes","date":"18 maart 2026","format":false,"excerpt":"De beste manier om de lente te beleven is op het platteland dichtbij de stad. Dat is de stellige mening van veel Fj\u00e4rdhundraland-leden. Want dicht bij de natuur, in een glooiend cultuurlandschap met boerderijwinkels, pottenbakkerswerkplaatsen en caf\u00e9s, hoor je de vogels in de lente nog beter fluiten en ruik je de kruidige geur van de aarde die tot leven komt. En dat...","rel":"","context":"Soortgelijk bericht","block_context":{"text":"Soortgelijk bericht","link":""},"img":{"alt_text":"","src":"https:\/\/i0.wp.com\/www.fjardhundraland.se\/wp-content\/uploads\/2021\/04\/pask-i-fjardhundraland-tupp-och-hona.jpg?resize=350%2C200&ssl=1","width":350,"height":200,"srcset":"https:\/\/i0.wp.com\/www.fjardhundraland.se\/wp-content\/uploads\/2021\/04\/pask-i-fjardhundraland-tupp-och-hona.jpg?resize=350%2C200&ssl=1 1x, https:\/\/i0.wp.com\/www.fjardhundraland.se\/wp-content\/uploads\/2021\/04\/pask-i-fjardhundraland-tupp-och-hona.jpg?resize=525%2C300&ssl=1 1.5x, https:\/\/i0.wp.com\/www.fjardhundraland.se\/wp-content\/uploads\/2021\/04\/pask-i-fjardhundraland-tupp-och-hona.jpg?resize=700%2C400&ssl=1 2x, https:\/\/i0.wp.com\/www.fjardhundraland.se\/wp-content\/uploads\/2021\/04\/pask-i-fjardhundraland-tupp-och-hona.jpg?resize=1050%2C600&ssl=1 3x, https:\/\/i0.wp.com\/www.fjardhundraland.se\/wp-content\/uploads\/2021\/04\/pask-i-fjardhundraland-tupp-och-hona.jpg?resize=1400%2C800&ssl=1 4x"},"classes":[]}],"jetpack_sharing_enabled":true,"_links":{"self":[{"href":"https:\/\/www.fjardhundraland.se\/nl\/wp-json\/wp\/v2\/pages\/13805","targetHints":{"allow":["GET"]}}],"collection":[{"href":"https:\/\/www.fjardhundraland.se\/nl\/wp-json\/wp\/v2\/pages"}],"about":[{"href":"https:\/\/www.fjardhundraland.se\/nl\/wp-json\/wp\/v2\/types\/page"}],"author":[{"embeddable":true,"href":"https:\/\/www.fjardhundraland.se\/nl\/wp-json\/wp\/v2\/users\/1"}],"replies":[{"embeddable":true,"href":"https:\/\/www.fjardhundraland.se\/nl\/wp-json\/wp\/v2\/comments?post=13805"}],"version-history":[{"count":44,"href":"https:\/\/www.fjardhundraland.se\/nl\/wp-json\/wp\/v2\/pages\/13805\/revisions"}],"predecessor-version":[{"id":20525,"href":"https:\/\/www.fjardhundraland.se\/nl\/wp-json\/wp\/v2\/pages\/13805\/revisions\/20525"}],"wp:featuredmedia":[{"embeddable":true,"href":"https:\/\/www.fjardhundraland.se\/nl\/wp-json\/wp\/v2\/media\/5007"}],"wp:attachment":[{"href":"https:\/\/www.fjardhundraland.se\/nl\/wp-json\/wp\/v2\/media?parent=13805"}],"wp:term":[{"taxonomy":"category","embeddable":true,"href":"https:\/\/www.fjardhundraland.se\/nl\/wp-json\/wp\/v2\/categories?post=13805"},{"taxonomy":"post_tag","embeddable":true,"href":"https:\/\/www.fjardhundraland.se\/nl\/wp-json\/wp\/v2\/tags?post=13805"}],"curies":[{"name":"wp","href":"https:\/\/api.w.org\/{rel}","templated":true}]}}