
{"id":13123,"date":"2023-06-19T13:54:38","date_gmt":"2023-06-19T11:54:38","guid":{"rendered":"https:\/\/www.fjardhundraland.se\/?page_id=13123"},"modified":"2023-06-19T14:01:46","modified_gmt":"2023-06-19T12:01:46","slug":"groepsreizen-naar-fjardhundraland","status":"publish","type":"page","link":"https:\/\/www.fjardhundraland.se\/nl\/over-fjardhundraland\/groepsreizen-naar-fjardhundraland\/","title":{"rendered":"Groepsreis naar Fj\u00e4rdhundraland"},"content":{"rendered":"<p><strong>Wil je met een busgroep naar Fj\u00e4rdhundraland komen? <\/strong><\/p>\n\n\n\n<ul class=\"wp-block-list\">\n<li>We zijn opgenomen in de catalogus voor groepsreizen van Regio Uppsala. <a href=\"https:\/\/www.tierp.se\/4.48950bca17904794092b7fa5.html\" target=\"_blank\" rel=\"noopener\">Lees het hier<\/a>.<\/li>\n\n\n\n<li><a href=\"https:\/\/www.fjardhundraland.se\/nl\/gerechten\/tradgard-toerisme-in-enkoping\/\" data-type=\"plats\" data-id=\"6970\">Tuintoerisme Enk\u00f6ping<\/a> organiseert groepsreizen op maat in Fj\u00e4rdhundraland.<\/li>\n\n\n\n<li><a href=\"https:\/\/www.hogbergsbuss.se\" target=\"_blank\" rel=\"noopener\">H\u00f6gberg bus<\/a> zijn lid van Fj\u00e4rdhundraland en kunnen je helpen met je groepsreis.<\/li>\n<\/ul>\n\n\n\n<p><a href=\"https:\/\/www.fjardhundraland.se\/nl\/over-fjardhundraland\/neem-contact-op-met\/\" data-type=\"page\" data-id=\"2124\">Laat het ons weten als je vragen hebt over je reis!<\/a><\/p>","protected":false},"excerpt":{"rendered":"<p>Wil je met een busgroep naar Fj\u00e4rdhundraland komen? Laat het ons weten als je vragen hebt over je reis!<\/p>","protected":false},"author":1,"featured_media":0,"parent":1515,"menu_order":0,"comment_status":"closed","ping_status":"closed","template":"","meta":{"_acf_changed":false,"_relevanssi_hide_post":"","_relevanssi_hide_content":"","_relevanssi_pin_for_all":"","_relevanssi_pin_keywords":"","_relevanssi_unpin_keywords":"","_relevanssi_related_keywords":"","_relevanssi_related_include_ids":"","_relevanssi_related_exclude_ids":"","_relevanssi_related_no_append":"","_relevanssi_related_not_related":"","_relevanssi_related_posts":"12584,13560,10783,5699,10896,4786","_relevanssi_noindex_reason":"","_genesis_hide_title":false,"_genesis_hide_breadcrumbs":false,"_genesis_hide_singular_image":false,"_genesis_hide_footer_widgets":false,"_genesis_custom_body_class":"","_genesis_custom_post_class":"","_genesis_layout":"","footnotes":""},"categories":[],"tags":[],"class_list":{"0":"post-13123","1":"page","2":"type-page","3":"status-publish","5":"entry"},"acf":[],"visa":null,"geo_latitude":null,"geo_longitude":null,"featured_image_src":null,"featured_image_src_square":null,"jetpack-related-posts":[{"id":1515,"url":"https:\/\/www.fjardhundraland.se\/nl\/over-fjardhundraland\/","url_meta":{"origin":13123,"position":0},"title":"Over Fj\u00e4rdhundraland","author":"Mats Thorburn","date":"8 januari 2014","format":false,"excerpt":"In Fj\u00e4rdhundraland brengen we geweldige ervaringen samen in een levend platteland met geschiedenis, natuurbeleving en kleine bedrijven in de dop: caf\u00e9s, accommodatie, boerderijwinkels en nog veel meer! Veel ambachtelijk eten, natuur, cultuur - allemaal binnen een uur van Stockholm, Uppsala en V\u00e4ster\u00e5s. De naam Fj\u00e4rdhundraland komt van het middeleeuwse volksland Fj\u00e4drundaland. Het huidige Fj\u00e4rdhundraland heeft geen grenzen. Het doel is om een groot gebied...","rel":"","context":"Soortgelijk bericht","block_context":{"text":"Soortgelijk bericht","link":""},"img":{"alt_text":"","src":"","width":0,"height":0},"classes":[]},{"id":1903,"url":"https:\/\/www.fjardhundraland.se\/nl\/over-fjardhundraland\/fjardhundraland-economische-vereniging\/","url_meta":{"origin":13123,"position":1},"title":"Fj\u00e4rdhundraland economische associatie","author":"Mats Thorburn","date":"2 maart 2014","format":false,"excerpt":"Fj\u00e4rdhundraland wordt ontwikkeld binnen de Fj\u00e4rdhundraland Economic Association, die in 2011 is opgericht. De vereniging werkt aan de ontwikkeling van de toeristische sector en het cre\u00ebren van nieuwe partnerschappen. Al het werk is erop gericht om onze bezoekers een betere ervaring te geven.  Wilt u meer weten over Fj\u00e4rdhundraland Economic Association? Lees hier de veelgestelde vragen. Fj\u00e4rdhundraland vindt zijn oorsprong in het LEADER-project Toerisme in Fj\u00e4rdhundrabygden, dat...","rel":"","context":"Soortgelijk bericht","block_context":{"text":"Soortgelijk bericht","link":""},"img":{"alt_text":"","src":"","width":0,"height":0},"classes":[]},{"id":18106,"url":"https:\/\/www.fjardhundraland.se\/nl\/tijdschrift-fjardhundraland-2\/","url_meta":{"origin":13123,"position":2},"title":"Tijdschrift Fj\u00e4rdhundraland","author":"Mats Thorburn","date":"3 mei 2025","format":false,"excerpt":"Fj\u00e4rdhundraland magazine en kaart Het magazine van dit jaar is nu beschikbaar, samen met een bijgewerkte papieren kaart. Het Fj\u00e4rdhundraland magazine vertelt de verhalen van de mensen die bedrijven runnen in het gebied, en de plaatsen die ze bezoeken. Elk nummer bevat artikelen over eten, koffie, tuinieren, ambachten, cultuur en geschiedenis. Samen met het magazine hebben we een kaart gemaakt, waarop je...","rel":"","context":"Soortgelijk bericht","block_context":{"text":"Soortgelijk bericht","link":""},"img":{"alt_text":"","src":"https:\/\/i0.wp.com\/www.fjardhundraland.se\/wp-content\/uploads\/2025\/05\/magasin-2025-framsida.jpg?resize=350%2C200&ssl=1","width":350,"height":200,"srcset":"https:\/\/i0.wp.com\/www.fjardhundraland.se\/wp-content\/uploads\/2025\/05\/magasin-2025-framsida.jpg?resize=350%2C200&ssl=1 1x, https:\/\/i0.wp.com\/www.fjardhundraland.se\/wp-content\/uploads\/2025\/05\/magasin-2025-framsida.jpg?resize=525%2C300&ssl=1 1.5x, https:\/\/i0.wp.com\/www.fjardhundraland.se\/wp-content\/uploads\/2025\/05\/magasin-2025-framsida.jpg?resize=700%2C400&ssl=1 2x, https:\/\/i0.wp.com\/www.fjardhundraland.se\/wp-content\/uploads\/2025\/05\/magasin-2025-framsida.jpg?resize=1050%2C600&ssl=1 3x, https:\/\/i0.wp.com\/www.fjardhundraland.se\/wp-content\/uploads\/2025\/05\/magasin-2025-framsida.jpg?resize=1400%2C800&ssl=1 4x"},"classes":[]},{"id":1800,"url":"https:\/\/www.fjardhundraland.se\/nl\/over-fjardhundraland\/uitgetrokken\/","url_meta":{"origin":13123,"position":3},"title":"Terugtrekking","author":"Ylva Fontell","date":"28 februari 2014","format":false,"excerpt":"Als je je lidmaatschap van de Fj\u00e4rdhundraland ek. vereniging, vul dan dit formulier in: Intrekkingsformulier LET OP! Dit geldt alleen voor gewone leden. Wil je stoppen als ondersteunend lid, stuur dan een bericht naar inga@fjardhundraland.se","rel":"","context":"Soortgelijk bericht","block_context":{"text":"Soortgelijk bericht","link":""},"img":{"alt_text":"","src":"","width":0,"height":0},"classes":[]},{"id":20264,"url":"https:\/\/www.fjardhundraland.se\/nl\/over-fjardhundraland\/open-gegevens\/","url_meta":{"origin":13123,"position":4},"title":"Open gegevens","author":"Mats Thorburn","date":"18 maart 2026","format":false,"excerpt":"Fj\u00e4rdhundraland's locatiegegevens zijn beschikbaar in Visit Sweden's API als open data, te gebruiken voor degenen die diensten bouwen met Zweedse bezoekersbestemmingen. Dezelfde informatie die we naar Visit Sweden sturen is ook beschikbaar om te downloaden via dit json-bestand.","rel":"","context":"Soortgelijk bericht","block_context":{"text":"Soortgelijk bericht","link":""},"img":{"alt_text":"","src":"","width":0,"height":0},"classes":[]},{"id":2124,"url":"https:\/\/www.fjardhundraland.se\/nl\/over-fjardhundraland\/neem-contact-op-met\/","url_meta":{"origin":13123,"position":5},"title":"Neem contact met ons op","author":"Mats Thorburn","date":"15 maart 2014","format":false,"excerpt":"Contactgegevens voor individuele leden en bestemmingen zijn te vinden op elke pagina, onder Doen &amp; Bezoeken, Winkelen, Eten en Verblijven. Volg ons: Facebook - Instagram Factuuradres: Fj\u00e4rdhundraland ek f\u00f6rc\/o EkblomFr\u00f6sthults-Brunnby 11749 72 Fj\u00e4rdhundra Organisatienummer: 769622-7417 Bankgiro 735-2693. Swish 123 261 48 32. Wil je meer weten over de Fj\u00e4rdhundraland vereniging, een lezing boeken of...","rel":"","context":"Soortgelijk bericht","block_context":{"text":"Soortgelijk bericht","link":""},"img":{"alt_text":"","src":"","width":0,"height":0},"classes":[]}],"jetpack_sharing_enabled":true,"_links":{"self":[{"href":"https:\/\/www.fjardhundraland.se\/nl\/wp-json\/wp\/v2\/pages\/13123","targetHints":{"allow":["GET"]}}],"collection":[{"href":"https:\/\/www.fjardhundraland.se\/nl\/wp-json\/wp\/v2\/pages"}],"about":[{"href":"https:\/\/www.fjardhundraland.se\/nl\/wp-json\/wp\/v2\/types\/page"}],"author":[{"embeddable":true,"href":"https:\/\/www.fjardhundraland.se\/nl\/wp-json\/wp\/v2\/users\/1"}],"replies":[{"embeddable":true,"href":"https:\/\/www.fjardhundraland.se\/nl\/wp-json\/wp\/v2\/comments?post=13123"}],"version-history":[{"count":0,"href":"https:\/\/www.fjardhundraland.se\/nl\/wp-json\/wp\/v2\/pages\/13123\/revisions"}],"up":[{"embeddable":true,"href":"https:\/\/www.fjardhundraland.se\/nl\/wp-json\/wp\/v2\/pages\/1515"}],"wp:attachment":[{"href":"https:\/\/www.fjardhundraland.se\/nl\/wp-json\/wp\/v2\/media?parent=13123"}],"wp:term":[{"taxonomy":"category","embeddable":true,"href":"https:\/\/www.fjardhundraland.se\/nl\/wp-json\/wp\/v2\/categories?post=13123"},{"taxonomy":"post_tag","embeddable":true,"href":"https:\/\/www.fjardhundraland.se\/nl\/wp-json\/wp\/v2\/tags?post=13123"}],"curies":[{"name":"wp","href":"https:\/\/api.w.org\/{rel}","templated":true}]}}