
{"id":12983,"date":"2023-06-09T11:12:20","date_gmt":"2023-06-09T09:12:20","guid":{"rendered":"https:\/\/www.fjardhundraland.se\/?page_id=12983"},"modified":"2023-09-06T10:39:16","modified_gmt":"2023-09-06T08:39:16","slug":"muziek-fjardhundraland","status":"publish","type":"page","link":"https:\/\/www.fjardhundraland.se\/nl\/musik-fjardhundraland\/","title":{"rendered":"Muziek in Fj\u00e4rdhundraland"},"content":{"rendered":"<p><strong>Een concert op een donkere, warme augustusavond, in een stralende zomerzon of op een ijskoude kerstavond. De muziekbeleving is altijd groter als het live en echt is. Zoek op de kalender naar muziek die bij je past!<\/strong><\/p>\n\n\n\n<h2 class=\"wp-block-heading\">September<\/h2>\n\n\n\n<p>9\/9 om 16.30 Concert met Henrik Lundberg (fluit) en Anders Dillmar (piano en orgel). <a href=\"https:\/\/www.fjardhundraland.se\/nl\/gerechten\/kerk-giresta\/\" data-type=\"plats\" data-id=\"1770\">Kerk Giresta<\/a>. Gratis toegang.&nbsp;<\/p>\n\n\n\n<p>10\/9 om 10 uur Orgelinwijding met Anders Dillmar. St Mary's kerk. Gratis toegang.<\/p>\n\n\n\n<p>24\/9 om 15 uur Orgelconcert met Anders Dillmar. St Mary's kerk. Gratis toegang.<\/p>","protected":false},"excerpt":{"rendered":"<p>En konsert en m\u00f6rk och varm augustikv\u00e4ll, i str\u00e5lande sommarsolsken eller en iskall julotta. Musikupplevelsen bli alltid st\u00f6rre n\u00e4r det \u00e4r live och p\u00e5 riktigt. Leta i kalendariet efter musik som passar dig! September 9\/9 kl 16.30&nbsp;Konsert med Henrik Lundberg (tv\u00e4rfl\u00f6jt) och Anders Dillmar (piano och orgel). Giresta kyrka. Fri entr\u00e9.&nbsp; 10\/9 kl 10&nbsp;Orgelinvigning med [&hellip;]<\/p>\n","protected":false},"author":4,"featured_media":2045,"parent":0,"menu_order":0,"comment_status":"closed","ping_status":"closed","template":"","meta":{"_acf_changed":false,"_relevanssi_hide_post":"","_relevanssi_hide_content":"","_relevanssi_pin_for_all":"","_relevanssi_pin_keywords":"","_relevanssi_unpin_keywords":"","_relevanssi_related_keywords":"","_relevanssi_related_include_ids":"","_relevanssi_related_exclude_ids":"","_relevanssi_related_no_append":"","_relevanssi_related_not_related":"","_relevanssi_related_posts":"","_relevanssi_noindex_reason":"","_genesis_hide_title":false,"_genesis_hide_breadcrumbs":false,"_genesis_hide_singular_image":false,"_genesis_hide_footer_widgets":false,"_genesis_custom_body_class":"","_genesis_custom_post_class":"","_genesis_layout":"","footnotes":""},"categories":[23],"tags":[],"class_list":{"0":"post-12983","1":"page","2":"type-page","3":"status-publish","4":"has-post-thumbnail","6":"category-musik","7":"entry"},"acf":[],"visa":null,"geo_latitude":null,"geo_longitude":null,"featured_image_src":"https:\/\/www.fjardhundraland.se\/wp-content\/uploads\/2014\/03\/Forsby-musik.jpg","featured_image_src_square":"https:\/\/www.fjardhundraland.se\/wp-content\/uploads\/2014\/03\/Forsby-musik.jpg","jetpack-related-posts":[],"jetpack_sharing_enabled":true,"_links":{"self":[{"href":"https:\/\/www.fjardhundraland.se\/nl\/wp-json\/wp\/v2\/pages\/12983","targetHints":{"allow":["GET"]}}],"collection":[{"href":"https:\/\/www.fjardhundraland.se\/nl\/wp-json\/wp\/v2\/pages"}],"about":[{"href":"https:\/\/www.fjardhundraland.se\/nl\/wp-json\/wp\/v2\/types\/page"}],"author":[{"embeddable":true,"href":"https:\/\/www.fjardhundraland.se\/nl\/wp-json\/wp\/v2\/users\/4"}],"replies":[{"embeddable":true,"href":"https:\/\/www.fjardhundraland.se\/nl\/wp-json\/wp\/v2\/comments?post=12983"}],"version-history":[{"count":0,"href":"https:\/\/www.fjardhundraland.se\/nl\/wp-json\/wp\/v2\/pages\/12983\/revisions"}],"wp:featuredmedia":[{"embeddable":true,"href":"https:\/\/www.fjardhundraland.se\/nl\/wp-json\/wp\/v2\/media\/2045"}],"wp:attachment":[{"href":"https:\/\/www.fjardhundraland.se\/nl\/wp-json\/wp\/v2\/media?parent=12983"}],"wp:term":[{"taxonomy":"category","embeddable":true,"href":"https:\/\/www.fjardhundraland.se\/nl\/wp-json\/wp\/v2\/categories?post=12983"},{"taxonomy":"post_tag","embeddable":true,"href":"https:\/\/www.fjardhundraland.se\/nl\/wp-json\/wp\/v2\/tags?post=12983"}],"curies":[{"name":"wp","href":"https:\/\/api.w.org\/{rel}","templated":true}]}}