
{"id":12897,"date":"2023-06-01T16:42:33","date_gmt":"2023-06-01T14:42:33","guid":{"rendered":"https:\/\/www.fjardhundraland.se\/?page_id=12897"},"modified":"2023-09-29T11:25:32","modified_gmt":"2023-09-29T09:25:32","slug":"boek-een-studiebezoek","status":"publish","type":"page","link":"https:\/\/www.fjardhundraland.se\/nl\/over-fjardhundraland\/boek-een-studiebezoek\/","title":{"rendered":"Boek een studiebezoek"},"content":{"rendered":"<p><strong>Wil je inzicht krijgen in hoe Fj\u00e4rdhundraland werkt, hoe we de bestemming hebben opgebouwd en hoe leden het netwerk gebruiken? Dan is een studiebezoek een goede manier. Je hoort het verhaal van Fj\u00e4rdhundraland, maar je ontmoet ook de individuele leden, die hun ervaringen en motivaties delen.<\/strong> <strong>Een studiereis in Fj\u00e4rdhundraland biedt nieuwe inzichten in plattelandsontwikkeling en bestemmingsopbouw.<\/strong><\/p>\n\n\n\n<p>We zijn dol op bezoekers! Niet alleen van toeristen, maar ook van jullie, onze collega's uit andere delen van het land. <\/p>\n\n\n\n<blockquote class=\"wp-block-quote is-layout-flow wp-block-quote-is-layout-flow\">\n<p>We zijn geen concurrenten, we bouwen samen aan aantrekkelijkheid en toerisme.<\/p>\n<\/blockquote>\n\n\n\n<p>Studiebezoeken en studiereizen zijn lonend - zowel voor ons die de eer hebben onszelf te presenteren, als voor jullie die hier komen en kunnen leren van wat wij en onze leden hebben bereikt. Bovenal willen we dat het een uitwisseling is - daarom zijn we altijd betrokken bij de studiebezoeken, zodat we een goede match krijgen met jullie verwachtingen, en dat we echt de kans krijgen elkaar te ontmoeten.<\/p>\n\n\n\n<h2 class=\"wp-block-heading\">Veel mogelijkheden voor een relevante studiereis<\/h2>\n\n\n\n<h3 class=\"wp-block-heading\">Een studiereis kan bijvoorbeeld bestaan uit <\/h3>\n\n\n\n<ul class=\"wp-block-list\">\n<li>Een bijeenkomst met een aantal activisten van Fj\u00e4rdhundraland waar we onze manier van samenwerken presenteren, in een <a href=\"https:\/\/www.fjardhundraland.se\/nl\/over-fjardhundraland\/college-ontwikkelingssamenwerking\/\" data-type=\"page\" data-id=\"9481\">lezing die inspireert tot ontwikkeling<\/a><\/li>\n\n\n\n<li>Workshop gebaseerd op de lezing en studiebezoeken<\/li>\n\n\n\n<li>Vergadertijd voor eigen werk<\/li>\n\n\n\n<li>Studiebezoeken aan een willekeurig aantal leden\/bestemmingen. In elke plaats ontmoeten we de verantwoordelijke, die zijn\/haar plaats en zijn\/haar kijk op het werk van Fj\u00e4rdhundraland zal voorstellen.<\/li>\n\n\n\n<li>Diner, met deelname van enkele Fj\u00e4rdhundraland-leden<\/li>\n\n\n\n<li>Overnachting bij een van onze leden<\/li>\n<\/ul>\n\n\n\n<h3 class=\"wp-block-heading\">Voorbeelden van onderwerpen voor het studiebezoek<\/h3>\n\n\n\n<ul class=\"wp-block-list\">\n<li>Plattelandsontwikkeling<\/li>\n\n\n\n<li>Een bestemming bouwen<\/li>\n\n\n\n<li>Samenwerking tussen kleine bedrijven<\/li>\n\n\n\n<li>Ervaring in verschillende gebieden, zoals een caf\u00e9, boerderijwinkel, tuin of ambachten.<\/li>\n<\/ul>\n\n\n\n<p>Met een breed scala aan bestemmingen om uit te kiezen, kunnen we relevante bezoeken identificeren, zodat u uw doelstellingen voor het bezoek kunt bereiken. We stemmen het programma af op uw wensen, met als doel dat u begrijpt hoe Fj\u00e4rdhundraland zich heeft ontwikkeld van Leader-project tot Grote Prijs voor Toerisme en verder.<\/p>\n\n\n\n<h2 class=\"wp-block-heading\">Studiebezoeken voor kleine en grote groepen<\/h2>\n\n\n\n<p>We hebben ervaring in het organiseren van alles van kleine studiebezoeken voor een paar mensen tot grote groepen. In mei 2023 ontvingen we bijvoorbeeld een groep van 130 mensen als onderdeel van de EU-conferentie <a href=\"https:\/\/landsbygdsveckan.se\/landsbygdsveckan\/inenglish\/ruralpactconference\/studyvisits.4.4fe886187b62c76d2590ba.html\" target=\"_blank\" rel=\"noopener\">Conferentie over het plattelandspact 2023<\/a>.<\/p>\n\n\n\n<p>Neem voor meer informatie en reserveringen contact op met Thomas Bj\u00f6rk, 070-899 29 19, <a href=\"mailto:thomas@fjardhundraland.se\">thomas@fjardhundraland.se<\/a>.<\/p>","protected":false},"excerpt":{"rendered":"<p>Vill ni f\u00e5 inblick i hur Fj\u00e4rdhundraland fungerar, hur vi byggt upp destinationen och hur medlemmarna anv\u00e4nder n\u00e4tverket? D\u00e5 \u00e4r ett studiebes\u00f6k ett bra s\u00e4tt. Ni f\u00e5r ber\u00e4ttelsen om Fj\u00e4rdhundraland, men f\u00e5r ocks\u00e5 tr\u00e4ffa de enskilda medlemmarna, som bjuder p\u00e5 sina erfarenheter och drivkrafter. En studieresa i Fj\u00e4rdhundraland ger nya insikter om landsbygdsutveckling och destinationsbyggande. [&hellip;]<\/p>\n","protected":false},"author":1,"featured_media":12898,"parent":1515,"menu_order":0,"comment_status":"closed","ping_status":"closed","template":"","meta":{"_acf_changed":false,"_relevanssi_hide_post":"","_relevanssi_hide_content":"","_relevanssi_pin_for_all":"","_relevanssi_pin_keywords":"","_relevanssi_unpin_keywords":"","_relevanssi_related_keywords":"","_relevanssi_related_include_ids":"","_relevanssi_related_exclude_ids":"","_relevanssi_related_no_append":"","_relevanssi_related_not_related":"","_relevanssi_related_posts":"","_relevanssi_noindex_reason":"","_genesis_hide_title":false,"_genesis_hide_breadcrumbs":false,"_genesis_hide_singular_image":false,"_genesis_hide_footer_widgets":false,"_genesis_custom_body_class":"","_genesis_custom_post_class":"","_genesis_layout":"","footnotes":""},"categories":[],"tags":[],"class_list":{"0":"post-12897","1":"page","2":"type-page","3":"status-publish","4":"has-post-thumbnail","6":"entry"},"acf":[],"visa":null,"geo_latitude":null,"geo_longitude":null,"featured_image_src":"https:\/\/www.fjardhundraland.se\/wp-content\/uploads\/2023\/06\/studiebesok-fjardhundraland-axel-gren-600x400.jpg","featured_image_src_square":"https:\/\/www.fjardhundraland.se\/wp-content\/uploads\/2023\/06\/studiebesok-fjardhundraland-axel-gren-600x600.jpg","jetpack-related-posts":[{"id":2124,"url":"https:\/\/www.fjardhundraland.se\/nl\/over-fjardhundraland\/neem-contact-op-met\/","url_meta":{"origin":12897,"position":0},"title":"Neem contact met ons op","author":"Mats Thorburn","date":"15 maart 2014","format":false,"excerpt":"Contactgegevens voor individuele leden en bestemmingen zijn te vinden op elke pagina, onder Doen &amp; Bezoeken, Winkelen, Eten en Verblijven. Volg ons: Facebook - Instagram Factuuradres: Fj\u00e4rdhundraland ek f\u00f6rc\/o EkblomFr\u00f6sthults-Brunnby 11749 72 Fj\u00e4rdhundra Organisatienummer: 769622-7417 Bankgiro 735-2693. Swish 123 261 48 32. Wil je meer weten over de Fj\u00e4rdhundraland vereniging, een lezing boeken of...","rel":"","context":"Soortgelijk bericht","block_context":{"text":"Soortgelijk bericht","link":""},"img":{"alt_text":"","src":"","width":0,"height":0},"classes":[]},{"id":6016,"url":"https:\/\/www.fjardhundraland.se\/nl\/over-fjardhundraland\/veelgestelde-vragen\/","url_meta":{"origin":12897,"position":1},"title":"Veelgestelde vragen","author":"Mats Thorburn","date":"11 september 2019","format":false,"excerpt":"Waar ligt Fj\u00e4rdhundraland? Ons gebied wordt bepaald door waar onze leden zich bevinden - tussen V\u00e4ster\u00e5s, Sala, Str\u00e4ngn\u00e4s, Uppsala, Enk\u00f6ping en Stockholm. We hebben geen grenzen ingesteld omdat grenzen niet interessant zijn voor bezoekers. Neem een kijkje op de kaart! Wat betekent \u201dFj\u00e4rdhundraland\u201d? De naam komt van de Viking\/middeleeuwse natie met dezelfde naam....","rel":"","context":"Soortgelijk bericht","block_context":{"text":"Soortgelijk bericht","link":""},"img":{"alt_text":"","src":"","width":0,"height":0},"classes":[]},{"id":9481,"url":"https:\/\/www.fjardhundraland.se\/nl\/over-fjardhundraland\/college-ontwikkelingssamenwerking\/","url_meta":{"origin":12897,"position":2},"title":"Boek een lezing","author":"Mats Thorburn","date":"10 november 2021","format":false,"excerpt":"Een lezing is een geweldige start van een project voor plattelandsontwikkeling of bestemmingsontwikkeling, of wanneer je de voordelen van samenwerken wilt laten zien! Fj\u00e4rdhundraland heeft in tien jaar een bestemming opgebouwd van nul naar 150 leden, beginnend met een Leader-project. Nu kun je een van de populaire lezingen van Mats Thorburn boeken...","rel":"","context":"Soortgelijk bericht","block_context":{"text":"Soortgelijk bericht","link":""},"img":{"alt_text":"Stora turismpriset utdelning december 2019 Mats Thorburn","src":"https:\/\/i0.wp.com\/www.fjardhundraland.se\/wp-content\/uploads\/2021\/11\/stora-turismpriset-utdelning-december-2019-mats-thorburn.jpg?resize=350%2C200&ssl=1","width":350,"height":200,"srcset":"https:\/\/i0.wp.com\/www.fjardhundraland.se\/wp-content\/uploads\/2021\/11\/stora-turismpriset-utdelning-december-2019-mats-thorburn.jpg?resize=350%2C200&ssl=1 1x, https:\/\/i0.wp.com\/www.fjardhundraland.se\/wp-content\/uploads\/2021\/11\/stora-turismpriset-utdelning-december-2019-mats-thorburn.jpg?resize=525%2C300&ssl=1 1.5x, https:\/\/i0.wp.com\/www.fjardhundraland.se\/wp-content\/uploads\/2021\/11\/stora-turismpriset-utdelning-december-2019-mats-thorburn.jpg?resize=700%2C400&ssl=1 2x, https:\/\/i0.wp.com\/www.fjardhundraland.se\/wp-content\/uploads\/2021\/11\/stora-turismpriset-utdelning-december-2019-mats-thorburn.jpg?resize=1050%2C600&ssl=1 3x, https:\/\/i0.wp.com\/www.fjardhundraland.se\/wp-content\/uploads\/2021\/11\/stora-turismpriset-utdelning-december-2019-mats-thorburn.jpg?resize=1400%2C800&ssl=1 4x"},"classes":[]},{"id":7759,"url":"https:\/\/www.fjardhundraland.se\/nl\/over-fjardhundraland\/voor-jou-als-nieuw-lid\/","url_meta":{"origin":12897,"position":3},"title":"Voor nieuwe leden","author":"Mats Thorburn","date":"13 maart 2021","format":false,"excerpt":"Welkom bij Fj\u00e4rdhundraland! Fj\u00e4rdhundraland is wat we ervan maken - samen kunnen we iets heel goeds doen voor onze bezoekers! Door samenwerking kan ik bijdragen met wat voor mij makkelijk is, en hulp krijgen van anderen bij wat ik moeilijk vind. In Fj\u00e4rdhundraland werken we namens onze bezoekers - zij...","rel":"","context":"In &quot;Inl\u00e4gg&quot;","block_context":{"text":"Inl\u00e4gg","link":"https:\/\/www.fjardhundraland.se\/nl\/inlegwerk\/"},"img":{"alt_text":"","src":"","width":0,"height":0},"classes":[]},{"id":18106,"url":"https:\/\/www.fjardhundraland.se\/nl\/tijdschrift-fjardhundraland-2\/","url_meta":{"origin":12897,"position":4},"title":"Tijdschrift Fj\u00e4rdhundraland","author":"Mats Thorburn","date":"3 mei 2025","format":false,"excerpt":"Fj\u00e4rdhundraland magazine en kaart Het magazine van dit jaar is nu beschikbaar, samen met een bijgewerkte papieren kaart. Het Fj\u00e4rdhundraland magazine vertelt de verhalen van de mensen die bedrijven runnen in het gebied, en de plaatsen die ze bezoeken. Elk nummer bevat artikelen over eten, koffie, tuinieren, ambachten, cultuur en geschiedenis. Samen met het magazine hebben we een kaart gemaakt, waarop je...","rel":"","context":"Soortgelijk bericht","block_context":{"text":"Soortgelijk bericht","link":""},"img":{"alt_text":"","src":"https:\/\/i0.wp.com\/www.fjardhundraland.se\/wp-content\/uploads\/2025\/05\/magasin-2025-framsida.jpg?resize=350%2C200&ssl=1","width":350,"height":200,"srcset":"https:\/\/i0.wp.com\/www.fjardhundraland.se\/wp-content\/uploads\/2025\/05\/magasin-2025-framsida.jpg?resize=350%2C200&ssl=1 1x, https:\/\/i0.wp.com\/www.fjardhundraland.se\/wp-content\/uploads\/2025\/05\/magasin-2025-framsida.jpg?resize=525%2C300&ssl=1 1.5x, https:\/\/i0.wp.com\/www.fjardhundraland.se\/wp-content\/uploads\/2025\/05\/magasin-2025-framsida.jpg?resize=700%2C400&ssl=1 2x, https:\/\/i0.wp.com\/www.fjardhundraland.se\/wp-content\/uploads\/2025\/05\/magasin-2025-framsida.jpg?resize=1050%2C600&ssl=1 3x, https:\/\/i0.wp.com\/www.fjardhundraland.se\/wp-content\/uploads\/2025\/05\/magasin-2025-framsida.jpg?resize=1400%2C800&ssl=1 4x"},"classes":[]},{"id":20251,"url":"https:\/\/www.fjardhundraland.se\/nl\/inlegwerk\/2026\/pask-in-fjardhundraland-2\/","url_meta":{"origin":12897,"position":5},"title":"Pasen in Fj\u00e4rdhundraland","author":"Marloes","date":"18 maart 2026","format":false,"excerpt":"De beste manier om de lente te beleven is op het platteland dichtbij de stad. Dat is de stellige mening van veel Fj\u00e4rdhundraland-leden. Want dicht bij de natuur, in een glooiend cultuurlandschap met boerderijwinkels, pottenbakkerswerkplaatsen en caf\u00e9s, hoor je de vogels in de lente nog beter fluiten en ruik je de kruidige geur van de aarde die tot leven komt. En dat...","rel":"","context":"Soortgelijk bericht","block_context":{"text":"Soortgelijk bericht","link":""},"img":{"alt_text":"","src":"https:\/\/i0.wp.com\/www.fjardhundraland.se\/wp-content\/uploads\/2021\/04\/pask-i-fjardhundraland-tupp-och-hona.jpg?resize=350%2C200&ssl=1","width":350,"height":200,"srcset":"https:\/\/i0.wp.com\/www.fjardhundraland.se\/wp-content\/uploads\/2021\/04\/pask-i-fjardhundraland-tupp-och-hona.jpg?resize=350%2C200&ssl=1 1x, https:\/\/i0.wp.com\/www.fjardhundraland.se\/wp-content\/uploads\/2021\/04\/pask-i-fjardhundraland-tupp-och-hona.jpg?resize=525%2C300&ssl=1 1.5x, https:\/\/i0.wp.com\/www.fjardhundraland.se\/wp-content\/uploads\/2021\/04\/pask-i-fjardhundraland-tupp-och-hona.jpg?resize=700%2C400&ssl=1 2x, https:\/\/i0.wp.com\/www.fjardhundraland.se\/wp-content\/uploads\/2021\/04\/pask-i-fjardhundraland-tupp-och-hona.jpg?resize=1050%2C600&ssl=1 3x, https:\/\/i0.wp.com\/www.fjardhundraland.se\/wp-content\/uploads\/2021\/04\/pask-i-fjardhundraland-tupp-och-hona.jpg?resize=1400%2C800&ssl=1 4x"},"classes":[]}],"jetpack_sharing_enabled":true,"_links":{"self":[{"href":"https:\/\/www.fjardhundraland.se\/nl\/wp-json\/wp\/v2\/pages\/12897","targetHints":{"allow":["GET"]}}],"collection":[{"href":"https:\/\/www.fjardhundraland.se\/nl\/wp-json\/wp\/v2\/pages"}],"about":[{"href":"https:\/\/www.fjardhundraland.se\/nl\/wp-json\/wp\/v2\/types\/page"}],"author":[{"embeddable":true,"href":"https:\/\/www.fjardhundraland.se\/nl\/wp-json\/wp\/v2\/users\/1"}],"replies":[{"embeddable":true,"href":"https:\/\/www.fjardhundraland.se\/nl\/wp-json\/wp\/v2\/comments?post=12897"}],"version-history":[{"count":0,"href":"https:\/\/www.fjardhundraland.se\/nl\/wp-json\/wp\/v2\/pages\/12897\/revisions"}],"up":[{"embeddable":true,"href":"https:\/\/www.fjardhundraland.se\/nl\/wp-json\/wp\/v2\/pages\/1515"}],"wp:featuredmedia":[{"embeddable":true,"href":"https:\/\/www.fjardhundraland.se\/nl\/wp-json\/wp\/v2\/media\/12898"}],"wp:attachment":[{"href":"https:\/\/www.fjardhundraland.se\/nl\/wp-json\/wp\/v2\/media?parent=12897"}],"wp:term":[{"taxonomy":"category","embeddable":true,"href":"https:\/\/www.fjardhundraland.se\/nl\/wp-json\/wp\/v2\/categories?post=12897"},{"taxonomy":"post_tag","embeddable":true,"href":"https:\/\/www.fjardhundraland.se\/nl\/wp-json\/wp\/v2\/tags?post=12897"}],"curies":[{"name":"wp","href":"https:\/\/api.w.org\/{rel}","templated":true}]}}