{"id":2563,"date":"2014-05-07T09:36:29","date_gmt":"2024-08-14T10:58:04","guid":{"rendered":"https:\/\/www.fjardhundraland.se\/medlem\/?page_id=2563"},"modified":"2025-06-27T13:44:13","modified_gmt":"2025-06-27T11:44:13","slug":"kontakter","status":"publish","type":"page","link":"https:\/\/www.fjardhundraland.se\/medlem\/kontakter\/","title":{"rendered":"Kontakter 2025"},"content":{"rendered":"Du m\u00e5ste vara inloggad f\u00f6r att visa detta inneh\u00e5ll.","protected":false},"excerpt":{"rendered":"Du m\u00e5ste vara inloggad f\u00f6r att visa detta inneh\u00e5ll.","protected":false},"author":57,"featured_media":0,"parent":0,"menu_order":1,"comment_status":"closed","ping_status":"closed","template":"","meta":{"_relevanssi_hide_post":"","_relevanssi_hide_content":"","_relevanssi_pin_for_all":"","_relevanssi_pin_keywords":"","_relevanssi_unpin_keywords":"","_relevanssi_related_keywords":"","_relevanssi_related_include_ids":"","_relevanssi_related_exclude_ids":"","_relevanssi_related_no_append":"","_relevanssi_related_not_related":"","_relevanssi_related_posts":"","_relevanssi_noindex_reason":"","footnotes":""},"class_list":["post-2563","page","type-page","status-publish","hentry"],"featured_image_src":null,"featured_image_src_square":null,"jetpack_sharing_enabled":true,"_links":{"self":[{"href":"https:\/\/www.fjardhundraland.se\/medlem\/wp-json\/wp\/v2\/pages\/2563","targetHints":{"allow":["GET"]}}],"collection":[{"href":"https:\/\/www.fjardhundraland.se\/medlem\/wp-json\/wp\/v2\/pages"}],"about":[{"href":"https:\/\/www.fjardhundraland.se\/medlem\/wp-json\/wp\/v2\/types\/page"}],"author":[{"embeddable":true,"href":"https:\/\/www.fjardhundraland.se\/medlem\/wp-json\/wp\/v2\/users\/57"}],"replies":[{"embeddable":true,"href":"https:\/\/www.fjardhundraland.se\/medlem\/wp-json\/wp\/v2\/comments?post=2563"}],"version-history":[{"count":18,"href":"https:\/\/www.fjardhundraland.se\/medlem\/wp-json\/wp\/v2\/pages\/2563\/revisions"}],"predecessor-version":[{"id":2766,"href":"https:\/\/www.fjardhundraland.se\/medlem\/wp-json\/wp\/v2\/pages\/2563\/revisions\/2766"}],"wp:attachment":[{"href":"https:\/\/www.fjardhundraland.se\/medlem\/wp-json\/wp\/v2\/media?parent=2563"}],"curies":[{"name":"wp","href":"https:\/\/api.w.org\/{rel}","templated":true}]}}