{"id":2505,"date":"2014-05-07T09:36:29","date_gmt":"2023-06-05T10:45:55","guid":{"rendered":"https:\/\/www.fjardhundraland.se\/internt\/?page_id=2505"},"modified":"2025-02-10T12:15:40","modified_gmt":"2025-02-10T11:15:40","slug":"billetto","status":"publish","type":"page","link":"https:\/\/www.fjardhundraland.se\/medlem\/medlemssidor\/billetto\/","title":{"rendered":"S\u00e4lj biljetter med Billetto"},"content":{"rendered":"\n<p><strong>Fj\u00e4rdhundraland har nu ett partneravtal med Billetto, en tj\u00e4nst f\u00f6r att s\u00e4lja biljetter till evenemang. Avtalet inneb\u00e4r att arrang\u00f6rer som \u00e4r medlemmar f\u00e5r rabatt p\u00e5 biljettavgiften. <\/strong><\/p>\n\n\n\n<h2 class=\"wp-block-heading\"><strong>S\u00e5 h\u00e4r funkar Billetto<\/strong><\/h2>\n\n\n\n<h3 class=\"wp-block-heading\"><strong>Billetto<\/strong>&nbsp;och Fj\u00e4rdhundraland<\/h3>\n\n\n\n<p>Arrang\u00f6rer som \u00e4r medlemmar i Fj\u00e4rdhundraland kan f\u00e5 upp till 25% rabatt p\u00e5 biljettavgiften.<\/p>\n\n\n\n<p>Billettos <a href=\"https:\/\/billetto.se\/l\/pricing\">avgifter f\u00f6re rabatt hittar du h\u00e4r<\/a>.<\/p>\n\n\n\n<h3 class=\"wp-block-heading\">Hur kommer vi ig\u00e5ng?<\/h3>\n\n\n\n<ul class=\"wp-block-list\">\n<li>B\u00f6rja med att skicka ett mail till <a href=\"mailto:bjorn@billetto.com\">bjorn@billetto.com<\/a> och be att ditt f\u00f6retag\/f\u00f6rening kopplas till Fj\u00e4rdhundralands avtal hos Billetto.<\/li>\n\n\n\n<li>Skapa ditt f\u00f6rsta event p\u00e5 10 minuter i 5 enkla steg:&nbsp;<a href=\"https:\/\/billetto.se\/e\/new?ref=FHL\" target=\"_blank\" rel=\"noreferrer noopener\">https:\/\/billetto.se\/e\/new?ref=FHL<\/a><\/li>\n\n\n\n<li>V\u00e4nta med att publicera evenemanget tills du f\u00e5tt bekr\u00e4ftat att du blivit kopplad till Fj\u00e4rdhundralands avtal.<\/li>\n<\/ul>\n\n\n\n<hr class=\"wp-block-separator has-alpha-channel-opacity is-style-wide\"\/>\n\n\n\n<h3 class=\"wp-block-heading\"><strong>Gratis \u00e4r gratis<\/strong><\/h3>\n\n\n\n<p>Om era biljetter \u00e4r gratis \u00e4r \u00e4ven Billetto gratis.<\/p>\n\n\n\n<h3 class=\"wp-block-heading\"><strong>Scanna biljetter med mobilen<\/strong><\/h3>\n\n\n\n<ul class=\"wp-block-list\">\n<li>Bes\u00f6karen f\u00e5r sin biljett per e-post, och tar med sig den p\u00e5 papper eller i mobilen. <\/li>\n\n\n\n<li>De som tar emot er publik scannar biljetterna med sin egen mobil. Inget inlogg kr\u00e4vs, bara en telefon och Billetto-appen.<\/li>\n<\/ul>\n\n\n\n<h3 class=\"wp-block-heading\">Evenemang, medlemsskap och lokaler<\/h3>\n\n\n\n<p>Genom Billetto kan du s\u00e4lja biljetter till evenemang, enstaka eller \u00e5terkommande, men ocks\u00e5 medlemskap. Du kan ocks\u00e5 l\u00e4gga upp dina evenemangslokaler, med karta \u00f6ver bokningsbara platser osv.<\/p>\n\n\n\n<h3 class=\"wp-block-heading\"><strong>Marknadsf\u00f6ringshj\u00e4lp<\/strong><\/h3>\n\n\n\n<p>Ert evenemang syns i Billettos kanaler (hemsida, app, nyhetsbrev) och p\u00e5 Google f\u00f6r r\u00e4tt publik. Dessutom kan man \u2013 om man vill \u2013 v\u00e4lja till Billetto-annonsing p\u00e5 Facebook, Instagram och Google.<\/p>\n\n\n\n<h3 class=\"wp-block-heading\">H\u00e5ll kontakten med era bes\u00f6kare<\/h3>\n\n\n\n<p><strong>Publikdata<\/strong>: I Billetto kan ni se biljettk\u00f6parnas geografi och hur de hittat till ert event.<\/p>\n\n\n\n<p><strong>Nyhetsbrev<\/strong>: H\u00e5ll fansen uppdaterade om kommande evenemang, Billetto fr\u00e5gar alltid om biljettk\u00f6paren vill ha nyhetsutskick fr\u00e5n arrang\u00f6ren.<\/p>\n\n\n\n<h3 class=\"wp-block-heading\"><br><\/h3>\n\n\n\n<p><\/p>\n\n\n\n<p><\/p>\n","protected":false},"excerpt":{"rendered":"<p>Fj\u00e4rdhundraland har nu ett partneravtal med Billetto, en tj\u00e4nst f\u00f6r att s\u00e4lja biljetter till evenemang. Avtalet inneb\u00e4r att arrang\u00f6rer som \u00e4r medlemmar f\u00e5r rabatt p\u00e5 biljettavgiften. S\u00e5 h\u00e4r funkar Billetto Billetto&nbsp;och Fj\u00e4rdhundraland Arrang\u00f6rer som \u00e4r medlemmar i Fj\u00e4rdhundraland kan f\u00e5 upp till 25% rabatt p\u00e5 biljettavgiften. Billettos avgifter f\u00f6re rabatt hittar du h\u00e4r. Hur kommer &hellip; <a href=\"https:\/\/www.fjardhundraland.se\/medlem\/medlemssidor\/billetto\/\" class=\"more-link\">Forts\u00e4tt l\u00e4sa <span class=\"screen-reader-text\">S\u00e4lj biljetter med Billetto<\/span><\/a><\/p>\n","protected":false},"author":1,"featured_media":0,"parent":2323,"menu_order":6,"comment_status":"closed","ping_status":"closed","template":"","meta":{"_relevanssi_hide_post":"","_relevanssi_hide_content":"","_relevanssi_pin_for_all":"","_relevanssi_pin_keywords":"","_relevanssi_unpin_keywords":"","_relevanssi_related_keywords":"","_relevanssi_related_include_ids":"","_relevanssi_related_exclude_ids":"","_relevanssi_related_no_append":"","_relevanssi_related_not_related":"","_relevanssi_related_posts":"","_relevanssi_noindex_reason":"","footnotes":""},"class_list":["post-2505","page","type-page","status-publish","hentry"],"featured_image_src":null,"featured_image_src_square":null,"jetpack_sharing_enabled":true,"_links":{"self":[{"href":"https:\/\/www.fjardhundraland.se\/medlem\/wp-json\/wp\/v2\/pages\/2505","targetHints":{"allow":["GET"]}}],"collection":[{"href":"https:\/\/www.fjardhundraland.se\/medlem\/wp-json\/wp\/v2\/pages"}],"about":[{"href":"https:\/\/www.fjardhundraland.se\/medlem\/wp-json\/wp\/v2\/types\/page"}],"author":[{"embeddable":true,"href":"https:\/\/www.fjardhundraland.se\/medlem\/wp-json\/wp\/v2\/users\/1"}],"replies":[{"embeddable":true,"href":"https:\/\/www.fjardhundraland.se\/medlem\/wp-json\/wp\/v2\/comments?post=2505"}],"version-history":[{"count":16,"href":"https:\/\/www.fjardhundraland.se\/medlem\/wp-json\/wp\/v2\/pages\/2505\/revisions"}],"predecessor-version":[{"id":2656,"href":"https:\/\/www.fjardhundraland.se\/medlem\/wp-json\/wp\/v2\/pages\/2505\/revisions\/2656"}],"up":[{"embeddable":true,"href":"https:\/\/www.fjardhundraland.se\/medlem\/wp-json\/wp\/v2\/pages\/2323"}],"wp:attachment":[{"href":"https:\/\/www.fjardhundraland.se\/medlem\/wp-json\/wp\/v2\/media?parent=2505"}],"curies":[{"name":"wp","href":"https:\/\/api.w.org\/{rel}","templated":true}]}}