{"id":2323,"date":"2014-05-07T09:36:29","date_gmt":"2021-03-26T09:00:51","guid":{"rendered":"https:\/\/www.fjardhundraland.se\/internt\/?page_id=2323"},"modified":"2025-02-10T12:15:40","modified_gmt":"2025-02-10T11:15:40","slug":"medlemssidor","status":"publish","type":"page","link":"https:\/\/www.fjardhundraland.se\/medlem\/","title":{"rendered":"Fj\u00e4rdhundralands medlemssidor"},"content":{"rendered":"\n<p>H\u00e4r finns nyheter och material f\u00f6r dig som \u00e4r medlem. Klicka p\u00e5 menyn f\u00f6r att se vad som finns upplagt!<\/p>\n\n\n\n\n\n <div id=\"wpmem_login\"><a id=\"login\"><\/a><form action=\"https:\/\/www.fjardhundraland.se\/medlem\/\" method=\"POST\" id=\"wpmem_login_form\" class=\"form\"><input type=\"hidden\" id=\"_wpmem_login_nonce\" name=\"_wpmem_login_nonce\" value=\"1623cb041b\" \/><input type=\"hidden\" name=\"_wp_http_referer\" value=\"\/medlem\/wp-json\/wp\/v2\/pages\/2323\" \/><fieldset><legend>Inloggning f\u00f6r befintliga anv\u00e4ndare<\/legend><label for=\"log\">Anv\u00e4ndarnamn eller e-post<\/label><div class=\"div_text\"><input name=\"log\" type=\"text\" id=\"log\" value=\"\" class=\"username\" required  \/><\/div><label for=\"pwd\">L\u00f6senord<\/label><div class=\"div_text\"><input name=\"pwd\" type=\"password\" id=\"pwd\" class=\"password\" required  \/><\/div><input name=\"a\" type=\"hidden\" value=\"login\" \/><input name=\"redirect_to\" type=\"hidden\" value=\"https:\/\/www.fjardhundraland.se\/medlem\/\" \/><div class=\"button_div\"><input name=\"rememberme\" type=\"checkbox\" id=\"rememberme\" value=\"forever\" \/>&nbsp;<label for=\"rememberme\">Kom ih\u00e5g mig<\/label>&nbsp;&nbsp;<input type=\"submit\" name=\"Submit\" value=\"Logga in\" class=\"buttons\" \/><\/div><div class=\"link-text\"><span class=\"link-text-forgot\">Gl\u00f6mt l\u00f6senord?&nbsp;<a href=\"http:\/\/92\/?a=pwdreset\">Klicka h\u00e4r f\u00f6r att \u00e5terst\u00e4lla<\/a><\/span><\/div><div class=\"link-text\"><span class=\"link-text-register\">Ny anv\u00e4ndare?&nbsp;<a href=\"https:\/\/www.fjardhundraland.se\/medlem\/login\/\">Klicka h\u00e4r f\u00f6r att registrera<\/a><\/span><\/div><\/fieldset><\/form><\/div>\n","protected":false},"excerpt":{"rendered":"<p>H\u00e4r finns nyheter och material f\u00f6r dig som \u00e4r medlem. Klicka p\u00e5 menyn f\u00f6r att se vad som finns upplagt!<\/p>\n","protected":false},"author":1,"featured_media":0,"parent":0,"menu_order":2,"comment_status":"closed","ping_status":"closed","template":"","meta":{"_relevanssi_hide_post":"","_relevanssi_hide_content":"","_relevanssi_pin_for_all":"","_relevanssi_pin_keywords":"","_relevanssi_unpin_keywords":"","_relevanssi_related_keywords":"","_relevanssi_related_include_ids":"","_relevanssi_related_exclude_ids":"","_relevanssi_related_no_append":"","_relevanssi_related_not_related":"","_relevanssi_related_posts":"","_relevanssi_noindex_reason":"","footnotes":""},"class_list":["post-2323","page","type-page","status-publish","hentry"],"featured_image_src":null,"featured_image_src_square":null,"jetpack_sharing_enabled":true,"_links":{"self":[{"href":"https:\/\/www.fjardhundraland.se\/medlem\/wp-json\/wp\/v2\/pages\/2323","targetHints":{"allow":["GET"]}}],"collection":[{"href":"https:\/\/www.fjardhundraland.se\/medlem\/wp-json\/wp\/v2\/pages"}],"about":[{"href":"https:\/\/www.fjardhundraland.se\/medlem\/wp-json\/wp\/v2\/types\/page"}],"author":[{"embeddable":true,"href":"https:\/\/www.fjardhundraland.se\/medlem\/wp-json\/wp\/v2\/users\/1"}],"replies":[{"embeddable":true,"href":"https:\/\/www.fjardhundraland.se\/medlem\/wp-json\/wp\/v2\/comments?post=2323"}],"version-history":[{"count":8,"href":"https:\/\/www.fjardhundraland.se\/medlem\/wp-json\/wp\/v2\/pages\/2323\/revisions"}],"predecessor-version":[{"id":2576,"href":"https:\/\/www.fjardhundraland.se\/medlem\/wp-json\/wp\/v2\/pages\/2323\/revisions\/2576"}],"wp:attachment":[{"href":"https:\/\/www.fjardhundraland.se\/medlem\/wp-json\/wp\/v2\/media?parent=2323"}],"curies":[{"name":"wp","href":"https:\/\/api.w.org\/{rel}","templated":true}]}}