{"id":2262,"date":"2021-03-17T08:04:43","date_gmt":"2021-03-17T07:04:43","guid":{"rendered":"https:\/\/www.fjardhundraland.se\/internt\/?page_id=2262"},"modified":"2025-02-10T12:15:40","modified_gmt":"2025-02-10T11:15:40","slug":"projekt-paketering-av-upplevelser","status":"publish","type":"page","link":"https:\/\/www.fjardhundraland.se\/medlem\/resurser\/projekt-paketering-av-upplevelser\/","title":{"rendered":"Projekt &#8211; paketering av upplevelser"},"content":{"rendered":"Du m\u00e5ste vara inloggad f\u00f6r att visa detta inneh\u00e5ll.","protected":false},"excerpt":{"rendered":"Du m\u00e5ste vara inloggad f\u00f6r att visa detta inneh\u00e5ll.","protected":false},"author":65,"featured_media":0,"parent":2585,"menu_order":9,"comment_status":"closed","ping_status":"closed","template":"","meta":{"_relevanssi_hide_post":"","_relevanssi_hide_content":"","_relevanssi_pin_for_all":"","_relevanssi_pin_keywords":"","_relevanssi_unpin_keywords":"","_relevanssi_related_keywords":"","_relevanssi_related_include_ids":"","_relevanssi_related_exclude_ids":"","_relevanssi_related_no_append":"","_relevanssi_related_not_related":"","_relevanssi_related_posts":"","_relevanssi_noindex_reason":"","footnotes":""},"class_list":["post-2262","page","type-page","status-publish","hentry"],"featured_image_src":null,"featured_image_src_square":null,"jetpack_sharing_enabled":true,"_links":{"self":[{"href":"https:\/\/www.fjardhundraland.se\/medlem\/wp-json\/wp\/v2\/pages\/2262","targetHints":{"allow":["GET"]}}],"collection":[{"href":"https:\/\/www.fjardhundraland.se\/medlem\/wp-json\/wp\/v2\/pages"}],"about":[{"href":"https:\/\/www.fjardhundraland.se\/medlem\/wp-json\/wp\/v2\/types\/page"}],"author":[{"embeddable":true,"href":"https:\/\/www.fjardhundraland.se\/medlem\/wp-json\/wp\/v2\/users\/65"}],"replies":[{"embeddable":true,"href":"https:\/\/www.fjardhundraland.se\/medlem\/wp-json\/wp\/v2\/comments?post=2262"}],"version-history":[{"count":15,"href":"https:\/\/www.fjardhundraland.se\/medlem\/wp-json\/wp\/v2\/pages\/2262\/revisions"}],"predecessor-version":[{"id":2407,"href":"https:\/\/www.fjardhundraland.se\/medlem\/wp-json\/wp\/v2\/pages\/2262\/revisions\/2407"}],"up":[{"embeddable":true,"href":"https:\/\/www.fjardhundraland.se\/medlem\/wp-json\/wp\/v2\/pages\/2585"}],"wp:attachment":[{"href":"https:\/\/www.fjardhundraland.se\/medlem\/wp-json\/wp\/v2\/media?parent=2262"}],"curies":[{"name":"wp","href":"https:\/\/api.w.org\/{rel}","templated":true}]}}