{"id":171,"date":"2014-05-28T11:26:43","date_gmt":"2014-05-28T09:26:43","guid":{"rendered":"http:\/\/i.fjardhundraland.se\/?page_id=171"},"modified":"2025-02-10T12:15:40","modified_gmt":"2025-02-10T11:15:40","slug":"skyltar","status":"publish","type":"page","link":"https:\/\/www.fjardhundraland.se\/medlem\/medlemssidor\/skyltar\/","title":{"rendered":"Skyltar"},"content":{"rendered":"Du m\u00e5ste vara inloggad f\u00f6r att visa detta inneh\u00e5ll.","protected":false},"excerpt":{"rendered":"Du m\u00e5ste vara inloggad f\u00f6r att visa detta inneh\u00e5ll.","protected":false},"author":1,"featured_media":0,"parent":2323,"menu_order":4,"comment_status":"open","ping_status":"closed","template":"","meta":{"_relevanssi_hide_post":"","_relevanssi_hide_content":"","_relevanssi_pin_for_all":"","_relevanssi_pin_keywords":"","_relevanssi_unpin_keywords":"","_relevanssi_related_keywords":"","_relevanssi_related_include_ids":"","_relevanssi_related_exclude_ids":"","_relevanssi_related_no_append":"","_relevanssi_related_not_related":"","_relevanssi_related_posts":"","_relevanssi_noindex_reason":"","footnotes":""},"class_list":["post-171","page","type-page","status-publish","hentry"],"featured_image_src":null,"featured_image_src_square":null,"jetpack_sharing_enabled":true,"_links":{"self":[{"href":"https:\/\/www.fjardhundraland.se\/medlem\/wp-json\/wp\/v2\/pages\/171","targetHints":{"allow":["GET"]}}],"collection":[{"href":"https:\/\/www.fjardhundraland.se\/medlem\/wp-json\/wp\/v2\/pages"}],"about":[{"href":"https:\/\/www.fjardhundraland.se\/medlem\/wp-json\/wp\/v2\/types\/page"}],"author":[{"embeddable":true,"href":"https:\/\/www.fjardhundraland.se\/medlem\/wp-json\/wp\/v2\/users\/1"}],"replies":[{"embeddable":true,"href":"https:\/\/www.fjardhundraland.se\/medlem\/wp-json\/wp\/v2\/comments?post=171"}],"version-history":[{"count":6,"href":"https:\/\/www.fjardhundraland.se\/medlem\/wp-json\/wp\/v2\/pages\/171\/revisions"}],"predecessor-version":[{"id":2545,"href":"https:\/\/www.fjardhundraland.se\/medlem\/wp-json\/wp\/v2\/pages\/171\/revisions\/2545"}],"up":[{"embeddable":true,"href":"https:\/\/www.fjardhundraland.se\/medlem\/wp-json\/wp\/v2\/pages\/2323"}],"wp:attachment":[{"href":"https:\/\/www.fjardhundraland.se\/medlem\/wp-json\/wp\/v2\/media?parent=171"}],"curies":[{"name":"wp","href":"https:\/\/api.w.org\/{rel}","templated":true}]}}