{"id":440,"date":"2018-09-18T22:44:22","date_gmt":"2018-09-18T20:44:22","guid":{"rendered":"http:\/\/www.fjardhundraland.se\/matomanniskor\/?page_id=440"},"modified":"2025-09-16T07:46:11","modified_gmt":"2025-09-16T05:46:11","slug":"menyn","status":"publish","type":"page","link":"https:\/\/www.fjardhundraland.se\/matomanniskor\/menyn\/","title":{"rendered":"Meny"},"content":{"rendered":"\n<p class=\"has-text-align-center\">Mat &amp; m\u00e4nniskor \u00e4r inte bara en shoppingrunda med lokal kvalitetsmat, utan en m\u00e5ltid. Du kan k\u00f6pa en liten m\u00e5ltid p\u00e5 varje plats och komponera ihop din egen avsmakningsmeny. P\u00e5 en del st\u00e4llen kan du ocks\u00e5 \u00e4ta lunch.<\/p>\n\n\n\n<p class=\"has-text-align-center\">Reservation f\u00f6r slutf\u00f6rs\u00e4ljning.<\/p>\n\n\n\n<p class=\"has-text-align-center\"><strong><a href=\"https:\/\/www.fjardhundraland.se\/matomanniskor\/wp-content\/uploads\/2025\/08\/Meny-Lordag-MatManniskor-2025.pdf\" target=\"_blank\" rel=\"noreferrer noopener\">Ladda ner och skriv ut L\u00d6RDAGS meny h\u00e4r<\/a><\/strong> [pdf].<\/p>\n\n\n\n<p class=\"has-text-align-center\"><strong><a href=\"https:\/\/www.fjardhundraland.se\/matomanniskor\/wp-content\/uploads\/2025\/09\/Meny-Sondag-MatManniskor-2025.pdf\" target=\"_blank\" rel=\"noreferrer noopener\">Ladda ner och skriv ut S\u00d6NDAGS meny h\u00e4r<\/a><\/strong> [pdf].<\/p>\n\n\n\n<figure class=\"wp-block-embed aligncenter is-type-rich is-provider-canva wp-block-embed-canva\"><div class=\"wp-block-embed__wrapper\">\n<iframe loading=\"lazy\" title=\"Meny L\u00f6rdag Mat&amp;M\u00e4nniskor 2025\" src=\"https:\/\/www.canva.com\/design\/DAGwiT70HHk\/1uddgPrmDp9FZ26sFQUSWg\/view?embed&amp;meta\" height=\"743\" width=\"525\" style=\"border: none; border-radius: 8px; width: 525px; height: 743px;\" allowfullscreen=\"allowfullscreen\" allow=\"fullscreen\"><\/iframe>\n<\/div><\/figure>\n\n\n\n<figure class=\"wp-block-embed is-type-rich is-provider-canva wp-block-embed-canva\"><div class=\"wp-block-embed__wrapper\">\n<iframe loading=\"lazy\" title=\"Meny S\u00f6ndag Mat&amp;M\u00e4nniskor 2025\" src=\"https:\/\/www.canva.com\/design\/DAGwiOctOC4\/tvu9lhaL2uaM1WDqTcHE-Q\/view?embed&amp;meta\" height=\"743\" width=\"525\" style=\"border: none; border-radius: 8px; width: 525px; height: 743px;\" allowfullscreen=\"allowfullscreen\" allow=\"fullscreen\"><\/iframe>\n<\/div><\/figure>\n","protected":false},"excerpt":{"rendered":"<p>Mat &amp; m\u00e4nniskor \u00e4r inte bara en shoppingrunda med lokal kvalitetsmat, utan en m\u00e5ltid. Du kan k\u00f6pa en liten m\u00e5ltid p\u00e5 varje plats och komponera ihop din egen avsmakningsmeny. P\u00e5 en del st\u00e4llen kan du ocks\u00e5 \u00e4ta lunch. Reservation f\u00f6r slutf\u00f6rs\u00e4ljning. Ladda ner och skriv ut L\u00d6RDAGS meny h\u00e4r [pdf]. Ladda ner och skriv ut &hellip; <\/p>\n<p class=\"link-more\"><a href=\"https:\/\/www.fjardhundraland.se\/matomanniskor\/menyn\/\" class=\"more-link\">Forts\u00e4tt l\u00e4sa<span class=\"screen-reader-text\"> \u201dMeny\u201d<\/span><\/a><\/p>\n","protected":false},"author":1,"featured_media":0,"parent":0,"menu_order":0,"comment_status":"closed","ping_status":"closed","template":"","meta":{"_acf_changed":false,"_relevanssi_hide_post":"","_relevanssi_hide_content":"","_relevanssi_pin_for_all":"","_relevanssi_pin_keywords":"","_relevanssi_unpin_keywords":"","_relevanssi_related_keywords":"","_relevanssi_related_include_ids":"","_relevanssi_related_exclude_ids":"","_relevanssi_related_no_append":"","_relevanssi_related_not_related":"","_relevanssi_related_posts":"","_relevanssi_noindex_reason":"","footnotes":""},"class_list":["post-440","page","type-page","status-publish","hentry"],"acf":[],"_links":{"self":[{"href":"https:\/\/www.fjardhundraland.se\/matomanniskor\/wp-json\/wp\/v2\/pages\/440","targetHints":{"allow":["GET"]}}],"collection":[{"href":"https:\/\/www.fjardhundraland.se\/matomanniskor\/wp-json\/wp\/v2\/pages"}],"about":[{"href":"https:\/\/www.fjardhundraland.se\/matomanniskor\/wp-json\/wp\/v2\/types\/page"}],"author":[{"embeddable":true,"href":"https:\/\/www.fjardhundraland.se\/matomanniskor\/wp-json\/wp\/v2\/users\/1"}],"replies":[{"embeddable":true,"href":"https:\/\/www.fjardhundraland.se\/matomanniskor\/wp-json\/wp\/v2\/comments?post=440"}],"version-history":[{"count":24,"href":"https:\/\/www.fjardhundraland.se\/matomanniskor\/wp-json\/wp\/v2\/pages\/440\/revisions"}],"predecessor-version":[{"id":1772,"href":"https:\/\/www.fjardhundraland.se\/matomanniskor\/wp-json\/wp\/v2\/pages\/440\/revisions\/1772"}],"wp:attachment":[{"href":"https:\/\/www.fjardhundraland.se\/matomanniskor\/wp-json\/wp\/v2\/media?parent=440"}],"curies":[{"name":"wp","href":"https:\/\/api.w.org\/{rel}","templated":true}]}}