{"id":306,"date":"2018-08-02T12:15:38","date_gmt":"2018-08-02T10:15:38","guid":{"rendered":"http:\/\/www.fjardhundraland.se\/rebusrundan\/?page_id=306"},"modified":"2025-06-23T18:26:28","modified_gmt":"2025-06-23T16:26:28","slug":"sa-funkar-det","status":"publish","type":"page","link":"https:\/\/www.fjardhundraland.se\/matomanniskor\/sa-funkar-det\/","title":{"rendered":"S\u00e5 funkar det"},"content":{"rendered":"\n<ul class=\"wp-block-list\">\n<li>Du v\u00e4ljer bland alla medverkande (se f\u00f6rteckningen \u00f6ver alla medverkande)<\/li>\n\n\n\n<li>Du \u00e5ker p\u00e5 egen hand till de st\u00e4llen du tycker verkar intressanta. (Se karta)<\/li>\n\n\n\n<li>Varje st\u00e4lle har en smaktallrik f\u00f6r 50 kronor.\u00a0<\/li>\n\n\n\n<li>Alla st\u00e4llen har \u00f6ppet 11 &#8211; 17.<\/li>\n\n\n\n<li>Det finns massor av god, lokalproducerad mat att k\u00f6pa med sig hem! Ta med kylv\u00e4skan!<\/li>\n<\/ul>\n\n\n\n<p>\u00c4r du extra hungrig \u00e4r det flera av deltagarna, fr\u00e4mst caf\u00e9erna och restaurangerna, som \u00e4ven erbjuder st\u00f6rre r\u00e4tter.<\/p>\n\n\n\n<p><strong>Matkunskap.<\/strong> Vill du l\u00e4ra dig mer om kulturspannm\u00e5l, biodling, hur man r\u00f6ker k\u00f6tt, sortbest\u00e4mning av \u00e4pplen, hur man tillverkar glass eller pasta och mycket mer, s\u00e5 finns det m\u00f6jlighet till detta. Flera av matproducenterna delar ocks\u00e5 med sig av sin matkunskap under evenemanget, i m\u00e5n av tid.<\/p>\n","protected":false},"excerpt":{"rendered":"<p>\u00c4r du extra hungrig \u00e4r det flera av deltagarna, fr\u00e4mst caf\u00e9erna och restaurangerna, som \u00e4ven erbjuder st\u00f6rre r\u00e4tter. Matkunskap. Vill du l\u00e4ra dig mer om kulturspannm\u00e5l, biodling, hur man r\u00f6ker k\u00f6tt, sortbest\u00e4mning av \u00e4pplen, hur man tillverkar glass eller pasta och mycket mer, s\u00e5 finns det m\u00f6jlighet till detta. Flera av matproducenterna delar ocks\u00e5 med &hellip; <\/p>\n<p class=\"link-more\"><a href=\"https:\/\/www.fjardhundraland.se\/matomanniskor\/sa-funkar-det\/\" class=\"more-link\">Forts\u00e4tt l\u00e4sa<span class=\"screen-reader-text\"> \u201dS\u00e5 funkar det\u201d<\/span><\/a><\/p>\n","protected":false},"author":1,"featured_media":314,"parent":0,"menu_order":0,"comment_status":"closed","ping_status":"closed","template":"","meta":{"_acf_changed":false,"_relevanssi_hide_post":"","_relevanssi_hide_content":"","_relevanssi_pin_for_all":"","_relevanssi_pin_keywords":"","_relevanssi_unpin_keywords":"","_relevanssi_related_keywords":"","_relevanssi_related_include_ids":"","_relevanssi_related_exclude_ids":"","_relevanssi_related_no_append":"","_relevanssi_related_not_related":"","_relevanssi_related_posts":"","_relevanssi_noindex_reason":"","footnotes":""},"class_list":["post-306","page","type-page","status-publish","has-post-thumbnail","hentry"],"acf":[],"_links":{"self":[{"href":"https:\/\/www.fjardhundraland.se\/matomanniskor\/wp-json\/wp\/v2\/pages\/306","targetHints":{"allow":["GET"]}}],"collection":[{"href":"https:\/\/www.fjardhundraland.se\/matomanniskor\/wp-json\/wp\/v2\/pages"}],"about":[{"href":"https:\/\/www.fjardhundraland.se\/matomanniskor\/wp-json\/wp\/v2\/types\/page"}],"author":[{"embeddable":true,"href":"https:\/\/www.fjardhundraland.se\/matomanniskor\/wp-json\/wp\/v2\/users\/1"}],"replies":[{"embeddable":true,"href":"https:\/\/www.fjardhundraland.se\/matomanniskor\/wp-json\/wp\/v2\/comments?post=306"}],"version-history":[{"count":36,"href":"https:\/\/www.fjardhundraland.se\/matomanniskor\/wp-json\/wp\/v2\/pages\/306\/revisions"}],"predecessor-version":[{"id":1671,"href":"https:\/\/www.fjardhundraland.se\/matomanniskor\/wp-json\/wp\/v2\/pages\/306\/revisions\/1671"}],"wp:featuredmedia":[{"embeddable":true,"href":"https:\/\/www.fjardhundraland.se\/matomanniskor\/wp-json\/wp\/v2\/media\/314"}],"wp:attachment":[{"href":"https:\/\/www.fjardhundraland.se\/matomanniskor\/wp-json\/wp\/v2\/media?parent=306"}],"curies":[{"name":"wp","href":"https:\/\/api.w.org\/{rel}","templated":true}]}}