{"id":1524,"date":"2024-08-31T23:20:25","date_gmt":"2024-08-31T21:20:25","guid":{"rendered":"https:\/\/www.fjardhundraland.se\/matomanniskor\/?page_id=1524"},"modified":"2025-09-19T10:42:08","modified_gmt":"2025-09-19T08:42:08","slug":"karta-2024","status":"publish","type":"page","link":"https:\/\/www.fjardhundraland.se\/matomanniskor\/karta-2024\/","title":{"rendered":"Karta 2025"},"content":{"rendered":"\n<p class=\"has-text-align-left\"><a href=\"https:\/\/www.google.com\/maps\/d\/u\/0\/edit?mid=1irQiLEN2q9OuTJeyma87owLSiTYv60M&amp;usp=sharing www.rubbercon2025.com www.rubbercon2025.com\" target=\"_blank\" rel=\"noopener\">H\u00e4r kan du se alla platser och navigera med Google Maps<\/a><\/p>\n\n\n\n<p><a href=\"https:\/\/www.fjardhundraland.se\/matomanniskor\/wp-content\/uploads\/2025\/09\/Oversiktskarta-i-pdf.pdf\">\u00d6versiktskarta i pdf-format,  som du kan skriva ut. (1 sida)<\/a><\/p>\n\n\n\n<p>I \u00f6versiktskartan f\u00e5r du en \u00f6verblick var st\u00e4llena ligger d\u00e4r du kan \u00e4ta av alla de goda smaktallrikarna.<\/p>\n\n\n\n<iframe loading=\"lazy\" src=\"https:\/\/www.google.com\/maps\/d\/embed?mid=1irQiLEN2q9OuTJeyma87owLSiTYv60M&#038;ehbc=2E312F&#038;z=10\" width=\"100%\" height=\"780\"><\/iframe>\n","protected":false},"excerpt":{"rendered":"<p>H\u00e4r kan du se alla platser och navigera med Google Maps \u00d6versiktskarta i pdf-format, som du kan skriva ut. (1 sida) I \u00f6versiktskartan f\u00e5r du en \u00f6verblick var st\u00e4llena ligger d\u00e4r du kan \u00e4ta av alla de goda smaktallrikarna.<\/p>\n","protected":false},"author":45,"featured_media":0,"parent":0,"menu_order":0,"comment_status":"closed","ping_status":"closed","template":"","meta":{"_acf_changed":false,"_relevanssi_hide_post":"","_relevanssi_hide_content":"","_relevanssi_pin_for_all":"","_relevanssi_pin_keywords":"","_relevanssi_unpin_keywords":"","_relevanssi_related_keywords":"","_relevanssi_related_include_ids":"","_relevanssi_related_exclude_ids":"","_relevanssi_related_no_append":"","_relevanssi_related_not_related":"","_relevanssi_related_posts":"","_relevanssi_noindex_reason":"","footnotes":""},"class_list":["post-1524","page","type-page","status-publish","hentry"],"acf":[],"_links":{"self":[{"href":"https:\/\/www.fjardhundraland.se\/matomanniskor\/wp-json\/wp\/v2\/pages\/1524","targetHints":{"allow":["GET"]}}],"collection":[{"href":"https:\/\/www.fjardhundraland.se\/matomanniskor\/wp-json\/wp\/v2\/pages"}],"about":[{"href":"https:\/\/www.fjardhundraland.se\/matomanniskor\/wp-json\/wp\/v2\/types\/page"}],"author":[{"embeddable":true,"href":"https:\/\/www.fjardhundraland.se\/matomanniskor\/wp-json\/wp\/v2\/users\/45"}],"replies":[{"embeddable":true,"href":"https:\/\/www.fjardhundraland.se\/matomanniskor\/wp-json\/wp\/v2\/comments?post=1524"}],"version-history":[{"count":13,"href":"https:\/\/www.fjardhundraland.se\/matomanniskor\/wp-json\/wp\/v2\/pages\/1524\/revisions"}],"predecessor-version":[{"id":1784,"href":"https:\/\/www.fjardhundraland.se\/matomanniskor\/wp-json\/wp\/v2\/pages\/1524\/revisions\/1784"}],"wp:attachment":[{"href":"https:\/\/www.fjardhundraland.se\/matomanniskor\/wp-json\/wp\/v2\/media?parent=1524"}],"curies":[{"name":"wp","href":"https:\/\/api.w.org\/{rel}","templated":true}]}}