{"id":11,"date":"2018-04-09T22:01:24","date_gmt":"2018-04-09T20:01:24","guid":{"rendered":"http:\/\/test.fjardhundraland.se\/loppisrundan\/?page_id=2"},"modified":"2025-09-19T10:37:48","modified_gmt":"2025-09-19T08:37:48","slug":"loppisrundan-i-fjardhundraland","status":"publish","type":"page","link":"https:\/\/www.fjardhundraland.se\/matomanniskor\/","title":{"rendered":"Mat &amp; m\u00e4nniskor i Fj\u00e4rdhundraland"},"content":{"rendered":"\n<p class=\"has-text-align-center has-medium-font-size\"><\/p>\n\n\n\n<p class=\"has-medium-font-size\"><strong>Mat &amp; M\u00e4nniskor l\u00f6rdagen 20 september\u2013s\u00f6ndagen 21 september 2025 kl 11\u201317<\/strong><\/p>\n\n\n\n<p>Dofta, smaka, titta, njut \u2013 Mat &amp; M\u00e4nniskor \u00e4r rundan f\u00f6r alla sinnen d\u00e5 maten och m\u00e4nniskorna \u00e4r i centrum.<\/p>\n\n\n\n<p><\/p>\n","protected":false},"excerpt":{"rendered":"<p>Mat &amp; M\u00e4nniskor l\u00f6rdagen 20 september\u2013s\u00f6ndagen 21 september 2025 kl 11\u201317 Dofta, smaka, titta, njut \u2013 Mat &amp; M\u00e4nniskor \u00e4r rundan f\u00f6r alla sinnen d\u00e5 maten och m\u00e4nniskorna \u00e4r i centrum.<\/p>\n","protected":false},"author":1,"featured_media":733,"parent":0,"menu_order":0,"comment_status":"closed","ping_status":"closed","template":"","meta":{"_acf_changed":false,"_relevanssi_hide_post":"","_relevanssi_hide_content":"","_relevanssi_pin_for_all":"","_relevanssi_pin_keywords":"","_relevanssi_unpin_keywords":"","_relevanssi_related_keywords":"","_relevanssi_related_include_ids":"","_relevanssi_related_exclude_ids":"","_relevanssi_related_no_append":"","_relevanssi_related_not_related":"","_relevanssi_related_posts":"","_relevanssi_noindex_reason":"","footnotes":""},"class_list":["post-11","page","type-page","status-publish","has-post-thumbnail","hentry"],"acf":[],"_links":{"self":[{"href":"https:\/\/www.fjardhundraland.se\/matomanniskor\/wp-json\/wp\/v2\/pages\/11","targetHints":{"allow":["GET"]}}],"collection":[{"href":"https:\/\/www.fjardhundraland.se\/matomanniskor\/wp-json\/wp\/v2\/pages"}],"about":[{"href":"https:\/\/www.fjardhundraland.se\/matomanniskor\/wp-json\/wp\/v2\/types\/page"}],"author":[{"embeddable":true,"href":"https:\/\/www.fjardhundraland.se\/matomanniskor\/wp-json\/wp\/v2\/users\/1"}],"replies":[{"embeddable":true,"href":"https:\/\/www.fjardhundraland.se\/matomanniskor\/wp-json\/wp\/v2\/comments?post=11"}],"version-history":[{"count":66,"href":"https:\/\/www.fjardhundraland.se\/matomanniskor\/wp-json\/wp\/v2\/pages\/11\/revisions"}],"predecessor-version":[{"id":1777,"href":"https:\/\/www.fjardhundraland.se\/matomanniskor\/wp-json\/wp\/v2\/pages\/11\/revisions\/1777"}],"wp:featuredmedia":[{"embeddable":true,"href":"https:\/\/www.fjardhundraland.se\/matomanniskor\/wp-json\/wp\/v2\/media\/733"}],"wp:attachment":[{"href":"https:\/\/www.fjardhundraland.se\/matomanniskor\/wp-json\/wp\/v2\/media?parent=11"}],"curies":[{"name":"wp","href":"https:\/\/api.w.org\/{rel}","templated":true}]}}