{"id":11,"date":"2019-06-24T07:03:50","date_gmt":"2018-04-09T20:01:24","guid":{"rendered":"http:\/\/test.fjardhundraland.se\/loppisrundan\/?page_id=2"},"modified":"2025-11-02T20:06:07","modified_gmt":"2025-11-02T19:06:07","slug":"kreativarundan-i-fjardhundraland","status":"publish","type":"page","link":"https:\/\/www.fjardhundraland.se\/kreativa\/","title":{"rendered":"Kreativa rundan i Fj\u00e4rdhundraland"},"content":{"rendered":"\n<p class=\"has-text-align-center\"><strong>Kreativa rundan i Fj\u00e4rdhundraland 2026<br>Datum: <\/strong>en helg i oktober, datum kommer<\/p>\n\n\n\n<p>Kreativa rundan bjuder Fj\u00e4rdhundralands kreat\u00f6rer in dig, familjen och v\u00e4nnerna till en utflykt i skapandets v\u00e4rld!\u00a0<\/p>\n\n\n\n<p>Ni f\u00e5r tillf\u00e4lle att bes\u00f6ka verkst\u00e4der och se hur f\u00f6rem\u00e5l blir till och hos n\u00e5gra av deltagarna kan ni till och med prova p\u00e5 sj\u00e4lva.&nbsp;<\/p>\n\n\n\n<p>Ljustillverkare, v\u00e4vare, konstn\u00e4rer och keramiker med olika inriktning \u00e4r exempel p\u00e5 verksamheter som v\u00e4lkomnar er. G\u00f6r ett bes\u00f6k eller flera och bli inspirerad! Passa p\u00e5 att handla, \u00e4t &amp; fika och upplev v\u00e5r sk\u00f6na landsbygd p\u00e5 ett nytt s\u00e4tt!&nbsp;<\/p>\n\n\n\n<p>Deltagare och mer info presenteras h\u00f6sten 2026. <\/p>\n\n\n\n<p><\/p>\n\n\n\n<hr class=\"wp-block-separator has-alpha-channel-opacity is-style-wide\" \/>\n","protected":false},"excerpt":{"rendered":"<p>Kreativa rundan i Fj\u00e4rdhundraland 2026Datum: en helg i oktober, datum kommer Kreativa rundan bjuder Fj\u00e4rdhundralands kreat\u00f6rer in dig, familjen och v\u00e4nnerna till en utflykt i skapandets v\u00e4rld!\u00a0 Ni f\u00e5r tillf\u00e4lle att bes\u00f6ka verkst\u00e4der och se hur f\u00f6rem\u00e5l blir till och hos n\u00e5gra av deltagarna kan ni till och med prova p\u00e5 sj\u00e4lva.&nbsp; Ljustillverkare, v\u00e4vare, konstn\u00e4rer &hellip; <\/p>\n<p class=\"link-more\"><a href=\"https:\/\/www.fjardhundraland.se\/kreativa\/\" class=\"more-link\">Forts\u00e4tt l\u00e4sa<span class=\"screen-reader-text\"> \u201dKreativa rundan i Fj\u00e4rdhundraland\u201d<\/span><\/a><\/p>\n","protected":false},"author":1,"featured_media":0,"parent":0,"menu_order":0,"comment_status":"closed","ping_status":"closed","template":"","meta":{"_acf_changed":false,"_relevanssi_hide_post":"","_relevanssi_hide_content":"","_relevanssi_pin_for_all":"","_relevanssi_pin_keywords":"","_relevanssi_unpin_keywords":"","_relevanssi_related_keywords":"","_relevanssi_related_include_ids":"","_relevanssi_related_exclude_ids":"","_relevanssi_related_no_append":"","_relevanssi_related_not_related":"","_relevanssi_related_posts":"","_relevanssi_noindex_reason":"","footnotes":""},"class_list":["post-11","page","type-page","status-publish","hentry"],"acf":[],"_links":{"self":[{"href":"https:\/\/www.fjardhundraland.se\/kreativa\/wp-json\/wp\/v2\/pages\/11","targetHints":{"allow":["GET"]}}],"collection":[{"href":"https:\/\/www.fjardhundraland.se\/kreativa\/wp-json\/wp\/v2\/pages"}],"about":[{"href":"https:\/\/www.fjardhundraland.se\/kreativa\/wp-json\/wp\/v2\/types\/page"}],"author":[{"embeddable":true,"href":"https:\/\/www.fjardhundraland.se\/kreativa\/wp-json\/wp\/v2\/users\/1"}],"replies":[{"embeddable":true,"href":"https:\/\/www.fjardhundraland.se\/kreativa\/wp-json\/wp\/v2\/comments?post=11"}],"version-history":[{"count":170,"href":"https:\/\/www.fjardhundraland.se\/kreativa\/wp-json\/wp\/v2\/pages\/11\/revisions"}],"predecessor-version":[{"id":2234,"href":"https:\/\/www.fjardhundraland.se\/kreativa\/wp-json\/wp\/v2\/pages\/11\/revisions\/2234"}],"wp:attachment":[{"href":"https:\/\/www.fjardhundraland.se\/kreativa\/wp-json\/wp\/v2\/media?parent=11"}],"curies":[{"name":"wp","href":"https:\/\/api.w.org\/{rel}","templated":true}]}}