
{"id":9481,"date":"2021-11-10T11:20:04","date_gmt":"2021-11-10T10:20:04","guid":{"rendered":"https:\/\/www.fjardhundraland.se\/?page_id=9481"},"modified":"2023-08-25T20:48:02","modified_gmt":"2023-08-25T18:48:02","slug":"conferencias-cooperacion-al-desarrollo","status":"publish","type":"page","link":"https:\/\/www.fjardhundraland.se\/es\/om-fjardhundraland\/forelasning-utveckling-samarbete\/","title":{"rendered":"Reservar una conferencia"},"content":{"rendered":"<p><strong>Una conferencia es un buen comienzo para un proyecto de desarrollo rural o de desarrollo de destinos, o para mostrar las ventajas de trabajar juntos.<\/strong> <strong>Fj\u00e4rdhundraland ha construido un destino de cero a 150 miembros en diez a\u00f1os, empezando con un proyecto Leader. Ahora puedes reservar una de las populares conferencias de Mats Thorburn sobre temas como c\u00f3mo se hizo, con experiencias pr\u00e1cticas y lecciones aprendidas de un proyecto de \u00e9xito. <\/strong><\/p>\n\n\n\n<p>Fj\u00e4rdhundraland recibi\u00f3 en 2019 el mayor premio de Suecia en el sector de la hosteler\u00eda <a href=\"https:\/\/www.mynewsdesk.com\/se\/tillvaextverket\/pressreleases\/upplaendsk-landsbygdsupplevelse-vinner-stora-turismpriset-2019-2948935\" target=\"_blank\" rel=\"noreferrer noopener\">Gran Premio de Turismo <\/a>y ha experimentado un fuerte crecimiento en los \u00faltimos a\u00f1os, tanto en n\u00famero de miembros como de visitantes. La asociaci\u00f3n se cre\u00f3 a partir de un proyecto Leader, y es un buen ejemplo de c\u00f3mo los proyectos pueden perdurar y generar desarrollo y crecimiento. Estaremos encantados de compartir las lecciones aprendidas.<\/p>\n\n\n\n<p>Las conferencias han recibido sistem\u00e1ticamente buenas valoraciones de los participantes, y se basan en la experiencia de Fj\u00e4rdhundraland en combinaci\u00f3n con la adaptaci\u00f3n a sus deseos y condiciones. Las conferencias pueden impartirse en sueco o en ingl\u00e9s.<\/p>\n\n\n\n<p>\u00bfTe parece interesante? P\u00f3ngase en contacto con Mats, tel. <a href=\"tel:+46701739399\" data-type=\"tel\" data-id=\"tel:+46701739399\">0701-73 93 99,<\/a> <a href=\"mailto:mats@fjardhundraland.se\">mats@fjardhundraland.se<\/a> para recibir una propuesta sobre organizaci\u00f3n y costes. Tambi\u00e9n puede acudir a nosotros en Fj\u00e4rdhundraland y combinar <a href=\"https:\/\/www.fjardhundraland.se\/es\/sobre-fjardhundraland\/reservar-una-visita-de-estudio\/\" data-type=\"page\" data-id=\"12897\">conferencia y visita de estudio<\/a>.<\/p>\n\n\n\n<h2 class=\"wp-block-heading\">Ejemplos de temas<\/h2>\n\n\n\n<h3 class=\"wp-block-heading\"><strong>Para destinos, gestores tur\u00edsticos, autoridades y propietarios de proyectos<\/strong><\/h3>\n\n\n\n<ul class=\"wp-block-list\">\n<li>Desarrollo rural en cooperaci\u00f3n<\/li>\n\n\n\n<li>Impulsar la colaboraci\u00f3n y la cooperaci\u00f3n<\/li>\n\n\n\n<li>Iniciar e impulsar el desarrollo<\/li>\n\n\n\n<li>Construir proyectos sostenibles<\/li>\n\n\n\n<li>Desarrollo de destinos y lugares en cooperaci\u00f3n<\/li>\n\n\n\n<li>Desarrollar una marca de lugar<\/li>\n\n\n\n<li>Desarrollo rural en un mundo conectado<\/li>\n\n\n\n<li>Sostenibilidad en cooperaci\u00f3n<\/li>\n\n\n\n<li>El \u00e9xito del proyecto Leader<\/li>\n\n\n\n<li>\u00c9xitos y contratiempos del coronavirus<\/li>\n<\/ul>\n\n\n\n<h3 class=\"wp-block-heading\"><strong>Para las organizaciones de visitantes<\/strong><\/h3>\n\n\n\n<ul class=\"wp-block-list\">\n<li><span style=\"color: initial;\">Marketing para microempresas<\/span><\/li>\n\n\n\n<li>Marketing conjunto<\/li>\n\n\n\n<li>Creaci\u00f3n de marca<\/li>\n\n\n\n<li>Comercio electr\u00f3nico para microempresas<\/li>\n\n\n\n<li>Mejorar la rentabilidad mediante la cooperaci\u00f3n<\/li>\n\n\n\n<li>La sostenibilidad en la pr\u00e1ctica<\/li>\n\n\n\n<li>Trabajar para tener m\u00e1s competidores<\/li>\n<\/ul>\n\n\n\n<p>Todas las conferencias pueden celebrarse f\u00edsica o digitalmente, y pueden complementarse con un taller. El contenido se adapta a los deseos y necesidades del cliente y los participantes. Tambi\u00e9n hay buenas oportunidades para vincular las conferencias a <a href=\"https:\/\/www.riksdagen.se\/sv\/dokument-och-lagar\/dokument\/skriftlig-fraga\/besoksnaringsstrategi_ha11248\/\" target=\"_blank\" rel=\"noopener\">la estrategia tur\u00edstica del gobierno<\/a> o documentos de pol\u00edtica local. <\/p>\n\n\n\n<p>Las conferencias correr\u00e1n a cargo de Mats Thorburn, que fue presidente de Fj\u00e4rdhundraland 2014-2021 y ha estado implicado desde el principio. En la actualidad, es vicepresidente de la asociaci\u00f3n junto con su negocio como minorista electr\u00f3nico y consultor en marketing digital.<\/p>\n\n\n\n<p>Las clases son amenas y entretenidas, con muchos ejemplos que pueden aplicarse en la pr\u00e1ctica. Las im\u00e1genes tambi\u00e9n est\u00e1n dise\u00f1adas para inspirar: no hay mucho texto, sino muchas fotograf\u00edas y palabras clave para resumir y se\u00f1alar lo importante.<\/p>\n\n\n\n<blockquote class=\"wp-block-quote is-layout-flow wp-block-quote-is-layout-flow\">\n<p>Dar charlas y conocer a gente comprometida en distintas partes del pa\u00eds es muy divertido. Comparto mis experiencias, pero a menudo aprendo lo mismo de quienes conozco. Juntos creamos un compromiso que espero que dure m\u00e1s que una inspiraci\u00f3n a corto plazo.<\/p>\n<cite>Mats Thorburn<\/cite><\/blockquote>\n\n\n\n<h3 class=\"wp-block-heading\">\u00bfQu\u00e9 opinan los clientes?<\/h3>\n\n\n\n<blockquote class=\"wp-block-quote is-style-plain is-layout-flow wp-block-quote-is-layout-flow\">\n<p>Nos dieron el chivatazo de Mats Thorburn como conferenciante y ese chivatazo realmente nos tom\u00f3 la medida. Fue el comienzo perfecto de inspiraci\u00f3n, realidad y un poco de esp\u00edritu maldito para que particip\u00e1ramos en medio de nuestro proyecto LEADER \"para desarrollar la industria del turismo\".<\/p>\n\n\n\n<p>Para los que trabajamos en el sector del turismo rural, fue muy gratificante escuchar la trayectoria de desarrollo de Fj\u00e4rdhundraland. Lo que hicieron para empezar y lo que siguen haciendo para que funcione, crezca y se ampl\u00ede. A pesar de sus \u00e9xitos, la charla result\u00f3 sencilla, genuina y realista. El entusiasmo que surgi\u00f3 en la sala de conferencias era palpable y, de hecho, creo que fue la hora de salida del tren lo que nos oblig\u00f3 a dejar de hablar entre nosotros. Fue genuino y queremos dar las gracias a Mats por la impresi\u00f3n que nos caus\u00f3: juntos se puede llegar muy lejos y, sobre todo, es mucho m\u00e1s divertido cuando se es m\u00e1s.<\/p>\n<cite>Sandra Oskarsson, Coordinadora de Empresas Municipio de Lekeberg, Gestora del proyecto LEADER: <a href=\"https:\/\/lekeberg.se\/naringslivocharbete\/foretagstodochradgivning\/projektforbesoksnaringen.4.2c44dc0418529b6ed7f19e7.html\" target=\"_blank\" rel=\"noreferrer noopener\">Desarrollo de la industria tur\u00edstica en el municipio de Lekeberg<\/a><\/cite><\/blockquote>\n\n\n\n<blockquote class=\"wp-block-quote is-layout-flow wp-block-quote-is-layout-flow\">\n<p>Mats ha sido un apreciado conferenciante en los programas de formaci\u00f3n empresarial para productores de alimentos de LRF M\u00e4lardalen (Lantbrukarnas riksf\u00f6rbund). El tema ha sido c\u00f3mo iniciar y desarrollar cooperaciones y colaboraciones sostenibles, y tambi\u00e9n se ha hablado mucho de la creaci\u00f3n de marcas.  Mats es un conferenciante muy inspirador y comprometido, y ha sido muy bien valorado por los participantes. Con su amplia experiencia en este campo, ha dado muchos buenos ejemplos pr\u00e1cticos, lo que ha sido muy apreciado.<\/p>\n<cite><em>Helena Isaksson, Directora Regional de Desarrollo Empresarial y Contacto Escolar, LRF M\u00e4lardalen<\/em><\/cite><\/blockquote>\n\n\n\n<blockquote class=\"wp-block-quote is-layout-flow wp-block-quote-is-layout-flow\">\n<p><em>Mats ha celebrado un seminario digital sobre nuestro programa \"Iniciativa empresarial sostenible\", en el que contamos con peque\u00f1as empresas como participantes. El tema era c\u00f3mo desarrollarse social y econ\u00f3micamente como peque\u00f1o empresario con un gran inter\u00e9s en la sostenibilidad. C\u00f3mo construir colaboraciones y redes en las diferencias y c\u00f3mo destacar que eres impar de una manera positiva en la construcci\u00f3n de marca. La conferencia fue muy popular entre los participantes, tanto por el reconocimiento con muchas de las peque\u00f1as empresas de Fj\u00e4rdhundraland como por la forma en que Mats cuenta y presenta sus experiencias en la construcci\u00f3n de Fj\u00e4rdhundraland.&nbsp;<\/em>&nbsp;<\/p>\n<cite>Jenny Kangas, Gestora de Proyectos Empresariales Sostenibles, Upplandsbygd Desarrollo Localmente Dirigido<\/cite><\/blockquote>\n\n\n\n<p><\/p>\n\n\n\n<p>\u00bfTe parece interesante? Ponte en contacto con Mats, tel. 0701-73 93 99, mats@fjardhundraland.se.<\/p>","protected":false},"excerpt":{"rendered":"<p>En f\u00f6rel\u00e4sning \u00e4r en bra start p\u00e5 ett projekt inom landsbygdsutveckling eller destinationsutveckling, eller n\u00e4r ni vill visa nyttan med att samarbeta! Fj\u00e4rdhundraland har byggt en destination fr\u00e5n noll till 150 medlemmar p\u00e5 tio \u00e5r, med start i ett Leader-projekt. Nu kan ni boka en av Mats Thorburns uppskattade f\u00f6rel\u00e4sningar inom \u00e4mnen som om hur [&hellip;]<\/p>\n","protected":false},"author":1,"featured_media":9494,"parent":1515,"menu_order":32,"comment_status":"closed","ping_status":"closed","template":"","meta":{"_acf_changed":false,"_relevanssi_hide_post":"","_relevanssi_hide_content":"","_relevanssi_pin_for_all":"","_relevanssi_pin_keywords":"","_relevanssi_unpin_keywords":"","_relevanssi_related_keywords":"","_relevanssi_related_include_ids":"","_relevanssi_related_exclude_ids":"","_relevanssi_related_no_append":"","_relevanssi_related_not_related":"","_relevanssi_related_posts":"6890,7937,2228,399,13560,5692","_relevanssi_noindex_reason":"","_genesis_hide_title":false,"_genesis_hide_breadcrumbs":false,"_genesis_hide_singular_image":false,"_genesis_hide_footer_widgets":false,"_genesis_custom_body_class":"","_genesis_custom_post_class":"","_genesis_layout":"","footnotes":""},"categories":[],"tags":[],"class_list":{"0":"post-9481","1":"page","2":"type-page","3":"status-publish","4":"has-post-thumbnail","6":"entry"},"acf":[],"visa":null,"geo_latitude":null,"geo_longitude":null,"featured_image_src":"https:\/\/www.fjardhundraland.se\/wp-content\/uploads\/2021\/11\/stora-turismpriset-utdelning-december-2019-mats-thorburn.jpg","featured_image_src_square":"https:\/\/www.fjardhundraland.se\/wp-content\/uploads\/2021\/11\/stora-turismpriset-utdelning-december-2019-mats-thorburn.jpg","jetpack-related-posts":[],"jetpack_sharing_enabled":true,"_links":{"self":[{"href":"https:\/\/www.fjardhundraland.se\/es\/wp-json\/wp\/v2\/pages\/9481","targetHints":{"allow":["GET"]}}],"collection":[{"href":"https:\/\/www.fjardhundraland.se\/es\/wp-json\/wp\/v2\/pages"}],"about":[{"href":"https:\/\/www.fjardhundraland.se\/es\/wp-json\/wp\/v2\/types\/page"}],"author":[{"embeddable":true,"href":"https:\/\/www.fjardhundraland.se\/es\/wp-json\/wp\/v2\/users\/1"}],"replies":[{"embeddable":true,"href":"https:\/\/www.fjardhundraland.se\/es\/wp-json\/wp\/v2\/comments?post=9481"}],"version-history":[{"count":0,"href":"https:\/\/www.fjardhundraland.se\/es\/wp-json\/wp\/v2\/pages\/9481\/revisions"}],"up":[{"embeddable":true,"href":"https:\/\/www.fjardhundraland.se\/es\/wp-json\/wp\/v2\/pages\/1515"}],"wp:featuredmedia":[{"embeddable":true,"href":"https:\/\/www.fjardhundraland.se\/es\/wp-json\/wp\/v2\/media\/9494"}],"wp:attachment":[{"href":"https:\/\/www.fjardhundraland.se\/es\/wp-json\/wp\/v2\/media?parent=9481"}],"wp:term":[{"taxonomy":"category","embeddable":true,"href":"https:\/\/www.fjardhundraland.se\/es\/wp-json\/wp\/v2\/categories?post=9481"},{"taxonomy":"post_tag","embeddable":true,"href":"https:\/\/www.fjardhundraland.se\/es\/wp-json\/wp\/v2\/tags?post=9481"}],"curies":[{"name":"wp","href":"https:\/\/api.w.org\/{rel}","templated":true}]}}