
{"id":8098,"date":"2021-04-16T13:05:00","date_gmt":"2021-04-16T11:05:00","guid":{"rendered":"https:\/\/www.fjardhundraland.se\/?page_id=8098"},"modified":"2021-04-16T14:03:14","modified_gmt":"2021-04-16T12:03:14","slug":"conectarse","status":"publish","type":"page","link":"https:\/\/www.fjardhundraland.se\/es\/logga-in\/","title":{"rendered":"Acceder al sitio web"},"content":{"rendered":"<div id=\"wpmem_login\"><a id=\"login\"><\/a><form action=\"https:\/\/www.fjardhundraland.se\/es\/conectarse\/\" method=\"POST\" id=\"wpmem_login_form\" class=\"form\" data-trp-original-action=\"https:\/\/www.fjardhundraland.se\/es\/logga-in\/\"><input type=\"hidden\" id=\"_wpmem_login_nonce\" name=\"_wpmem_login_nonce\" value=\"fc9f0f5cd9\" \/><input type=\"hidden\" name=\"_wp_http_referer\" value=\"\/es\/wp-json\/wp\/v2\/pages\/8098\" \/><fieldset><legend>Acceso de usuarios existentes<\/legend><label for=\"log\">Nombre de usuario o correo electr\u00f3nico<\/label><div class=\"div_text\"><input name=\"log\" type=\"text\" id=\"log\" value=\"\" class=\"username\" required \/><\/div><label for=\"pwd\">Contrase\u00f1a<\/label><div class=\"div_text\"><input name=\"pwd\" type=\"password\" id=\"pwd\" class=\"password\" required \/><\/div><input name=\"a\" type=\"hidden\" value=\"login\" \/><input name=\"redirect_to\" type=\"hidden\" value=\"https:\/\/www.fjardhundraland.se\/om-fjardhundraland\/for-medlemmar\/\" \/><div class=\"button_div\"><input name=\"rememberme\" type=\"checkbox\" id=\"rememberme\" value=\"forever\" \/>&nbsp;<label for=\"rememberme\">Reclutador<\/label>&nbsp;&nbsp;<input type=\"submit\" name=\"Submit\" value=\"Acceda a\" class=\"buttons\" \/><\/div><\/fieldset><input type=\"hidden\" name=\"trp-form-language\" value=\"es\"\/><\/form><\/div>\n\n\n\n<p><\/p>","protected":false},"excerpt":{"rendered":"","protected":false},"author":1,"featured_media":0,"parent":0,"menu_order":3,"comment_status":"closed","ping_status":"closed","template":"","meta":{"_acf_changed":false,"_relevanssi_hide_post":"","_relevanssi_hide_content":"","_relevanssi_pin_for_all":"","_relevanssi_pin_keywords":"","_relevanssi_unpin_keywords":"","_relevanssi_related_keywords":"","_relevanssi_related_include_ids":"","_relevanssi_related_exclude_ids":"","_relevanssi_related_no_append":"","_relevanssi_related_not_related":"","_relevanssi_related_posts":"","_relevanssi_noindex_reason":"","_genesis_hide_title":false,"_genesis_hide_breadcrumbs":false,"_genesis_hide_singular_image":false,"_genesis_hide_footer_widgets":false,"_genesis_custom_body_class":"","_genesis_custom_post_class":"","_genesis_layout":"","footnotes":""},"categories":[],"tags":[],"class_list":{"0":"post-8098","1":"page","2":"type-page","3":"status-publish","5":"entry"},"acf":[],"visa":null,"geo_latitude":null,"geo_longitude":null,"featured_image_src":null,"featured_image_src_square":null,"jetpack-related-posts":[{"id":6725,"url":"https:\/\/www.fjardhundraland.se\/es\/om-fjardhundraland\/anvisningar-digitalt-arsmote\/","url_meta":{"origin":8098,"position":0},"title":"Instrucciones para la reuni\u00f3n anual digital","author":"Mats Thorburn","date":"18 abril 2020","format":false,"excerpt":"\u00a1Bienvenidos a la reuni\u00f3n anual de Fj\u00e4rdhundraland del domingo 19 de abril de 2020! Aqu\u00ed est\u00e1 el enlace a la videoconferencia: bit.ly\/fj-arsmAqu\u00ed est\u00e1n los documentos de la reuni\u00f3n anual. Utilizamos el servicio de videoconferencia Jitsi. Para participar, necesita un ordenador con internet y el navegador Google Chrome (Firefox tambi\u00e9n puede funcionar) o un smartphone \/ tablet con la aplicaci\u00f3n Jitsi Meet (Android - iPhone \/ iPad).","rel":"","context":"Entrada similar","block_context":{"text":"Entrada similar","link":""},"img":{"alt_text":"","src":"https:\/\/i0.wp.com\/www.fjardhundraland.se\/wp-content\/uploads\/2020\/04\/4-2.jpg?resize=350%2C200&ssl=1","width":350,"height":200,"srcset":"https:\/\/i0.wp.com\/www.fjardhundraland.se\/wp-content\/uploads\/2020\/04\/4-2.jpg?resize=350%2C200&ssl=1 1x, https:\/\/i0.wp.com\/www.fjardhundraland.se\/wp-content\/uploads\/2020\/04\/4-2.jpg?resize=525%2C300&ssl=1 1.5x, https:\/\/i0.wp.com\/www.fjardhundraland.se\/wp-content\/uploads\/2020\/04\/4-2.jpg?resize=700%2C400&ssl=1 2x, https:\/\/i0.wp.com\/www.fjardhundraland.se\/wp-content\/uploads\/2020\/04\/4-2.jpg?resize=1050%2C600&ssl=1 3x, https:\/\/i0.wp.com\/www.fjardhundraland.se\/wp-content\/uploads\/2020\/04\/4-2.jpg?resize=1400%2C800&ssl=1 4x"},"classes":[]},{"id":7759,"url":"https:\/\/www.fjardhundraland.se\/es\/om-fjardhundraland\/till-dig-som-ar-ny-medlem\/","url_meta":{"origin":8098,"position":1},"title":"Para los nuevos miembros","author":"Mats Thorburn","date":"13 marzo 2021","format":false,"excerpt":"Bienvenido a Fj\u00e4rdhundraland Fj\u00e4rdhundraland es lo que nosotros hacemos: \u00a1juntos podemos hacer algo realmente bueno para nuestros visitantes! A trav\u00e9s de la cooperaci\u00f3n, puedo contribuir con lo que es f\u00e1cil para m\u00ed, y obtener ayuda de los dem\u00e1s con lo que me resulta dif\u00edcil. En Fj\u00e4rdhundraland trabajamos en nombre de nuestros visitantes - ellos...","rel":"","context":"En \u00abInl\u00e4gg\u00bb","block_context":{"text":"Inl\u00e4gg","link":"https:\/\/www.fjardhundraland.se\/es\/inlagg\/"},"img":{"alt_text":"","src":"","width":0,"height":0},"classes":[]},{"id":6557,"url":"https:\/\/www.fjardhundraland.se\/es\/om-fjardhundraland\/lagg-in-nu\/","url_meta":{"origin":8098,"position":2},"title":"Introducir actividad","author":"Mats Thorburn","date":"31 marzo 2020","format":false,"excerpt":"Hay mucho inter\u00e9s por salir al campo, y tenemos un lugar estupendo para mostrar lo que hacemos: ahora mismo. Aqu\u00ed puedes a\u00f1adir eventos, actividades y horarios de apertura temporales. Tras su aprobaci\u00f3n manual, se publicar\u00e1 aqu\u00ed: https:\/\/www.fjardhundraland.se\/nu\/ Si no subes una foto...","rel":"","context":"Entrada similar","block_context":{"text":"Entrada similar","link":""},"img":{"alt_text":"","src":"","width":0,"height":0},"classes":[]},{"id":18106,"url":"https:\/\/www.fjardhundraland.se\/es\/magasin-fjardhundraland\/","url_meta":{"origin":8098,"position":3},"title":"Revista Fj\u00e4rdhundraland","author":"Mats Thorburn","date":"3 mayo 2025","format":false,"excerpt":"Revista y mapa Fj\u00e4rdhundraland Ya est\u00e1 disponible la revista de este a\u00f1o, junto con un mapa en papel actualizado. La revista Fj\u00e4rdhundraland cuenta las historias de las personas que regentan negocios en la zona y los lugares que visitan. Cada n\u00famero suele incluir art\u00edculos sobre gastronom\u00eda, caf\u00e9, jardiner\u00eda, artesan\u00eda, cultura e historia. Junto con la revista, hemos creado un mapa, donde...","rel":"","context":"Entrada similar","block_context":{"text":"Entrada similar","link":""},"img":{"alt_text":"","src":"https:\/\/i0.wp.com\/www.fjardhundraland.se\/wp-content\/uploads\/2025\/05\/magasin-2025-framsida.jpg?resize=350%2C200&ssl=1","width":350,"height":200,"srcset":"https:\/\/i0.wp.com\/www.fjardhundraland.se\/wp-content\/uploads\/2025\/05\/magasin-2025-framsida.jpg?resize=350%2C200&ssl=1 1x, https:\/\/i0.wp.com\/www.fjardhundraland.se\/wp-content\/uploads\/2025\/05\/magasin-2025-framsida.jpg?resize=525%2C300&ssl=1 1.5x, https:\/\/i0.wp.com\/www.fjardhundraland.se\/wp-content\/uploads\/2025\/05\/magasin-2025-framsida.jpg?resize=700%2C400&ssl=1 2x, https:\/\/i0.wp.com\/www.fjardhundraland.se\/wp-content\/uploads\/2025\/05\/magasin-2025-framsida.jpg?resize=1050%2C600&ssl=1 3x, https:\/\/i0.wp.com\/www.fjardhundraland.se\/wp-content\/uploads\/2025\/05\/magasin-2025-framsida.jpg?resize=1400%2C800&ssl=1 4x"},"classes":[]},{"id":12897,"url":"https:\/\/www.fjardhundraland.se\/es\/om-fjardhundraland\/boka-studiebesok\/","url_meta":{"origin":8098,"position":4},"title":"Reservar una visita de estudio","author":"Mats Thorburn","date":"1 junio 2023","format":false,"excerpt":"\u00bfQuiere saber c\u00f3mo funciona Fj\u00e4rdhundraland, c\u00f3mo hemos construido el destino y c\u00f3mo utilizan la red sus miembros? Una visita de estudio es la mejor manera de hacerlo. Escuchar\u00e1 la historia de Fj\u00e4rdhundraland, pero tambi\u00e9n conocer\u00e1 a cada uno de sus miembros, que compartir\u00e1n sus experiencias y motivaciones. Una visita de estudio a Fj\u00e4rdhundraland...","rel":"","context":"Entrada similar","block_context":{"text":"Entrada similar","link":""},"img":{"alt_text":"Studiebes\u00f6k Fj\u00e4rdhundraland jhos Axel & Gren","src":"https:\/\/i0.wp.com\/www.fjardhundraland.se\/wp-content\/uploads\/2023\/06\/studiebesok-fjardhundraland-axel-gren.jpg?resize=350%2C200&ssl=1","width":350,"height":200,"srcset":"https:\/\/i0.wp.com\/www.fjardhundraland.se\/wp-content\/uploads\/2023\/06\/studiebesok-fjardhundraland-axel-gren.jpg?resize=350%2C200&ssl=1 1x, https:\/\/i0.wp.com\/www.fjardhundraland.se\/wp-content\/uploads\/2023\/06\/studiebesok-fjardhundraland-axel-gren.jpg?resize=525%2C300&ssl=1 1.5x, https:\/\/i0.wp.com\/www.fjardhundraland.se\/wp-content\/uploads\/2023\/06\/studiebesok-fjardhundraland-axel-gren.jpg?resize=700%2C400&ssl=1 2x, https:\/\/i0.wp.com\/www.fjardhundraland.se\/wp-content\/uploads\/2023\/06\/studiebesok-fjardhundraland-axel-gren.jpg?resize=1050%2C600&ssl=1 3x, https:\/\/i0.wp.com\/www.fjardhundraland.se\/wp-content\/uploads\/2023\/06\/studiebesok-fjardhundraland-axel-gren.jpg?resize=1400%2C800&ssl=1 4x"},"classes":[]},{"id":13123,"url":"https:\/\/www.fjardhundraland.se\/es\/om-fjardhundraland\/gruppresor-till-fjardhundraland\/","url_meta":{"origin":8098,"position":5},"title":"Viaje en grupo a Fj\u00e4rdhundraland","author":"Mats Thorburn","date":"19 junio 2023","format":false,"excerpt":"\u00bfQuiere venir a Fj\u00e4rdhundraland con un grupo de autocares? Aparecemos en el cat\u00e1logo de viajes en grupo de la Regi\u00f3n Uppsala. L\u00e9alo aqu\u00ed. Garden tourism Enk\u00f6ping organiza viajes en grupo a medida en Fj\u00e4rdhundraland. H\u00f6gbergs buss es miembro de Fj\u00e4rdhundraland y puede ayudarle con su viaje en grupo. P\u00f3ngase en contacto con nosotros si tiene alguna pregunta sobre su viaje.","rel":"","context":"Entrada similar","block_context":{"text":"Entrada similar","link":""},"img":{"alt_text":"","src":"","width":0,"height":0},"classes":[]}],"jetpack_sharing_enabled":true,"_links":{"self":[{"href":"https:\/\/www.fjardhundraland.se\/es\/wp-json\/wp\/v2\/pages\/8098","targetHints":{"allow":["GET"]}}],"collection":[{"href":"https:\/\/www.fjardhundraland.se\/es\/wp-json\/wp\/v2\/pages"}],"about":[{"href":"https:\/\/www.fjardhundraland.se\/es\/wp-json\/wp\/v2\/types\/page"}],"author":[{"embeddable":true,"href":"https:\/\/www.fjardhundraland.se\/es\/wp-json\/wp\/v2\/users\/1"}],"replies":[{"embeddable":true,"href":"https:\/\/www.fjardhundraland.se\/es\/wp-json\/wp\/v2\/comments?post=8098"}],"version-history":[{"count":0,"href":"https:\/\/www.fjardhundraland.se\/es\/wp-json\/wp\/v2\/pages\/8098\/revisions"}],"wp:attachment":[{"href":"https:\/\/www.fjardhundraland.se\/es\/wp-json\/wp\/v2\/media?parent=8098"}],"wp:term":[{"taxonomy":"category","embeddable":true,"href":"https:\/\/www.fjardhundraland.se\/es\/wp-json\/wp\/v2\/categories?post=8098"},{"taxonomy":"post_tag","embeddable":true,"href":"https:\/\/www.fjardhundraland.se\/es\/wp-json\/wp\/v2\/tags?post=8098"}],"curies":[{"name":"wp","href":"https:\/\/api.w.org\/{rel}","templated":true}]}}