
{"id":7759,"date":"2021-03-13T09:09:01","date_gmt":"2021-03-13T08:09:01","guid":{"rendered":"https:\/\/www.fjardhundraland.se\/till-dig-som-ar-ny-medlem\/"},"modified":"2021-12-14T10:31:04","modified_gmt":"2021-12-14T09:31:04","slug":"como-nuevo-miembro","status":"publish","type":"page","link":"https:\/\/www.fjardhundraland.se\/es\/om-fjardhundraland\/till-dig-som-ar-ny-medlem\/","title":{"rendered":"Para los nuevos miembros"},"content":{"rendered":"<p><strong>\u00a1Bienvenido al programa!<\/strong><\/p>\n\n\n\n<p>Fj\u00e4rdhundraland es lo que nosotros hacemos: \u00a1juntos podemos hacer algo realmente bueno por nuestros visitantes! Trabajando juntos, puedo contribuir en lo que me resulta f\u00e1cil y obtener ayuda de los dem\u00e1s en lo que me resulta dif\u00edcil.<\/p>\n\n\n\n<p>En Fj\u00e4rdhundraland trabajamos para nuestros visitantes: queremos que lo pasen lo mejor posible. Para ello, tenemos que conocernos y trabajar juntos. As\u00ed nos divertiremos m\u00e1s y los visitantes sentir\u00e1n que est\u00e1n entre amigos. <\/p>\n\n\n\n<p>Una buena forma de empezar es asistir a las reuniones que organizamos y conocer a otros miembros y sus actividades.<\/p>\n\n\n\n<p>Sacar\u00e1 el m\u00e1ximo partido de la organizaci\u00f3n si se implica en un tema que le interese, por ejemplo en un grupo de trabajo en torno a un acontecimiento. Si asistes a las reuniones, tambi\u00e9n sacar\u00e1s m\u00e1s partido a tu afiliaci\u00f3n, ya que creamos una red de personas comprometidas.<\/p>\n\n\n\n<p><strong>Recibir\u00e1 <a href=\"https:\/\/www.fjardhundraland.se\/es\/internt\/for-medlemmar\/skyltar\/\" target=\"_blank\" rel=\"noreferrer noopener nofollow\">signos<\/a><\/strong>. Se pueden adquirir en J\u00e4dra G\u00e5rd, Enk\u00f6ping (Thomas Bj\u00f6rk, 070-899 29 19, thomas@fjardhundraland.se) y en Pekoe organic tea, \u00d6sterunda (Mats Thorburn, 0701-73 93 99, <a class=\"mailto-link\" href=\"javascript:;\">mats@fjardhundraland.se<\/a>).<\/p>\n\n\n\n<p><strong>Tenemos un grupo en Facebook<\/strong>. <a rel=\"noreferrer noopener\" href=\"https:\/\/www.facebook.com\/groups\/365657026778029\/\" target=\"_blank\">Si\u00e9ntase libre de unirse all\u00ed<\/a> si usas Facebook. Es un grupo cerrado en el que podemos hablar de preocupaciones comunes. All\u00ed no hacemos publicidad de las actividades de nuestras empresas, pero si\u00e9ntete libre de compartir consejos y pedir ayuda.<\/p>\n\n\n\n<p><strong>Eventos<\/strong>El Fj\u00e4rdhundraland organiza varios eventos, entre ellos <a href=\"https:\/\/www.fjardhundraland.se\/es\/eventos\/\">las rondas<\/a>. Las inscripciones se publicar\u00e1n a principios de primavera. Si tiene preguntas sobre las rondas, p\u00f3ngase en contacto con Carl-Erik Ekblom (070-521 07 49, carlerik.ekblom@gmail.com).<\/p>\n\n\n\n<p><strong>Incluir en el sitio web<\/strong><br>Los sitios web est\u00e1n gestionados por un editor. Env\u00ede fotos y un texto sobre su organizaci\u00f3n (no tiene que ser perfecto, lo editaremos), consejos y comentarios a <a class=\"mailto-link\" href=\"javascript:;\">webb@fjardhundraland.se<\/a>.<\/p>\n\n\n\n<p><strong>A\u00f1adir actividades y eventos temporales al sitio web<\/strong><br>Cuando tenga actividades temporales (por ejemplo, eventos, horarios de apertura temporales, aniversario, apertura estacional) <a href=\"https:\/\/www.fjardhundraland.se\/es\/sobre-fjardhundraland\/entrar-ahora\/\">ins\u00e9rtelos aqu\u00ed<\/a>.<\/p>\n\n\n\n<p><a href=\"https:\/\/www.fjardhundraland.se\/es\/sobre-fjardhundraland\/anadir-paquete-de-actividades\/\">Aqu\u00ed puede a\u00f1adir actividades y paquetes que se pueden reservar<\/a>. Paquetes compuestos de distintas actividades o actividades individuales que pueden reservar particulares y grupos. No son eventos.<\/p>\n\n\n\n<p><strong>Redes sociales<\/strong><br>Utilizamos principalmente <a href=\"https:\/\/www.instagram.com\/fjardhundraland\/\" target=\"_blank\" rel=\"noreferrer noopener\">Instagram<\/a> y <a href=\"https:\/\/facebook.com\/fjardhundraland\" target=\"_blank\" rel=\"noopener\">Facebook<\/a>donde compartimos los mensajes de los miembros. Somos muchos miembros, y no es f\u00e1cil ver todas las cosas bonitas que se publican. Por eso, puedes etiquetar a @fjardhundraland, y usar #fj\u00e4rdhundraland. Tambi\u00e9n puedes enviar un mensaje a Facebook o Instagram si hay algo importante que quieras compartir.<\/p>\n\n\n\n<p><strong>Compartimos desde la perspectiva del visitante<\/strong>. Se rige por lo que se considera interesante para los visitantes de nuestros grupos objetivo, no por la equidad. Los lugares que abren mucho se destacan m\u00e1s que los que abren menos, as\u00ed como los eventos y ofertas claras. Entradas sobre colaboraciones con otros miembros, entradas sobre Fj\u00e4rdhundraland y consejos sobre excursiones que incluyen a otros miembros. Nuestros visitantes aprecian la sensaci\u00f3n de estar entre amigos.<\/p>\n\n\n\n<p>\u00bfPreguntas o ideas? Hable con <a href=\"https:\/\/www.fjardhundraland.se\/es\/sobre-fjardhundraland\/asociacion-economica-de-fjardhundraland\/\" data-type=\"URL\">cualquiera de la junta<\/a>.<\/p>","protected":false},"excerpt":{"rendered":"<p>V\u00e4lkommen! Fj\u00e4rdhundraland \u00e4r vad vi g\u00f6r det till \u2013 tillsammans kan vi g\u00f6ra n\u00e5got riktigt bra f\u00f6r v\u00e5ra bes\u00f6kare! Genom samarbetet\u00a0kan jag\u00a0bidra med det som \u00e4r l\u00e4tt f\u00f6r mig, och f\u00e5 hj\u00e4lp av andra med s\u00e5dant jag\u00a0tycker \u00e4r sv\u00e5rt. I Fj\u00e4rdhundraland jobbar vi p\u00e5 uppdrag av v\u00e5ra bes\u00f6kare \u2013 de ska f\u00e5 det s\u00e5 bra [&hellip;]<\/p>\n","protected":false},"author":1,"featured_media":0,"parent":1515,"menu_order":36,"comment_status":"closed","ping_status":"closed","template":"","meta":{"_acf_changed":false,"_relevanssi_hide_post":"","_relevanssi_hide_content":"","_relevanssi_pin_for_all":"","_relevanssi_pin_keywords":"","_relevanssi_unpin_keywords":"","_relevanssi_related_keywords":"","_relevanssi_related_include_ids":"","_relevanssi_related_exclude_ids":"","_relevanssi_related_no_append":"","_relevanssi_related_not_related":"","_relevanssi_related_posts":"12584,13560,10783,8656,10896,3022","_relevanssi_noindex_reason":"","_genesis_hide_title":false,"_genesis_hide_breadcrumbs":false,"_genesis_hide_singular_image":false,"_genesis_hide_footer_widgets":false,"_genesis_custom_body_class":"","_genesis_custom_post_class":"","_genesis_layout":"","footnotes":""},"categories":[1],"tags":[],"class_list":{"0":"post-7759","1":"page","2":"type-page","3":"status-publish","5":"category-inlagg","6":"entry"},"acf":[],"visa":null,"geo_latitude":null,"geo_longitude":null,"featured_image_src":null,"featured_image_src_square":null,"jetpack-related-posts":[{"id":12897,"url":"https:\/\/www.fjardhundraland.se\/es\/om-fjardhundraland\/boka-studiebesok\/","url_meta":{"origin":7759,"position":0},"title":"Reservar una visita de estudio","author":"Mats Thorburn","date":"1 junio 2023","format":false,"excerpt":"\u00bfQuiere saber c\u00f3mo funciona Fj\u00e4rdhundraland, c\u00f3mo hemos construido el destino y c\u00f3mo utilizan la red sus miembros? Una visita de estudio es la mejor manera de hacerlo. Escuchar\u00e1 la historia de Fj\u00e4rdhundraland, pero tambi\u00e9n conocer\u00e1 a cada uno de sus miembros, que compartir\u00e1n sus experiencias y motivaciones. Una visita de estudio a Fj\u00e4rdhundraland...","rel":"","context":"Entrada similar","block_context":{"text":"Entrada similar","link":""},"img":{"alt_text":"Studiebes\u00f6k Fj\u00e4rdhundraland jhos Axel & Gren","src":"https:\/\/i0.wp.com\/www.fjardhundraland.se\/wp-content\/uploads\/2023\/06\/studiebesok-fjardhundraland-axel-gren.jpg?resize=350%2C200&ssl=1","width":350,"height":200,"srcset":"https:\/\/i0.wp.com\/www.fjardhundraland.se\/wp-content\/uploads\/2023\/06\/studiebesok-fjardhundraland-axel-gren.jpg?resize=350%2C200&ssl=1 1x, https:\/\/i0.wp.com\/www.fjardhundraland.se\/wp-content\/uploads\/2023\/06\/studiebesok-fjardhundraland-axel-gren.jpg?resize=525%2C300&ssl=1 1.5x, https:\/\/i0.wp.com\/www.fjardhundraland.se\/wp-content\/uploads\/2023\/06\/studiebesok-fjardhundraland-axel-gren.jpg?resize=700%2C400&ssl=1 2x, https:\/\/i0.wp.com\/www.fjardhundraland.se\/wp-content\/uploads\/2023\/06\/studiebesok-fjardhundraland-axel-gren.jpg?resize=1050%2C600&ssl=1 3x, https:\/\/i0.wp.com\/www.fjardhundraland.se\/wp-content\/uploads\/2023\/06\/studiebesok-fjardhundraland-axel-gren.jpg?resize=1400%2C800&ssl=1 4x"},"classes":[]},{"id":7312,"url":"https:\/\/www.fjardhundraland.se\/es\/om-fjardhundraland\/fjardhundraland-ekonomisk-forening\/bli-medlem\/","url_meta":{"origin":7759,"position":1},"title":"Afiliarse","author":"Mats Thorburn","date":"8 septiembre 2020","format":false,"excerpt":"\u00a1Bienvenido como miembro de la asociaci\u00f3n econ\u00f3mica Fj\u00e4rdhundraland! El hecho de que te unas refuerza nuestra red com\u00fan y nos hace a\u00fan mejores a la hora de ofrecer a nuestros visitantes una buena experiencia. Rellene aqu\u00ed el formulario de solicitud. Diez buenas razones para hacerse miembro Cree que es importante cooperar. 1+1=3.Usted...","rel":"","context":"Entrada similar","block_context":{"text":"Entrada similar","link":""},"img":{"alt_text":"","src":"","width":0,"height":0},"classes":[]},{"id":6016,"url":"https:\/\/www.fjardhundraland.se\/es\/om-fjardhundraland\/vanliga-fragor\/","url_meta":{"origin":7759,"position":2},"title":"Preguntas m\u00e1s frecuentes","author":"Mats Thorburn","date":"11 septiembre 2019","format":false,"excerpt":"\u00bfD\u00f3nde se encuentra Fj\u00e4rdhundraland? Nuestra zona est\u00e1 definida por el lugar donde se encuentran nuestros miembros: entre V\u00e4ster\u00e5s, Sala, Str\u00e4ngn\u00e4s, Uppsala, Enk\u00f6ping y Estocolmo. No hemos establecido ninguna frontera porque las fronteras no son interesantes para los visitantes. Eche un vistazo al mapa. \u00bfQu\u00e9 significa \u201dFj\u00e4rdhundraland\u201d? El nombre procede de la naci\u00f3n vikinga\/medieval del mismo nombre....","rel":"","context":"Entrada similar","block_context":{"text":"Entrada similar","link":""},"img":{"alt_text":"","src":"","width":0,"height":0},"classes":[]},{"id":9481,"url":"https:\/\/www.fjardhundraland.se\/es\/om-fjardhundraland\/forelasning-utveckling-samarbete\/","url_meta":{"origin":7759,"position":3},"title":"Reservar una conferencia","author":"Mats Thorburn","date":"10 noviembre 2021","format":false,"excerpt":"Una conferencia es un buen comienzo para un proyecto de desarrollo rural o de desarrollo de destinos, o cuando se quieren mostrar las ventajas de trabajar juntos. Fj\u00e4rdhundraland ha construido un destino de cero a 150 miembros en diez a\u00f1os, empezando con un proyecto Leader. Ahora puede reservar una de las populares conferencias de Mats Thorburn...","rel":"","context":"Entrada similar","block_context":{"text":"Entrada similar","link":""},"img":{"alt_text":"Stora turismpriset utdelning december 2019 Mats Thorburn","src":"https:\/\/i0.wp.com\/www.fjardhundraland.se\/wp-content\/uploads\/2021\/11\/stora-turismpriset-utdelning-december-2019-mats-thorburn.jpg?resize=350%2C200&ssl=1","width":350,"height":200,"srcset":"https:\/\/i0.wp.com\/www.fjardhundraland.se\/wp-content\/uploads\/2021\/11\/stora-turismpriset-utdelning-december-2019-mats-thorburn.jpg?resize=350%2C200&ssl=1 1x, https:\/\/i0.wp.com\/www.fjardhundraland.se\/wp-content\/uploads\/2021\/11\/stora-turismpriset-utdelning-december-2019-mats-thorburn.jpg?resize=525%2C300&ssl=1 1.5x, https:\/\/i0.wp.com\/www.fjardhundraland.se\/wp-content\/uploads\/2021\/11\/stora-turismpriset-utdelning-december-2019-mats-thorburn.jpg?resize=700%2C400&ssl=1 2x, https:\/\/i0.wp.com\/www.fjardhundraland.se\/wp-content\/uploads\/2021\/11\/stora-turismpriset-utdelning-december-2019-mats-thorburn.jpg?resize=1050%2C600&ssl=1 3x, https:\/\/i0.wp.com\/www.fjardhundraland.se\/wp-content\/uploads\/2021\/11\/stora-turismpriset-utdelning-december-2019-mats-thorburn.jpg?resize=1400%2C800&ssl=1 4x"},"classes":[]},{"id":4530,"url":"https:\/\/www.fjardhundraland.se\/es\/evenemang-rundor\/rebusrundan10\/uppsalarundan-med-12-stopp\/","url_meta":{"origin":7759,"position":4},"title":"Uppsalaour con 12 paradas","author":"Ylva Fontell","date":"25 julio 2017","format":false,"excerpt":"Esta es una sugerencia de ruta para la ronda Rebus que es adecuada para los que vienen de Uppsala. La ruta discurre por el paisaje agr\u00edcola de Fj\u00e4rdhundraland mezclado con bosques y hermosos valles. Le esperan muchas experiencias en la naturaleza. Encontrar\u00e1 artesan\u00eda alimentaria en diversas formas, como quesos, mermeladas, charcuter\u00eda y reposter\u00eda. Tambi\u00e9n podr\u00e1 comprar huevos, flores y plantas de jard\u00edn....","rel":"","context":"Entrada similar","block_context":{"text":"Entrada similar","link":""},"img":{"alt_text":"","src":"","width":0,"height":0},"classes":[]},{"id":1515,"url":"https:\/\/www.fjardhundraland.se\/es\/om-fjardhundraland\/","url_meta":{"origin":7759,"position":5},"title":"Acerca de Fj\u00e4rdhundraland","author":"Mats Thorburn","date":"8 enero 2014","format":false,"excerpt":"En Fj\u00e4rdhundraland reunimos grandes experiencias en un campo vivo con historia, experiencias en la naturaleza y peque\u00f1os negocios en ciernes: caf\u00e9s, alojamientos, tiendas de granja y \u00a1mucho m\u00e1s! Mucha artesan\u00eda alimentaria, naturaleza y cultura, todo ello a una hora de Estocolmo, Uppsala y V\u00e4ster\u00e5s. El nombre Fj\u00e4rdhundraland procede del pa\u00eds popular medieval Fj\u00e4drundaland. El Fj\u00e4rdhundraland actual no tiene fronteras. El objetivo es crear una gran zona de...","rel":"","context":"Entrada similar","block_context":{"text":"Entrada similar","link":""},"img":{"alt_text":"","src":"","width":0,"height":0},"classes":[]}],"jetpack_sharing_enabled":true,"_links":{"self":[{"href":"https:\/\/www.fjardhundraland.se\/es\/wp-json\/wp\/v2\/pages\/7759","targetHints":{"allow":["GET"]}}],"collection":[{"href":"https:\/\/www.fjardhundraland.se\/es\/wp-json\/wp\/v2\/pages"}],"about":[{"href":"https:\/\/www.fjardhundraland.se\/es\/wp-json\/wp\/v2\/types\/page"}],"author":[{"embeddable":true,"href":"https:\/\/www.fjardhundraland.se\/es\/wp-json\/wp\/v2\/users\/1"}],"replies":[{"embeddable":true,"href":"https:\/\/www.fjardhundraland.se\/es\/wp-json\/wp\/v2\/comments?post=7759"}],"version-history":[{"count":0,"href":"https:\/\/www.fjardhundraland.se\/es\/wp-json\/wp\/v2\/pages\/7759\/revisions"}],"up":[{"embeddable":true,"href":"https:\/\/www.fjardhundraland.se\/es\/wp-json\/wp\/v2\/pages\/1515"}],"wp:attachment":[{"href":"https:\/\/www.fjardhundraland.se\/es\/wp-json\/wp\/v2\/media?parent=7759"}],"wp:term":[{"taxonomy":"category","embeddable":true,"href":"https:\/\/www.fjardhundraland.se\/es\/wp-json\/wp\/v2\/categories?post=7759"},{"taxonomy":"post_tag","embeddable":true,"href":"https:\/\/www.fjardhundraland.se\/es\/wp-json\/wp\/v2\/tags?post=7759"}],"curies":[{"name":"wp","href":"https:\/\/api.w.org\/{rel}","templated":true}]}}