
{"id":7312,"date":"2020-09-08T12:18:07","date_gmt":"2020-09-08T10:18:07","guid":{"rendered":"https:\/\/www.fjardhundraland.se\/?page_id=7312"},"modified":"2021-09-09T15:17:37","modified_gmt":"2021-09-09T13:17:37","slug":"hagase-socio","status":"publish","type":"page","link":"https:\/\/www.fjardhundraland.se\/es\/om-fjardhundraland\/fjardhundraland-ekonomisk-forening\/bli-medlem\/","title":{"rendered":"Afiliarse"},"content":{"rendered":"<p>\u00a1Bienvenido como miembro de la asociaci\u00f3n econ\u00f3mica Fj\u00e4rdhundraland! El hecho de que se una a nosotros refuerza nuestra red com\u00fan y nos hace a\u00fan mejores a la hora de ofrecer a nuestros visitantes una buena experiencia.<\/p>\n\n\n\n<p><a href=\"https:\/\/docs.google.com\/forms\/d\/1lmu7elNURv-f8WGdf5dA4tQK4BN85xkYL_j-1j53cnc\/edit?ts=6040cdb5&amp;gxids=7628\" target=\"_blank\" aria-label=\"Rellene el formulario de solicitud aqu\u00ed.  (se abre en una nueva pesta\u00f1a)\" rel=\"noreferrer noopener\" class=\"rank-math-link\"><strong>Rellene el formulario de solicitud aqu\u00ed.<\/strong> <\/a><\/p>\n\n\n\n<h2 class=\"wp-block-heading\"><strong>Diez buenas razones para hacerse socio<\/strong><\/h2>\n\n\n\n<ul class=\"wp-block-list\"><li>Crees que es importante cooperar. 1+1=3.<\/li><li>Tiene o quiere desarrollar alg\u00fan tipo de actividad para visitantes, como alojamiento y desayuno, eventos, actividades, visitas guiadas, venta de productos locales, restaurante o cafeter\u00eda.<\/li><li>Crees que es una gran idea desarrollar el campo y quieres mostrar todo lo bueno que tiene que ofrecer para atraer a m\u00e1s visitantes.<\/li><li>Quiere trabajar para reforzar la producci\u00f3n local.<\/li><li>Quiere complementar su negocio\/empleo con actividades tur\u00edsticas.<\/li><li>Quieres desarrollar tu inter\u00e9s especial colaborando con otros y mostr\u00e1ndolo a los visitantes.<\/li><li>Tienes locales vac\u00edos con los que puedes hacer algo.<\/li><li>Su organizaci\u00f3n tiene algo que puede interesar a los visitantes.<\/li><li>Le parece buena idea poder solicitar financiaci\u00f3n p\u00fablica para llevar a cabo nuevas ideas.<\/li><li>Cree que deber\u00edamos comercializarnos a trav\u00e9s de una marca com\u00fan que represente calidad y sostenibilidad empresarial.<\/li><\/ul>\n\n\n\n<h2 class=\"wp-block-heading\">Lo que obtiene como afiliado<\/h2>\n\n\n\n<ul class=\"wp-block-list\"><li>Formar\u00e1s parte de una marca fuerte con un p\u00fablico objetivo fiel que aprecia la vida en el campo, la calidad a peque\u00f1a escala y el servicio personalizado.<\/li><li>Formar\u00e1s parte de una red de personas comprometidas y apasionadas por sus organizaciones.<\/li><li>Se le promocionar\u00e1 en las redes sociales de Fj\u00e4rdhundraland.<\/li><li>Tendr\u00e1s una p\u00e1gina en el popular sitio web de Fj\u00e4rdhundraland.<\/li><li>Puedes participar en eventos como Tuva &amp; t\u00e4ppa, Loppisrundan, Rebusrundan, Mat &amp; m\u00e4nniskor.<\/li><li>Recibir\u00e1 materiales para que pueda utilizar Fj\u00e4rdhundraland en su marketing y reforzar as\u00ed su propia marca.<\/li><\/ul>\n\n\n\n<h2 class=\"wp-block-heading\"><strong>Dos formas de afiliaci\u00f3n<\/strong><\/h2>\n\n\n\n<p><strong>Miembro del Parlamento Europeo<\/strong>&nbsp;puedes convertirte en<\/p>\n\n\n\n<ul class=\"wp-block-list\"><li>Si tiene o piensa ofrecer algo a turistas\/invitados\/visitantes\/clientes.<\/li><li>Adoptada por el consejo de administraci\u00f3n de la organizaci\u00f3n.<\/li><li>Desea participar en las actividades de la asociaci\u00f3n y en la promoci\u00f3n conjunta.<\/li><\/ul>\n\n\n\n<p>Para ser miembro de pleno derecho, hay que pagar una cuota de 1.000 SEK (que se devuelven si uno se da de baja) y una cuota anual de afiliaci\u00f3n de un m\u00e1ximo de 300 SEK. Adem\u00e1s, hay una cuota de servicio (que est\u00e1 sujeta a IVA y tambi\u00e9n es deducible de impuestos.<\/p>\n\n\n\n<p>Desde 2019, la cuota de servicio es de 1.000 SEK\/a\u00f1o (500 SEK para organizaciones sin \u00e1nimo de lucro y empresas de nueva creaci\u00f3n\/peque\u00f1as empresas con una facturaci\u00f3n inferior a 50.000 SEK).<\/p>\n\n\n\n<p><strong>Socio colaborador<\/strong>&nbsp;puedes convertirte en<\/p>\n\n\n\n<ul class=\"wp-block-list\"><li>si apoya las actividades de la organizaci\u00f3n<\/li><\/ul>\n\n\n\n<p>Los miembros colaboradores s\u00f3lo pagan una cuota anual. Los miembros de apoyo pueden participar en las actividades de la asociaci\u00f3n, pero no tienen derecho a las ventajas que cuestan dinero a la asociaci\u00f3n, como el marketing y los eventos subvencionados.<\/p>\n\n\n\n<p><a href=\"https:\/\/docs.google.com\/forms\/d\/1lmu7elNURv-f8WGdf5dA4tQK4BN85xkYL_j-1j53cnc\/edit?ts=6040cdb5&amp;gxids=7628\" target=\"_blank\" aria-label=\"H\u00e1gase socio Rellene el formulario de inscripci\u00f3n aqu\u00ed.  (se abre en una nueva pesta\u00f1a)\" rel=\"noreferrer noopener\" class=\"rank-math-link\">H\u00e1gase socio Rellene el formulario de solicitud aqu\u00ed. <\/a><\/p>","protected":false},"excerpt":{"rendered":"<p>V\u00e4lkommen som medlem i Fj\u00e4rdhundraland ekonomisk f\u00f6rening! Att just du kommer med st\u00e4rker v\u00e5rt gemensamma n\u00e4tverk, och g\u00f6r att vi blir \u00e4nnu b\u00e4ttre p\u00e5 att ge v\u00e5ra bes\u00f6kare en bra upplevelse. Fyll i anm\u00e4lan h\u00e4r. Tio bra sk\u00e4l att bli medlem Ni tycker att det \u00e4r viktigt att samarbeta. 1+1=3. Ni har eller vill utveckla [&hellip;]<\/p>\n","protected":false},"author":1,"featured_media":0,"parent":1903,"menu_order":42,"comment_status":"closed","ping_status":"closed","template":"","meta":{"_acf_changed":false,"_relevanssi_hide_post":"","_relevanssi_hide_content":"","_relevanssi_pin_for_all":"","_relevanssi_pin_keywords":"","_relevanssi_unpin_keywords":"","_relevanssi_related_keywords":"","_relevanssi_related_include_ids":"","_relevanssi_related_exclude_ids":"","_relevanssi_related_no_append":"","_relevanssi_related_not_related":"","_relevanssi_related_posts":"","_relevanssi_noindex_reason":"","_genesis_hide_title":false,"_genesis_hide_breadcrumbs":false,"_genesis_hide_singular_image":false,"_genesis_hide_footer_widgets":false,"_genesis_custom_body_class":"","_genesis_custom_post_class":"","_genesis_layout":"","footnotes":""},"categories":[],"tags":[],"class_list":{"0":"post-7312","1":"page","2":"type-page","3":"status-publish","5":"entry"},"acf":[],"visa":null,"geo_latitude":null,"geo_longitude":null,"featured_image_src":null,"featured_image_src_square":null,"jetpack-related-posts":[],"jetpack_sharing_enabled":true,"_links":{"self":[{"href":"https:\/\/www.fjardhundraland.se\/es\/wp-json\/wp\/v2\/pages\/7312","targetHints":{"allow":["GET"]}}],"collection":[{"href":"https:\/\/www.fjardhundraland.se\/es\/wp-json\/wp\/v2\/pages"}],"about":[{"href":"https:\/\/www.fjardhundraland.se\/es\/wp-json\/wp\/v2\/types\/page"}],"author":[{"embeddable":true,"href":"https:\/\/www.fjardhundraland.se\/es\/wp-json\/wp\/v2\/users\/1"}],"replies":[{"embeddable":true,"href":"https:\/\/www.fjardhundraland.se\/es\/wp-json\/wp\/v2\/comments?post=7312"}],"version-history":[{"count":0,"href":"https:\/\/www.fjardhundraland.se\/es\/wp-json\/wp\/v2\/pages\/7312\/revisions"}],"up":[{"embeddable":true,"href":"https:\/\/www.fjardhundraland.se\/es\/wp-json\/wp\/v2\/pages\/1903"}],"wp:attachment":[{"href":"https:\/\/www.fjardhundraland.se\/es\/wp-json\/wp\/v2\/media?parent=7312"}],"wp:term":[{"taxonomy":"category","embeddable":true,"href":"https:\/\/www.fjardhundraland.se\/es\/wp-json\/wp\/v2\/categories?post=7312"},{"taxonomy":"post_tag","embeddable":true,"href":"https:\/\/www.fjardhundraland.se\/es\/wp-json\/wp\/v2\/tags?post=7312"}],"curies":[{"name":"wp","href":"https:\/\/api.w.org\/{rel}","templated":true}]}}