
{"id":6016,"date":"2019-09-11T18:32:30","date_gmt":"2019-09-11T16:32:30","guid":{"rendered":"https:\/\/www.fjardhundraland.se\/?page_id=6016"},"modified":"2024-09-16T20:02:27","modified_gmt":"2024-09-16T18:02:27","slug":"preguntas-mas-frecuentes","status":"publish","type":"page","link":"https:\/\/www.fjardhundraland.se\/es\/om-fjardhundraland\/vanliga-fragor\/","title":{"rendered":"Preguntas m\u00e1s frecuentes"},"content":{"rendered":"<div class=\"wp-block-genesis-blocks-gb-accordion gb-block-accordion\"><details><summary class=\"gb-accordion-title\">\u00bfD\u00f3nde est\u00e1 Fj\u00e4rdhundraland?<\/summary><div class=\"gb-accordion-text\">\n<p>Nuestra zona est\u00e1 definida por el lugar donde se encuentran nuestros miembros: entre V\u00e4ster\u00e5s, Sala, Str\u00e4ngn\u00e4s, Uppsala, Enk\u00f6ping y Estocolmo. No hemos establecido ninguna frontera porque las fronteras no son interesantes para los visitantes. Echa un vistazo a <a href=\"https:\/\/www.fjardhundraland.se\/es\/mapa\/\">el mapa<\/a>!<\/p>\n<\/div><\/details><\/div>\n\n\n\n<div class=\"wp-block-genesis-blocks-gb-accordion gb-block-accordion\"><details><summary class=\"gb-accordion-title\">\u00bfQu\u00e9 significa \"Fj\u00e4rdhundraland\"?<\/summary><div class=\"gb-accordion-text\">\n<p>El nombre procede de la naci\u00f3n vikinga\/medieval del mismo nombre. <a href=\"https:\/\/www.fjardhundraland.se\/es\/2019\/04\/que-significa-fjardhundraland\/\">M\u00e1s informaci\u00f3n<\/a><\/p>\n<\/div><\/details><\/div>\n\n\n\n<div class=\"wp-block-genesis-blocks-gb-accordion gb-block-accordion\"><details><summary class=\"gb-accordion-title\">\u00bfCu\u00e1ndo se cre\u00f3 Fj\u00e4rdhundraland?<\/summary><div class=\"gb-accordion-text\">\n<p>La asociaci\u00f3n se cre\u00f3 en 2011 como resultado del proyecto Leader <a href=\"https:\/\/www.fjardhundraland.se\/es\/2019\/10\/turismo-en-la-region-de-fjardhundra\/\">Turismo en Fj\u00e4rdhundrabygden<\/a> que funcion\u00f3 de 2009 a 2011.<\/p>\n<\/div><\/details><\/div>\n\n\n\n<div class=\"wp-block-genesis-blocks-gb-accordion gb-block-accordion\"><details><summary class=\"gb-accordion-title\">\u00bfCu\u00e1ntos miembros tiene Fj\u00e4rdhundraland?<\/summary><div class=\"gb-accordion-text\">\n<p>En diciembre de 2023, la organizaci\u00f3n dispondr\u00e1 de poco m\u00e1s de <a href=\"https:\/\/www.fjardhundraland.se\/es\/sobre-fjardhundraland\/miembros\/\">170 miembros<\/a>.<\/p>\n<\/div><\/details><\/div>\n\n\n\n<div class=\"wp-block-genesis-blocks-gb-accordion gb-block-accordion\"><details><summary class=\"gb-accordion-title\">\u00bfC\u00f3mo trabaja?<\/summary><div class=\"gb-accordion-text\">\n<p>Trabajamos en dos direcciones:<\/p>\n\n\n\n<p><strong>Trabajamos para usted que nos visita<\/strong>. Queremos que visitarnos le resulte f\u00e1cil y agradable. Por eso ignoramos las viejas fronteras y las cosas aburridas, como municipios y comarcas, y nos centramos en que el destino sea lo m\u00e1s completo posible para usted como visitante. Lo hacemos vi\u00e9ndonos a nosotros mismos desde el punto de vista de los visitantes y creando redes s\u00f3lidas. Nos visitamos unos a otros, sentimos curiosidad por c\u00f3mo trabajan los dem\u00e1s y estamos abiertos a los cambios del mundo exterior. As\u00ed podremos conocerle cuando venga a visitarnos.<\/p>\n\n\n\n<p><strong>Estamos trabajando para desarrollar la zona<\/strong>. Fj\u00e4rdhundraland es una asociaci\u00f3n econ\u00f3mica que pertenece y est\u00e1 dirigida por sus miembros, cuyas propias fuerzas motrices son la base. Son personas con una fuerte voluntad de hacer lo suyo: empresarios, empollones, investigadores de la historia local, artistas. Queremos crear un clima en el que la diversidad de voluntades fuertes cree un conjunto interesante. La asociaci\u00f3n se nutre de la experiencia y el empuje de cada uno de sus miembros. Al fomentar nuevas colaboraciones, creamos un destino que es mayor que la suma de sus partes. <\/p>\n<\/div><\/details><\/div>\n\n\n\n<div class=\"wp-block-genesis-blocks-gb-accordion gb-block-accordion\"><details><summary class=\"gb-accordion-title\">\u00bfC\u00f3mo se financia Fj\u00e4rdhundraland?<\/summary><div class=\"gb-accordion-text\">\n<p>Nuestras actividades principales se financian con las cuotas de los afiliados, las cuotas de servicio y las cuotas de participaci\u00f3n en nuestros actos. Adem\u00e1s, hacemos mucho trabajo gratis, \u00a1porque es divertido y da mucho a cambio! As\u00ed es como conseguimos llevar a cabo nuestros eventos y actividades continuas que devuelven lo suficiente a nuestros miembros. <\/p>\n\n\n\n<p>Cuando surgen convocatorias que nos convienen, las solicitamos, y as\u00ed podemos financiar el desarrollo m\u00e1s all\u00e1 de lo que podemos hacer por nuestra cuenta. Al centrarnos en un \u00e1rea durante un periodo de tiempo limitado, con una gesti\u00f3n de proyectos remunerada, podemos dar nuevos pasos en nuestro desarrollo.<\/p>\n<\/div><\/details><\/div>\n\n\n\n<div class=\"wp-block-genesis-blocks-gb-accordion gb-block-accordion\"><details><summary class=\"gb-accordion-title\">\u00bfQui\u00e9n puede afiliarse?<\/summary><div class=\"gb-accordion-text\">\n<p>Seg\u00fan los estatutos, el objetivo de la asociaci\u00f3n es \"colaborar con el desarrollo rural, por ejemplo mediante la realizaci\u00f3n de proyectos, la comercializaci\u00f3n conjunta y el aumento de la colaboraci\u00f3n entre los miembros. La atenci\u00f3n se centra en el turismo y la peque\u00f1a empresa rural, as\u00ed como en las actividades relacionadas\".<\/p>\n\n\n\n<p>Si tienes una organizaci\u00f3n que desarrolla el campo atrayendo visitantes, eres bienvenido como miembro. Nuestro principio es estar abiertos a distintos tipos de actividades. Si busca activamente la cooperaci\u00f3n en la asociaci\u00f3n, sacar\u00e1 el m\u00e1ximo partido de su afiliaci\u00f3n, especialmente si se dirige a grupos interesados en la calidad a peque\u00f1a escala, la producci\u00f3n local y el desarrollo local.<\/p>\n\n\n\n<p>Puede leer m\u00e1s aqu\u00ed <a href=\"https:\/\/www.fjardhundraland.se\/es\/2016\/03\/kom-med\/\">c\u00f3mo hacerse socio<\/a>.<\/p>\n<\/div><\/details><\/div>\n\n\n\n<div class=\"wp-block-genesis-blocks-gb-accordion gb-block-accordion\"><details><summary class=\"gb-accordion-title\">\u00bfPuede ayudarme con mi nuevo negocio?<\/summary><div class=\"gb-accordion-text\">\n<h3 class=\"wp-block-heading\">Apoyo a un campo vivo<\/h3>\n\n\n\n<p>Queremos fomentar un campo din\u00e1mico. Por eso estamos encantados de ayudarle si quiere poner en marcha un nuevo negocio orientado a los visitantes. Se trata sobre todo de ponerte en contacto con otros miembros que han recorrido un camino similar al tuyo. Una vez que empieces, te ayudaremos a darte a conocer compartiendo tus publicaciones en las redes sociales y destac\u00e1ndote en nuestro popular sitio web. Env\u00ede un correo electr\u00f3nico a <a href=\"mailto:mats@fjardhundraland.se\">mats@fjardhundraland.se<\/a> o llame al 0701-73 93 99 y seguiremos hablando.<\/p>\n<\/div><\/details><\/div>\n\n\n\n<div class=\"wp-block-genesis-blocks-gb-accordion gb-block-accordion\"><details><summary class=\"gb-accordion-title\">\u00bfC\u00f3mo trabaja con la sostenibilidad?<\/summary><div class=\"gb-accordion-text\">\n<h3 class=\"wp-block-heading\"><strong>Sostenibilidad social<\/strong> <\/h3>\n\n\n\n<p>Una de las piedras angulares de la asociaci\u00f3n es ofrecer un contexto a quienes empiezan un nuevo negocio, y una plataforma a quienes necesitan encontrar clientes.  Conectamos a las peque\u00f1as empresas con el sector no lucrativo y creamos un clima en el que hay oportunidades para hacer lo tuyo en un contexto permisivo y abierto.<\/p>\n\n\n\n<p>Tambi\u00e9n estamos trabajando para promover un turismo de alta calidad a peque\u00f1a escala que pueda crecer org\u00e1nicamente. El objetivo es atraer a visitantes con gran inter\u00e9s por lo que ofrecemos, de modo que nuestras empresas y atracciones tengan acceso a grupos objetivo que paguen lo suficiente para ganarse bien la vida. As\u00ed lograremos un crecimiento sostenible del turismo y evitaremos los inconvenientes del turismo de masas.<\/p>\n\n\n\n<h3 class=\"wp-block-heading\"><strong>Sostenibilidad medioambiental<\/strong><\/h3>\n\n\n\n<p>La reducci\u00f3n de los desplazamientos al trabajo es uno de los efectos del aumento de peque\u00f1as empresas en la zona. Sin embargo, la dependencia del coche es alta, incluso para los clientes que quieren visitarnos. Por eso apostamos por la bicicleta, con una zanahoria en forma de descuento, rutas ciclistas e informaci\u00f3n. <\/p>\n\n\n\n<p>Hemos apoyado a nuestros miembros con informaci\u00f3n sobre las oportunidades de mejorar, por ejemplo a trav\u00e9s de Klimatklivet. Animamos a nuestros miembros a vender a trav\u00e9s de REKO para mejorar la log\u00edstica. Hemos puesto en marcha una iniciativa para trabajar con lugares de la naturaleza, y all\u00ed crear comprensi\u00f3n y conocimiento sobre temas como el clima y la biodiversidad.<\/p>\n\n\n\n<p>Nuestro turismo socialmente sostenible, cualitativo y a peque\u00f1a escala es tambi\u00e9n m\u00e1s sostenible desde el punto de vista medioambiental, ya que no se centra en la cantidad, sino en la calidad.<\/p>\n\n\n\n<h3 class=\"wp-block-heading\"><strong>Sostenibilidad econ\u00f3mica<\/strong><\/h3>\n\n\n\n<p>Medimos el desarrollo econ\u00f3mico de la asociaci\u00f3n en una encuesta anual, y vemos una evoluci\u00f3n muy positiva, con un empleo en 2018 estimado en 100 puestos a tiempo completo y una facturaci\u00f3n de hasta 100 millones de coronas suecas. <\/p>\n\n\n\n<p>Pero, no menos importante, ahora es mucho m\u00e1s f\u00e1cil poner en marcha un nuevo negocio en la zona que cuando comenz\u00f3 nuestro primer proyecto en 2009. Ahora existe una infraestructura que hace mucho m\u00e1s f\u00e1cil llegar a esos clientes especializados que est\u00e1n dispuestos a pagar lo necesario para vivir de su negocio a peque\u00f1a escala y de alta calidad. Al trabajar juntos, tambi\u00e9n estamos comerciando localmente y reforzando la econom\u00eda local de toda la zona.<\/p>\n<\/div><\/details><\/div>\n\n\n\n<div class=\"wp-block-genesis-blocks-gb-accordion gb-block-accordion\"><details><summary class=\"gb-accordion-title\">\u00bfPodemos hacer una visita de estudio o puede venir usted?<\/summary><div class=\"gb-accordion-text\">\n<p>Estamos encantados de recibir a los visitantes y contarles nuestra trayectoria y c\u00f3mo trabajamos. Un enfoque habitual es visitar a uno o dos miembros, escuchar su historia, comer algo y luego hablar de Fj\u00e4rdhundraland durante una hora, con una charla inspiradora sobre las lecciones que hemos aprendido a lo largo de diez a\u00f1os con y sin proyectos. <a href=\"https:\/\/www.fjardhundraland.se\/es\/sobre-fjardhundraland\/pongase-en-contacto-con\/\">P\u00f3ngase en contacto con nosotros si desea m\u00e1s informaci\u00f3n<\/a>!<\/p>\n\n\n\n<p>\u00bfLe gustar\u00eda organizar una charla o un taller en sus instalaciones? Mats Thorburn imparte regularmente conferencias populares sobre desarrollo rural, marketing y proyectos sostenibles, basadas en las lecciones aprendidas en Fj\u00e4rdhundraland. Las conferencias se adaptan a sus condiciones y deseos. <a href=\"https:\/\/www.fjardhundraland.se\/es\/sobre-fjardhundraland\/pongase-en-contacto-con\/\">P\u00f3ngase en contacto<\/a>!<\/p>\n<\/div><\/details><\/div>","protected":false},"excerpt":{"rendered":"","protected":false},"author":1,"featured_media":0,"parent":1515,"menu_order":39,"comment_status":"closed","ping_status":"closed","template":"","meta":{"_acf_changed":false,"_relevanssi_hide_post":"","_relevanssi_hide_content":"","_relevanssi_pin_for_all":"","_relevanssi_pin_keywords":"","_relevanssi_unpin_keywords":"","_relevanssi_related_keywords":"","_relevanssi_related_include_ids":"","_relevanssi_related_exclude_ids":"","_relevanssi_related_no_append":"","_relevanssi_related_not_related":"","_relevanssi_related_posts":"12584,3563,3905,4379,218,2490","_relevanssi_noindex_reason":"","_genesis_hide_title":false,"_genesis_hide_breadcrumbs":false,"_genesis_hide_singular_image":false,"_genesis_hide_footer_widgets":false,"_genesis_custom_body_class":"","_genesis_custom_post_class":"","_genesis_layout":"","footnotes":""},"categories":[],"tags":[],"class_list":{"0":"post-6016","1":"page","2":"type-page","3":"status-publish","5":"entry"},"acf":[],"visa":null,"geo_latitude":null,"geo_longitude":null,"featured_image_src":null,"featured_image_src_square":null,"jetpack-related-posts":[],"jetpack_sharing_enabled":true,"_links":{"self":[{"href":"https:\/\/www.fjardhundraland.se\/es\/wp-json\/wp\/v2\/pages\/6016","targetHints":{"allow":["GET"]}}],"collection":[{"href":"https:\/\/www.fjardhundraland.se\/es\/wp-json\/wp\/v2\/pages"}],"about":[{"href":"https:\/\/www.fjardhundraland.se\/es\/wp-json\/wp\/v2\/types\/page"}],"author":[{"embeddable":true,"href":"https:\/\/www.fjardhundraland.se\/es\/wp-json\/wp\/v2\/users\/1"}],"replies":[{"embeddable":true,"href":"https:\/\/www.fjardhundraland.se\/es\/wp-json\/wp\/v2\/comments?post=6016"}],"version-history":[{"count":1,"href":"https:\/\/www.fjardhundraland.se\/es\/wp-json\/wp\/v2\/pages\/6016\/revisions"}],"predecessor-version":[{"id":16550,"href":"https:\/\/www.fjardhundraland.se\/es\/wp-json\/wp\/v2\/pages\/6016\/revisions\/16550"}],"up":[{"embeddable":true,"href":"https:\/\/www.fjardhundraland.se\/es\/wp-json\/wp\/v2\/pages\/1515"}],"wp:attachment":[{"href":"https:\/\/www.fjardhundraland.se\/es\/wp-json\/wp\/v2\/media?parent=6016"}],"wp:term":[{"taxonomy":"category","embeddable":true,"href":"https:\/\/www.fjardhundraland.se\/es\/wp-json\/wp\/v2\/categories?post=6016"},{"taxonomy":"post_tag","embeddable":true,"href":"https:\/\/www.fjardhundraland.se\/es\/wp-json\/wp\/v2\/tags?post=6016"}],"curies":[{"name":"wp","href":"https:\/\/api.w.org\/{rel}","templated":true}]}}