
{"id":5364,"date":"2019-10-01T16:28:51","date_gmt":"2019-10-01T14:28:51","guid":{"rendered":"http:\/\/www.fjardhundraland.se\/?page_id=5364"},"modified":"2019-10-01T16:32:08","modified_gmt":"2019-10-01T14:32:08","slug":"politica-de-privacidad","status":"publish","type":"page","link":"https:\/\/www.fjardhundraland.se\/es\/personuppgiftspolicy\/","title":{"rendered":"Pol\u00edtica de datos personales"},"content":{"rendered":"<p>Fj\u00e4rdhundraland utiliza este sitio web para ayudarle a encontrar nuevos lugares y, en su mayor parte, no necesita tratar datos personales. Las ocasiones en que s\u00ed lo hacemos se describen a continuaci\u00f3n:<\/p>\n\n\n\n<ul class=\"wp-block-list\"><li><strong>Galletas.<\/strong> El sitio web de WordPress utiliza cookies para gestionar los usuarios registrados, pero las cookies de WordPress no gestionan informaci\u00f3n sobre usted como visitante. Facebook y Google Analytics instalan cookies en el sitio web (v\u00e9ase m\u00e1s abajo).<\/li><li><strong>Facebook. <\/strong>Con el fin de promocionarnos de forma rentable en Facebook e Instagram, utilizamos el denominado p\u00edxel de Facebook, lo que significa que es posible que recibas publicaciones patrocinadas por nosotros para nuestros eventos. Facebook es <a rel=\"noreferrer noopener\" aria-label=\"controlador de los datos que recogen para publicidad (se abre en una nueva pesta\u00f1a)\" href=\"https:\/\/www.facebook.com\/about\/privacy\/update\" target=\"_blank\">responsable del tratamiento de los datos recogidos con fines publicitarios<\/a>.<\/li><li><strong>Google Analytics<\/strong>. Para seguir la evoluci\u00f3n del tr\u00e1fico en nuestro sitio web, utilizamos Google Analytics. No utilizamos Google para funciones publicitarias, tales como <em>remarketing<\/em>es decir, anuncios mostrados a visitantes anteriores del sitio. Google es el procesador de datos para los datos personales recopilados a trav\u00e9s de Google Analytics en nuestro sitio web. Todos los datos que puedan relacionarse con usted como visitante se eliminan autom\u00e1ticamente al cabo de 26 meses.<\/li><li><strong>Bolet\u00edn de noticias.<\/strong> Tiene la opci\u00f3n de suscribirse a boletines informativos, y se le a\u00f1adir\u00e1 a nuestra lista, gestionada por Mailchimp, el procesador de datos. No pedimos m\u00e1s informaci\u00f3n de la que necesitamos para enviar un bolet\u00edn, y puede darse de baja en cualquier momento a trav\u00e9s de un enlace en el bolet\u00edn.<\/li><\/ul>\n\n\n\n<p>El responsable del tratamiento de los datos de fjardhundraland.se es Fj\u00e4rdhundraland ekonomisk f\u00f6rening.<\/p>","protected":false},"excerpt":{"rendered":"<p>Fj\u00e4rdhundraland anv\u00e4nder den h\u00e4r webbsidan f\u00f6r att hj\u00e4lpa dig att hitta nya st\u00e4llen och beh\u00f6ver f\u00f6r det i huvudsak inte hantera n\u00e5gra personuppgifter. De tillf\u00e4llen d\u00e5 vi g\u00f6r det beskrivs nedan: Cookies. Webbplatformen WordPress anv\u00e4nder cookies f\u00f6r att hantera inloggade anv\u00e4ndare, men inga uppgifter om dig som bes\u00f6kare hanteras av WordPress cookies. Facebook och Google [&hellip;]<\/p>\n","protected":false},"author":1,"featured_media":0,"parent":0,"menu_order":5,"comment_status":"closed","ping_status":"closed","template":"","meta":{"_acf_changed":false,"_relevanssi_hide_post":"","_relevanssi_hide_content":"","_relevanssi_pin_for_all":"","_relevanssi_pin_keywords":"","_relevanssi_unpin_keywords":"","_relevanssi_related_keywords":"","_relevanssi_related_include_ids":"","_relevanssi_related_exclude_ids":"","_relevanssi_related_no_append":"","_relevanssi_related_not_related":"","_relevanssi_related_posts":"","_relevanssi_noindex_reason":"","_genesis_hide_title":false,"_genesis_hide_breadcrumbs":false,"_genesis_hide_singular_image":false,"_genesis_hide_footer_widgets":false,"_genesis_custom_body_class":"","_genesis_custom_post_class":"","_genesis_layout":"","footnotes":""},"categories":[],"tags":[],"class_list":{"0":"post-5364","1":"page","2":"type-page","3":"status-publish","5":"entry"},"acf":[],"visa":null,"geo_latitude":null,"geo_longitude":null,"featured_image_src":null,"featured_image_src_square":null,"jetpack-related-posts":[],"jetpack_sharing_enabled":true,"_links":{"self":[{"href":"https:\/\/www.fjardhundraland.se\/es\/wp-json\/wp\/v2\/pages\/5364","targetHints":{"allow":["GET"]}}],"collection":[{"href":"https:\/\/www.fjardhundraland.se\/es\/wp-json\/wp\/v2\/pages"}],"about":[{"href":"https:\/\/www.fjardhundraland.se\/es\/wp-json\/wp\/v2\/types\/page"}],"author":[{"embeddable":true,"href":"https:\/\/www.fjardhundraland.se\/es\/wp-json\/wp\/v2\/users\/1"}],"replies":[{"embeddable":true,"href":"https:\/\/www.fjardhundraland.se\/es\/wp-json\/wp\/v2\/comments?post=5364"}],"version-history":[{"count":0,"href":"https:\/\/www.fjardhundraland.se\/es\/wp-json\/wp\/v2\/pages\/5364\/revisions"}],"wp:attachment":[{"href":"https:\/\/www.fjardhundraland.se\/es\/wp-json\/wp\/v2\/media?parent=5364"}],"wp:term":[{"taxonomy":"category","embeddable":true,"href":"https:\/\/www.fjardhundraland.se\/es\/wp-json\/wp\/v2\/categories?post=5364"},{"taxonomy":"post_tag","embeddable":true,"href":"https:\/\/www.fjardhundraland.se\/es\/wp-json\/wp\/v2\/tags?post=5364"}],"curies":[{"name":"wp","href":"https:\/\/api.w.org\/{rel}","templated":true}]}}